{"id":5005,"date":"2024-08-16T16:19:42","date_gmt":"2024-08-16T19:19:42","guid":{"rendered":"https:\/\/blogs.multimeios.ufc.br\/fernandacarmo\/?page_id=5005"},"modified":"2024-08-18T12:39:40","modified_gmt":"2024-08-18T15:39:40","slug":"herminio-borges-neto","status":"publish","type":"page","link":"https:\/\/blogs.multimeios.ufc.br\/fernandacarmo\/herminio-borges-neto\/","title":{"rendered":"Fedathi: trilhas constru\u00eddas e contribui\u00e7\u00f5es para a Educa\u00e7\u00e3o"},"content":{"rendered":"\n<div id=\"content\" style=\"margin-right: 20px !important;\" role=\"main\">\n<h2 style=\"text-align: center;\"><strong>Fedathi: trilhas constru\u00eddas e contribui\u00e7\u00f5es para a Educa\u00e7\u00e3o<br \/><br \/><\/strong><\/h2>\n<h2 style=\"text-align: center;\"><img decoding=\"async\" class=\"size-full wp-image-1766 aligncenter\" src=\"http:\/\/blogs.multimeios.ufc.br\/fernandacarmo\/files\/2021\/05\/WhatsApp-Image-2021-05-31-at-19.23.52.jpeg\" alt=\"\" width=\"171\" height=\"180\" \/><\/h2>\n<p>\u00a0<\/p>\n<h3 style=\"text-align: center;\"><span style=\"background-color: #0000ff;\"><strong>_________________________________________________<\/strong><\/span><img decoding=\"async\" class=\"size-full wp-image-230 aligncenter\" src=\"http:\/\/blogs.multimeios.ufc.br\/fernandacarmo\/files\/2021\/05\/IMG-20200826-WA0011.jpg\" alt=\"\" width=\"651\" height=\"59\" srcset=\"https:\/\/blogs.multimeios.ufc.br\/fernandacarmo\/files\/2021\/05\/IMG-20200826-WA0011.jpg 651w, https:\/\/blogs.multimeios.ufc.br\/fernandacarmo\/files\/2021\/05\/IMG-20200826-WA0011-300x27.jpg 300w\" sizes=\"(max-width: 651px) 100vw, 651px\" \/><\/h3>\n<h3 style=\"text-align: right;\"><em><br \/>Fernanda Maria Almeida do Carmo<\/em><br \/><em>31 de maio de 2021<br \/>Atualizado em: 17 jun. 2022<br \/><\/em><\/h3>\n<p>\u00a0<\/p>\n<table style=\"width: 100%; border-collapse: collapse; border-color: #ffffff;\">\n<tbody>\n<tr>\n<td style=\"width: 33.3333%; padding: 0px; border-color: #ffffff;\">\u00a0<\/td>\n<td style=\"width: 33.3333%; padding: 0px; border-color: #ffffff;\">\u00a0<\/td>\n<td style=\"width: 33.3333%; padding: 0px; text-align: right; border-color: #ffffff;\">\n<h3><a href=\"https:\/\/blogs.multimeios.ufc.br\/fernandacarmo\/sumario1\/\"><img decoding=\"async\" class=\"alignnone wp-image-4538\" src=\"http:\/\/blogs.multimeios.ufc.br\/fernandacarmo\/files\/2023\/01\/botao-para-a-direita-300x300.png\" alt=\"\" width=\"30\" height=\"30\" srcset=\"https:\/\/blogs.multimeios.ufc.br\/fernandacarmo\/files\/2023\/01\/botao-para-a-direita-300x300.png 300w, https:\/\/blogs.multimeios.ufc.br\/fernandacarmo\/files\/2023\/01\/botao-para-a-direita-150x150.png 150w, https:\/\/blogs.multimeios.ufc.br\/fernandacarmo\/files\/2023\/01\/botao-para-a-direita.png 512w\" sizes=\"(max-width: 30px) 100vw, 30px\" \/><\/a><br \/>1 Sum\u00e1rio<\/h3>\n<\/td>\n<\/tr>\n<\/tbody>\n<\/table>\n<\/div>\n","protected":false},"excerpt":{"rendered":"<p>Fedathi: trilhas constru\u00eddas e contribui\u00e7\u00f5es para a Educa\u00e7\u00e3o \u00a0 _________________________________________________ Fernanda Maria Almeida do Carmo31 de maio de 2021Atualizado em: 17 jun. 2022 \u00a0 \u00a0 \u00a0 1 Sum\u00e1rio<\/p>\n","protected":false},"author":23,"featured_media":0,"parent":0,"menu_order":0,"comment_status":"closed","ping_status":"closed","template":"elementor_header_footer","meta":{"footnotes":""},"class_list":["post-5005","page","type-page","status-publish","hentry"],"yoast_head":"<!-- This site is optimized with the Yoast SEO plugin v27.4 - https:\/\/yoast.com\/product\/yoast-seo-wordpress\/ -->\n<title>Fedathi: trilhas constru\u00eddas e contribui\u00e7\u00f5es para a Educa\u00e7\u00e3o - Blog da Fernanda<\/title>\n<meta name=\"robots\" content=\"index, follow, max-snippet:-1, max-image-preview:large, max-video-preview:-1\" \/>\n<link rel=\"canonical\" href=\"https:\/\/blogs.multimeios.ufc.br\/fernandacarmo\/herminio-borges-neto\/\" \/>\n<meta property=\"og:locale\" content=\"pt_BR\" \/>\n<meta property=\"og:type\" content=\"article\" \/>\n<meta property=\"og:title\" content=\"Fedathi: trilhas constru\u00eddas e contribui\u00e7\u00f5es para a Educa\u00e7\u00e3o - Blog da Fernanda\" \/>\n<meta property=\"og:description\" content=\"Fedathi: trilhas constru\u00eddas e contribui\u00e7\u00f5es para a Educa\u00e7\u00e3o \u00a0 _________________________________________________ Fernanda Maria Almeida do Carmo31 de maio de 2021Atualizado em: 17 jun. 2022 \u00a0 \u00a0 \u00a0 1 Sum\u00e1rio\" \/>\n<meta property=\"og:url\" content=\"https:\/\/blogs.multimeios.ufc.br\/fernandacarmo\/herminio-borges-neto\/\" \/>\n<meta property=\"og:site_name\" content=\"Blog da Fernanda\" \/>\n<meta property=\"article:modified_time\" content=\"2024-08-18T15:39:40+00:00\" \/>\n<meta property=\"og:image\" content=\"http:\/\/blogs.multimeios.ufc.br\/fernandacarmo\/files\/2021\/05\/WhatsApp-Image-2021-05-31-at-19.23.52.jpeg\" \/>\n<meta name=\"twitter:card\" content=\"summary_large_image\" \/>\n<meta name=\"twitter:label1\" content=\"Est. tempo de leitura\" \/>\n\t<meta name=\"twitter:data1\" content=\"1 minuto\" \/>\n<script type=\"application\/ld+json\" class=\"yoast-schema-graph\">{\"@context\":\"https:\\\/\\\/schema.org\",\"@graph\":[{\"@type\":\"WebPage\",\"@id\":\"https:\\\/\\\/blogs.multimeios.ufc.br\\\/fernandacarmo\\\/herminio-borges-neto\\\/\",\"url\":\"https:\\\/\\\/blogs.multimeios.ufc.br\\\/fernandacarmo\\\/herminio-borges-neto\\\/\",\"name\":\"Fedathi: trilhas constru\u00eddas e contribui\u00e7\u00f5es para a Educa\u00e7\u00e3o - Blog da Fernanda\",\"isPartOf\":{\"@id\":\"https:\\\/\\\/blogs.multimeios.ufc.br\\\/fernandacarmo\\\/#website\"},\"primaryImageOfPage\":{\"@id\":\"https:\\\/\\\/blogs.multimeios.ufc.br\\\/fernandacarmo\\\/herminio-borges-neto\\\/#primaryimage\"},\"image\":{\"@id\":\"https:\\\/\\\/blogs.multimeios.ufc.br\\\/fernandacarmo\\\/herminio-borges-neto\\\/#primaryimage\"},\"thumbnailUrl\":\"http:\\\/\\\/blogs.multimeios.ufc.br\\\/fernandacarmo\\\/files\\\/2021\\\/05\\\/WhatsApp-Image-2021-05-31-at-19.23.52.jpeg\",\"datePublished\":\"2024-08-16T19:19:42+00:00\",\"dateModified\":\"2024-08-18T15:39:40+00:00\",\"breadcrumb\":{\"@id\":\"https:\\\/\\\/blogs.multimeios.ufc.br\\\/fernandacarmo\\\/herminio-borges-neto\\\/#breadcrumb\"},\"inLanguage\":\"pt-BR\",\"potentialAction\":[{\"@type\":\"ReadAction\",\"target\":[\"https:\\\/\\\/blogs.multimeios.ufc.br\\\/fernandacarmo\\\/herminio-borges-neto\\\/\"]}]},{\"@type\":\"ImageObject\",\"inLanguage\":\"pt-BR\",\"@id\":\"https:\\\/\\\/blogs.multimeios.ufc.br\\\/fernandacarmo\\\/herminio-borges-neto\\\/#primaryimage\",\"url\":\"https:\\\/\\\/blogs.multimeios.ufc.br\\\/fernandacarmo\\\/files\\\/2021\\\/05\\\/WhatsApp-Image-2021-05-31-at-19.23.52.jpeg\",\"contentUrl\":\"https:\\\/\\\/blogs.multimeios.ufc.br\\\/fernandacarmo\\\/files\\\/2021\\\/05\\\/WhatsApp-Image-2021-05-31-at-19.23.52.jpeg\",\"width\":171,\"height\":180},{\"@type\":\"BreadcrumbList\",\"@id\":\"https:\\\/\\\/blogs.multimeios.ufc.br\\\/fernandacarmo\\\/herminio-borges-neto\\\/#breadcrumb\",\"itemListElement\":[{\"@type\":\"ListItem\",\"position\":1,\"name\":\"In\u00edcio\",\"item\":\"https:\\\/\\\/blogs.multimeios.ufc.br\\\/fernandacarmo\\\/\"},{\"@type\":\"ListItem\",\"position\":2,\"name\":\"Fedathi: trilhas constru\u00eddas e contribui\u00e7\u00f5es para a Educa\u00e7\u00e3o\"}]},{\"@type\":\"WebSite\",\"@id\":\"https:\\\/\\\/blogs.multimeios.ufc.br\\\/fernandacarmo\\\/#website\",\"url\":\"https:\\\/\\\/blogs.multimeios.ufc.br\\\/fernandacarmo\\\/\",\"name\":\"Blog da Fernanda\",\"description\":\"\",\"potentialAction\":[{\"@type\":\"SearchAction\",\"target\":{\"@type\":\"EntryPoint\",\"urlTemplate\":\"https:\\\/\\\/blogs.multimeios.ufc.br\\\/fernandacarmo\\\/?s={search_term_string}\"},\"query-input\":{\"@type\":\"PropertyValueSpecification\",\"valueRequired\":true,\"valueName\":\"search_term_string\"}}],\"inLanguage\":\"pt-BR\"}]}<\/script>\n<!-- \/ Yoast SEO plugin. -->","yoast_head_json":{"title":"Fedathi: trilhas constru\u00eddas e contribui\u00e7\u00f5es para a Educa\u00e7\u00e3o - Blog da Fernanda","robots":{"index":"index","follow":"follow","max-snippet":"max-snippet:-1","max-image-preview":"max-image-preview:large","max-video-preview":"max-video-preview:-1"},"canonical":"https:\/\/blogs.multimeios.ufc.br\/fernandacarmo\/herminio-borges-neto\/","og_locale":"pt_BR","og_type":"article","og_title":"Fedathi: trilhas constru\u00eddas e contribui\u00e7\u00f5es para a Educa\u00e7\u00e3o - Blog da Fernanda","og_description":"Fedathi: trilhas constru\u00eddas e contribui\u00e7\u00f5es para a Educa\u00e7\u00e3o \u00a0 _________________________________________________ Fernanda Maria Almeida do Carmo31 de maio de 2021Atualizado em: 17 jun. 2022 \u00a0 \u00a0 \u00a0 1 Sum\u00e1rio","og_url":"https:\/\/blogs.multimeios.ufc.br\/fernandacarmo\/herminio-borges-neto\/","og_site_name":"Blog da Fernanda","article_modified_time":"2024-08-18T15:39:40+00:00","og_image":[{"url":"http:\/\/blogs.multimeios.ufc.br\/fernandacarmo\/files\/2021\/05\/WhatsApp-Image-2021-05-31-at-19.23.52.jpeg","type":"","width":"","height":""}],"twitter_card":"summary_large_image","twitter_misc":{"Est. tempo de leitura":"1 minuto"},"schema":{"@context":"https:\/\/schema.org","@graph":[{"@type":"WebPage","@id":"https:\/\/blogs.multimeios.ufc.br\/fernandacarmo\/herminio-borges-neto\/","url":"https:\/\/blogs.multimeios.ufc.br\/fernandacarmo\/herminio-borges-neto\/","name":"Fedathi: trilhas constru\u00eddas e contribui\u00e7\u00f5es para a Educa\u00e7\u00e3o - Blog da Fernanda","isPartOf":{"@id":"https:\/\/blogs.multimeios.ufc.br\/fernandacarmo\/#website"},"primaryImageOfPage":{"@id":"https:\/\/blogs.multimeios.ufc.br\/fernandacarmo\/herminio-borges-neto\/#primaryimage"},"image":{"@id":"https:\/\/blogs.multimeios.ufc.br\/fernandacarmo\/herminio-borges-neto\/#primaryimage"},"thumbnailUrl":"http:\/\/blogs.multimeios.ufc.br\/fernandacarmo\/files\/2021\/05\/WhatsApp-Image-2021-05-31-at-19.23.52.jpeg","datePublished":"2024-08-16T19:19:42+00:00","dateModified":"2024-08-18T15:39:40+00:00","breadcrumb":{"@id":"https:\/\/blogs.multimeios.ufc.br\/fernandacarmo\/herminio-borges-neto\/#breadcrumb"},"inLanguage":"pt-BR","potentialAction":[{"@type":"ReadAction","target":["https:\/\/blogs.multimeios.ufc.br\/fernandacarmo\/herminio-borges-neto\/"]}]},{"@type":"ImageObject","inLanguage":"pt-BR","@id":"https:\/\/blogs.multimeios.ufc.br\/fernandacarmo\/herminio-borges-neto\/#primaryimage","url":"https:\/\/blogs.multimeios.ufc.br\/fernandacarmo\/files\/2021\/05\/WhatsApp-Image-2021-05-31-at-19.23.52.jpeg","contentUrl":"https:\/\/blogs.multimeios.ufc.br\/fernandacarmo\/files\/2021\/05\/WhatsApp-Image-2021-05-31-at-19.23.52.jpeg","width":171,"height":180},{"@type":"BreadcrumbList","@id":"https:\/\/blogs.multimeios.ufc.br\/fernandacarmo\/herminio-borges-neto\/#breadcrumb","itemListElement":[{"@type":"ListItem","position":1,"name":"In\u00edcio","item":"https:\/\/blogs.multimeios.ufc.br\/fernandacarmo\/"},{"@type":"ListItem","position":2,"name":"Fedathi: trilhas constru\u00eddas e contribui\u00e7\u00f5es para a Educa\u00e7\u00e3o"}]},{"@type":"WebSite","@id":"https:\/\/blogs.multimeios.ufc.br\/fernandacarmo\/#website","url":"https:\/\/blogs.multimeios.ufc.br\/fernandacarmo\/","name":"Blog da Fernanda","description":"","potentialAction":[{"@type":"SearchAction","target":{"@type":"EntryPoint","urlTemplate":"https:\/\/blogs.multimeios.ufc.br\/fernandacarmo\/?s={search_term_string}"},"query-input":{"@type":"PropertyValueSpecification","valueRequired":true,"valueName":"search_term_string"}}],"inLanguage":"pt-BR"}]}},"_links":{"self":[{"href":"https:\/\/blogs.multimeios.ufc.br\/fernandacarmo\/wp-json\/wp\/v2\/pages\/5005","targetHints":{"allow":["GET"]}}],"collection":[{"href":"https:\/\/blogs.multimeios.ufc.br\/fernandacarmo\/wp-json\/wp\/v2\/pages"}],"about":[{"href":"https:\/\/blogs.multimeios.ufc.br\/fernandacarmo\/wp-json\/wp\/v2\/types\/page"}],"author":[{"embeddable":true,"href":"https:\/\/blogs.multimeios.ufc.br\/fernandacarmo\/wp-json\/wp\/v2\/users\/23"}],"replies":[{"embeddable":true,"href":"https:\/\/blogs.multimeios.ufc.br\/fernandacarmo\/wp-json\/wp\/v2\/comments?post=5005"}],"version-history":[{"count":21,"href":"https:\/\/blogs.multimeios.ufc.br\/fernandacarmo\/wp-json\/wp\/v2\/pages\/5005\/revisions"}],"predecessor-version":[{"id":5260,"href":"https:\/\/blogs.multimeios.ufc.br\/fernandacarmo\/wp-json\/wp\/v2\/pages\/5005\/revisions\/5260"}],"wp:attachment":[{"href":"https:\/\/blogs.multimeios.ufc.br\/fernandacarmo\/wp-json\/wp\/v2\/media?parent=5005"}],"curies":[{"name":"wp","href":"https:\/\/api.w.org\/{rel}","templated":true}]}}