{"id":521,"date":"2021-05-19T20:14:47","date_gmt":"2021-05-19T23:14:47","guid":{"rendered":"http:\/\/blogs.multimeios.ufc.br\/fernandacarmo\/?page_id=521"},"modified":"2024-08-18T13:52:43","modified_gmt":"2024-08-18T16:52:43","slug":"dissertacao-2-referencial-teorico","status":"publish","type":"page","link":"https:\/\/blogs.multimeios.ufc.br\/fernandacarmo\/dissertacao-2-referencial-teorico\/","title":{"rendered":"2 REFERENCIAL TE\u00d3RICO"},"content":{"rendered":"\n<h3 style=\"text-indent: 4em; text-align: justify;\">Nesta se\u00e7\u00e3o apresentamos uma discuss\u00e3o sobre as teorias e trabalhos acad\u00eamicos consolidados no \u00e2mbito cient\u00edfico para obten\u00e7\u00e3o da fundamenta\u00e7\u00e3o te\u00f3rica dessa pesquisa. De modo espec\u00edfico, abordamos, na primeira parte, <a href=\"http:\/\/blogs.multimeios.ufc.br\/fernandacarmo\/dissertacao-2-1-a-metodologia-de-ensino-sequencia-fedathi\/\">a metodologia de ensino Sequ\u00eancia Fedathi<\/a>, de maneira mais direcionada ao ensino de matem\u00e1tica, tra\u00e7ando um pouco do seu percurso hist\u00f3rico, discutindo seus princ\u00edpios, etapas, concep\u00e7\u00f5es e fundamentos. No segundo item, tratamos sobre <a href=\"http:\/\/blogs.multimeios.ufc.br\/fernandacarmo\/dissertacao-2-2-a-educacao-a-distancia-do-laboratorio-multimeios\/\">a EaD elaborada, desenvolvida e consolidada no Laborat\u00f3rio MultiMeios<\/a> e constitu\u00edda a partir da Sequ\u00eancia Fedathi, pois, de acordo com <a href=\"http:\/\/blogs.multimeios.ufc.br\/fernandacarmo\/dissertacao-referencias\/#borges-neto-1999\">Borges Neto (1999)<\/a>, \u00e9 necess\u00e1rio um profundo conhecimento de tecnologia pelo professor que mediar\u00e1 por meio dos ambientes virtuais. Por fim, trazemos <a href=\"http:\/\/blogs.multimeios.ufc.br\/fernandacarmo\/dissertacao-2-3-grandezas-e-medidas\/\">os conceitos matem\u00e1ticos Grandezas e Medidas<\/a>.<\/h3>\n<h3>\u00a0<\/h3>\n<table style=\"width: 100%; border-collapse: collapse; border-color: #ffffff;\">\n<tbody>\n<tr>\n<td style=\"width: 33.3333%; border-color: #ffffff; padding: 0px;\">\n<h3><a href=\"http:\/\/blogs.multimeios.ufc.br\/fernandacarmo\/dissertacao-1-introducao\/\"><img decoding=\"async\" class=\"alignnone wp-image-4539\" src=\"http:\/\/blogs.multimeios.ufc.br\/fernandacarmo\/files\/2023\/01\/botao-para-a-esquerda-300x300.png\" alt=\"\" width=\"30\" height=\"30\" srcset=\"https:\/\/blogs.multimeios.ufc.br\/fernandacarmo\/files\/2023\/01\/botao-para-a-esquerda-300x300.png 300w, https:\/\/blogs.multimeios.ufc.br\/fernandacarmo\/files\/2023\/01\/botao-para-a-esquerda-150x150.png 150w, https:\/\/blogs.multimeios.ufc.br\/fernandacarmo\/files\/2023\/01\/botao-para-a-esquerda.png 512w\" sizes=\"(max-width: 30px) 100vw, 30px\" \/><\/a><br \/>1 Introdu\u00e7\u00e3o<\/h3>\n<\/td>\n<td style=\"width: 33.3333%; border-color: #ffffff; text-align: center; padding: 0px;\">\n<h3><a href=\"http:\/\/blogs.multimeios.ufc.br\/fernandacarmo\/dissertacao\/\"><img decoding=\"async\" class=\"alignnone wp-image-4540\" src=\"http:\/\/blogs.multimeios.ufc.br\/fernandacarmo\/files\/2023\/01\/Home_icon_green-1-300x300.png\" alt=\"\" width=\"30\" height=\"30\" srcset=\"https:\/\/blogs.multimeios.ufc.br\/fernandacarmo\/files\/2023\/01\/Home_icon_green-1-300x300.png 300w, https:\/\/blogs.multimeios.ufc.br\/fernandacarmo\/files\/2023\/01\/Home_icon_green-1-150x150.png 150w, https:\/\/blogs.multimeios.ufc.br\/fernandacarmo\/files\/2023\/01\/Home_icon_green-1.png 512w\" sizes=\"(max-width: 30px) 100vw, 30px\" \/><\/a><br \/>In\u00edcio<\/h3>\n<\/td>\n<td style=\"width: 33.3333%; border-color: #ffffff; text-align: right; padding: 0px;\">\n<h3><a href=\"http:\/\/blogs.multimeios.ufc.br\/fernandacarmo\/dissertacao-2-1-a-metodologia-de-ensino-sequencia-fedathi\/\"><img decoding=\"async\" class=\"alignnone wp-image-4538\" src=\"http:\/\/blogs.multimeios.ufc.br\/fernandacarmo\/files\/2023\/01\/botao-para-a-direita-300x300.png\" alt=\"\" width=\"30\" height=\"30\" srcset=\"https:\/\/blogs.multimeios.ufc.br\/fernandacarmo\/files\/2023\/01\/botao-para-a-direita-300x300.png 300w, https:\/\/blogs.multimeios.ufc.br\/fernandacarmo\/files\/2023\/01\/botao-para-a-direita-150x150.png 150w, https:\/\/blogs.multimeios.ufc.br\/fernandacarmo\/files\/2023\/01\/botao-para-a-direita.png 512w\" sizes=\"(max-width: 30px) 100vw, 30px\" \/><\/a><br \/>2.1 A metodologia de ensino Sequ\u00eancia Fedathi<\/h3>\n<\/td>\n<\/tr>\n<\/tbody>\n<\/table>\n","protected":false},"excerpt":{"rendered":"<p>Nesta se\u00e7\u00e3o apresentamos uma discuss\u00e3o sobre as teorias e trabalhos acad\u00eamicos consolidados no \u00e2mbito cient\u00edfico para obten\u00e7\u00e3o da fundamenta\u00e7\u00e3o te\u00f3rica dessa pesquisa. De modo espec\u00edfico, abordamos, na primeira parte, a metodologia de ensino Sequ\u00eancia Fedathi, de maneira mais direcionada ao &hellip; <a href=\"https:\/\/blogs.multimeios.ufc.br\/fernandacarmo\/dissertacao-2-referencial-teorico\/\">Continue lendo <span class=\"meta-nav\">&rarr;<\/span><\/a><\/p>\n","protected":false},"author":23,"featured_media":0,"parent":0,"menu_order":0,"comment_status":"closed","ping_status":"closed","template":"","meta":{"footnotes":""},"class_list":["post-521","page","type-page","status-publish","hentry"],"yoast_head":"<!-- This site is optimized with the Yoast SEO plugin v27.3 - https:\/\/yoast.com\/product\/yoast-seo-wordpress\/ -->\n<title>Blog da Fernanda - Disserta\u00e7\u00e3o - 2 REFERENCIAL TE\u00d3RICO<\/title>\n<meta name=\"description\" content=\"P\u00e1gina de resumo do Referencial te\u00f3rico da Disserta\u00e7\u00e3o de Mestrado de Fernanda - Laborat\u00f3rio MultiMeios da Universidade Federal do Cear\u00e1\" \/>\n<meta name=\"robots\" content=\"index, follow, max-snippet:-1, max-image-preview:large, max-video-preview:-1\" \/>\n<link rel=\"canonical\" href=\"http:\/\/blogs.multimeios.ufc.br\/fernandacarmo\/dissertacao-2-referencial-teorico\/\" \/>\n<meta property=\"og:locale\" content=\"pt_BR\" \/>\n<meta property=\"og:type\" content=\"article\" \/>\n<meta property=\"og:title\" content=\"Blog da Fernanda - Disserta\u00e7\u00e3o - 2 REFERENCIAL TE\u00d3RICO\" \/>\n<meta property=\"og:description\" content=\"P\u00e1gina de resumo do Referencial te\u00f3rico da Disserta\u00e7\u00e3o de Mestrado de Fernanda - Laborat\u00f3rio MultiMeios da Universidade Federal do Cear\u00e1\" \/>\n<meta property=\"og:url\" content=\"http:\/\/blogs.multimeios.ufc.br\/fernandacarmo\/dissertacao-2-referencial-teorico\/\" \/>\n<meta property=\"og:site_name\" content=\"Blog da Fernanda\" \/>\n<meta property=\"article:modified_time\" content=\"2024-08-18T16:52:43+00:00\" \/>\n<meta property=\"og:image\" content=\"http:\/\/blogs.multimeios.ufc.br\/fernandacarmo\/files\/2023\/01\/botao-para-a-esquerda-300x300.png\" \/>\n<meta name=\"twitter:card\" content=\"summary_large_image\" \/>\n<meta name=\"twitter:label1\" content=\"Est. tempo de leitura\" \/>\n\t<meta name=\"twitter:data1\" content=\"2 minutos\" \/>\n<script type=\"application\/ld+json\" class=\"yoast-schema-graph\">{\"@context\":\"https:\\\/\\\/schema.org\",\"@graph\":[{\"@type\":\"WebPage\",\"@id\":\"http:\\\/\\\/blogs.multimeios.ufc.br\\\/fernandacarmo\\\/dissertacao-2-referencial-teorico\\\/\",\"url\":\"http:\\\/\\\/blogs.multimeios.ufc.br\\\/fernandacarmo\\\/dissertacao-2-referencial-teorico\\\/\",\"name\":\"Blog da Fernanda - Disserta\u00e7\u00e3o - 2 REFERENCIAL TE\u00d3RICO\",\"isPartOf\":{\"@id\":\"https:\\\/\\\/blogs.multimeios.ufc.br\\\/fernandacarmo\\\/#website\"},\"primaryImageOfPage\":{\"@id\":\"http:\\\/\\\/blogs.multimeios.ufc.br\\\/fernandacarmo\\\/dissertacao-2-referencial-teorico\\\/#primaryimage\"},\"image\":{\"@id\":\"http:\\\/\\\/blogs.multimeios.ufc.br\\\/fernandacarmo\\\/dissertacao-2-referencial-teorico\\\/#primaryimage\"},\"thumbnailUrl\":\"http:\\\/\\\/blogs.multimeios.ufc.br\\\/fernandacarmo\\\/files\\\/2023\\\/01\\\/botao-para-a-esquerda-300x300.png\",\"datePublished\":\"2021-05-19T23:14:47+00:00\",\"dateModified\":\"2024-08-18T16:52:43+00:00\",\"description\":\"P\u00e1gina de resumo do Referencial te\u00f3rico da Disserta\u00e7\u00e3o de Mestrado de Fernanda - Laborat\u00f3rio MultiMeios da Universidade Federal do Cear\u00e1\",\"breadcrumb\":{\"@id\":\"http:\\\/\\\/blogs.multimeios.ufc.br\\\/fernandacarmo\\\/dissertacao-2-referencial-teorico\\\/#breadcrumb\"},\"inLanguage\":\"pt-BR\",\"potentialAction\":[{\"@type\":\"ReadAction\",\"target\":[\"http:\\\/\\\/blogs.multimeios.ufc.br\\\/fernandacarmo\\\/dissertacao-2-referencial-teorico\\\/\"]}]},{\"@type\":\"ImageObject\",\"inLanguage\":\"pt-BR\",\"@id\":\"http:\\\/\\\/blogs.multimeios.ufc.br\\\/fernandacarmo\\\/dissertacao-2-referencial-teorico\\\/#primaryimage\",\"url\":\"https:\\\/\\\/blogs.multimeios.ufc.br\\\/fernandacarmo\\\/files\\\/2023\\\/01\\\/botao-para-a-esquerda.png\",\"contentUrl\":\"https:\\\/\\\/blogs.multimeios.ufc.br\\\/fernandacarmo\\\/files\\\/2023\\\/01\\\/botao-para-a-esquerda.png\",\"width\":512,\"height\":512},{\"@type\":\"BreadcrumbList\",\"@id\":\"http:\\\/\\\/blogs.multimeios.ufc.br\\\/fernandacarmo\\\/dissertacao-2-referencial-teorico\\\/#breadcrumb\",\"itemListElement\":[{\"@type\":\"ListItem\",\"position\":1,\"name\":\"In\u00edcio\",\"item\":\"https:\\\/\\\/blogs.multimeios.ufc.br\\\/fernandacarmo\\\/\"},{\"@type\":\"ListItem\",\"position\":2,\"name\":\"2 REFERENCIAL TE\u00d3RICO\"}]},{\"@type\":\"WebSite\",\"@id\":\"https:\\\/\\\/blogs.multimeios.ufc.br\\\/fernandacarmo\\\/#website\",\"url\":\"https:\\\/\\\/blogs.multimeios.ufc.br\\\/fernandacarmo\\\/\",\"name\":\"Blog da Fernanda\",\"description\":\"\",\"potentialAction\":[{\"@type\":\"SearchAction\",\"target\":{\"@type\":\"EntryPoint\",\"urlTemplate\":\"https:\\\/\\\/blogs.multimeios.ufc.br\\\/fernandacarmo\\\/?s={search_term_string}\"},\"query-input\":{\"@type\":\"PropertyValueSpecification\",\"valueRequired\":true,\"valueName\":\"search_term_string\"}}],\"inLanguage\":\"pt-BR\"}]}<\/script>\n<!-- \/ Yoast SEO plugin. -->","yoast_head_json":{"title":"Blog da Fernanda - Disserta\u00e7\u00e3o - 2 REFERENCIAL TE\u00d3RICO","description":"P\u00e1gina de resumo do Referencial te\u00f3rico da Disserta\u00e7\u00e3o de Mestrado de Fernanda - Laborat\u00f3rio MultiMeios da Universidade Federal do Cear\u00e1","robots":{"index":"index","follow":"follow","max-snippet":"max-snippet:-1","max-image-preview":"max-image-preview:large","max-video-preview":"max-video-preview:-1"},"canonical":"http:\/\/blogs.multimeios.ufc.br\/fernandacarmo\/dissertacao-2-referencial-teorico\/","og_locale":"pt_BR","og_type":"article","og_title":"Blog da Fernanda - Disserta\u00e7\u00e3o - 2 REFERENCIAL TE\u00d3RICO","og_description":"P\u00e1gina de resumo do Referencial te\u00f3rico da Disserta\u00e7\u00e3o de Mestrado de Fernanda - Laborat\u00f3rio MultiMeios da Universidade Federal do Cear\u00e1","og_url":"http:\/\/blogs.multimeios.ufc.br\/fernandacarmo\/dissertacao-2-referencial-teorico\/","og_site_name":"Blog da Fernanda","article_modified_time":"2024-08-18T16:52:43+00:00","og_image":[{"url":"http:\/\/blogs.multimeios.ufc.br\/fernandacarmo\/files\/2023\/01\/botao-para-a-esquerda-300x300.png","type":"","width":"","height":""}],"twitter_card":"summary_large_image","twitter_misc":{"Est. tempo de leitura":"2 minutos"},"schema":{"@context":"https:\/\/schema.org","@graph":[{"@type":"WebPage","@id":"http:\/\/blogs.multimeios.ufc.br\/fernandacarmo\/dissertacao-2-referencial-teorico\/","url":"http:\/\/blogs.multimeios.ufc.br\/fernandacarmo\/dissertacao-2-referencial-teorico\/","name":"Blog da Fernanda - Disserta\u00e7\u00e3o - 2 REFERENCIAL TE\u00d3RICO","isPartOf":{"@id":"https:\/\/blogs.multimeios.ufc.br\/fernandacarmo\/#website"},"primaryImageOfPage":{"@id":"http:\/\/blogs.multimeios.ufc.br\/fernandacarmo\/dissertacao-2-referencial-teorico\/#primaryimage"},"image":{"@id":"http:\/\/blogs.multimeios.ufc.br\/fernandacarmo\/dissertacao-2-referencial-teorico\/#primaryimage"},"thumbnailUrl":"http:\/\/blogs.multimeios.ufc.br\/fernandacarmo\/files\/2023\/01\/botao-para-a-esquerda-300x300.png","datePublished":"2021-05-19T23:14:47+00:00","dateModified":"2024-08-18T16:52:43+00:00","description":"P\u00e1gina de resumo do Referencial te\u00f3rico da Disserta\u00e7\u00e3o de Mestrado de Fernanda - Laborat\u00f3rio MultiMeios da Universidade Federal do Cear\u00e1","breadcrumb":{"@id":"http:\/\/blogs.multimeios.ufc.br\/fernandacarmo\/dissertacao-2-referencial-teorico\/#breadcrumb"},"inLanguage":"pt-BR","potentialAction":[{"@type":"ReadAction","target":["http:\/\/blogs.multimeios.ufc.br\/fernandacarmo\/dissertacao-2-referencial-teorico\/"]}]},{"@type":"ImageObject","inLanguage":"pt-BR","@id":"http:\/\/blogs.multimeios.ufc.br\/fernandacarmo\/dissertacao-2-referencial-teorico\/#primaryimage","url":"https:\/\/blogs.multimeios.ufc.br\/fernandacarmo\/files\/2023\/01\/botao-para-a-esquerda.png","contentUrl":"https:\/\/blogs.multimeios.ufc.br\/fernandacarmo\/files\/2023\/01\/botao-para-a-esquerda.png","width":512,"height":512},{"@type":"BreadcrumbList","@id":"http:\/\/blogs.multimeios.ufc.br\/fernandacarmo\/dissertacao-2-referencial-teorico\/#breadcrumb","itemListElement":[{"@type":"ListItem","position":1,"name":"In\u00edcio","item":"https:\/\/blogs.multimeios.ufc.br\/fernandacarmo\/"},{"@type":"ListItem","position":2,"name":"2 REFERENCIAL TE\u00d3RICO"}]},{"@type":"WebSite","@id":"https:\/\/blogs.multimeios.ufc.br\/fernandacarmo\/#website","url":"https:\/\/blogs.multimeios.ufc.br\/fernandacarmo\/","name":"Blog da Fernanda","description":"","potentialAction":[{"@type":"SearchAction","target":{"@type":"EntryPoint","urlTemplate":"https:\/\/blogs.multimeios.ufc.br\/fernandacarmo\/?s={search_term_string}"},"query-input":{"@type":"PropertyValueSpecification","valueRequired":true,"valueName":"search_term_string"}}],"inLanguage":"pt-BR"}]}},"_links":{"self":[{"href":"https:\/\/blogs.multimeios.ufc.br\/fernandacarmo\/wp-json\/wp\/v2\/pages\/521","targetHints":{"allow":["GET"]}}],"collection":[{"href":"https:\/\/blogs.multimeios.ufc.br\/fernandacarmo\/wp-json\/wp\/v2\/pages"}],"about":[{"href":"https:\/\/blogs.multimeios.ufc.br\/fernandacarmo\/wp-json\/wp\/v2\/types\/page"}],"author":[{"embeddable":true,"href":"https:\/\/blogs.multimeios.ufc.br\/fernandacarmo\/wp-json\/wp\/v2\/users\/23"}],"replies":[{"embeddable":true,"href":"https:\/\/blogs.multimeios.ufc.br\/fernandacarmo\/wp-json\/wp\/v2\/comments?post=521"}],"version-history":[{"count":26,"href":"https:\/\/blogs.multimeios.ufc.br\/fernandacarmo\/wp-json\/wp\/v2\/pages\/521\/revisions"}],"predecessor-version":[{"id":5303,"href":"https:\/\/blogs.multimeios.ufc.br\/fernandacarmo\/wp-json\/wp\/v2\/pages\/521\/revisions\/5303"}],"wp:attachment":[{"href":"https:\/\/blogs.multimeios.ufc.br\/fernandacarmo\/wp-json\/wp\/v2\/media?parent=521"}],"curies":[{"name":"wp","href":"https:\/\/api.w.org\/{rel}","templated":true}]}}