{"id":57,"date":"2021-02-17T21:45:46","date_gmt":"2021-02-18T00:45:46","guid":{"rendered":"http:\/\/blogs.multimeios.ufc.br\/medida\/?page_id=57"},"modified":"2025-05-05T10:50:05","modified_gmt":"2025-05-05T13:50:05","slug":"sobre","status":"publish","type":"page","link":"https:\/\/blogs.multimeios.ufc.br\/fernandacarmo\/","title":{"rendered":"In\u00edcio"},"content":{"rendered":"\n<div id=\"content\" style=\"margin-right: 80px !important; margin-left: 60px !important;\" role=\"main\">\n<h3 style=\"text-align: justify;\"><img fetchpriority=\"high\" decoding=\"async\" class=\"size-full wp-image-5237 alignleft\" src=\"http:\/\/blogs.multimeios.ufc.br\/fernandacarmo\/files\/2024\/08\/avatar-fer-ago.2024-cortada.png\" alt=\"\" width=\"192\" height=\"288\" \/><strong><span style=\"background-color: #ccffff;\">Ol\u00e1, pessoal!<br \/><br \/><\/span><\/strong>Neste meu espacinho digital, chamado de <strong><em>Blog da <a href=\"mailto:fernanda@multimeios.ufc.br\" target=\"_blank\" rel=\"noopener\">Fernanda<\/a><\/em><\/strong>, compartilho, especialmente, meus estudos de <a href=\"https:\/\/blogs.multimeios.ufc.br\/fernandacarmo\/dissertacao\/\" target=\"_blank\" rel=\"noopener\">mestrado<\/a> e <a href=\"https:\/\/blogs.multimeios.ufc.br\/fernandacarmo\/tese\/\" target=\"_blank\" rel=\"noopener\">doutorado<\/a>, esse \u00faltimo ainda em constru\u00e7\u00e3o. Al\u00e9m disso, divulgo, tamb\u00e9m, outras <a href=\"https:\/\/blogs.multimeios.ufc.br\/fernandacarmo\/producoes\/\" target=\"_blank\" rel=\"noopener\">produ\u00e7\u00f5es acad\u00eamicas<\/a>, como meus principais trabalhos em congressos e artigos em peri\u00f3dicos. \ud83d\udcda\ud83d\udcdd<br \/><br \/>A minha disserta\u00e7\u00e3o teve como tema central o ensino do conceito de Medida em uma proposta de Educa\u00e7\u00e3o a Dist\u00e2ncia (EaD), baseada na metodologia de ensino Sequ\u00eancia Fedathi. Ela foi realizada no <a href=\"http:\/\/multimeios.ufc.br\" target=\"_blank\" rel=\"noopener\">Laborat\u00f3rio de Pesquisa MultiMeios<\/a> da Faculdade de Educa\u00e7\u00e3o (FACED), da Universidade Federal do Cear\u00e1 (UFC), sob a orienta\u00e7\u00e3o dos professores <a href=\"http:\/\/lattes.cnpq.br\/6933091154844634\" target=\"_blank\" rel=\"noopener\">Herm\u00ednio Borges Neto<\/a> e <a href=\"http:\/\/lattes.cnpq.br\/6780676773042373\" target=\"_blank\" rel=\"noopener\">Gilberto Santos Cerqueira<\/a> e est\u00e1 dispon\u00edvel no formato <em>e-book<\/em>. Quer conhecer?! Clica <a href=\"http:\/\/blogs.multimeios.ufc.br\/fernandacarmo\/dissertacao\/\" target=\"_blank\" rel=\"noopener\">aqui<\/a>! \ud83d\udd75\ud83c\udffb\u200d\u2642\ufe0f\ud83d\udcd0\ud83d\udc69\ud83c\udffb\u200d\ud83d\udcbb<\/h3>\n<h3 style=\"text-align: justify;\">No <strong><em>Blog da <a href=\"http:\/\/lattes.cnpq.br\/3020660601373245\" target=\"_blank\" rel=\"noopener\">Fernanda<\/a><\/em><\/strong>\u00a0voc\u00ea tamb\u00e9m encontrar\u00e1 algumas <a href=\"http:\/\/blogs.multimeios.ufc.br\/fernandacarmo\/novidades\/\" target=\"_blank\" rel=\"noopener\">novidades<\/a> relacionadas ao meu universo acad\u00eamico, minhas <a href=\"https:\/\/blogs.multimeios.ufc.br\/fernandacarmo\/tag\/leitura\/\" target=\"_blank\" rel=\"noopener\">opini\u00f5es acerca de leituras<\/a> de alguns livros de literatura, dicas de <span style=\"text-decoration: underline;\">revistas<\/span> <a href=\"https:\/\/blogs.multimeios.ufc.br\/fernandacarmo\/revistas-da-educacao-matematica\/\" target=\"_blank\" rel=\"noopener\">das \u00e1reas de Educa\u00e7\u00e3o Matem\u00e1tica<\/a> e\u00a0<a href=\"https:\/\/blogs.multimeios.ufc.br\/fernandacarmo\/revistas-de-educacao-e-tecnologias\/\" target=\"_blank\" rel=\"noopener\">Educa\u00e7\u00e3o &amp; Tecnologias<\/a> e duas biografias de <span style=\"text-decoration: underline;\">professores marcantes<\/span> &#8211;\u00a0<a href=\"https:\/\/blogs.multimeios.ufc.br\/fernandacarmo\/luiz-oswaldo\/\" target=\"_blank\" rel=\"noopener\">Luiz Oswaldo<\/a> e <a href=\"https:\/\/blogs.multimeios.ufc.br\/fernandacarmo\/herminio-borges-neto\/\" target=\"_blank\" rel=\"noopener\">Herminio Borges Neto<\/a>\u00a0&#8211; que deram grandes contribui\u00e7\u00f5es \u00e0 Educa\u00e7\u00e3o.<\/h3>\n<h3 style=\"text-align: justify;\">E a\u00ed, gostou?! Ent\u00e3o, vem explorar!!<\/h3>\n<p>\u00a0<\/p>\n<\/div>\n\n\n\n<ul class=\"wp-block-social-links is-layout-flex wp-block-social-links-is-layout-flex\"><li class=\"wp-social-link wp-social-link-wordpress  wp-block-social-link\"><a href=\"https:\/\/www.multimeios.ufc.br\/\" class=\"wp-block-social-link-anchor\"><svg width=\"24\" height=\"24\" viewBox=\"0 0 24 24\" version=\"1.1\" xmlns=\"http:\/\/www.w3.org\/2000\/svg\" aria-hidden=\"true\" focusable=\"false\"><path d=\"M12.158,12.786L9.46,20.625c0.806,0.237,1.657,0.366,2.54,0.366c1.047,0,2.051-0.181,2.986-0.51 c-0.024-0.038-0.046-0.079-0.065-0.124L12.158,12.786z M3.009,12c0,3.559,2.068,6.634,5.067,8.092L3.788,8.341 C3.289,9.459,3.009,10.696,3.009,12z M18.069,11.546c0-1.112-0.399-1.881-0.741-2.48c-0.456-0.741-0.883-1.368-0.883-2.109 c0-0.826,0.627-1.596,1.51-1.596c0.04,0,0.078,0.005,0.116,0.007C16.472,3.904,14.34,3.009,12,3.009 c-3.141,0-5.904,1.612-7.512,4.052c0.211,0.007,0.41,0.011,0.579,0.011c0.94,0,2.396-0.114,2.396-0.114 C7.947,6.93,8.004,7.642,7.52,7.699c0,0-0.487,0.057-1.029,0.085l3.274,9.739l1.968-5.901l-1.401-3.838 C9.848,7.756,9.389,7.699,9.389,7.699C8.904,7.67,8.961,6.93,9.446,6.958c0,0,1.484,0.114,2.368,0.114 c0.94,0,2.397-0.114,2.397-0.114c0.485-0.028,0.542,0.684,0.057,0.741c0,0-0.488,0.057-1.029,0.085l3.249,9.665l0.897-2.996 C17.841,13.284,18.069,12.316,18.069,11.546z M19.889,7.686c0.039,0.286,0.06,0.593,0.06,0.924c0,0.912-0.171,1.938-0.684,3.22 l-2.746,7.94c2.673-1.558,4.47-4.454,4.47-7.771C20.991,10.436,20.591,8.967,19.889,7.686z M12,22C6.486,22,2,17.514,2,12 C2,6.486,6.486,2,12,2c5.514,0,10,4.486,10,10C22,17.514,17.514,22,12,22z\"><\/path><\/svg><span class=\"wp-block-social-link-label screen-reader-text\">WordPress<\/span><\/a><\/li>\n\n<li class=\"wp-social-link wp-social-link-youtube  wp-block-social-link\"><a href=\"https:\/\/www.youtube.com\/@multimeiosufc\" class=\"wp-block-social-link-anchor\"><svg width=\"24\" height=\"24\" viewBox=\"0 0 24 24\" version=\"1.1\" xmlns=\"http:\/\/www.w3.org\/2000\/svg\" aria-hidden=\"true\" focusable=\"false\"><path d=\"M21.8,8.001c0,0-0.195-1.378-0.795-1.985c-0.76-0.797-1.613-0.801-2.004-0.847c-2.799-0.202-6.997-0.202-6.997-0.202 h-0.009c0,0-4.198,0-6.997,0.202C4.608,5.216,3.756,5.22,2.995,6.016C2.395,6.623,2.2,8.001,2.2,8.001S2,9.62,2,11.238v1.517 c0,1.618,0.2,3.237,0.2,3.237s0.195,1.378,0.795,1.985c0.761,0.797,1.76,0.771,2.205,0.855c1.6,0.153,6.8,0.201,6.8,0.201 s4.203-0.006,7.001-0.209c0.391-0.047,1.243-0.051,2.004-0.847c0.6-0.607,0.795-1.985,0.795-1.985s0.2-1.618,0.2-3.237v-1.517 C22,9.62,21.8,8.001,21.8,8.001z M9.935,14.594l-0.001-5.62l5.404,2.82L9.935,14.594z\"><\/path><\/svg><span class=\"wp-block-social-link-label screen-reader-text\">Youtube<\/span><\/a><\/li>\n\n<li class=\"wp-social-link wp-social-link-instagram  wp-block-social-link\"><a href=\"https:\/\/www.instagram.com\/laboratorio_mm\/\" class=\"wp-block-social-link-anchor\"><svg width=\"24\" height=\"24\" viewBox=\"0 0 24 24\" version=\"1.1\" xmlns=\"http:\/\/www.w3.org\/2000\/svg\" aria-hidden=\"true\" focusable=\"false\"><path d=\"M12,4.622c2.403,0,2.688,0.009,3.637,0.052c0.877,0.04,1.354,0.187,1.671,0.31c0.42,0.163,0.72,0.358,1.035,0.673 c0.315,0.315,0.51,0.615,0.673,1.035c0.123,0.317,0.27,0.794,0.31,1.671c0.043,0.949,0.052,1.234,0.052,3.637 s-0.009,2.688-0.052,3.637c-0.04,0.877-0.187,1.354-0.31,1.671c-0.163,0.42-0.358,0.72-0.673,1.035 c-0.315,0.315-0.615,0.51-1.035,0.673c-0.317,0.123-0.794,0.27-1.671,0.31c-0.949,0.043-1.233,0.052-3.637,0.052 s-2.688-0.009-3.637-0.052c-0.877-0.04-1.354-0.187-1.671-0.31c-0.42-0.163-0.72-0.358-1.035-0.673 c-0.315-0.315-0.51-0.615-0.673-1.035c-0.123-0.317-0.27-0.794-0.31-1.671C4.631,14.688,4.622,14.403,4.622,12 s0.009-2.688,0.052-3.637c0.04-0.877,0.187-1.354,0.31-1.671c0.163-0.42,0.358-0.72,0.673-1.035 c0.315-0.315,0.615-0.51,1.035-0.673c0.317-0.123,0.794-0.27,1.671-0.31C9.312,4.631,9.597,4.622,12,4.622 M12,3 C9.556,3,9.249,3.01,8.289,3.054C7.331,3.098,6.677,3.25,6.105,3.472C5.513,3.702,5.011,4.01,4.511,4.511 c-0.5,0.5-0.808,1.002-1.038,1.594C3.25,6.677,3.098,7.331,3.054,8.289C3.01,9.249,3,9.556,3,12c0,2.444,0.01,2.751,0.054,3.711 c0.044,0.958,0.196,1.612,0.418,2.185c0.23,0.592,0.538,1.094,1.038,1.594c0.5,0.5,1.002,0.808,1.594,1.038 c0.572,0.222,1.227,0.375,2.185,0.418C9.249,20.99,9.556,21,12,21s2.751-0.01,3.711-0.054c0.958-0.044,1.612-0.196,2.185-0.418 c0.592-0.23,1.094-0.538,1.594-1.038c0.5-0.5,0.808-1.002,1.038-1.594c0.222-0.572,0.375-1.227,0.418-2.185 C20.99,14.751,21,14.444,21,12s-0.01-2.751-0.054-3.711c-0.044-0.958-0.196-1.612-0.418-2.185c-0.23-0.592-0.538-1.094-1.038-1.594 c-0.5-0.5-1.002-0.808-1.594-1.038c-0.572-0.222-1.227-0.375-2.185-0.418C14.751,3.01,14.444,3,12,3L12,3z M12,7.378 c-2.552,0-4.622,2.069-4.622,4.622S9.448,16.622,12,16.622s4.622-2.069,4.622-4.622S14.552,7.378,12,7.378z M12,15 c-1.657,0-3-1.343-3-3s1.343-3,3-3s3,1.343,3,3S13.657,15,12,15z M16.804,6.116c-0.596,0-1.08,0.484-1.08,1.08 s0.484,1.08,1.08,1.08c0.596,0,1.08-0.484,1.08-1.08S17.401,6.116,16.804,6.116z\"><\/path><\/svg><span class=\"wp-block-social-link-label screen-reader-text\">Instagram<\/span><\/a><\/li>\n\n<li class=\"wp-social-link wp-social-link-facebook  wp-block-social-link\"><a href=\"https:\/\/www.facebook.com\/laboratoriodepesquisamultimeios\/?locale=pt_BR\" class=\"wp-block-social-link-anchor\"><svg width=\"24\" height=\"24\" viewBox=\"0 0 24 24\" version=\"1.1\" xmlns=\"http:\/\/www.w3.org\/2000\/svg\" aria-hidden=\"true\" focusable=\"false\"><path d=\"M12 2C6.5 2 2 6.5 2 12c0 5 3.7 9.1 8.4 9.9v-7H7.9V12h2.5V9.8c0-2.5 1.5-3.9 3.8-3.9 1.1 0 2.2.2 2.2.2v2.5h-1.3c-1.2 0-1.6.8-1.6 1.6V12h2.8l-.4 2.9h-2.3v7C18.3 21.1 22 17 22 12c0-5.5-4.5-10-10-10z\"><\/path><\/svg><span class=\"wp-block-social-link-label screen-reader-text\">Facebook<\/span><\/a><\/li><\/ul>\n\n\n\n<p><\/p>\n","protected":false},"excerpt":{"rendered":"<p>Ol\u00e1, pessoal! Neste meu espacinho digital, chamado de Blog da Fernanda, compartilho, especialmente, meus estudos de mestrado e doutorado, esse \u00faltimo ainda em constru\u00e7\u00e3o. Al\u00e9m disso, divulgo, tamb\u00e9m, outras produ\u00e7\u00f5es acad\u00eamicas, como meus principais trabalhos em congressos e artigos em &hellip; <a href=\"https:\/\/blogs.multimeios.ufc.br\/fernandacarmo\/\">Continue lendo <span class=\"meta-nav\">&rarr;<\/span><\/a><\/p>\n","protected":false},"author":23,"featured_media":0,"parent":0,"menu_order":0,"comment_status":"closed","ping_status":"closed","template":"elementor_header_footer","meta":{"footnotes":""},"class_list":["post-57","page","type-page","status-publish","hentry"],"yoast_head":"<!-- This site is optimized with the Yoast SEO plugin v27.4 - https:\/\/yoast.com\/product\/yoast-seo-wordpress\/ -->\n<title>Blog da Fernanda - Sobre<\/title>\n<meta name=\"description\" content=\"Neste meu espacinho digital compartilho, especialmente, meus estudos de mestrado e doutorado, esse \u00faltimo ainda em constru\u00e7\u00e3o.\" \/>\n<meta name=\"robots\" content=\"index, follow, max-snippet:-1, max-image-preview:large, max-video-preview:-1\" \/>\n<link rel=\"canonical\" href=\"https:\/\/blogs.multimeios.ufc.br\/fernandacarmo\/\" \/>\n<meta property=\"og:locale\" content=\"pt_BR\" \/>\n<meta property=\"og:type\" content=\"article\" \/>\n<meta property=\"og:title\" content=\"Blog da Fernanda - Sobre\" \/>\n<meta property=\"og:description\" content=\"Neste meu espacinho digital compartilho, especialmente, meus estudos de mestrado e doutorado, esse \u00faltimo ainda em constru\u00e7\u00e3o.\" \/>\n<meta property=\"og:url\" content=\"https:\/\/blogs.multimeios.ufc.br\/fernandacarmo\/\" \/>\n<meta property=\"og:site_name\" content=\"Blog da Fernanda\" \/>\n<meta property=\"article:modified_time\" content=\"2025-05-05T13:50:05+00:00\" \/>\n<meta property=\"og:image\" content=\"https:\/\/blogs.multimeios.ufc.br\/fernandacarmo\/files\/2024\/08\/avatar-fer-ago.2024-cortada.png\" \/>\n\t<meta property=\"og:image:width\" content=\"192\" \/>\n\t<meta property=\"og:image:height\" content=\"288\" \/>\n\t<meta property=\"og:image:type\" content=\"image\/png\" \/>\n<meta name=\"twitter:card\" content=\"summary_large_image\" \/>\n<meta name=\"twitter:label1\" content=\"Est. tempo de leitura\" \/>\n\t<meta name=\"twitter:data1\" content=\"2 minutos\" \/>\n<script type=\"application\/ld+json\" class=\"yoast-schema-graph\">{\"@context\":\"https:\\\/\\\/schema.org\",\"@graph\":[{\"@type\":\"WebPage\",\"@id\":\"https:\\\/\\\/blogs.multimeios.ufc.br\\\/fernandacarmo\\\/\",\"url\":\"https:\\\/\\\/blogs.multimeios.ufc.br\\\/fernandacarmo\\\/\",\"name\":\"Blog da Fernanda - Sobre\",\"isPartOf\":{\"@id\":\"https:\\\/\\\/blogs.multimeios.ufc.br\\\/fernandacarmo\\\/#website\"},\"primaryImageOfPage\":{\"@id\":\"https:\\\/\\\/blogs.multimeios.ufc.br\\\/fernandacarmo\\\/#primaryimage\"},\"image\":{\"@id\":\"https:\\\/\\\/blogs.multimeios.ufc.br\\\/fernandacarmo\\\/#primaryimage\"},\"thumbnailUrl\":\"http:\\\/\\\/blogs.multimeios.ufc.br\\\/fernandacarmo\\\/files\\\/2024\\\/08\\\/avatar-fer-ago.2024-cortada.png\",\"datePublished\":\"2021-02-18T00:45:46+00:00\",\"dateModified\":\"2025-05-05T13:50:05+00:00\",\"description\":\"Neste meu espacinho digital compartilho, especialmente, meus estudos de mestrado e doutorado, esse \u00faltimo ainda em constru\u00e7\u00e3o.\",\"breadcrumb\":{\"@id\":\"https:\\\/\\\/blogs.multimeios.ufc.br\\\/fernandacarmo\\\/#breadcrumb\"},\"inLanguage\":\"pt-BR\",\"potentialAction\":[{\"@type\":\"ReadAction\",\"target\":[\"https:\\\/\\\/blogs.multimeios.ufc.br\\\/fernandacarmo\\\/\"]}]},{\"@type\":\"ImageObject\",\"inLanguage\":\"pt-BR\",\"@id\":\"https:\\\/\\\/blogs.multimeios.ufc.br\\\/fernandacarmo\\\/#primaryimage\",\"url\":\"https:\\\/\\\/blogs.multimeios.ufc.br\\\/fernandacarmo\\\/files\\\/2024\\\/08\\\/avatar-fer-ago.2024-cortada.png\",\"contentUrl\":\"https:\\\/\\\/blogs.multimeios.ufc.br\\\/fernandacarmo\\\/files\\\/2024\\\/08\\\/avatar-fer-ago.2024-cortada.png\",\"width\":192,\"height\":288},{\"@type\":\"BreadcrumbList\",\"@id\":\"https:\\\/\\\/blogs.multimeios.ufc.br\\\/fernandacarmo\\\/#breadcrumb\",\"itemListElement\":[{\"@type\":\"ListItem\",\"position\":1,\"name\":\"In\u00edcio\",\"item\":\"https:\\\/\\\/blogs.multimeios.ufc.br\\\/fernandacarmo\\\/\"},{\"@type\":\"ListItem\",\"position\":2,\"name\":\"In\u00edcio\"}]},{\"@type\":\"WebSite\",\"@id\":\"https:\\\/\\\/blogs.multimeios.ufc.br\\\/fernandacarmo\\\/#website\",\"url\":\"https:\\\/\\\/blogs.multimeios.ufc.br\\\/fernandacarmo\\\/\",\"name\":\"Blog da Fernanda\",\"description\":\"\",\"potentialAction\":[{\"@type\":\"SearchAction\",\"target\":{\"@type\":\"EntryPoint\",\"urlTemplate\":\"https:\\\/\\\/blogs.multimeios.ufc.br\\\/fernandacarmo\\\/?s={search_term_string}\"},\"query-input\":{\"@type\":\"PropertyValueSpecification\",\"valueRequired\":true,\"valueName\":\"search_term_string\"}}],\"inLanguage\":\"pt-BR\"}]}<\/script>\n<!-- \/ Yoast SEO plugin. -->","yoast_head_json":{"title":"Blog da Fernanda - Sobre","description":"Neste meu espacinho digital compartilho, especialmente, meus estudos de mestrado e doutorado, esse \u00faltimo ainda em constru\u00e7\u00e3o.","robots":{"index":"index","follow":"follow","max-snippet":"max-snippet:-1","max-image-preview":"max-image-preview:large","max-video-preview":"max-video-preview:-1"},"canonical":"https:\/\/blogs.multimeios.ufc.br\/fernandacarmo\/","og_locale":"pt_BR","og_type":"article","og_title":"Blog da Fernanda - Sobre","og_description":"Neste meu espacinho digital compartilho, especialmente, meus estudos de mestrado e doutorado, esse \u00faltimo ainda em constru\u00e7\u00e3o.","og_url":"https:\/\/blogs.multimeios.ufc.br\/fernandacarmo\/","og_site_name":"Blog da Fernanda","article_modified_time":"2025-05-05T13:50:05+00:00","og_image":[{"width":192,"height":288,"url":"https:\/\/blogs.multimeios.ufc.br\/fernandacarmo\/files\/2024\/08\/avatar-fer-ago.2024-cortada.png","type":"image\/png"}],"twitter_card":"summary_large_image","twitter_misc":{"Est. tempo de leitura":"2 minutos"},"schema":{"@context":"https:\/\/schema.org","@graph":[{"@type":"WebPage","@id":"https:\/\/blogs.multimeios.ufc.br\/fernandacarmo\/","url":"https:\/\/blogs.multimeios.ufc.br\/fernandacarmo\/","name":"Blog da Fernanda - Sobre","isPartOf":{"@id":"https:\/\/blogs.multimeios.ufc.br\/fernandacarmo\/#website"},"primaryImageOfPage":{"@id":"https:\/\/blogs.multimeios.ufc.br\/fernandacarmo\/#primaryimage"},"image":{"@id":"https:\/\/blogs.multimeios.ufc.br\/fernandacarmo\/#primaryimage"},"thumbnailUrl":"http:\/\/blogs.multimeios.ufc.br\/fernandacarmo\/files\/2024\/08\/avatar-fer-ago.2024-cortada.png","datePublished":"2021-02-18T00:45:46+00:00","dateModified":"2025-05-05T13:50:05+00:00","description":"Neste meu espacinho digital compartilho, especialmente, meus estudos de mestrado e doutorado, esse \u00faltimo ainda em constru\u00e7\u00e3o.","breadcrumb":{"@id":"https:\/\/blogs.multimeios.ufc.br\/fernandacarmo\/#breadcrumb"},"inLanguage":"pt-BR","potentialAction":[{"@type":"ReadAction","target":["https:\/\/blogs.multimeios.ufc.br\/fernandacarmo\/"]}]},{"@type":"ImageObject","inLanguage":"pt-BR","@id":"https:\/\/blogs.multimeios.ufc.br\/fernandacarmo\/#primaryimage","url":"https:\/\/blogs.multimeios.ufc.br\/fernandacarmo\/files\/2024\/08\/avatar-fer-ago.2024-cortada.png","contentUrl":"https:\/\/blogs.multimeios.ufc.br\/fernandacarmo\/files\/2024\/08\/avatar-fer-ago.2024-cortada.png","width":192,"height":288},{"@type":"BreadcrumbList","@id":"https:\/\/blogs.multimeios.ufc.br\/fernandacarmo\/#breadcrumb","itemListElement":[{"@type":"ListItem","position":1,"name":"In\u00edcio","item":"https:\/\/blogs.multimeios.ufc.br\/fernandacarmo\/"},{"@type":"ListItem","position":2,"name":"In\u00edcio"}]},{"@type":"WebSite","@id":"https:\/\/blogs.multimeios.ufc.br\/fernandacarmo\/#website","url":"https:\/\/blogs.multimeios.ufc.br\/fernandacarmo\/","name":"Blog da Fernanda","description":"","potentialAction":[{"@type":"SearchAction","target":{"@type":"EntryPoint","urlTemplate":"https:\/\/blogs.multimeios.ufc.br\/fernandacarmo\/?s={search_term_string}"},"query-input":{"@type":"PropertyValueSpecification","valueRequired":true,"valueName":"search_term_string"}}],"inLanguage":"pt-BR"}]}},"_links":{"self":[{"href":"https:\/\/blogs.multimeios.ufc.br\/fernandacarmo\/wp-json\/wp\/v2\/pages\/57","targetHints":{"allow":["GET"]}}],"collection":[{"href":"https:\/\/blogs.multimeios.ufc.br\/fernandacarmo\/wp-json\/wp\/v2\/pages"}],"about":[{"href":"https:\/\/blogs.multimeios.ufc.br\/fernandacarmo\/wp-json\/wp\/v2\/types\/page"}],"author":[{"embeddable":true,"href":"https:\/\/blogs.multimeios.ufc.br\/fernandacarmo\/wp-json\/wp\/v2\/users\/23"}],"replies":[{"embeddable":true,"href":"https:\/\/blogs.multimeios.ufc.br\/fernandacarmo\/wp-json\/wp\/v2\/comments?post=57"}],"version-history":[{"count":60,"href":"https:\/\/blogs.multimeios.ufc.br\/fernandacarmo\/wp-json\/wp\/v2\/pages\/57\/revisions"}],"predecessor-version":[{"id":5359,"href":"https:\/\/blogs.multimeios.ufc.br\/fernandacarmo\/wp-json\/wp\/v2\/pages\/57\/revisions\/5359"}],"wp:attachment":[{"href":"https:\/\/blogs.multimeios.ufc.br\/fernandacarmo\/wp-json\/wp\/v2\/media?parent=57"}],"curies":[{"name":"wp","href":"https:\/\/api.w.org\/{rel}","templated":true}]}}