{"id":818,"date":"2021-05-20T15:50:22","date_gmt":"2021-05-20T18:50:22","guid":{"rendered":"http:\/\/blogs.multimeios.ufc.br\/fernandacarmo\/?page_id=818"},"modified":"2024-08-18T14:47:03","modified_gmt":"2024-08-18T17:47:03","slug":"dissertacao-5-consideracoes-finais","status":"publish","type":"page","link":"https:\/\/blogs.multimeios.ufc.br\/fernandacarmo\/dissertacao-5-consideracoes-finais\/","title":{"rendered":"5 CONSIDERA\u00c7\u00d5ES FINAIS"},"content":{"rendered":"\n<h3 style=\"text-indent: 4em; text-align: justify;\">Esse estudo buscou contribuir com as discuss\u00f5es cada vez mais imprescind\u00edveis na modalidade EaD e, principalmente, diminuir a lacuna de estudos referentes ao ensino de matem\u00e1tica em ambientes virtuais, com delimita\u00e7\u00e3o para o ensino do conceito de <a href=\"http:\/\/blogs.multimeios.ufc.br\/fernandacarmo\/dissertacao-2-3-2-medida\/\">Medida<\/a> baseado na <a href=\"http:\/\/blogs.multimeios.ufc.br\/fernandacarmo\/dissertacao-2-1-a-metodologia-de-ensino-sequencia-fedathi\/\">Sequ\u00eancia Fedathi<\/a>. Al\u00e9m disso, contribui com o desenvolvimento dessa metodologia de ensino e pesquisa, mostrando as vantagens de seu uso seja para o planejamento, para o desenho de um curso no AVE, para orientar a pr\u00e1tica pedag\u00f3gica do professor, bem como para mostrar uma trilha de investiga\u00e7\u00e3o cient\u00edfica. N\u00e3o s\u00f3 a partir de pressupostos te\u00f3ricos, que muito contribuem para a realiza\u00e7\u00e3o de um estudo, mas tamb\u00e9m com suporte em pr\u00e1ticas vivenciadas em outras pesquisas, principalmente, na EaD com aporte na Sequ\u00eancia Fedathi.<\/h3>\n<h3 style=\"text-indent: 4em; text-align: justify;\">Sendo a Sequ\u00eancia Fedathi uma proposta de forma\u00e7\u00e3o, n\u00e3o se sugere a reaplica\u00e7\u00e3o fiel da proposta aqui desenvolvida. Ao contr\u00e1rio, esse trabalho pretende incutir reflex\u00f5es acerca do ensino de matem\u00e1tica e do ensino a dist\u00e2ncia, podendo servir como trilha referencial para a organiza\u00e7\u00e3o de outros cursos, por outros profissionais docentes, em outros ambientes virtuais e at\u00e9 mesmo no ensino presencial, visto que a proposta did\u00e1tica n\u00e3o mudaria. No entanto, cada experimento ocorre com determinadas vari\u00e1veis, assim, o professor pode e deve adaptar \u00e0s particularidades de sua realidade.<\/h3>\n<h3 style=\"text-indent: 4em; text-align: justify;\">De cunho te\u00f3rico, esta pesquisa perpassou pelas etapas de concep\u00e7\u00e3o, escolha de ferramentas, produ\u00e7\u00e3o de material, desenho did\u00e1tico no AVE <a href=\"https:\/\/hbn.multimeios.ufc.br\/moodle\/\" target=\"_blank\" rel=\"noopener\"><em>Moodle<\/em> MultiMeios<\/a>, at\u00e9 chegar ao desenvolvimento de uma proposta para o ensino do conceito de Medida na EaD utilizando a Sequ\u00eancia Fedathi e, assim, superando a problem\u00e1tica no modelo de ensino tradicional que se situa nessa modalidade e no ensino de matem\u00e1tica. Dessa forma, a \u00eanfase est\u00e1 em t\u00f3picos relacionados a cria\u00e7\u00e3o de um ambiente de ensino favor\u00e1vel a investiga\u00e7\u00e3o e a constru\u00e7\u00e3o conceitual, a partir de princ\u00edpios que tornam a a\u00e7\u00e3o docente questionadora, dial\u00f3gica e reflexiva.<\/h3>\n<h3 style=\"text-indent: 4em; text-align: justify;\">Percebeu-se que, com a utiliza\u00e7\u00e3o da metodologia de ensino Sequ\u00eancia Fedathi, ainda no planejamento \u00e9 fundamental identificar a ess\u00eancia do conte\u00fado, reorganiz\u00e1-lo e ter os objetivos de cada sess\u00e3o did\u00e1tica, bem como um objetivo geral, bem definidos. Isto porque a Tomada de Posi\u00e7\u00e3o s\u00f3 pode ser elaborada se o professor souber qual \u00e9 o seu ponto de partida e qual \u00e9 o seu ponto de chegada. Outro aspecto importante \u00e9 que a escolha das ferramentas e recursos no AVE sempre deve levar em considera\u00e7\u00e3o, primordialmente, o aspecto de intera\u00e7\u00e3o, que \u00e9 o caso do TeleMeios e de outra ferramenta bastante recorrente nessa proposta, o F\u00f3rum, que pode ficar ainda mais interativo com a media\u00e7\u00e3o do professor, como foi proposto aqui.<\/h3>\n<h3 style=\"text-indent: 4em; text-align: justify;\">Tamb\u00e9m, \u00e9 preciso cautela na escolha de cada um dos exerc\u00edcios, sempre tendo em vista o porqu\u00ea de disponibiliz\u00e1-lo ao estudante, assim como nas m\u00eddias que ser\u00e3o inseridas nos ambientes virtuais, uma vez que elas n\u00e3o t\u00eam a inten\u00e7\u00e3o de apenas enfeitar, mas sim de causar reflex\u00e3o. Al\u00e9m disso, \u00e9 poss\u00edvel perceber que \u00e9 a media\u00e7\u00e3o do professor que far\u00e1 toda a diferen\u00e7a, independente do ambiente, da tecnologia, dos meios e dos recursos a se utilizar.<\/h3>\n<h3 style=\"text-indent: 4em; text-align: justify;\">Destacamos que as tecnologias e ambientes virtuais est\u00e3o em constante desenvolvimento, mudan\u00e7a e aperfei\u00e7oamento e, por isso, demandam an\u00e1lises permanentes no que diz respeito a a\u00e7\u00e3o educativa nos diferentes n\u00edveis de ensino. Desse modo, precisam de um olhar permanente e cr\u00edtico de pesquisadores na busca por melhorias, principalmente, no que diz respeito \u00e0 intera\u00e7\u00e3o e \u00e0 aprendizagem, com foco na autonomia e na constru\u00e7\u00e3o do conhecimento pelo pr\u00f3prio estudante.<\/h3>\n<h3 style=\"text-indent: 4em; text-align: justify;\">Como perspectiva futura, pretendemos analisar essa proposta a partir de sua viv\u00eancia. Isto \u00e9, como segunda parte dessa pesquisa, almejamos aplic\u00e1-la por meio de uma pesquisa de campo, a fim de test\u00e1-la, avali\u00e1-la e ajust\u00e1-la, na inten\u00e7\u00e3o de continuar e aprofundar o que at\u00e9 aqui foi desenvolvido.<\/h3>\n<h3>\u00a0<\/h3>\n<table style=\"width: 100%; border-collapse: collapse; border-color: #fff;\">\n<tbody>\n<tr>\n<td style=\"width: 33.3333%; padding: 0px; border-color: #ffffff;\">\n<h3><a href=\"http:\/\/blogs.multimeios.ufc.br\/fernandacarmo\/dissertacao-4-proposta-didatica-para-o-ensino-do-conceito-de-medida-e-desenho-no-ave-moodle-multimeios\/\"><img decoding=\"async\" class=\"alignnone wp-image-4539\" src=\"http:\/\/blogs.multimeios.ufc.br\/fernandacarmo\/files\/2023\/01\/botao-para-a-esquerda-300x300.png\" alt=\"\" width=\"30\" height=\"30\" srcset=\"https:\/\/blogs.multimeios.ufc.br\/fernandacarmo\/files\/2023\/01\/botao-para-a-esquerda-300x300.png 300w, https:\/\/blogs.multimeios.ufc.br\/fernandacarmo\/files\/2023\/01\/botao-para-a-esquerda-150x150.png 150w, https:\/\/blogs.multimeios.ufc.br\/fernandacarmo\/files\/2023\/01\/botao-para-a-esquerda.png 512w\" sizes=\"(max-width: 30px) 100vw, 30px\" \/><\/a><br \/>4 Proposta did\u00e1tica para o ensino do conceito de Medida e desenho no AVE Moodle MultiMeios<\/h3>\n<\/td>\n<td style=\"width: 33.3333%; padding: 0px; border-color: #ffffff; text-align: center; vertical-align: top;\">\n<h3><a href=\"http:\/\/blogs.multimeios.ufc.br\/fernandacarmo\/dissertacao\/\"><img decoding=\"async\" class=\"alignnone wp-image-4540\" src=\"http:\/\/blogs.multimeios.ufc.br\/fernandacarmo\/files\/2023\/01\/Home_icon_green-1-300x300.png\" alt=\"\" width=\"30\" height=\"30\" srcset=\"https:\/\/blogs.multimeios.ufc.br\/fernandacarmo\/files\/2023\/01\/Home_icon_green-1-300x300.png 300w, https:\/\/blogs.multimeios.ufc.br\/fernandacarmo\/files\/2023\/01\/Home_icon_green-1-150x150.png 150w, https:\/\/blogs.multimeios.ufc.br\/fernandacarmo\/files\/2023\/01\/Home_icon_green-1.png 512w\" sizes=\"(max-width: 30px) 100vw, 30px\" \/><\/a><br \/>In\u00edcio<\/h3>\n<\/td>\n<td style=\"width: 33.3333%; padding: 0px; border-color: #ffffff; text-align: right; vertical-align: top;\">\n<h3><a href=\"http:\/\/blogs.multimeios.ufc.br\/fernandacarmo\/dissertacao-referencias\/\"><img decoding=\"async\" class=\"alignnone wp-image-4538\" src=\"http:\/\/blogs.multimeios.ufc.br\/fernandacarmo\/files\/2023\/01\/botao-para-a-direita-300x300.png\" alt=\"\" width=\"30\" height=\"30\" srcset=\"https:\/\/blogs.multimeios.ufc.br\/fernandacarmo\/files\/2023\/01\/botao-para-a-direita-300x300.png 300w, https:\/\/blogs.multimeios.ufc.br\/fernandacarmo\/files\/2023\/01\/botao-para-a-direita-150x150.png 150w, https:\/\/blogs.multimeios.ufc.br\/fernandacarmo\/files\/2023\/01\/botao-para-a-direita.png 512w\" sizes=\"(max-width: 30px) 100vw, 30px\" \/><\/a><br \/>Refer\u00eancias<\/h3>\n<\/td>\n<\/tr>\n<\/tbody>\n<\/table>\n","protected":false},"excerpt":{"rendered":"<p>Esse estudo buscou contribuir com as discuss\u00f5es cada vez mais imprescind\u00edveis na modalidade EaD e, principalmente, diminuir a lacuna de estudos referentes ao ensino de matem\u00e1tica em ambientes virtuais, com delimita\u00e7\u00e3o para o ensino do conceito de Medida baseado na &hellip; <a href=\"https:\/\/blogs.multimeios.ufc.br\/fernandacarmo\/dissertacao-5-consideracoes-finais\/\">Continue lendo <span class=\"meta-nav\">&rarr;<\/span><\/a><\/p>\n","protected":false},"author":23,"featured_media":0,"parent":0,"menu_order":0,"comment_status":"closed","ping_status":"closed","template":"","meta":{"footnotes":""},"class_list":["post-818","page","type-page","status-publish","hentry"],"yoast_head":"<!-- This site is optimized with the Yoast SEO plugin v27.3 - https:\/\/yoast.com\/product\/yoast-seo-wordpress\/ -->\n<title>Blog da Fernanda - 5 CONSIDERA\u00c7\u00d5ES FINAIS<\/title>\n<meta name=\"description\" content=\"Considera\u00e7\u00f5es finais da Disserta\u00e7\u00e3o de Mestrado de Fernanda - Laborat\u00f3rio MultiMeios da Universidade Federal do Cear\u00e1\" \/>\n<meta name=\"robots\" content=\"index, follow, max-snippet:-1, max-image-preview:large, max-video-preview:-1\" \/>\n<link rel=\"canonical\" href=\"http:\/\/blogs.multimeios.ufc.br\/fernandacarmo\/dissertacao-5-consideracoes-finais\/\" \/>\n<meta property=\"og:locale\" content=\"pt_BR\" \/>\n<meta property=\"og:type\" content=\"article\" \/>\n<meta property=\"og:title\" content=\"Blog da Fernanda - 5 CONSIDERA\u00c7\u00d5ES FINAIS\" \/>\n<meta property=\"og:description\" content=\"Considera\u00e7\u00f5es finais da Disserta\u00e7\u00e3o de Mestrado de Fernanda - Laborat\u00f3rio MultiMeios da Universidade Federal do Cear\u00e1\" \/>\n<meta property=\"og:url\" content=\"http:\/\/blogs.multimeios.ufc.br\/fernandacarmo\/dissertacao-5-consideracoes-finais\/\" \/>\n<meta property=\"og:site_name\" content=\"Blog da Fernanda\" \/>\n<meta property=\"article:modified_time\" content=\"2024-08-18T17:47:03+00:00\" \/>\n<meta property=\"og:image\" content=\"http:\/\/blogs.multimeios.ufc.br\/fernandacarmo\/files\/2023\/01\/botao-para-a-esquerda-300x300.png\" \/>\n<meta name=\"twitter:card\" content=\"summary_large_image\" \/>\n<meta name=\"twitter:label1\" content=\"Est. tempo de leitura\" \/>\n\t<meta name=\"twitter:data1\" content=\"5 minutos\" \/>\n<script type=\"application\/ld+json\" class=\"yoast-schema-graph\">{\"@context\":\"https:\\\/\\\/schema.org\",\"@graph\":[{\"@type\":\"WebPage\",\"@id\":\"http:\\\/\\\/blogs.multimeios.ufc.br\\\/fernandacarmo\\\/dissertacao-5-consideracoes-finais\\\/\",\"url\":\"http:\\\/\\\/blogs.multimeios.ufc.br\\\/fernandacarmo\\\/dissertacao-5-consideracoes-finais\\\/\",\"name\":\"Blog da Fernanda - 5 CONSIDERA\u00c7\u00d5ES FINAIS\",\"isPartOf\":{\"@id\":\"https:\\\/\\\/blogs.multimeios.ufc.br\\\/fernandacarmo\\\/#website\"},\"primaryImageOfPage\":{\"@id\":\"http:\\\/\\\/blogs.multimeios.ufc.br\\\/fernandacarmo\\\/dissertacao-5-consideracoes-finais\\\/#primaryimage\"},\"image\":{\"@id\":\"http:\\\/\\\/blogs.multimeios.ufc.br\\\/fernandacarmo\\\/dissertacao-5-consideracoes-finais\\\/#primaryimage\"},\"thumbnailUrl\":\"http:\\\/\\\/blogs.multimeios.ufc.br\\\/fernandacarmo\\\/files\\\/2023\\\/01\\\/botao-para-a-esquerda-300x300.png\",\"datePublished\":\"2021-05-20T18:50:22+00:00\",\"dateModified\":\"2024-08-18T17:47:03+00:00\",\"description\":\"Considera\u00e7\u00f5es finais da Disserta\u00e7\u00e3o de Mestrado de Fernanda - Laborat\u00f3rio MultiMeios da Universidade Federal do Cear\u00e1\",\"breadcrumb\":{\"@id\":\"http:\\\/\\\/blogs.multimeios.ufc.br\\\/fernandacarmo\\\/dissertacao-5-consideracoes-finais\\\/#breadcrumb\"},\"inLanguage\":\"pt-BR\",\"potentialAction\":[{\"@type\":\"ReadAction\",\"target\":[\"http:\\\/\\\/blogs.multimeios.ufc.br\\\/fernandacarmo\\\/dissertacao-5-consideracoes-finais\\\/\"]}]},{\"@type\":\"ImageObject\",\"inLanguage\":\"pt-BR\",\"@id\":\"http:\\\/\\\/blogs.multimeios.ufc.br\\\/fernandacarmo\\\/dissertacao-5-consideracoes-finais\\\/#primaryimage\",\"url\":\"https:\\\/\\\/blogs.multimeios.ufc.br\\\/fernandacarmo\\\/files\\\/2023\\\/01\\\/botao-para-a-esquerda.png\",\"contentUrl\":\"https:\\\/\\\/blogs.multimeios.ufc.br\\\/fernandacarmo\\\/files\\\/2023\\\/01\\\/botao-para-a-esquerda.png\",\"width\":512,\"height\":512},{\"@type\":\"BreadcrumbList\",\"@id\":\"http:\\\/\\\/blogs.multimeios.ufc.br\\\/fernandacarmo\\\/dissertacao-5-consideracoes-finais\\\/#breadcrumb\",\"itemListElement\":[{\"@type\":\"ListItem\",\"position\":1,\"name\":\"In\u00edcio\",\"item\":\"https:\\\/\\\/blogs.multimeios.ufc.br\\\/fernandacarmo\\\/\"},{\"@type\":\"ListItem\",\"position\":2,\"name\":\"5 CONSIDERA\u00c7\u00d5ES FINAIS\"}]},{\"@type\":\"WebSite\",\"@id\":\"https:\\\/\\\/blogs.multimeios.ufc.br\\\/fernandacarmo\\\/#website\",\"url\":\"https:\\\/\\\/blogs.multimeios.ufc.br\\\/fernandacarmo\\\/\",\"name\":\"Blog da Fernanda\",\"description\":\"\",\"potentialAction\":[{\"@type\":\"SearchAction\",\"target\":{\"@type\":\"EntryPoint\",\"urlTemplate\":\"https:\\\/\\\/blogs.multimeios.ufc.br\\\/fernandacarmo\\\/?s={search_term_string}\"},\"query-input\":{\"@type\":\"PropertyValueSpecification\",\"valueRequired\":true,\"valueName\":\"search_term_string\"}}],\"inLanguage\":\"pt-BR\"}]}<\/script>\n<!-- \/ Yoast SEO plugin. -->","yoast_head_json":{"title":"Blog da Fernanda - 5 CONSIDERA\u00c7\u00d5ES FINAIS","description":"Considera\u00e7\u00f5es finais da Disserta\u00e7\u00e3o de Mestrado de Fernanda - Laborat\u00f3rio MultiMeios da Universidade Federal do Cear\u00e1","robots":{"index":"index","follow":"follow","max-snippet":"max-snippet:-1","max-image-preview":"max-image-preview:large","max-video-preview":"max-video-preview:-1"},"canonical":"http:\/\/blogs.multimeios.ufc.br\/fernandacarmo\/dissertacao-5-consideracoes-finais\/","og_locale":"pt_BR","og_type":"article","og_title":"Blog da Fernanda - 5 CONSIDERA\u00c7\u00d5ES FINAIS","og_description":"Considera\u00e7\u00f5es finais da Disserta\u00e7\u00e3o de Mestrado de Fernanda - Laborat\u00f3rio MultiMeios da Universidade Federal do Cear\u00e1","og_url":"http:\/\/blogs.multimeios.ufc.br\/fernandacarmo\/dissertacao-5-consideracoes-finais\/","og_site_name":"Blog da Fernanda","article_modified_time":"2024-08-18T17:47:03+00:00","og_image":[{"url":"http:\/\/blogs.multimeios.ufc.br\/fernandacarmo\/files\/2023\/01\/botao-para-a-esquerda-300x300.png","type":"","width":"","height":""}],"twitter_card":"summary_large_image","twitter_misc":{"Est. tempo de leitura":"5 minutos"},"schema":{"@context":"https:\/\/schema.org","@graph":[{"@type":"WebPage","@id":"http:\/\/blogs.multimeios.ufc.br\/fernandacarmo\/dissertacao-5-consideracoes-finais\/","url":"http:\/\/blogs.multimeios.ufc.br\/fernandacarmo\/dissertacao-5-consideracoes-finais\/","name":"Blog da Fernanda - 5 CONSIDERA\u00c7\u00d5ES FINAIS","isPartOf":{"@id":"https:\/\/blogs.multimeios.ufc.br\/fernandacarmo\/#website"},"primaryImageOfPage":{"@id":"http:\/\/blogs.multimeios.ufc.br\/fernandacarmo\/dissertacao-5-consideracoes-finais\/#primaryimage"},"image":{"@id":"http:\/\/blogs.multimeios.ufc.br\/fernandacarmo\/dissertacao-5-consideracoes-finais\/#primaryimage"},"thumbnailUrl":"http:\/\/blogs.multimeios.ufc.br\/fernandacarmo\/files\/2023\/01\/botao-para-a-esquerda-300x300.png","datePublished":"2021-05-20T18:50:22+00:00","dateModified":"2024-08-18T17:47:03+00:00","description":"Considera\u00e7\u00f5es finais da Disserta\u00e7\u00e3o de Mestrado de Fernanda - Laborat\u00f3rio MultiMeios da Universidade Federal do Cear\u00e1","breadcrumb":{"@id":"http:\/\/blogs.multimeios.ufc.br\/fernandacarmo\/dissertacao-5-consideracoes-finais\/#breadcrumb"},"inLanguage":"pt-BR","potentialAction":[{"@type":"ReadAction","target":["http:\/\/blogs.multimeios.ufc.br\/fernandacarmo\/dissertacao-5-consideracoes-finais\/"]}]},{"@type":"ImageObject","inLanguage":"pt-BR","@id":"http:\/\/blogs.multimeios.ufc.br\/fernandacarmo\/dissertacao-5-consideracoes-finais\/#primaryimage","url":"https:\/\/blogs.multimeios.ufc.br\/fernandacarmo\/files\/2023\/01\/botao-para-a-esquerda.png","contentUrl":"https:\/\/blogs.multimeios.ufc.br\/fernandacarmo\/files\/2023\/01\/botao-para-a-esquerda.png","width":512,"height":512},{"@type":"BreadcrumbList","@id":"http:\/\/blogs.multimeios.ufc.br\/fernandacarmo\/dissertacao-5-consideracoes-finais\/#breadcrumb","itemListElement":[{"@type":"ListItem","position":1,"name":"In\u00edcio","item":"https:\/\/blogs.multimeios.ufc.br\/fernandacarmo\/"},{"@type":"ListItem","position":2,"name":"5 CONSIDERA\u00c7\u00d5ES FINAIS"}]},{"@type":"WebSite","@id":"https:\/\/blogs.multimeios.ufc.br\/fernandacarmo\/#website","url":"https:\/\/blogs.multimeios.ufc.br\/fernandacarmo\/","name":"Blog da Fernanda","description":"","potentialAction":[{"@type":"SearchAction","target":{"@type":"EntryPoint","urlTemplate":"https:\/\/blogs.multimeios.ufc.br\/fernandacarmo\/?s={search_term_string}"},"query-input":{"@type":"PropertyValueSpecification","valueRequired":true,"valueName":"search_term_string"}}],"inLanguage":"pt-BR"}]}},"_links":{"self":[{"href":"https:\/\/blogs.multimeios.ufc.br\/fernandacarmo\/wp-json\/wp\/v2\/pages\/818","targetHints":{"allow":["GET"]}}],"collection":[{"href":"https:\/\/blogs.multimeios.ufc.br\/fernandacarmo\/wp-json\/wp\/v2\/pages"}],"about":[{"href":"https:\/\/blogs.multimeios.ufc.br\/fernandacarmo\/wp-json\/wp\/v2\/types\/page"}],"author":[{"embeddable":true,"href":"https:\/\/blogs.multimeios.ufc.br\/fernandacarmo\/wp-json\/wp\/v2\/users\/23"}],"replies":[{"embeddable":true,"href":"https:\/\/blogs.multimeios.ufc.br\/fernandacarmo\/wp-json\/wp\/v2\/comments?post=818"}],"version-history":[{"count":31,"href":"https:\/\/blogs.multimeios.ufc.br\/fernandacarmo\/wp-json\/wp\/v2\/pages\/818\/revisions"}],"predecessor-version":[{"id":5334,"href":"https:\/\/blogs.multimeios.ufc.br\/fernandacarmo\/wp-json\/wp\/v2\/pages\/818\/revisions\/5334"}],"wp:attachment":[{"href":"https:\/\/blogs.multimeios.ufc.br\/fernandacarmo\/wp-json\/wp\/v2\/media?parent=818"}],"curies":[{"name":"wp","href":"https:\/\/api.w.org\/{rel}","templated":true}]}}