{"id":19,"date":"2021-02-17T16:08:20","date_gmt":"2021-02-17T19:08:20","guid":{"rendered":"http:\/\/blogs.multimeios.ufc.br\/gabrielleandrade\/?page_id=19"},"modified":"2026-03-26T11:38:13","modified_gmt":"2026-03-26T14:38:13","slug":"apresentacao","status":"publish","type":"page","link":"https:\/\/blogs.multimeios.ufc.br\/gabrielleandrade\/apresentacao\/","title":{"rendered":"Apresenta\u00e7\u00e3o"},"content":{"rendered":"<div class=\"wp-block-image\">\n<figure class=\"alignleft size-large is-resized\"><img fetchpriority=\"high\" decoding=\"async\" width=\"875\" height=\"1024\" src=\"https:\/\/blogs.multimeios.ufc.br\/gabrielleandrade\/files\/2026\/02\/Foto-apresentacao-875x1024.jpg\" alt=\"\" class=\"wp-image-573\" style=\"aspect-ratio:0.8545468910484317;width:189px;height:auto\" srcset=\"https:\/\/blogs.multimeios.ufc.br\/gabrielleandrade\/files\/2026\/02\/Foto-apresentacao-875x1024.jpg 875w, https:\/\/blogs.multimeios.ufc.br\/gabrielleandrade\/files\/2026\/02\/Foto-apresentacao-256x300.jpg 256w, https:\/\/blogs.multimeios.ufc.br\/gabrielleandrade\/files\/2026\/02\/Foto-apresentacao-768x899.jpg 768w, https:\/\/blogs.multimeios.ufc.br\/gabrielleandrade\/files\/2026\/02\/Foto-apresentacao-1312x1536.jpg 1312w, https:\/\/blogs.multimeios.ufc.br\/gabrielleandrade\/files\/2026\/02\/Foto-apresentacao-1750x2048.jpg 1750w\" sizes=\"(max-width: 875px) 100vw, 875px\" \/><\/figure>\n<\/div>\n\n\n<p class=\"has-text-align-left\">Ol\u00e1! Sou Gabrielle Andrade Pereira, licenciada em Matem\u00e1tica pela Universidade Estadual do Cear\u00e1 (UECE), especialista em Educa\u00e7\u00e3o Matem\u00e1tica pela UNOPAR e em Matem\u00e1tica, suas tecnologias e o mundo do trabalho pela Universidade Federal do Piau\u00ed (UFPI). Mestra e doutoranda em Educa\u00e7\u00e3o pela Universidade Federal do Cear\u00e1 (UFC). Integrante do <a href=\"http:\/\/blogs.multimeios.ufc.br\/gabrielleandrade\/laboratorio-de-pesquisa-multimeios\/\" target=\"_blank\" rel=\"noreferrer noopener\">Laborat\u00f3rio de Pesquisa MultiMeios<\/a> &#8211; UFC e desenvolvo pesquisas nos seguintes temas: Educa\u00e7\u00e3o Matem\u00e1tica; Sequ\u00eancia Fedathi; Forma\u00e7\u00e3o de Professores, Tecnologias digitais e Educa\u00e7\u00e3o Online. <br><br>Contato: gabrielle@multimeios.ufc.br | <a href=\"http:\/\/lattes.cnpq.br\/8904607243235980\" target=\"_blank\" rel=\"noreferrer noopener\">Curr\u00edculo lattes<\/a>.<\/p>\n","protected":false},"excerpt":{"rendered":"<p>Ol\u00e1! Sou Gabrielle Andrade Pereira, licenciada em Matem\u00e1tica pela Universidade Estadual do Cear\u00e1 (UECE), especialista em Educa\u00e7\u00e3o Matem\u00e1tica pela UNOPAR e em Matem\u00e1tica, suas tecnologias e o mundo do trabalho pela Universidade Federal do Piau\u00ed (UFPI). Mestra e doutoranda em &hellip; <a href=\"https:\/\/blogs.multimeios.ufc.br\/gabrielleandrade\/apresentacao\/\">Continue lendo <span class=\"meta-nav\">&rarr;<\/span><\/a><\/p>\n","protected":false},"author":27,"featured_media":0,"parent":0,"menu_order":0,"comment_status":"closed","ping_status":"closed","template":"","meta":{"footnotes":""},"class_list":["post-19","page","type-page","status-publish","hentry"],"yoast_head":"<!-- This site is optimized with the Yoast SEO plugin v27.4 - https:\/\/yoast.com\/product\/yoast-seo-wordpress\/ -->\n<title>Apresenta\u00e7\u00e3o - Nicho acad\u00eamico - Gabrielle Andrade Pereira<\/title>\n<meta name=\"robots\" content=\"index, follow, max-snippet:-1, max-image-preview:large, max-video-preview:-1\" \/>\n<link rel=\"canonical\" href=\"https:\/\/blogs.multimeios.ufc.br\/gabrielleandrade\/apresentacao\/\" \/>\n<meta property=\"og:locale\" content=\"pt_BR\" \/>\n<meta property=\"og:type\" content=\"article\" \/>\n<meta property=\"og:title\" content=\"Apresenta\u00e7\u00e3o - Nicho acad\u00eamico - Gabrielle Andrade Pereira\" \/>\n<meta property=\"og:description\" content=\"Ol\u00e1! Sou Gabrielle Andrade Pereira, licenciada em Matem\u00e1tica pela Universidade Estadual do Cear\u00e1 (UECE), especialista em Educa\u00e7\u00e3o Matem\u00e1tica pela UNOPAR e em Matem\u00e1tica, suas tecnologias e o mundo do trabalho pela Universidade Federal do Piau\u00ed (UFPI). Mestra e doutoranda em &hellip; Continue lendo &rarr;\" \/>\n<meta property=\"og:url\" content=\"https:\/\/blogs.multimeios.ufc.br\/gabrielleandrade\/apresentacao\/\" \/>\n<meta property=\"og:site_name\" content=\"Nicho acad\u00eamico - Gabrielle Andrade Pereira\" \/>\n<meta property=\"article:modified_time\" content=\"2026-03-26T14:38:13+00:00\" \/>\n<meta property=\"og:image\" content=\"https:\/\/blogs.multimeios.ufc.br\/gabrielleandrade\/files\/2026\/02\/Foto-apresentacao-scaled.jpg\" \/>\n\t<meta property=\"og:image:width\" content=\"2187\" \/>\n\t<meta property=\"og:image:height\" content=\"2560\" \/>\n\t<meta property=\"og:image:type\" content=\"image\/jpeg\" \/>\n<meta name=\"twitter:card\" content=\"summary_large_image\" \/>\n<meta name=\"twitter:label1\" content=\"Est. tempo de leitura\" \/>\n\t<meta name=\"twitter:data1\" content=\"1 minuto\" \/>\n<script type=\"application\/ld+json\" class=\"yoast-schema-graph\">{\"@context\":\"https:\\\/\\\/schema.org\",\"@graph\":[{\"@type\":\"WebPage\",\"@id\":\"https:\\\/\\\/blogs.multimeios.ufc.br\\\/gabrielleandrade\\\/apresentacao\\\/\",\"url\":\"https:\\\/\\\/blogs.multimeios.ufc.br\\\/gabrielleandrade\\\/apresentacao\\\/\",\"name\":\"Apresenta\u00e7\u00e3o - Nicho acad\u00eamico - Gabrielle Andrade Pereira\",\"isPartOf\":{\"@id\":\"https:\\\/\\\/blogs.multimeios.ufc.br\\\/gabrielleandrade\\\/#website\"},\"primaryImageOfPage\":{\"@id\":\"https:\\\/\\\/blogs.multimeios.ufc.br\\\/gabrielleandrade\\\/apresentacao\\\/#primaryimage\"},\"image\":{\"@id\":\"https:\\\/\\\/blogs.multimeios.ufc.br\\\/gabrielleandrade\\\/apresentacao\\\/#primaryimage\"},\"thumbnailUrl\":\"https:\\\/\\\/blogs.multimeios.ufc.br\\\/gabrielleandrade\\\/files\\\/2026\\\/02\\\/Foto-apresentacao-875x1024.jpg\",\"datePublished\":\"2021-02-17T19:08:20+00:00\",\"dateModified\":\"2026-03-26T14:38:13+00:00\",\"breadcrumb\":{\"@id\":\"https:\\\/\\\/blogs.multimeios.ufc.br\\\/gabrielleandrade\\\/apresentacao\\\/#breadcrumb\"},\"inLanguage\":\"pt-BR\",\"potentialAction\":[{\"@type\":\"ReadAction\",\"target\":[\"https:\\\/\\\/blogs.multimeios.ufc.br\\\/gabrielleandrade\\\/apresentacao\\\/\"]}]},{\"@type\":\"ImageObject\",\"inLanguage\":\"pt-BR\",\"@id\":\"https:\\\/\\\/blogs.multimeios.ufc.br\\\/gabrielleandrade\\\/apresentacao\\\/#primaryimage\",\"url\":\"https:\\\/\\\/blogs.multimeios.ufc.br\\\/gabrielleandrade\\\/files\\\/2026\\\/02\\\/Foto-apresentacao-scaled.jpg\",\"contentUrl\":\"https:\\\/\\\/blogs.multimeios.ufc.br\\\/gabrielleandrade\\\/files\\\/2026\\\/02\\\/Foto-apresentacao-scaled.jpg\",\"width\":2187,\"height\":2560},{\"@type\":\"BreadcrumbList\",\"@id\":\"https:\\\/\\\/blogs.multimeios.ufc.br\\\/gabrielleandrade\\\/apresentacao\\\/#breadcrumb\",\"itemListElement\":[{\"@type\":\"ListItem\",\"position\":1,\"name\":\"In\u00edcio\",\"item\":\"https:\\\/\\\/blogs.multimeios.ufc.br\\\/gabrielleandrade\\\/\"},{\"@type\":\"ListItem\",\"position\":2,\"name\":\"Apresenta\u00e7\u00e3o\"}]},{\"@type\":\"WebSite\",\"@id\":\"https:\\\/\\\/blogs.multimeios.ufc.br\\\/gabrielleandrade\\\/#website\",\"url\":\"https:\\\/\\\/blogs.multimeios.ufc.br\\\/gabrielleandrade\\\/\",\"name\":\"Nicho acad\u00eamico - Gabrielle Andrade Pereira\",\"description\":\"\",\"potentialAction\":[{\"@type\":\"SearchAction\",\"target\":{\"@type\":\"EntryPoint\",\"urlTemplate\":\"https:\\\/\\\/blogs.multimeios.ufc.br\\\/gabrielleandrade\\\/?s={search_term_string}\"},\"query-input\":{\"@type\":\"PropertyValueSpecification\",\"valueRequired\":true,\"valueName\":\"search_term_string\"}}],\"inLanguage\":\"pt-BR\"}]}<\/script>\n<!-- \/ Yoast SEO plugin. -->","yoast_head_json":{"title":"Apresenta\u00e7\u00e3o - Nicho acad\u00eamico - Gabrielle Andrade Pereira","robots":{"index":"index","follow":"follow","max-snippet":"max-snippet:-1","max-image-preview":"max-image-preview:large","max-video-preview":"max-video-preview:-1"},"canonical":"https:\/\/blogs.multimeios.ufc.br\/gabrielleandrade\/apresentacao\/","og_locale":"pt_BR","og_type":"article","og_title":"Apresenta\u00e7\u00e3o - Nicho acad\u00eamico - Gabrielle Andrade Pereira","og_description":"Ol\u00e1! Sou Gabrielle Andrade Pereira, licenciada em Matem\u00e1tica pela Universidade Estadual do Cear\u00e1 (UECE), especialista em Educa\u00e7\u00e3o Matem\u00e1tica pela UNOPAR e em Matem\u00e1tica, suas tecnologias e o mundo do trabalho pela Universidade Federal do Piau\u00ed (UFPI). Mestra e doutoranda em &hellip; Continue lendo &rarr;","og_url":"https:\/\/blogs.multimeios.ufc.br\/gabrielleandrade\/apresentacao\/","og_site_name":"Nicho acad\u00eamico - Gabrielle Andrade Pereira","article_modified_time":"2026-03-26T14:38:13+00:00","og_image":[{"width":2187,"height":2560,"url":"https:\/\/blogs.multimeios.ufc.br\/gabrielleandrade\/files\/2026\/02\/Foto-apresentacao-scaled.jpg","type":"image\/jpeg"}],"twitter_card":"summary_large_image","twitter_misc":{"Est. tempo de leitura":"1 minuto"},"schema":{"@context":"https:\/\/schema.org","@graph":[{"@type":"WebPage","@id":"https:\/\/blogs.multimeios.ufc.br\/gabrielleandrade\/apresentacao\/","url":"https:\/\/blogs.multimeios.ufc.br\/gabrielleandrade\/apresentacao\/","name":"Apresenta\u00e7\u00e3o - Nicho acad\u00eamico - Gabrielle Andrade Pereira","isPartOf":{"@id":"https:\/\/blogs.multimeios.ufc.br\/gabrielleandrade\/#website"},"primaryImageOfPage":{"@id":"https:\/\/blogs.multimeios.ufc.br\/gabrielleandrade\/apresentacao\/#primaryimage"},"image":{"@id":"https:\/\/blogs.multimeios.ufc.br\/gabrielleandrade\/apresentacao\/#primaryimage"},"thumbnailUrl":"https:\/\/blogs.multimeios.ufc.br\/gabrielleandrade\/files\/2026\/02\/Foto-apresentacao-875x1024.jpg","datePublished":"2021-02-17T19:08:20+00:00","dateModified":"2026-03-26T14:38:13+00:00","breadcrumb":{"@id":"https:\/\/blogs.multimeios.ufc.br\/gabrielleandrade\/apresentacao\/#breadcrumb"},"inLanguage":"pt-BR","potentialAction":[{"@type":"ReadAction","target":["https:\/\/blogs.multimeios.ufc.br\/gabrielleandrade\/apresentacao\/"]}]},{"@type":"ImageObject","inLanguage":"pt-BR","@id":"https:\/\/blogs.multimeios.ufc.br\/gabrielleandrade\/apresentacao\/#primaryimage","url":"https:\/\/blogs.multimeios.ufc.br\/gabrielleandrade\/files\/2026\/02\/Foto-apresentacao-scaled.jpg","contentUrl":"https:\/\/blogs.multimeios.ufc.br\/gabrielleandrade\/files\/2026\/02\/Foto-apresentacao-scaled.jpg","width":2187,"height":2560},{"@type":"BreadcrumbList","@id":"https:\/\/blogs.multimeios.ufc.br\/gabrielleandrade\/apresentacao\/#breadcrumb","itemListElement":[{"@type":"ListItem","position":1,"name":"In\u00edcio","item":"https:\/\/blogs.multimeios.ufc.br\/gabrielleandrade\/"},{"@type":"ListItem","position":2,"name":"Apresenta\u00e7\u00e3o"}]},{"@type":"WebSite","@id":"https:\/\/blogs.multimeios.ufc.br\/gabrielleandrade\/#website","url":"https:\/\/blogs.multimeios.ufc.br\/gabrielleandrade\/","name":"Nicho acad\u00eamico - Gabrielle Andrade Pereira","description":"","potentialAction":[{"@type":"SearchAction","target":{"@type":"EntryPoint","urlTemplate":"https:\/\/blogs.multimeios.ufc.br\/gabrielleandrade\/?s={search_term_string}"},"query-input":{"@type":"PropertyValueSpecification","valueRequired":true,"valueName":"search_term_string"}}],"inLanguage":"pt-BR"}]}},"_links":{"self":[{"href":"https:\/\/blogs.multimeios.ufc.br\/gabrielleandrade\/wp-json\/wp\/v2\/pages\/19","targetHints":{"allow":["GET"]}}],"collection":[{"href":"https:\/\/blogs.multimeios.ufc.br\/gabrielleandrade\/wp-json\/wp\/v2\/pages"}],"about":[{"href":"https:\/\/blogs.multimeios.ufc.br\/gabrielleandrade\/wp-json\/wp\/v2\/types\/page"}],"author":[{"embeddable":true,"href":"https:\/\/blogs.multimeios.ufc.br\/gabrielleandrade\/wp-json\/wp\/v2\/users\/27"}],"replies":[{"embeddable":true,"href":"https:\/\/blogs.multimeios.ufc.br\/gabrielleandrade\/wp-json\/wp\/v2\/comments?post=19"}],"version-history":[{"count":68,"href":"https:\/\/blogs.multimeios.ufc.br\/gabrielleandrade\/wp-json\/wp\/v2\/pages\/19\/revisions"}],"predecessor-version":[{"id":665,"href":"https:\/\/blogs.multimeios.ufc.br\/gabrielleandrade\/wp-json\/wp\/v2\/pages\/19\/revisions\/665"}],"wp:attachment":[{"href":"https:\/\/blogs.multimeios.ufc.br\/gabrielleandrade\/wp-json\/wp\/v2\/media?parent=19"}],"curies":[{"name":"wp","href":"https:\/\/api.w.org\/{rel}","templated":true}]}}