{"id":412,"date":"2025-01-19T16:41:17","date_gmt":"2025-01-19T19:41:17","guid":{"rendered":"http:\/\/blogs.multimeios.ufc.br\/gabrielleandrade\/?page_id=412"},"modified":"2026-02-21T18:09:54","modified_gmt":"2026-02-21T21:09:54","slug":"inicio","status":"publish","type":"page","link":"https:\/\/blogs.multimeios.ufc.br\/gabrielleandrade\/","title":{"rendered":"In\u00edcio"},"content":{"rendered":"<div class=\"wp-block-image\">\n<figure class=\"alignleft is-resized\"><img fetchpriority=\"high\" decoding=\"async\" width=\"1024\" height=\"1536\" src=\"http:\/\/blogs.multimeios.ufc.br\/gabrielleandrade\/files\/2026\/02\/WhatsApp-Image-2026-02-10-at-18.16.13.jpeg\" alt=\"\" class=\"wp-image-551\" style=\"aspect-ratio:0.6666613071790337;width:187px;height:auto\" srcset=\"https:\/\/blogs.multimeios.ufc.br\/gabrielleandrade\/files\/2026\/02\/WhatsApp-Image-2026-02-10-at-18.16.13.jpeg 1024w, https:\/\/blogs.multimeios.ufc.br\/gabrielleandrade\/files\/2026\/02\/WhatsApp-Image-2026-02-10-at-18.16.13-200x300.jpeg 200w, https:\/\/blogs.multimeios.ufc.br\/gabrielleandrade\/files\/2026\/02\/WhatsApp-Image-2026-02-10-at-18.16.13-683x1024.jpeg 683w, https:\/\/blogs.multimeios.ufc.br\/gabrielleandrade\/files\/2026\/02\/WhatsApp-Image-2026-02-10-at-18.16.13-768x1152.jpeg 768w\" sizes=\"(max-width: 1024px) 100vw, 1024px\" \/><figcaption class=\"wp-element-caption\"><em><sub><sup>Imagem gerada por IA<\/sup><\/sub><\/em><\/figcaption><\/figure>\n<\/div>\n\n\n<div class=\"wp-block-group is-nowrap is-layout-flex wp-container-core-group-is-layout-ad2f72ca wp-block-group-is-layout-flex\">\n<p class=\"has-text-align-left\"><strong>Ol\u00e1! Tudo bem? Seja bem-vindo! ;D <\/strong><br><br>Este blog tem por objetivo compartilhar as\u00a0<a href=\"https:\/\/blogs.multimeios.ufc.br\/gabrielleandrade\/publicacoes\/\" target=\"_blank\" rel=\"noreferrer noopener\">produ\u00e7\u00f5es<\/a>\u00a0acad\u00eamicas desenvolvidas ao longo da minha trajet\u00f3ria como aluna, professora e pesquisadora.\u00a0<br>De modo geral, voc\u00ea encontrar\u00e1 estudos e investiga\u00e7\u00f5es que tratam de Educa\u00e7\u00e3o Matem\u00e1tica, e de modo mais espec\u00edfico, da metodologia Sequ\u00eancia Fedathi.<br><br>Compreendendo a import\u00e2ncia da divulga\u00e7\u00e3o cient\u00edfica, espero poder contribuir com reflex\u00f5es e constru\u00e7\u00e3o de conhecimentos de professores, alunos e pesquisadores que se interessam pelas tem\u00e1ticas aqui abordadas. <br><br>Fique \u00e0 vontade para explorar as pr\u00f3ximas abas e acompanhar as\u00a0<a href=\"http:\/\/blogs.multimeios.ufc.br\/gabrielleandrade\/category\/noticias\/\" target=\"_blank\" rel=\"noreferrer noopener\">not\u00edcias<\/a>\u00a0publicadas.<\/p>\n<\/div>\n\n\n\n<p class=\"has-text-align-right\">Obrigada pela visita!<br>\u2014 <a href=\"http:\/\/blogs.multimeios.ufc.br\/gabrielleandrade\/apresentacao\/\" target=\"_blank\" rel=\"noreferrer noopener\">Gabrielle Andrade<\/a>&nbsp;<\/p>\n","protected":false},"excerpt":{"rendered":"<p>Ol\u00e1! Tudo bem? Seja bem-vindo! ;D Este blog tem por objetivo compartilhar as\u00a0produ\u00e7\u00f5es\u00a0acad\u00eamicas desenvolvidas ao longo da minha trajet\u00f3ria como aluna, professora e pesquisadora.\u00a0De modo geral, voc\u00ea encontrar\u00e1 estudos e investiga\u00e7\u00f5es que tratam de Educa\u00e7\u00e3o Matem\u00e1tica, e de modo mais &hellip; <a href=\"https:\/\/blogs.multimeios.ufc.br\/gabrielleandrade\/\">Continue lendo <span class=\"meta-nav\">&rarr;<\/span><\/a><\/p>\n","protected":false},"author":27,"featured_media":0,"parent":0,"menu_order":0,"comment_status":"closed","ping_status":"closed","template":"","meta":{"footnotes":""},"class_list":["post-412","page","type-page","status-publish","hentry"],"yoast_head":"<!-- This site is optimized with the Yoast SEO plugin v27.4 - https:\/\/yoast.com\/product\/yoast-seo-wordpress\/ -->\n<title>In\u00edcio - Nicho acad\u00eamico - Gabrielle Andrade Pereira<\/title>\n<meta name=\"robots\" content=\"index, follow, max-snippet:-1, max-image-preview:large, max-video-preview:-1\" \/>\n<link rel=\"canonical\" href=\"https:\/\/blogs.multimeios.ufc.br\/gabrielleandrade\/\" \/>\n<meta property=\"og:locale\" content=\"pt_BR\" \/>\n<meta property=\"og:type\" content=\"article\" \/>\n<meta property=\"og:title\" content=\"In\u00edcio - Nicho acad\u00eamico - Gabrielle Andrade Pereira\" \/>\n<meta property=\"og:description\" content=\"Ol\u00e1! Tudo bem? Seja bem-vindo! ;D Este blog tem por objetivo compartilhar as\u00a0produ\u00e7\u00f5es\u00a0acad\u00eamicas desenvolvidas ao longo da minha trajet\u00f3ria como aluna, professora e pesquisadora.\u00a0De modo geral, voc\u00ea encontrar\u00e1 estudos e investiga\u00e7\u00f5es que tratam de Educa\u00e7\u00e3o Matem\u00e1tica, e de modo mais &hellip; Continue lendo &rarr;\" \/>\n<meta property=\"og:url\" content=\"https:\/\/blogs.multimeios.ufc.br\/gabrielleandrade\/\" \/>\n<meta property=\"og:site_name\" content=\"Nicho acad\u00eamico - Gabrielle Andrade Pereira\" \/>\n<meta property=\"article:modified_time\" content=\"2026-02-21T21:09:54+00:00\" \/>\n<meta property=\"og:image\" content=\"https:\/\/blogs.multimeios.ufc.br\/gabrielleandrade\/files\/2026\/02\/WhatsApp-Image-2026-02-10-at-18.16.13.jpeg\" \/>\n\t<meta property=\"og:image:width\" content=\"1024\" \/>\n\t<meta property=\"og:image:height\" content=\"1536\" \/>\n\t<meta property=\"og:image:type\" content=\"image\/jpeg\" \/>\n<meta name=\"twitter:card\" content=\"summary_large_image\" \/>\n<meta name=\"twitter:label1\" content=\"Est. tempo de leitura\" \/>\n\t<meta name=\"twitter:data1\" content=\"1 minuto\" \/>\n<script type=\"application\/ld+json\" class=\"yoast-schema-graph\">{\"@context\":\"https:\\\/\\\/schema.org\",\"@graph\":[{\"@type\":\"WebPage\",\"@id\":\"https:\\\/\\\/blogs.multimeios.ufc.br\\\/gabrielleandrade\\\/\",\"url\":\"https:\\\/\\\/blogs.multimeios.ufc.br\\\/gabrielleandrade\\\/\",\"name\":\"In\u00edcio - Nicho acad\u00eamico - Gabrielle Andrade Pereira\",\"isPartOf\":{\"@id\":\"https:\\\/\\\/blogs.multimeios.ufc.br\\\/gabrielleandrade\\\/#website\"},\"primaryImageOfPage\":{\"@id\":\"https:\\\/\\\/blogs.multimeios.ufc.br\\\/gabrielleandrade\\\/#primaryimage\"},\"image\":{\"@id\":\"https:\\\/\\\/blogs.multimeios.ufc.br\\\/gabrielleandrade\\\/#primaryimage\"},\"thumbnailUrl\":\"http:\\\/\\\/blogs.multimeios.ufc.br\\\/gabrielleandrade\\\/files\\\/2026\\\/02\\\/WhatsApp-Image-2026-02-10-at-18.16.13.jpeg\",\"datePublished\":\"2025-01-19T19:41:17+00:00\",\"dateModified\":\"2026-02-21T21:09:54+00:00\",\"breadcrumb\":{\"@id\":\"https:\\\/\\\/blogs.multimeios.ufc.br\\\/gabrielleandrade\\\/#breadcrumb\"},\"inLanguage\":\"pt-BR\",\"potentialAction\":[{\"@type\":\"ReadAction\",\"target\":[\"https:\\\/\\\/blogs.multimeios.ufc.br\\\/gabrielleandrade\\\/\"]}]},{\"@type\":\"ImageObject\",\"inLanguage\":\"pt-BR\",\"@id\":\"https:\\\/\\\/blogs.multimeios.ufc.br\\\/gabrielleandrade\\\/#primaryimage\",\"url\":\"https:\\\/\\\/blogs.multimeios.ufc.br\\\/gabrielleandrade\\\/files\\\/2026\\\/02\\\/WhatsApp-Image-2026-02-10-at-18.16.13.jpeg\",\"contentUrl\":\"https:\\\/\\\/blogs.multimeios.ufc.br\\\/gabrielleandrade\\\/files\\\/2026\\\/02\\\/WhatsApp-Image-2026-02-10-at-18.16.13.jpeg\",\"width\":1024,\"height\":1536},{\"@type\":\"BreadcrumbList\",\"@id\":\"https:\\\/\\\/blogs.multimeios.ufc.br\\\/gabrielleandrade\\\/#breadcrumb\",\"itemListElement\":[{\"@type\":\"ListItem\",\"position\":1,\"name\":\"In\u00edcio\",\"item\":\"https:\\\/\\\/blogs.multimeios.ufc.br\\\/gabrielleandrade\\\/\"},{\"@type\":\"ListItem\",\"position\":2,\"name\":\"In\u00edcio\"}]},{\"@type\":\"WebSite\",\"@id\":\"https:\\\/\\\/blogs.multimeios.ufc.br\\\/gabrielleandrade\\\/#website\",\"url\":\"https:\\\/\\\/blogs.multimeios.ufc.br\\\/gabrielleandrade\\\/\",\"name\":\"Nicho acad\u00eamico - Gabrielle Andrade Pereira\",\"description\":\"\",\"potentialAction\":[{\"@type\":\"SearchAction\",\"target\":{\"@type\":\"EntryPoint\",\"urlTemplate\":\"https:\\\/\\\/blogs.multimeios.ufc.br\\\/gabrielleandrade\\\/?s={search_term_string}\"},\"query-input\":{\"@type\":\"PropertyValueSpecification\",\"valueRequired\":true,\"valueName\":\"search_term_string\"}}],\"inLanguage\":\"pt-BR\"}]}<\/script>\n<!-- \/ Yoast SEO plugin. -->","yoast_head_json":{"title":"In\u00edcio - Nicho acad\u00eamico - Gabrielle Andrade Pereira","robots":{"index":"index","follow":"follow","max-snippet":"max-snippet:-1","max-image-preview":"max-image-preview:large","max-video-preview":"max-video-preview:-1"},"canonical":"https:\/\/blogs.multimeios.ufc.br\/gabrielleandrade\/","og_locale":"pt_BR","og_type":"article","og_title":"In\u00edcio - Nicho acad\u00eamico - Gabrielle Andrade Pereira","og_description":"Ol\u00e1! Tudo bem? Seja bem-vindo! ;D Este blog tem por objetivo compartilhar as\u00a0produ\u00e7\u00f5es\u00a0acad\u00eamicas desenvolvidas ao longo da minha trajet\u00f3ria como aluna, professora e pesquisadora.\u00a0De modo geral, voc\u00ea encontrar\u00e1 estudos e investiga\u00e7\u00f5es que tratam de Educa\u00e7\u00e3o Matem\u00e1tica, e de modo mais &hellip; Continue lendo &rarr;","og_url":"https:\/\/blogs.multimeios.ufc.br\/gabrielleandrade\/","og_site_name":"Nicho acad\u00eamico - Gabrielle Andrade Pereira","article_modified_time":"2026-02-21T21:09:54+00:00","og_image":[{"width":1024,"height":1536,"url":"https:\/\/blogs.multimeios.ufc.br\/gabrielleandrade\/files\/2026\/02\/WhatsApp-Image-2026-02-10-at-18.16.13.jpeg","type":"image\/jpeg"}],"twitter_card":"summary_large_image","twitter_misc":{"Est. tempo de leitura":"1 minuto"},"schema":{"@context":"https:\/\/schema.org","@graph":[{"@type":"WebPage","@id":"https:\/\/blogs.multimeios.ufc.br\/gabrielleandrade\/","url":"https:\/\/blogs.multimeios.ufc.br\/gabrielleandrade\/","name":"In\u00edcio - Nicho acad\u00eamico - Gabrielle Andrade Pereira","isPartOf":{"@id":"https:\/\/blogs.multimeios.ufc.br\/gabrielleandrade\/#website"},"primaryImageOfPage":{"@id":"https:\/\/blogs.multimeios.ufc.br\/gabrielleandrade\/#primaryimage"},"image":{"@id":"https:\/\/blogs.multimeios.ufc.br\/gabrielleandrade\/#primaryimage"},"thumbnailUrl":"http:\/\/blogs.multimeios.ufc.br\/gabrielleandrade\/files\/2026\/02\/WhatsApp-Image-2026-02-10-at-18.16.13.jpeg","datePublished":"2025-01-19T19:41:17+00:00","dateModified":"2026-02-21T21:09:54+00:00","breadcrumb":{"@id":"https:\/\/blogs.multimeios.ufc.br\/gabrielleandrade\/#breadcrumb"},"inLanguage":"pt-BR","potentialAction":[{"@type":"ReadAction","target":["https:\/\/blogs.multimeios.ufc.br\/gabrielleandrade\/"]}]},{"@type":"ImageObject","inLanguage":"pt-BR","@id":"https:\/\/blogs.multimeios.ufc.br\/gabrielleandrade\/#primaryimage","url":"https:\/\/blogs.multimeios.ufc.br\/gabrielleandrade\/files\/2026\/02\/WhatsApp-Image-2026-02-10-at-18.16.13.jpeg","contentUrl":"https:\/\/blogs.multimeios.ufc.br\/gabrielleandrade\/files\/2026\/02\/WhatsApp-Image-2026-02-10-at-18.16.13.jpeg","width":1024,"height":1536},{"@type":"BreadcrumbList","@id":"https:\/\/blogs.multimeios.ufc.br\/gabrielleandrade\/#breadcrumb","itemListElement":[{"@type":"ListItem","position":1,"name":"In\u00edcio","item":"https:\/\/blogs.multimeios.ufc.br\/gabrielleandrade\/"},{"@type":"ListItem","position":2,"name":"In\u00edcio"}]},{"@type":"WebSite","@id":"https:\/\/blogs.multimeios.ufc.br\/gabrielleandrade\/#website","url":"https:\/\/blogs.multimeios.ufc.br\/gabrielleandrade\/","name":"Nicho acad\u00eamico - Gabrielle Andrade Pereira","description":"","potentialAction":[{"@type":"SearchAction","target":{"@type":"EntryPoint","urlTemplate":"https:\/\/blogs.multimeios.ufc.br\/gabrielleandrade\/?s={search_term_string}"},"query-input":{"@type":"PropertyValueSpecification","valueRequired":true,"valueName":"search_term_string"}}],"inLanguage":"pt-BR"}]}},"_links":{"self":[{"href":"https:\/\/blogs.multimeios.ufc.br\/gabrielleandrade\/wp-json\/wp\/v2\/pages\/412","targetHints":{"allow":["GET"]}}],"collection":[{"href":"https:\/\/blogs.multimeios.ufc.br\/gabrielleandrade\/wp-json\/wp\/v2\/pages"}],"about":[{"href":"https:\/\/blogs.multimeios.ufc.br\/gabrielleandrade\/wp-json\/wp\/v2\/types\/page"}],"author":[{"embeddable":true,"href":"https:\/\/blogs.multimeios.ufc.br\/gabrielleandrade\/wp-json\/wp\/v2\/users\/27"}],"replies":[{"embeddable":true,"href":"https:\/\/blogs.multimeios.ufc.br\/gabrielleandrade\/wp-json\/wp\/v2\/comments?post=412"}],"version-history":[{"count":102,"href":"https:\/\/blogs.multimeios.ufc.br\/gabrielleandrade\/wp-json\/wp\/v2\/pages\/412\/revisions"}],"predecessor-version":[{"id":656,"href":"https:\/\/blogs.multimeios.ufc.br\/gabrielleandrade\/wp-json\/wp\/v2\/pages\/412\/revisions\/656"}],"wp:attachment":[{"href":"https:\/\/blogs.multimeios.ufc.br\/gabrielleandrade\/wp-json\/wp\/v2\/media?parent=412"}],"curies":[{"name":"wp","href":"https:\/\/api.w.org\/{rel}","templated":true}]}}