{"id":66,"date":"2021-05-19T18:25:30","date_gmt":"2021-05-19T21:25:30","guid":{"rendered":"http:\/\/blogs.multimeios.ufc.br\/gabrielleandrade\/?page_id=66"},"modified":"2025-06-30T10:44:15","modified_gmt":"2025-06-30T13:44:15","slug":"laboratorio-de-pesquisa-multimeios","status":"publish","type":"page","link":"https:\/\/blogs.multimeios.ufc.br\/gabrielleandrade\/laboratorio-de-pesquisa-multimeios\/","title":{"rendered":"Laborat\u00f3rio de Pesquisa Multimeios"},"content":{"rendered":"\n<figure class=\"wp-block-image size-large\"><img fetchpriority=\"high\" decoding=\"async\" width=\"1024\" height=\"576\" src=\"http:\/\/blogs.multimeios.ufc.br\/gabrielleandrade\/files\/2023\/06\/herminiobn-1024x576.png\" alt=\"\" class=\"wp-image-291\" srcset=\"https:\/\/blogs.multimeios.ufc.br\/gabrielleandrade\/files\/2023\/06\/herminiobn-1024x576.png 1024w, https:\/\/blogs.multimeios.ufc.br\/gabrielleandrade\/files\/2023\/06\/herminiobn-300x169.png 300w, https:\/\/blogs.multimeios.ufc.br\/gabrielleandrade\/files\/2023\/06\/herminiobn-768x432.png 768w, https:\/\/blogs.multimeios.ufc.br\/gabrielleandrade\/files\/2023\/06\/herminiobn-1536x864.png 1536w, https:\/\/blogs.multimeios.ufc.br\/gabrielleandrade\/files\/2023\/06\/herminiobn-730x411.png 730w, https:\/\/blogs.multimeios.ufc.br\/gabrielleandrade\/files\/2023\/06\/herminiobn.png 1920w\" sizes=\"(max-width: 1024px) 100vw, 1024px\" \/><\/figure>\n\n\n\n<p class=\"has-text-align-center\"><em><sub>Arte por: Roberto da Rocha Miranda<\/sub><\/em><\/p>\n\n\n\n<p>Segue abaixo alguns endere\u00e7os do laborat\u00f3rio.<\/p>\n\n\n\n<p class=\"has-text-align-left\"><a href=\"http:\/\/www.multimeios.ufc.br\/\" target=\"_blank\" rel=\"noreferrer noopener\">Site MM<\/a>, no qual voc\u00ea pode conferir informa\u00e7\u00f5es como as linhas de pesquisa do laborat\u00f3rio, o quadro de pesquisadores, a produ\u00e7\u00e3o cient\u00edfica, projetos em parceria, entre outros.  <\/p>\n\n\n\n<p><a href=\"http:\/\/blogs.multimeios.ufc.br\/\" target=\"_blank\" rel=\"noreferrer noopener\">Blogs MM<\/a>, nos quais voc\u00ea encontra os blogs dos pesquisadores, dos projetos e das atividades do laborat\u00f3rio. <\/p>\n\n\n\n<p> Qualquer d\u00favida, entre em contato conosco! <\/p>\n","protected":false},"excerpt":{"rendered":"<p>Arte por: Roberto da Rocha Miranda Segue abaixo alguns endere\u00e7os do laborat\u00f3rio. Site MM, no qual voc\u00ea pode conferir informa\u00e7\u00f5es como as linhas de pesquisa do laborat\u00f3rio, o quadro de pesquisadores, a produ\u00e7\u00e3o cient\u00edfica, projetos em parceria, entre outros. Blogs &hellip; <a href=\"https:\/\/blogs.multimeios.ufc.br\/gabrielleandrade\/laboratorio-de-pesquisa-multimeios\/\">Continue lendo <span class=\"meta-nav\">&rarr;<\/span><\/a><\/p>\n","protected":false},"author":27,"featured_media":0,"parent":0,"menu_order":0,"comment_status":"closed","ping_status":"closed","template":"","meta":{"footnotes":""},"class_list":["post-66","page","type-page","status-publish","hentry"],"yoast_head":"<!-- This site is optimized with the Yoast SEO plugin v27.4 - https:\/\/yoast.com\/product\/yoast-seo-wordpress\/ -->\n<title>Laborat\u00f3rio de Pesquisa Multimeios - Nicho acad\u00eamico - Gabrielle Andrade Pereira<\/title>\n<meta name=\"robots\" content=\"index, follow, max-snippet:-1, max-image-preview:large, max-video-preview:-1\" \/>\n<link rel=\"canonical\" href=\"https:\/\/blogs.multimeios.ufc.br\/gabrielleandrade\/laboratorio-de-pesquisa-multimeios\/\" \/>\n<meta property=\"og:locale\" content=\"pt_BR\" \/>\n<meta property=\"og:type\" content=\"article\" \/>\n<meta property=\"og:title\" content=\"Laborat\u00f3rio de Pesquisa Multimeios - Nicho acad\u00eamico - Gabrielle Andrade Pereira\" \/>\n<meta property=\"og:description\" content=\"Arte por: Roberto da Rocha Miranda Segue abaixo alguns endere\u00e7os do laborat\u00f3rio. Site MM, no qual voc\u00ea pode conferir informa\u00e7\u00f5es como as linhas de pesquisa do laborat\u00f3rio, o quadro de pesquisadores, a produ\u00e7\u00e3o cient\u00edfica, projetos em parceria, entre outros. Blogs &hellip; Continue lendo &rarr;\" \/>\n<meta property=\"og:url\" content=\"https:\/\/blogs.multimeios.ufc.br\/gabrielleandrade\/laboratorio-de-pesquisa-multimeios\/\" \/>\n<meta property=\"og:site_name\" content=\"Nicho acad\u00eamico - Gabrielle Andrade Pereira\" \/>\n<meta property=\"article:modified_time\" content=\"2025-06-30T13:44:15+00:00\" \/>\n<meta property=\"og:image\" content=\"https:\/\/blogs.multimeios.ufc.br\/gabrielleandrade\/files\/2023\/06\/herminiobn.png\" \/>\n\t<meta property=\"og:image:width\" content=\"1920\" \/>\n\t<meta property=\"og:image:height\" content=\"1080\" \/>\n\t<meta property=\"og:image:type\" content=\"image\/png\" \/>\n<meta name=\"twitter:card\" content=\"summary_large_image\" \/>\n<meta name=\"twitter:label1\" content=\"Est. tempo de leitura\" \/>\n\t<meta name=\"twitter:data1\" content=\"1 minuto\" \/>\n<script type=\"application\/ld+json\" class=\"yoast-schema-graph\">{\"@context\":\"https:\\\/\\\/schema.org\",\"@graph\":[{\"@type\":\"WebPage\",\"@id\":\"https:\\\/\\\/blogs.multimeios.ufc.br\\\/gabrielleandrade\\\/laboratorio-de-pesquisa-multimeios\\\/\",\"url\":\"https:\\\/\\\/blogs.multimeios.ufc.br\\\/gabrielleandrade\\\/laboratorio-de-pesquisa-multimeios\\\/\",\"name\":\"Laborat\u00f3rio de Pesquisa Multimeios - Nicho acad\u00eamico - Gabrielle Andrade Pereira\",\"isPartOf\":{\"@id\":\"https:\\\/\\\/blogs.multimeios.ufc.br\\\/gabrielleandrade\\\/#website\"},\"primaryImageOfPage\":{\"@id\":\"https:\\\/\\\/blogs.multimeios.ufc.br\\\/gabrielleandrade\\\/laboratorio-de-pesquisa-multimeios\\\/#primaryimage\"},\"image\":{\"@id\":\"https:\\\/\\\/blogs.multimeios.ufc.br\\\/gabrielleandrade\\\/laboratorio-de-pesquisa-multimeios\\\/#primaryimage\"},\"thumbnailUrl\":\"http:\\\/\\\/blogs.multimeios.ufc.br\\\/gabrielleandrade\\\/files\\\/2023\\\/06\\\/herminiobn-1024x576.png\",\"datePublished\":\"2021-05-19T21:25:30+00:00\",\"dateModified\":\"2025-06-30T13:44:15+00:00\",\"breadcrumb\":{\"@id\":\"https:\\\/\\\/blogs.multimeios.ufc.br\\\/gabrielleandrade\\\/laboratorio-de-pesquisa-multimeios\\\/#breadcrumb\"},\"inLanguage\":\"pt-BR\",\"potentialAction\":[{\"@type\":\"ReadAction\",\"target\":[\"https:\\\/\\\/blogs.multimeios.ufc.br\\\/gabrielleandrade\\\/laboratorio-de-pesquisa-multimeios\\\/\"]}]},{\"@type\":\"ImageObject\",\"inLanguage\":\"pt-BR\",\"@id\":\"https:\\\/\\\/blogs.multimeios.ufc.br\\\/gabrielleandrade\\\/laboratorio-de-pesquisa-multimeios\\\/#primaryimage\",\"url\":\"https:\\\/\\\/blogs.multimeios.ufc.br\\\/gabrielleandrade\\\/files\\\/2023\\\/06\\\/herminiobn.png\",\"contentUrl\":\"https:\\\/\\\/blogs.multimeios.ufc.br\\\/gabrielleandrade\\\/files\\\/2023\\\/06\\\/herminiobn.png\",\"width\":1920,\"height\":1080},{\"@type\":\"BreadcrumbList\",\"@id\":\"https:\\\/\\\/blogs.multimeios.ufc.br\\\/gabrielleandrade\\\/laboratorio-de-pesquisa-multimeios\\\/#breadcrumb\",\"itemListElement\":[{\"@type\":\"ListItem\",\"position\":1,\"name\":\"In\u00edcio\",\"item\":\"https:\\\/\\\/blogs.multimeios.ufc.br\\\/gabrielleandrade\\\/\"},{\"@type\":\"ListItem\",\"position\":2,\"name\":\"Laborat\u00f3rio de Pesquisa Multimeios\"}]},{\"@type\":\"WebSite\",\"@id\":\"https:\\\/\\\/blogs.multimeios.ufc.br\\\/gabrielleandrade\\\/#website\",\"url\":\"https:\\\/\\\/blogs.multimeios.ufc.br\\\/gabrielleandrade\\\/\",\"name\":\"Nicho acad\u00eamico - Gabrielle Andrade Pereira\",\"description\":\"\",\"potentialAction\":[{\"@type\":\"SearchAction\",\"target\":{\"@type\":\"EntryPoint\",\"urlTemplate\":\"https:\\\/\\\/blogs.multimeios.ufc.br\\\/gabrielleandrade\\\/?s={search_term_string}\"},\"query-input\":{\"@type\":\"PropertyValueSpecification\",\"valueRequired\":true,\"valueName\":\"search_term_string\"}}],\"inLanguage\":\"pt-BR\"}]}<\/script>\n<!-- \/ Yoast SEO plugin. -->","yoast_head_json":{"title":"Laborat\u00f3rio de Pesquisa Multimeios - Nicho acad\u00eamico - Gabrielle Andrade Pereira","robots":{"index":"index","follow":"follow","max-snippet":"max-snippet:-1","max-image-preview":"max-image-preview:large","max-video-preview":"max-video-preview:-1"},"canonical":"https:\/\/blogs.multimeios.ufc.br\/gabrielleandrade\/laboratorio-de-pesquisa-multimeios\/","og_locale":"pt_BR","og_type":"article","og_title":"Laborat\u00f3rio de Pesquisa Multimeios - Nicho acad\u00eamico - Gabrielle Andrade Pereira","og_description":"Arte por: Roberto da Rocha Miranda Segue abaixo alguns endere\u00e7os do laborat\u00f3rio. Site MM, no qual voc\u00ea pode conferir informa\u00e7\u00f5es como as linhas de pesquisa do laborat\u00f3rio, o quadro de pesquisadores, a produ\u00e7\u00e3o cient\u00edfica, projetos em parceria, entre outros. Blogs &hellip; Continue lendo &rarr;","og_url":"https:\/\/blogs.multimeios.ufc.br\/gabrielleandrade\/laboratorio-de-pesquisa-multimeios\/","og_site_name":"Nicho acad\u00eamico - Gabrielle Andrade Pereira","article_modified_time":"2025-06-30T13:44:15+00:00","og_image":[{"width":1920,"height":1080,"url":"https:\/\/blogs.multimeios.ufc.br\/gabrielleandrade\/files\/2023\/06\/herminiobn.png","type":"image\/png"}],"twitter_card":"summary_large_image","twitter_misc":{"Est. tempo de leitura":"1 minuto"},"schema":{"@context":"https:\/\/schema.org","@graph":[{"@type":"WebPage","@id":"https:\/\/blogs.multimeios.ufc.br\/gabrielleandrade\/laboratorio-de-pesquisa-multimeios\/","url":"https:\/\/blogs.multimeios.ufc.br\/gabrielleandrade\/laboratorio-de-pesquisa-multimeios\/","name":"Laborat\u00f3rio de Pesquisa Multimeios - Nicho acad\u00eamico - Gabrielle Andrade Pereira","isPartOf":{"@id":"https:\/\/blogs.multimeios.ufc.br\/gabrielleandrade\/#website"},"primaryImageOfPage":{"@id":"https:\/\/blogs.multimeios.ufc.br\/gabrielleandrade\/laboratorio-de-pesquisa-multimeios\/#primaryimage"},"image":{"@id":"https:\/\/blogs.multimeios.ufc.br\/gabrielleandrade\/laboratorio-de-pesquisa-multimeios\/#primaryimage"},"thumbnailUrl":"http:\/\/blogs.multimeios.ufc.br\/gabrielleandrade\/files\/2023\/06\/herminiobn-1024x576.png","datePublished":"2021-05-19T21:25:30+00:00","dateModified":"2025-06-30T13:44:15+00:00","breadcrumb":{"@id":"https:\/\/blogs.multimeios.ufc.br\/gabrielleandrade\/laboratorio-de-pesquisa-multimeios\/#breadcrumb"},"inLanguage":"pt-BR","potentialAction":[{"@type":"ReadAction","target":["https:\/\/blogs.multimeios.ufc.br\/gabrielleandrade\/laboratorio-de-pesquisa-multimeios\/"]}]},{"@type":"ImageObject","inLanguage":"pt-BR","@id":"https:\/\/blogs.multimeios.ufc.br\/gabrielleandrade\/laboratorio-de-pesquisa-multimeios\/#primaryimage","url":"https:\/\/blogs.multimeios.ufc.br\/gabrielleandrade\/files\/2023\/06\/herminiobn.png","contentUrl":"https:\/\/blogs.multimeios.ufc.br\/gabrielleandrade\/files\/2023\/06\/herminiobn.png","width":1920,"height":1080},{"@type":"BreadcrumbList","@id":"https:\/\/blogs.multimeios.ufc.br\/gabrielleandrade\/laboratorio-de-pesquisa-multimeios\/#breadcrumb","itemListElement":[{"@type":"ListItem","position":1,"name":"In\u00edcio","item":"https:\/\/blogs.multimeios.ufc.br\/gabrielleandrade\/"},{"@type":"ListItem","position":2,"name":"Laborat\u00f3rio de Pesquisa Multimeios"}]},{"@type":"WebSite","@id":"https:\/\/blogs.multimeios.ufc.br\/gabrielleandrade\/#website","url":"https:\/\/blogs.multimeios.ufc.br\/gabrielleandrade\/","name":"Nicho acad\u00eamico - Gabrielle Andrade Pereira","description":"","potentialAction":[{"@type":"SearchAction","target":{"@type":"EntryPoint","urlTemplate":"https:\/\/blogs.multimeios.ufc.br\/gabrielleandrade\/?s={search_term_string}"},"query-input":{"@type":"PropertyValueSpecification","valueRequired":true,"valueName":"search_term_string"}}],"inLanguage":"pt-BR"}]}},"_links":{"self":[{"href":"https:\/\/blogs.multimeios.ufc.br\/gabrielleandrade\/wp-json\/wp\/v2\/pages\/66","targetHints":{"allow":["GET"]}}],"collection":[{"href":"https:\/\/blogs.multimeios.ufc.br\/gabrielleandrade\/wp-json\/wp\/v2\/pages"}],"about":[{"href":"https:\/\/blogs.multimeios.ufc.br\/gabrielleandrade\/wp-json\/wp\/v2\/types\/page"}],"author":[{"embeddable":true,"href":"https:\/\/blogs.multimeios.ufc.br\/gabrielleandrade\/wp-json\/wp\/v2\/users\/27"}],"replies":[{"embeddable":true,"href":"https:\/\/blogs.multimeios.ufc.br\/gabrielleandrade\/wp-json\/wp\/v2\/comments?post=66"}],"version-history":[{"count":20,"href":"https:\/\/blogs.multimeios.ufc.br\/gabrielleandrade\/wp-json\/wp\/v2\/pages\/66\/revisions"}],"predecessor-version":[{"id":488,"href":"https:\/\/blogs.multimeios.ufc.br\/gabrielleandrade\/wp-json\/wp\/v2\/pages\/66\/revisions\/488"}],"wp:attachment":[{"href":"https:\/\/blogs.multimeios.ufc.br\/gabrielleandrade\/wp-json\/wp\/v2\/media?parent=66"}],"curies":[{"name":"wp","href":"https:\/\/api.w.org\/{rel}","templated":true}]}}