{"id":10,"date":"2018-02-15T12:35:20","date_gmt":"2018-02-15T14:35:20","guid":{"rendered":"http:\/\/blogs.multimeios.ufc.br\/ensf\/?page_id=10"},"modified":"2018-06-06T12:35:59","modified_gmt":"2018-06-06T15:35:59","slug":"comissao-organizadora","status":"publish","type":"page","link":"https:\/\/blogs.multimeios.ufc.br\/iensf\/comissao-organizadora\/","title":{"rendered":"Comiss\u00e3o Organizadora"},"content":{"rendered":"<ul>\n<li class=\"LO-normal\">\n<h4><a href=\"http:\/\/buscatextual.cnpq.br\/buscatextual\/visualizacv.do?id=K4410212A5\">Adriana Ferreira Mendon\u00e7a<\/a> &#8211; drika@multimeios.ufc.br<\/h4>\n<\/li>\n<li class=\"LO-normal\">\n<h4><a href=\"http:\/\/buscatextual.cnpq.br\/buscatextual\/visualizacv.do?id=K4755521T3\">\u00c2ngela Maria de Sousa Bezerra<\/a> (UFC) &#8211; angela@multimeios.ufc.br<\/h4>\n<\/li>\n<li>\n<h4><a href=\"http:\/\/buscatextual.cnpq.br\/buscatextual\/visualizacv.do?id=K4449196T5\"><span style=\"color: #3366ff\">Daniel Brand\u00e3o Menezes<\/span><\/a> (UFC) &#8211; danielbrandao@multimeios.ufc.br<\/h4>\n<\/li>\n<li class=\"LO-normal\">\n<h4><a href=\"http:\/\/buscatextual.cnpq.br\/buscatextual\/visualizacv.do?id=K4450413D1\"><span style=\"color: #0000ff\"><span style=\"color: #3366ff\">Fernanda C\u00edntia Costa Matos<\/span><\/span><\/a> (UFC) &#8211; cintia@multimeios.ufc.br<\/h4>\n<\/li>\n<li>\n<h4><a href=\"http:\/\/buscatextual.cnpq.br\/buscatextual\/visualizacv.do?id=K4457851J8\"><span style=\"color: #3366ff\">Mil\u00ednia Stephanie Nogueira Barbosa Fel\u00edcio<\/span><\/a> (SEDUC &#8211; CE)-milinia@multimeios.ufc.br<\/h4>\n<\/li>\n<li class=\"LO-normal\">\n<h4><a href=\"http:\/\/buscatextual.cnpq.br\/buscatextual\/visualizacv.do?id=K4770011P1\">Monalisa de Abreu Leite<\/a> (INEP\/UFC) &#8211; monalisa@multimeios.ufc.br<\/h4>\n<\/li>\n<li class=\"LO-normal\">\n<h4><a href=\"http:\/\/buscatextual.cnpq.br\/buscatextual\/visualizacv.do?id=K8223420Y1\">Wardelane Holanda da Silva<\/a> (UFC) &#8211; delaneufc@gmail.com<\/h4>\n<\/li>\n<li class=\"LO-normal\">\n<h4><a href=\"http:\/\/buscatextual.cnpq.br\/buscatextual\/visualizacv.do?id=K4869375A4\">Francisco Weslley Lima<\/a> (UFC)- weslley@multimeios.ufc.br<\/h4>\n<\/li>\n<\/ul>\n","protected":false},"excerpt":{"rendered":"<p>Adriana Ferreira Mendon\u00e7a &#8211; drika@multimeios.ufc.br \u00c2ngela Maria de Sousa Bezerra (UFC) &#8211; angela@multimeios.ufc.br Daniel Brand\u00e3o Menezes (UFC) &#8211; danielbrandao@multimeios.ufc.br Fernanda C\u00edntia Costa Matos (UFC) &#8211; cintia@multimeios.ufc.br Mil\u00ednia Stephanie Nogueira Barbosa Fel\u00edcio (SEDUC &#8211; CE)-milinia@multimeios.ufc.br Monalisa de Abreu Leite (INEP\/UFC) &#8211; &hellip; <a href=\"https:\/\/blogs.multimeios.ufc.br\/iensf\/comissao-organizadora\/\">Continue lendo <span class=\"meta-nav\">&rarr;<\/span><\/a><\/p>\n","protected":false},"author":14,"featured_media":0,"parent":0,"menu_order":0,"comment_status":"closed","ping_status":"closed","template":"","meta":{"footnotes":""},"class_list":["post-10","page","type-page","status-publish","hentry"],"yoast_head":"<!-- This site is optimized with the Yoast SEO plugin v27.4 - https:\/\/yoast.com\/product\/yoast-seo-wordpress\/ -->\n<title>Comiss\u00e3o Organizadora - I Encontro Nacional da Sequ\u00eancia Fedathi<\/title>\n<meta name=\"robots\" content=\"index, follow, max-snippet:-1, max-image-preview:large, max-video-preview:-1\" \/>\n<link rel=\"canonical\" href=\"https:\/\/blogs.multimeios.ufc.br\/iensf\/comissao-organizadora\/\" \/>\n<meta property=\"og:locale\" content=\"pt_BR\" \/>\n<meta property=\"og:type\" content=\"article\" \/>\n<meta property=\"og:title\" content=\"Comiss\u00e3o Organizadora - I Encontro Nacional da Sequ\u00eancia Fedathi\" \/>\n<meta property=\"og:description\" content=\"Adriana Ferreira Mendon\u00e7a &#8211; drika@multimeios.ufc.br \u00c2ngela Maria de Sousa Bezerra (UFC) &#8211; angela@multimeios.ufc.br Daniel Brand\u00e3o Menezes (UFC) &#8211; danielbrandao@multimeios.ufc.br Fernanda C\u00edntia Costa Matos (UFC) &#8211; cintia@multimeios.ufc.br Mil\u00ednia Stephanie Nogueira Barbosa Fel\u00edcio (SEDUC &#8211; CE)-milinia@multimeios.ufc.br Monalisa de Abreu Leite (INEP\/UFC) &#8211; &hellip; Continue lendo &rarr;\" \/>\n<meta property=\"og:url\" content=\"https:\/\/blogs.multimeios.ufc.br\/iensf\/comissao-organizadora\/\" \/>\n<meta property=\"og:site_name\" content=\"I Encontro Nacional da Sequ\u00eancia Fedathi\" \/>\n<meta property=\"article:modified_time\" content=\"2018-06-06T15:35:59+00:00\" \/>\n<meta name=\"twitter:card\" content=\"summary_large_image\" \/>\n<script type=\"application\/ld+json\" class=\"yoast-schema-graph\">{\"@context\":\"https:\\\/\\\/schema.org\",\"@graph\":[{\"@type\":\"WebPage\",\"@id\":\"https:\\\/\\\/blogs.multimeios.ufc.br\\\/iensf\\\/comissao-organizadora\\\/\",\"url\":\"https:\\\/\\\/blogs.multimeios.ufc.br\\\/iensf\\\/comissao-organizadora\\\/\",\"name\":\"Comiss\u00e3o Organizadora - I Encontro Nacional da Sequ\u00eancia Fedathi\",\"isPartOf\":{\"@id\":\"https:\\\/\\\/blogs.multimeios.ufc.br\\\/iensf\\\/#website\"},\"datePublished\":\"2018-02-15T14:35:20+00:00\",\"dateModified\":\"2018-06-06T15:35:59+00:00\",\"inLanguage\":\"pt-BR\",\"potentialAction\":[{\"@type\":\"ReadAction\",\"target\":[\"https:\\\/\\\/blogs.multimeios.ufc.br\\\/iensf\\\/comissao-organizadora\\\/\"]}]},{\"@type\":\"WebSite\",\"@id\":\"https:\\\/\\\/blogs.multimeios.ufc.br\\\/iensf\\\/#website\",\"url\":\"https:\\\/\\\/blogs.multimeios.ufc.br\\\/iensf\\\/\",\"name\":\"I Encontro Nacional da Sequ\u00eancia Fedathi\",\"description\":\"Sequ\u00eancia Fedathi: 30 anos contribuindo com o ensino e a pesquisa para al\u00e9m das Ci\u00eancias Exatas\",\"potentialAction\":[{\"@type\":\"SearchAction\",\"target\":{\"@type\":\"EntryPoint\",\"urlTemplate\":\"https:\\\/\\\/blogs.multimeios.ufc.br\\\/iensf\\\/?s={search_term_string}\"},\"query-input\":{\"@type\":\"PropertyValueSpecification\",\"valueRequired\":true,\"valueName\":\"search_term_string\"}}],\"inLanguage\":\"pt-BR\"}]}<\/script>\n<!-- \/ Yoast SEO plugin. -->","yoast_head_json":{"title":"Comiss\u00e3o Organizadora - I Encontro Nacional da Sequ\u00eancia Fedathi","robots":{"index":"index","follow":"follow","max-snippet":"max-snippet:-1","max-image-preview":"max-image-preview:large","max-video-preview":"max-video-preview:-1"},"canonical":"https:\/\/blogs.multimeios.ufc.br\/iensf\/comissao-organizadora\/","og_locale":"pt_BR","og_type":"article","og_title":"Comiss\u00e3o Organizadora - I Encontro Nacional da Sequ\u00eancia Fedathi","og_description":"Adriana Ferreira Mendon\u00e7a &#8211; drika@multimeios.ufc.br \u00c2ngela Maria de Sousa Bezerra (UFC) &#8211; angela@multimeios.ufc.br Daniel Brand\u00e3o Menezes (UFC) &#8211; danielbrandao@multimeios.ufc.br Fernanda C\u00edntia Costa Matos (UFC) &#8211; cintia@multimeios.ufc.br Mil\u00ednia Stephanie Nogueira Barbosa Fel\u00edcio (SEDUC &#8211; CE)-milinia@multimeios.ufc.br Monalisa de Abreu Leite (INEP\/UFC) &#8211; &hellip; Continue lendo &rarr;","og_url":"https:\/\/blogs.multimeios.ufc.br\/iensf\/comissao-organizadora\/","og_site_name":"I Encontro Nacional da Sequ\u00eancia Fedathi","article_modified_time":"2018-06-06T15:35:59+00:00","twitter_card":"summary_large_image","schema":{"@context":"https:\/\/schema.org","@graph":[{"@type":"WebPage","@id":"https:\/\/blogs.multimeios.ufc.br\/iensf\/comissao-organizadora\/","url":"https:\/\/blogs.multimeios.ufc.br\/iensf\/comissao-organizadora\/","name":"Comiss\u00e3o Organizadora - I Encontro Nacional da Sequ\u00eancia Fedathi","isPartOf":{"@id":"https:\/\/blogs.multimeios.ufc.br\/iensf\/#website"},"datePublished":"2018-02-15T14:35:20+00:00","dateModified":"2018-06-06T15:35:59+00:00","inLanguage":"pt-BR","potentialAction":[{"@type":"ReadAction","target":["https:\/\/blogs.multimeios.ufc.br\/iensf\/comissao-organizadora\/"]}]},{"@type":"WebSite","@id":"https:\/\/blogs.multimeios.ufc.br\/iensf\/#website","url":"https:\/\/blogs.multimeios.ufc.br\/iensf\/","name":"I Encontro Nacional da Sequ\u00eancia Fedathi","description":"Sequ\u00eancia Fedathi: 30 anos contribuindo com o ensino e a pesquisa para al\u00e9m das Ci\u00eancias Exatas","potentialAction":[{"@type":"SearchAction","target":{"@type":"EntryPoint","urlTemplate":"https:\/\/blogs.multimeios.ufc.br\/iensf\/?s={search_term_string}"},"query-input":{"@type":"PropertyValueSpecification","valueRequired":true,"valueName":"search_term_string"}}],"inLanguage":"pt-BR"}]}},"_links":{"self":[{"href":"https:\/\/blogs.multimeios.ufc.br\/iensf\/wp-json\/wp\/v2\/pages\/10","targetHints":{"allow":["GET"]}}],"collection":[{"href":"https:\/\/blogs.multimeios.ufc.br\/iensf\/wp-json\/wp\/v2\/pages"}],"about":[{"href":"https:\/\/blogs.multimeios.ufc.br\/iensf\/wp-json\/wp\/v2\/types\/page"}],"author":[{"embeddable":true,"href":"https:\/\/blogs.multimeios.ufc.br\/iensf\/wp-json\/wp\/v2\/users\/14"}],"replies":[{"embeddable":true,"href":"https:\/\/blogs.multimeios.ufc.br\/iensf\/wp-json\/wp\/v2\/comments?post=10"}],"version-history":[{"count":21,"href":"https:\/\/blogs.multimeios.ufc.br\/iensf\/wp-json\/wp\/v2\/pages\/10\/revisions"}],"predecessor-version":[{"id":206,"href":"https:\/\/blogs.multimeios.ufc.br\/iensf\/wp-json\/wp\/v2\/pages\/10\/revisions\/206"}],"wp:attachment":[{"href":"https:\/\/blogs.multimeios.ufc.br\/iensf\/wp-json\/wp\/v2\/media?parent=10"}],"curies":[{"name":"wp","href":"https:\/\/api.w.org\/{rel}","templated":true}]}}