{"id":13,"date":"2018-02-15T12:35:24","date_gmt":"2018-02-15T14:35:24","guid":{"rendered":"http:\/\/blogs.multimeios.ufc.br\/ensf\/?page_id=13"},"modified":"2018-08-03T10:37:01","modified_gmt":"2018-08-03T13:37:01","slug":"insricao-de-poster","status":"publish","type":"page","link":"https:\/\/blogs.multimeios.ufc.br\/iensf\/insricao-de-poster\/","title":{"rendered":"Inscri\u00e7\u00f5es"},"content":{"rendered":"<p style=\"text-align: center\"><strong>EDITAL DE SUBMISS\u00c3O DE RESUMOS<\/strong><\/p>\n<p>&nbsp;<\/p>\n<p>O Laborat\u00f3rio de Pesquisa Multimeios da Faculdade de Educa\u00e7\u00e3o da UFC e o Grupo de Pesquisa Tecendo Redes Cognitivas de Aprendizagem (G-TERCOA), tornam p\u00fablico o presente edital de submiss\u00e3o de trabalhos, para o I Encontro Nacional da Sequ\u00eancia (I ENSF), que acontecer\u00e1 nos dias 27 e 28 de agosto de 2018, no Audit\u00f3rio Valnir Chagas (FACED\/UFC), na cidade de Fortaleza\/CE &#8211; Brasil.<\/p>\n<ol>\n<li><strong>Inscri\u00e7\u00e3o<\/strong><\/li>\n<\/ol>\n<p>1.1. Para submiss\u00e3o de trabalhos (resumos simples) no I Encontro Nacional da Sequ\u00eancia (I ENSF) todos os autores, obrigatoriamente, devem estar inscritos no evento.<\/p>\n<p>1.2.\u00a0A inscri\u00e7\u00e3o no I ENSF deve ser realizada mediante preenchimento do formul\u00e1rio de inscri\u00e7\u00e3o dispon\u00edvel na p\u00e1gina do evento. Todos os <strong>autores e co-autores<\/strong> dever\u00e3o se inscrever no evento, assim como todos aqueles que desejam participar como <strong>ouvintes<\/strong>.\u00a0O evento \u00e9 gratuito.<\/p>\n<p>1.3. Os trabalhos devem ser compostos por at\u00e9 5 (cinco) autores. Os resumos submetidos por estudantes de gradua\u00e7\u00e3o, obrigatoriamente, devem ter um Professor Orientador.<\/p>\n<p>1.4. Cada autor pode submeter at\u00e9 3 (tr\u00eas) trabalhos cient\u00edficos, seja como autor principal ou como co-autor. Com exce\u00e7\u00e3o dos Professores Orientadores.<\/p>\n<p>1.5. Os trabalhos inscritos receber\u00e3o automaticamente um e-mail de confirma\u00e7\u00e3o de inscri\u00e7\u00e3o.<\/p>\n<p>1.6. Ser\u00e3o divulgados na p\u00e1gina do evento os trabalhos aceitos para, em seguida, os autores elaborarem o p\u00f4ster.<\/p>\n<ol>\n<li><strong>Eixos tem\u00e1ticos <\/strong><\/li>\n<\/ol>\n<p>1) Sequ\u00eancia Fedathi e o Ensino da Matem\u00e1tica;<\/p>\n<p>2) Sequ\u00eancia Fedathi e as Tecnologias Digitais;<\/p>\n<p>3) Sequ\u00eancia Fedathi e a Forma\u00e7\u00e3o Docente;<\/p>\n<p>4) Sequ\u00eancia Fedathi e Outras Ci\u00eancias.<\/p>\n<ol start=\"3\">\n<li>\u00a0<strong>Regras para elabora\u00e7\u00e3o dos resumos simples<\/strong><\/li>\n<\/ol>\n<p>Os resumos inscritos no I ENSF dever\u00e3o ser redigidos em portugu\u00eas do Brasil de acordo com a norma ABNT (NBR 602203), devendo ser do tipo informativo, como definido na mesma.<\/p>\n<p>&nbsp;<\/p>\n<p><strong>3.1 Instru\u00e7\u00f5es para elabora\u00e7\u00e3o de resumos<\/strong><\/p>\n<p>3.1.1.\u00a0O resumo deve conter, preferencialmente, introdu\u00e7\u00e3o, objetivos, metodologia, resultados e conclus\u00f5es.<\/p>\n<p>3.1.2.\u00a0Deve ser precedido pelo t\u00edtulo do trabalho, que n\u00e3o deve possuir mais que 20 palavras, estando centralizado, em caixa alta e negrito.<\/p>\n<p>3.1.3. Ap\u00f3s o t\u00edtulo devem constar o nome dos autores, centralizado, apresentando em nota de rodap\u00e9 os seguintes dados: (1) vincula\u00e7\u00e3o institucional e (2) e-mail para contato.<\/p>\n<p>3.1.4.\u00a0O resumo deve ser escrito em fonte: Time New Roman, e com tamanho de fonte 12, em um \u00fanico par\u00e1grafo e deve ser composto de uma sequ\u00eancia de frases concisas, afirmativas e n\u00e3o de enumera\u00e7\u00e3o de t\u00f3picos.<\/p>\n<p>3.1.5.\u00a0Deve-se utilizar verbo na voz ativa e na terceira pessoal do singular.<\/p>\n<p>3.1.5.\u00a0O resumo deve ter no m\u00ednimo 150 palavras e um m\u00e1ximo de 500.<\/p>\n<p>3.1.6.\u00a0Devem-se evitar s\u00edmbolos e contra\u00e7\u00f5es que n\u00e3o sejam de uso corrente, f\u00f3rmulas, equa\u00e7\u00f5es e diagramas que n\u00e3o sejam absolutamente necess\u00e1rios.<\/p>\n<ol start=\"4\">\n<li><strong> Instru\u00e7\u00f5es para submiss\u00e3o<\/strong><\/li>\n<\/ol>\n<p>4.1. Os autores dever\u00e3o fazer a inscri\u00e7\u00e3o clicando no final desta p\u00e1gina em:\u00a0 <a href=\"https:\/\/forms.office.com\/Pages\/ResponsePage.aspx?id=fUlHJ4SFn0yrNGvToqUY575aq6kuNxVJt948K0wWlDdURFhJRzU3SzZHNEw3U1k4VzZTTzdSR1U3Ui4u\"><strong>REALIZAR INSCRI\u00c7\u00c3O<\/strong><\/a> e, OBRIGATORIAMENTE, enviar o resumo para o email <strong>ensf@multimeios.ufc.br<\/strong>.<\/p>\n<p>4.2. O autor principal receber\u00e1 um e-mail de confirma\u00e7\u00e3o de sua inscri\u00e7\u00e3o.<\/p>\n<p>4.3.\u00a0O participante ao efetivar sua inscri\u00e7\u00e3o, concorda com todas as regras do evento explicitadas nestas normas, autorizando a publica\u00e7\u00e3o do (s) resumo (s) nos anais eletr\u00f4nicos do evento e demais meios de divulga\u00e7\u00e3o do IENSF.<\/p>\n<p>4.4. Todas as informa\u00e7\u00f5es contidas no resumo s\u00e3o de inteira responsabilidade de seus autores.<\/p>\n<p>4.5.\u00a0Somente ser\u00e3o aceitos trabalhos que obede\u00e7am \u00e0s normas de formata\u00e7\u00e3o.<\/p>\n<p>4.6.\u00a0Os resumos submetidos pelos autores que forem alunos de gradua\u00e7\u00e3o dever\u00e3o ser lidos e aprovados pelos respectivos orientadores, para somente ent\u00e3o estarem submetidos ao processo de sele\u00e7\u00e3o. Essa aprova\u00e7\u00e3o ser\u00e1 feita atrav\u00e9s do formul\u00e1rio eletr\u00f4nico.<\/p>\n<p>4.7.\u00a0Os resumos passar\u00e3o por processo de sele\u00e7\u00e3o pelo Comit\u00ea Cient\u00edfico do I ENSF.<\/p>\n<ol start=\"5\">\n<li><strong>Resultado da aprova\u00e7\u00e3o dos resumos<\/strong><\/li>\n<\/ol>\n<p>5.1 O resultado dos <strong>resumos aprovados<\/strong> ser\u00e1 divulgado no site do I ENSF, conforme cronograma,<\/p>\n<ol start=\"6\">\n<li><strong>Da apresenta\u00e7\u00e3o dos trabalhos completos no I Encontro Nacional da Sequ\u00eancia Fedathi<\/strong><\/li>\n<\/ol>\n<p>6.1. Qualquer um dos autores do trabalho pode realizar a apresenta\u00e7\u00e3o no evento.<\/p>\n<p>6.2 A apresenta\u00e7\u00e3o dos trabalhos ser\u00e1 realizada exclusivamente <strong>na modalidade P\u00f4ster<\/strong> de acordo com template a ser disponibilizado na p\u00e1gina do evento para os inscritos que tiveram resumo deferidos:\u00a0 <a href=\"http:\/\/blogs.multimeios.ufc.br\/ensf\/template-poster\/\"><strong>TEMPLATE P\u00d4STER<\/strong><\/a> (todos os inscritos que tiveram resumo deferido para apresentarem, receberam por email o template na extens\u00e3o .ppt)<\/p>\n<p>6.2. Todos os participantes receber\u00e3o certificado de acordo com o tipo de participa\u00e7\u00e3o e frequ\u00eancia no evento.<\/p>\n<ol start=\"7\">\n<li><strong> Cronograma<\/strong><\/li>\n<\/ol>\n<table width=\"0\">\n<tbody>\n<tr>\n<td width=\"271\"><strong>Atividade<\/strong><\/td>\n<td width=\"229\"><strong>Per\u00edodo<\/strong><\/td>\n<\/tr>\n<tr>\n<td width=\"271\">Inscri\u00e7\u00f5es no evento (participantes)<\/td>\n<td width=\"229\">01\/06\/2018 a 27\/08\/2018<\/td>\n<\/tr>\n<tr>\n<td width=\"271\"><strong><span style=\"color: #ff0000\">Inscri\u00e7\u00e3o de volunt\u00e1rios<\/span><\/strong><\/td>\n<td width=\"229\"><strong><span style=\"color: #ff0000\">01\/06\/201 a 30\/07\/2018<\/span><\/strong><\/td>\n<\/tr>\n<tr>\n<td width=\"271\"><strong><span style=\"color: #ff0000\">Inscri\u00e7\u00e3o de Resumos<\/span><\/strong><\/td>\n<td width=\"229\"><strong><span style=\"color: #ff0000\">10\/06\/2018 a 30\/07\/2018<\/span><\/strong><\/td>\n<\/tr>\n<tr>\n<td width=\"271\">Divulga\u00e7\u00e3o dos resumos deferidos<\/td>\n<td width=\"229\">15\/08\/2018<\/td>\n<\/tr>\n<\/tbody>\n<\/table>\n<p><strong>*Quest\u00f5es n\u00e3o previstas neste edital ser\u00e3o resolvidas pela Comiss\u00e3o Organizadora do I Encontro Nacional da Sequ\u00eancia Fedathi.<\/strong><\/p>\n<p>&nbsp;<\/p>\n<p><a href=\"https:\/\/forms.office.com\/Pages\/ResponsePage.aspx?id=fUlHJ4SFn0yrNGvToqUY575aq6kuNxVJt948K0wWlDdURFhJRzU3SzZHNEw3U1k4VzZTTzdSR1U3Ui4u\"><strong>REALIZAR INSCRI\u00c7\u00c3O<\/strong><\/a><\/p>\n","protected":false},"excerpt":{"rendered":"<p>EDITAL DE SUBMISS\u00c3O DE RESUMOS &nbsp; O Laborat\u00f3rio de Pesquisa Multimeios da Faculdade de Educa\u00e7\u00e3o da UFC e o Grupo de Pesquisa Tecendo Redes Cognitivas de Aprendizagem (G-TERCOA), tornam p\u00fablico o presente edital de submiss\u00e3o de trabalhos, para o I &hellip; <a href=\"https:\/\/blogs.multimeios.ufc.br\/iensf\/insricao-de-poster\/\">Continue lendo <span class=\"meta-nav\">&rarr;<\/span><\/a><\/p>\n","protected":false},"author":14,"featured_media":0,"parent":0,"menu_order":0,"comment_status":"closed","ping_status":"closed","template":"onecolumn-page.php","meta":{"footnotes":""},"class_list":["post-13","page","type-page","status-publish","hentry"],"yoast_head":"<!-- This site is optimized with the Yoast SEO plugin v27.3 - https:\/\/yoast.com\/product\/yoast-seo-wordpress\/ -->\n<title>Inscri\u00e7\u00f5es - I Encontro Nacional da Sequ\u00eancia Fedathi<\/title>\n<meta name=\"robots\" content=\"index, follow, max-snippet:-1, max-image-preview:large, max-video-preview:-1\" \/>\n<link rel=\"canonical\" href=\"https:\/\/blogs.multimeios.ufc.br\/iensf\/insricao-de-poster\/\" \/>\n<meta property=\"og:locale\" content=\"pt_BR\" \/>\n<meta property=\"og:type\" content=\"article\" \/>\n<meta property=\"og:title\" content=\"Inscri\u00e7\u00f5es - I Encontro Nacional da Sequ\u00eancia Fedathi\" \/>\n<meta property=\"og:description\" content=\"EDITAL DE SUBMISS\u00c3O DE RESUMOS &nbsp; O Laborat\u00f3rio de Pesquisa Multimeios da Faculdade de Educa\u00e7\u00e3o da UFC e o Grupo de Pesquisa Tecendo Redes Cognitivas de Aprendizagem (G-TERCOA), tornam p\u00fablico o presente edital de submiss\u00e3o de trabalhos, para o I &hellip; Continue lendo &rarr;\" \/>\n<meta property=\"og:url\" content=\"https:\/\/blogs.multimeios.ufc.br\/iensf\/insricao-de-poster\/\" \/>\n<meta property=\"og:site_name\" content=\"I Encontro Nacional da Sequ\u00eancia Fedathi\" \/>\n<meta property=\"article:modified_time\" content=\"2018-08-03T13:37:01+00:00\" \/>\n<meta name=\"twitter:card\" content=\"summary_large_image\" \/>\n<meta name=\"twitter:label1\" content=\"Est. tempo de leitura\" \/>\n\t<meta name=\"twitter:data1\" content=\"4 minutos\" \/>\n<script type=\"application\/ld+json\" class=\"yoast-schema-graph\">{\"@context\":\"https:\\\/\\\/schema.org\",\"@graph\":[{\"@type\":\"WebPage\",\"@id\":\"https:\\\/\\\/blogs.multimeios.ufc.br\\\/iensf\\\/insricao-de-poster\\\/\",\"url\":\"https:\\\/\\\/blogs.multimeios.ufc.br\\\/iensf\\\/insricao-de-poster\\\/\",\"name\":\"Inscri\u00e7\u00f5es - I Encontro Nacional da Sequ\u00eancia Fedathi\",\"isPartOf\":{\"@id\":\"https:\\\/\\\/blogs.multimeios.ufc.br\\\/iensf\\\/#website\"},\"datePublished\":\"2018-02-15T14:35:24+00:00\",\"dateModified\":\"2018-08-03T13:37:01+00:00\",\"inLanguage\":\"pt-BR\",\"potentialAction\":[{\"@type\":\"ReadAction\",\"target\":[\"https:\\\/\\\/blogs.multimeios.ufc.br\\\/iensf\\\/insricao-de-poster\\\/\"]}]},{\"@type\":\"WebSite\",\"@id\":\"https:\\\/\\\/blogs.multimeios.ufc.br\\\/iensf\\\/#website\",\"url\":\"https:\\\/\\\/blogs.multimeios.ufc.br\\\/iensf\\\/\",\"name\":\"I Encontro Nacional da Sequ\u00eancia Fedathi\",\"description\":\"Sequ\u00eancia Fedathi: 30 anos contribuindo com o ensino e a pesquisa para al\u00e9m das Ci\u00eancias Exatas\",\"potentialAction\":[{\"@type\":\"SearchAction\",\"target\":{\"@type\":\"EntryPoint\",\"urlTemplate\":\"https:\\\/\\\/blogs.multimeios.ufc.br\\\/iensf\\\/?s={search_term_string}\"},\"query-input\":{\"@type\":\"PropertyValueSpecification\",\"valueRequired\":true,\"valueName\":\"search_term_string\"}}],\"inLanguage\":\"pt-BR\"}]}<\/script>\n<!-- \/ Yoast SEO plugin. -->","yoast_head_json":{"title":"Inscri\u00e7\u00f5es - I Encontro Nacional da Sequ\u00eancia Fedathi","robots":{"index":"index","follow":"follow","max-snippet":"max-snippet:-1","max-image-preview":"max-image-preview:large","max-video-preview":"max-video-preview:-1"},"canonical":"https:\/\/blogs.multimeios.ufc.br\/iensf\/insricao-de-poster\/","og_locale":"pt_BR","og_type":"article","og_title":"Inscri\u00e7\u00f5es - I Encontro Nacional da Sequ\u00eancia Fedathi","og_description":"EDITAL DE SUBMISS\u00c3O DE RESUMOS &nbsp; O Laborat\u00f3rio de Pesquisa Multimeios da Faculdade de Educa\u00e7\u00e3o da UFC e o Grupo de Pesquisa Tecendo Redes Cognitivas de Aprendizagem (G-TERCOA), tornam p\u00fablico o presente edital de submiss\u00e3o de trabalhos, para o I &hellip; Continue lendo &rarr;","og_url":"https:\/\/blogs.multimeios.ufc.br\/iensf\/insricao-de-poster\/","og_site_name":"I Encontro Nacional da Sequ\u00eancia Fedathi","article_modified_time":"2018-08-03T13:37:01+00:00","twitter_card":"summary_large_image","twitter_misc":{"Est. tempo de leitura":"4 minutos"},"schema":{"@context":"https:\/\/schema.org","@graph":[{"@type":"WebPage","@id":"https:\/\/blogs.multimeios.ufc.br\/iensf\/insricao-de-poster\/","url":"https:\/\/blogs.multimeios.ufc.br\/iensf\/insricao-de-poster\/","name":"Inscri\u00e7\u00f5es - I Encontro Nacional da Sequ\u00eancia Fedathi","isPartOf":{"@id":"https:\/\/blogs.multimeios.ufc.br\/iensf\/#website"},"datePublished":"2018-02-15T14:35:24+00:00","dateModified":"2018-08-03T13:37:01+00:00","inLanguage":"pt-BR","potentialAction":[{"@type":"ReadAction","target":["https:\/\/blogs.multimeios.ufc.br\/iensf\/insricao-de-poster\/"]}]},{"@type":"WebSite","@id":"https:\/\/blogs.multimeios.ufc.br\/iensf\/#website","url":"https:\/\/blogs.multimeios.ufc.br\/iensf\/","name":"I Encontro Nacional da Sequ\u00eancia Fedathi","description":"Sequ\u00eancia Fedathi: 30 anos contribuindo com o ensino e a pesquisa para al\u00e9m das Ci\u00eancias Exatas","potentialAction":[{"@type":"SearchAction","target":{"@type":"EntryPoint","urlTemplate":"https:\/\/blogs.multimeios.ufc.br\/iensf\/?s={search_term_string}"},"query-input":{"@type":"PropertyValueSpecification","valueRequired":true,"valueName":"search_term_string"}}],"inLanguage":"pt-BR"}]}},"_links":{"self":[{"href":"https:\/\/blogs.multimeios.ufc.br\/iensf\/wp-json\/wp\/v2\/pages\/13","targetHints":{"allow":["GET"]}}],"collection":[{"href":"https:\/\/blogs.multimeios.ufc.br\/iensf\/wp-json\/wp\/v2\/pages"}],"about":[{"href":"https:\/\/blogs.multimeios.ufc.br\/iensf\/wp-json\/wp\/v2\/types\/page"}],"author":[{"embeddable":true,"href":"https:\/\/blogs.multimeios.ufc.br\/iensf\/wp-json\/wp\/v2\/users\/14"}],"replies":[{"embeddable":true,"href":"https:\/\/blogs.multimeios.ufc.br\/iensf\/wp-json\/wp\/v2\/comments?post=13"}],"version-history":[{"count":30,"href":"https:\/\/blogs.multimeios.ufc.br\/iensf\/wp-json\/wp\/v2\/pages\/13\/revisions"}],"predecessor-version":[{"id":326,"href":"https:\/\/blogs.multimeios.ufc.br\/iensf\/wp-json\/wp\/v2\/pages\/13\/revisions\/326"}],"wp:attachment":[{"href":"https:\/\/blogs.multimeios.ufc.br\/iensf\/wp-json\/wp\/v2\/media?parent=13"}],"curies":[{"name":"wp","href":"https:\/\/api.w.org\/{rel}","templated":true}]}}