{"id":177,"date":"2018-06-05T21:37:05","date_gmt":"2018-06-06T00:37:05","guid":{"rendered":"http:\/\/blogs.multimeios.ufc.br\/ensf\/?page_id=177"},"modified":"2018-06-06T14:40:37","modified_gmt":"2018-06-06T17:40:37","slug":"lancamentos","status":"publish","type":"page","link":"https:\/\/blogs.multimeios.ufc.br\/iensf\/lancamentos\/","title":{"rendered":"Lan\u00e7amentos"},"content":{"rendered":"<ul>\n<li><strong>Sequ\u00eancia Fedathi no Ensino da Matem\u00e1tica &#8211; Volume 1<\/strong><\/li>\n<li><strong>Sequ\u00eancia Fedathi Al\u00e9m das Ci\u00eancias Duras\u00a0 &#8211; Volu<\/strong><strong>me 2<\/strong><\/li>\n<li><strong>Sequ\u00eancia Fedathi &#8211; Fundamentos<\/strong><\/li>\n<li><strong>Tecendo Redes de Experi\u00eancias Cognitivas &#8211; Reflex\u00f5es entre a Teoria e a Pr\u00e1tica.<\/strong><img fetchpriority=\"high\" decoding=\"async\" class=\"size-medium wp-image-230 alignleft\" src=\"http:\/\/blogs.multimeios.ufc.br\/ensf\/files\/2018\/06\/1b62585a-0457-4abc-99bd-d44b01df96db-209x300.jpg\" alt=\"\" width=\"209\" height=\"300\" srcset=\"https:\/\/blogs.multimeios.ufc.br\/iensf\/files\/2018\/06\/1b62585a-0457-4abc-99bd-d44b01df96db-209x300.jpg 209w, https:\/\/blogs.multimeios.ufc.br\/iensf\/files\/2018\/06\/1b62585a-0457-4abc-99bd-d44b01df96db.jpg 412w\" sizes=\"(max-width: 209px) 100vw, 209px\" \/><\/li>\n<\/ul>\n<p>&nbsp;<\/p>\n<p><img decoding=\"async\" class=\"wp-image-187 alignright\" src=\"http:\/\/blogs.multimeios.ufc.br\/ensf\/files\/2018\/06\/LIVRO4-300x281.png\" alt=\"\" width=\"215\" height=\"201\" srcset=\"https:\/\/blogs.multimeios.ufc.br\/iensf\/files\/2018\/06\/LIVRO4-300x281.png 300w, https:\/\/blogs.multimeios.ufc.br\/iensf\/files\/2018\/06\/LIVRO4-768x719.png 768w, https:\/\/blogs.multimeios.ufc.br\/iensf\/files\/2018\/06\/LIVRO4.png 819w\" sizes=\"(max-width: 215px) 100vw, 215px\" \/><img decoding=\"async\" class=\"wp-image-185 aligncenter\" src=\"http:\/\/blogs.multimeios.ufc.br\/ensf\/files\/2018\/06\/livro-3-300x254.png\" alt=\"\" width=\"291\" height=\"246\" srcset=\"https:\/\/blogs.multimeios.ufc.br\/iensf\/files\/2018\/06\/livro-3-300x254.png 300w, https:\/\/blogs.multimeios.ufc.br\/iensf\/files\/2018\/06\/livro-3-768x650.png 768w, https:\/\/blogs.multimeios.ufc.br\/iensf\/files\/2018\/06\/livro-3.png 819w\" sizes=\"(max-width: 291px) 100vw, 291px\" \/><\/p>\n","protected":false},"excerpt":{"rendered":"<p>Sequ\u00eancia Fedathi no Ensino da Matem\u00e1tica &#8211; Volume 1 Sequ\u00eancia Fedathi Al\u00e9m das Ci\u00eancias Duras\u00a0 &#8211; Volume 2 Sequ\u00eancia Fedathi &#8211; Fundamentos Tecendo Redes de Experi\u00eancias Cognitivas &#8211; Reflex\u00f5es entre a Teoria e a Pr\u00e1tica. &nbsp;<\/p>\n","protected":false},"author":14,"featured_media":0,"parent":0,"menu_order":0,"comment_status":"closed","ping_status":"closed","template":"","meta":{"footnotes":""},"class_list":["post-177","page","type-page","status-publish","hentry"],"yoast_head":"<!-- This site is optimized with the Yoast SEO plugin v27.3 - https:\/\/yoast.com\/product\/yoast-seo-wordpress\/ -->\n<title>Lan\u00e7amentos - I Encontro Nacional da Sequ\u00eancia Fedathi<\/title>\n<meta name=\"robots\" content=\"index, follow, max-snippet:-1, max-image-preview:large, max-video-preview:-1\" \/>\n<link rel=\"canonical\" href=\"https:\/\/blogs.multimeios.ufc.br\/iensf\/lancamentos\/\" \/>\n<meta property=\"og:locale\" content=\"pt_BR\" \/>\n<meta property=\"og:type\" content=\"article\" \/>\n<meta property=\"og:title\" content=\"Lan\u00e7amentos - I Encontro Nacional da Sequ\u00eancia Fedathi\" \/>\n<meta property=\"og:description\" content=\"Sequ\u00eancia Fedathi no Ensino da Matem\u00e1tica &#8211; Volume 1 Sequ\u00eancia Fedathi Al\u00e9m das Ci\u00eancias Duras\u00a0 &#8211; Volume 2 Sequ\u00eancia Fedathi &#8211; Fundamentos Tecendo Redes de Experi\u00eancias Cognitivas &#8211; Reflex\u00f5es entre a Teoria e a Pr\u00e1tica. &nbsp;\" \/>\n<meta property=\"og:url\" content=\"https:\/\/blogs.multimeios.ufc.br\/iensf\/lancamentos\/\" \/>\n<meta property=\"og:site_name\" content=\"I Encontro Nacional da Sequ\u00eancia Fedathi\" \/>\n<meta property=\"article:modified_time\" content=\"2018-06-06T17:40:37+00:00\" \/>\n<meta property=\"og:image\" content=\"http:\/\/blogs.multimeios.ufc.br\/ensf\/files\/2018\/06\/1b62585a-0457-4abc-99bd-d44b01df96db-209x300.jpg\" \/>\n<meta name=\"twitter:card\" content=\"summary_large_image\" \/>\n<script type=\"application\/ld+json\" class=\"yoast-schema-graph\">{\"@context\":\"https:\\\/\\\/schema.org\",\"@graph\":[{\"@type\":\"WebPage\",\"@id\":\"https:\\\/\\\/blogs.multimeios.ufc.br\\\/iensf\\\/lancamentos\\\/\",\"url\":\"https:\\\/\\\/blogs.multimeios.ufc.br\\\/iensf\\\/lancamentos\\\/\",\"name\":\"Lan\u00e7amentos - I Encontro Nacional da Sequ\u00eancia Fedathi\",\"isPartOf\":{\"@id\":\"https:\\\/\\\/blogs.multimeios.ufc.br\\\/iensf\\\/#website\"},\"primaryImageOfPage\":{\"@id\":\"https:\\\/\\\/blogs.multimeios.ufc.br\\\/iensf\\\/lancamentos\\\/#primaryimage\"},\"image\":{\"@id\":\"https:\\\/\\\/blogs.multimeios.ufc.br\\\/iensf\\\/lancamentos\\\/#primaryimage\"},\"thumbnailUrl\":\"http:\\\/\\\/blogs.multimeios.ufc.br\\\/ensf\\\/files\\\/2018\\\/06\\\/1b62585a-0457-4abc-99bd-d44b01df96db-209x300.jpg\",\"datePublished\":\"2018-06-06T00:37:05+00:00\",\"dateModified\":\"2018-06-06T17:40:37+00:00\",\"inLanguage\":\"pt-BR\",\"potentialAction\":[{\"@type\":\"ReadAction\",\"target\":[\"https:\\\/\\\/blogs.multimeios.ufc.br\\\/iensf\\\/lancamentos\\\/\"]}]},{\"@type\":\"ImageObject\",\"inLanguage\":\"pt-BR\",\"@id\":\"https:\\\/\\\/blogs.multimeios.ufc.br\\\/iensf\\\/lancamentos\\\/#primaryimage\",\"url\":\"http:\\\/\\\/blogs.multimeios.ufc.br\\\/ensf\\\/files\\\/2018\\\/06\\\/1b62585a-0457-4abc-99bd-d44b01df96db-209x300.jpg\",\"contentUrl\":\"http:\\\/\\\/blogs.multimeios.ufc.br\\\/ensf\\\/files\\\/2018\\\/06\\\/1b62585a-0457-4abc-99bd-d44b01df96db-209x300.jpg\"},{\"@type\":\"WebSite\",\"@id\":\"https:\\\/\\\/blogs.multimeios.ufc.br\\\/iensf\\\/#website\",\"url\":\"https:\\\/\\\/blogs.multimeios.ufc.br\\\/iensf\\\/\",\"name\":\"I Encontro Nacional da Sequ\u00eancia Fedathi\",\"description\":\"Sequ\u00eancia Fedathi: 30 anos contribuindo com o ensino e a pesquisa para al\u00e9m das Ci\u00eancias Exatas\",\"potentialAction\":[{\"@type\":\"SearchAction\",\"target\":{\"@type\":\"EntryPoint\",\"urlTemplate\":\"https:\\\/\\\/blogs.multimeios.ufc.br\\\/iensf\\\/?s={search_term_string}\"},\"query-input\":{\"@type\":\"PropertyValueSpecification\",\"valueRequired\":true,\"valueName\":\"search_term_string\"}}],\"inLanguage\":\"pt-BR\"}]}<\/script>\n<!-- \/ Yoast SEO plugin. -->","yoast_head_json":{"title":"Lan\u00e7amentos - I Encontro Nacional da Sequ\u00eancia Fedathi","robots":{"index":"index","follow":"follow","max-snippet":"max-snippet:-1","max-image-preview":"max-image-preview:large","max-video-preview":"max-video-preview:-1"},"canonical":"https:\/\/blogs.multimeios.ufc.br\/iensf\/lancamentos\/","og_locale":"pt_BR","og_type":"article","og_title":"Lan\u00e7amentos - I Encontro Nacional da Sequ\u00eancia Fedathi","og_description":"Sequ\u00eancia Fedathi no Ensino da Matem\u00e1tica &#8211; Volume 1 Sequ\u00eancia Fedathi Al\u00e9m das Ci\u00eancias Duras\u00a0 &#8211; Volume 2 Sequ\u00eancia Fedathi &#8211; Fundamentos Tecendo Redes de Experi\u00eancias Cognitivas &#8211; Reflex\u00f5es entre a Teoria e a Pr\u00e1tica. &nbsp;","og_url":"https:\/\/blogs.multimeios.ufc.br\/iensf\/lancamentos\/","og_site_name":"I Encontro Nacional da Sequ\u00eancia Fedathi","article_modified_time":"2018-06-06T17:40:37+00:00","og_image":[{"url":"http:\/\/blogs.multimeios.ufc.br\/ensf\/files\/2018\/06\/1b62585a-0457-4abc-99bd-d44b01df96db-209x300.jpg","type":"","width":"","height":""}],"twitter_card":"summary_large_image","schema":{"@context":"https:\/\/schema.org","@graph":[{"@type":"WebPage","@id":"https:\/\/blogs.multimeios.ufc.br\/iensf\/lancamentos\/","url":"https:\/\/blogs.multimeios.ufc.br\/iensf\/lancamentos\/","name":"Lan\u00e7amentos - I Encontro Nacional da Sequ\u00eancia Fedathi","isPartOf":{"@id":"https:\/\/blogs.multimeios.ufc.br\/iensf\/#website"},"primaryImageOfPage":{"@id":"https:\/\/blogs.multimeios.ufc.br\/iensf\/lancamentos\/#primaryimage"},"image":{"@id":"https:\/\/blogs.multimeios.ufc.br\/iensf\/lancamentos\/#primaryimage"},"thumbnailUrl":"http:\/\/blogs.multimeios.ufc.br\/ensf\/files\/2018\/06\/1b62585a-0457-4abc-99bd-d44b01df96db-209x300.jpg","datePublished":"2018-06-06T00:37:05+00:00","dateModified":"2018-06-06T17:40:37+00:00","inLanguage":"pt-BR","potentialAction":[{"@type":"ReadAction","target":["https:\/\/blogs.multimeios.ufc.br\/iensf\/lancamentos\/"]}]},{"@type":"ImageObject","inLanguage":"pt-BR","@id":"https:\/\/blogs.multimeios.ufc.br\/iensf\/lancamentos\/#primaryimage","url":"http:\/\/blogs.multimeios.ufc.br\/ensf\/files\/2018\/06\/1b62585a-0457-4abc-99bd-d44b01df96db-209x300.jpg","contentUrl":"http:\/\/blogs.multimeios.ufc.br\/ensf\/files\/2018\/06\/1b62585a-0457-4abc-99bd-d44b01df96db-209x300.jpg"},{"@type":"WebSite","@id":"https:\/\/blogs.multimeios.ufc.br\/iensf\/#website","url":"https:\/\/blogs.multimeios.ufc.br\/iensf\/","name":"I Encontro Nacional da Sequ\u00eancia Fedathi","description":"Sequ\u00eancia Fedathi: 30 anos contribuindo com o ensino e a pesquisa para al\u00e9m das Ci\u00eancias Exatas","potentialAction":[{"@type":"SearchAction","target":{"@type":"EntryPoint","urlTemplate":"https:\/\/blogs.multimeios.ufc.br\/iensf\/?s={search_term_string}"},"query-input":{"@type":"PropertyValueSpecification","valueRequired":true,"valueName":"search_term_string"}}],"inLanguage":"pt-BR"}]}},"_links":{"self":[{"href":"https:\/\/blogs.multimeios.ufc.br\/iensf\/wp-json\/wp\/v2\/pages\/177","targetHints":{"allow":["GET"]}}],"collection":[{"href":"https:\/\/blogs.multimeios.ufc.br\/iensf\/wp-json\/wp\/v2\/pages"}],"about":[{"href":"https:\/\/blogs.multimeios.ufc.br\/iensf\/wp-json\/wp\/v2\/types\/page"}],"author":[{"embeddable":true,"href":"https:\/\/blogs.multimeios.ufc.br\/iensf\/wp-json\/wp\/v2\/users\/14"}],"replies":[{"embeddable":true,"href":"https:\/\/blogs.multimeios.ufc.br\/iensf\/wp-json\/wp\/v2\/comments?post=177"}],"version-history":[{"count":9,"href":"https:\/\/blogs.multimeios.ufc.br\/iensf\/wp-json\/wp\/v2\/pages\/177\/revisions"}],"predecessor-version":[{"id":234,"href":"https:\/\/blogs.multimeios.ufc.br\/iensf\/wp-json\/wp\/v2\/pages\/177\/revisions\/234"}],"wp:attachment":[{"href":"https:\/\/blogs.multimeios.ufc.br\/iensf\/wp-json\/wp\/v2\/media?parent=177"}],"curies":[{"name":"wp","href":"https:\/\/api.w.org\/{rel}","templated":true}]}}