{"id":2,"date":"2018-02-05T12:05:17","date_gmt":"2018-02-05T14:05:17","guid":{"rendered":"http:\/\/blogs.multimeios.ufc.br\/ensf\/?page_id=2"},"modified":"2018-05-15T09:35:22","modified_gmt":"2018-05-15T12:35:22","slug":"pagina-exemplo","status":"publish","type":"page","link":"https:\/\/blogs.multimeios.ufc.br\/iensf\/pagina-exemplo\/","title":{"rendered":"Comiss\u00e3o Cient\u00edfica"},"content":{"rendered":"<ul>\n<li>\n<h4><a href=\"http:\/\/buscatextual.cnpq.br\/buscatextual\/visualizacv.do?id=K4727014H5\" target=\"_blank\" rel=\"noopener\">Prof. Herm\u00ednio Borges Neto<\/a>\u00a0 &#8211; herminio@multimeios.ufc.br<\/h4>\n<\/li>\n<li>\n<h4><a href=\"http:\/\/buscatextual.cnpq.br\/buscatextual\/visualizacv.do?id=K4705645J1\">Prof\u00aa\u00a0 Ana Cl\u00e1udia Mendon\u00e7a Pinheiro<\/a> &#8211; acmpinheiro@gmail.com<\/h4>\n<\/li>\n<li>\n<h4><a href=\"http:\/\/buscatextual.cnpq.br\/buscatextual\/visualizacv.do?id=K4739975U6\">Prof\u00aa Maria Jos\u00e9 Costa dos Santos<\/a> &#8211; mazzesantos@ufc.br<\/h4>\n<\/li>\n<li>\n<h4><a href=\"http:\/\/buscatextual.cnpq.br\/buscatextual\/visualizacv.do?id=K4778699T4\">Prof. Francisco Edisom Eug\u00eanio de Sousa<\/a> &#8211; edisomeugenio@yahoo.com.br<\/h4>\n<\/li>\n<li>\n<h4><a href=\"http:\/\/buscatextual.cnpq.br\/buscatextual\/visualizacv.do?id=K4795233H9\">Prof\u00aa Maria Jos\u00e9 Ara\u00fajo Souza<\/a> -mazesobral@yahoo.com.br<\/h4>\n<\/li>\n<li>\n<h4><a href=\"http:\/\/buscatextual.cnpq.br\/buscatextual\/visualizacv.do?id=K4766235T5\">Prof\u00aa Ant\u00f4nia Lis de Maria Martins Torres<\/a> &#8211; lisdemaria@multimeios.ufc.br<\/h4>\n<\/li>\n<\/ul>\n","protected":false},"excerpt":{"rendered":"<p>Prof. Herm\u00ednio Borges Neto\u00a0 &#8211; herminio@multimeios.ufc.br Prof\u00aa\u00a0 Ana Cl\u00e1udia Mendon\u00e7a Pinheiro &#8211; acmpinheiro@gmail.com Prof\u00aa Maria Jos\u00e9 Costa dos Santos &#8211; mazzesantos@ufc.br Prof. Francisco Edisom Eug\u00eanio de Sousa &#8211; edisomeugenio@yahoo.com.br Prof\u00aa Maria Jos\u00e9 Ara\u00fajo Souza -mazesobral@yahoo.com.br Prof\u00aa Ant\u00f4nia Lis de Maria &hellip; <a href=\"https:\/\/blogs.multimeios.ufc.br\/iensf\/pagina-exemplo\/\">Continue lendo <span class=\"meta-nav\">&rarr;<\/span><\/a><\/p>\n","protected":false},"author":2,"featured_media":0,"parent":0,"menu_order":0,"comment_status":"closed","ping_status":"open","template":"","meta":{"footnotes":""},"class_list":["post-2","page","type-page","status-publish","hentry"],"yoast_head":"<!-- This site is optimized with the Yoast SEO plugin v27.4 - https:\/\/yoast.com\/product\/yoast-seo-wordpress\/ -->\n<title>Comiss\u00e3o Cient\u00edfica - I Encontro Nacional da Sequ\u00eancia Fedathi<\/title>\n<meta name=\"robots\" content=\"index, follow, max-snippet:-1, max-image-preview:large, max-video-preview:-1\" \/>\n<link rel=\"canonical\" href=\"https:\/\/blogs.multimeios.ufc.br\/iensf\/pagina-exemplo\/\" \/>\n<meta property=\"og:locale\" content=\"pt_BR\" \/>\n<meta property=\"og:type\" content=\"article\" \/>\n<meta property=\"og:title\" content=\"Comiss\u00e3o Cient\u00edfica - I Encontro Nacional da Sequ\u00eancia Fedathi\" \/>\n<meta property=\"og:description\" content=\"Prof. Herm\u00ednio Borges Neto\u00a0 &#8211; herminio@multimeios.ufc.br Prof\u00aa\u00a0 Ana Cl\u00e1udia Mendon\u00e7a Pinheiro &#8211; acmpinheiro@gmail.com Prof\u00aa Maria Jos\u00e9 Costa dos Santos &#8211; mazzesantos@ufc.br Prof. Francisco Edisom Eug\u00eanio de Sousa &#8211; edisomeugenio@yahoo.com.br Prof\u00aa Maria Jos\u00e9 Ara\u00fajo Souza -mazesobral@yahoo.com.br Prof\u00aa Ant\u00f4nia Lis de Maria &hellip; Continue lendo &rarr;\" \/>\n<meta property=\"og:url\" content=\"https:\/\/blogs.multimeios.ufc.br\/iensf\/pagina-exemplo\/\" \/>\n<meta property=\"og:site_name\" content=\"I Encontro Nacional da Sequ\u00eancia Fedathi\" \/>\n<meta property=\"article:modified_time\" content=\"2018-05-15T12:35:22+00:00\" \/>\n<meta name=\"twitter:card\" content=\"summary_large_image\" \/>\n<script type=\"application\/ld+json\" class=\"yoast-schema-graph\">{\"@context\":\"https:\\\/\\\/schema.org\",\"@graph\":[{\"@type\":\"WebPage\",\"@id\":\"https:\\\/\\\/blogs.multimeios.ufc.br\\\/iensf\\\/pagina-exemplo\\\/\",\"url\":\"https:\\\/\\\/blogs.multimeios.ufc.br\\\/iensf\\\/pagina-exemplo\\\/\",\"name\":\"Comiss\u00e3o Cient\u00edfica - I Encontro Nacional da Sequ\u00eancia Fedathi\",\"isPartOf\":{\"@id\":\"https:\\\/\\\/blogs.multimeios.ufc.br\\\/iensf\\\/#website\"},\"datePublished\":\"2018-02-05T14:05:17+00:00\",\"dateModified\":\"2018-05-15T12:35:22+00:00\",\"inLanguage\":\"pt-BR\",\"potentialAction\":[{\"@type\":\"ReadAction\",\"target\":[\"https:\\\/\\\/blogs.multimeios.ufc.br\\\/iensf\\\/pagina-exemplo\\\/\"]}]},{\"@type\":\"WebSite\",\"@id\":\"https:\\\/\\\/blogs.multimeios.ufc.br\\\/iensf\\\/#website\",\"url\":\"https:\\\/\\\/blogs.multimeios.ufc.br\\\/iensf\\\/\",\"name\":\"I Encontro Nacional da Sequ\u00eancia Fedathi\",\"description\":\"Sequ\u00eancia Fedathi: 30 anos contribuindo com o ensino e a pesquisa para al\u00e9m das Ci\u00eancias Exatas\",\"potentialAction\":[{\"@type\":\"SearchAction\",\"target\":{\"@type\":\"EntryPoint\",\"urlTemplate\":\"https:\\\/\\\/blogs.multimeios.ufc.br\\\/iensf\\\/?s={search_term_string}\"},\"query-input\":{\"@type\":\"PropertyValueSpecification\",\"valueRequired\":true,\"valueName\":\"search_term_string\"}}],\"inLanguage\":\"pt-BR\"}]}<\/script>\n<!-- \/ Yoast SEO plugin. -->","yoast_head_json":{"title":"Comiss\u00e3o Cient\u00edfica - I Encontro Nacional da Sequ\u00eancia Fedathi","robots":{"index":"index","follow":"follow","max-snippet":"max-snippet:-1","max-image-preview":"max-image-preview:large","max-video-preview":"max-video-preview:-1"},"canonical":"https:\/\/blogs.multimeios.ufc.br\/iensf\/pagina-exemplo\/","og_locale":"pt_BR","og_type":"article","og_title":"Comiss\u00e3o Cient\u00edfica - I Encontro Nacional da Sequ\u00eancia Fedathi","og_description":"Prof. Herm\u00ednio Borges Neto\u00a0 &#8211; herminio@multimeios.ufc.br Prof\u00aa\u00a0 Ana Cl\u00e1udia Mendon\u00e7a Pinheiro &#8211; acmpinheiro@gmail.com Prof\u00aa Maria Jos\u00e9 Costa dos Santos &#8211; mazzesantos@ufc.br Prof. Francisco Edisom Eug\u00eanio de Sousa &#8211; edisomeugenio@yahoo.com.br Prof\u00aa Maria Jos\u00e9 Ara\u00fajo Souza -mazesobral@yahoo.com.br Prof\u00aa Ant\u00f4nia Lis de Maria &hellip; Continue lendo &rarr;","og_url":"https:\/\/blogs.multimeios.ufc.br\/iensf\/pagina-exemplo\/","og_site_name":"I Encontro Nacional da Sequ\u00eancia Fedathi","article_modified_time":"2018-05-15T12:35:22+00:00","twitter_card":"summary_large_image","schema":{"@context":"https:\/\/schema.org","@graph":[{"@type":"WebPage","@id":"https:\/\/blogs.multimeios.ufc.br\/iensf\/pagina-exemplo\/","url":"https:\/\/blogs.multimeios.ufc.br\/iensf\/pagina-exemplo\/","name":"Comiss\u00e3o Cient\u00edfica - I Encontro Nacional da Sequ\u00eancia Fedathi","isPartOf":{"@id":"https:\/\/blogs.multimeios.ufc.br\/iensf\/#website"},"datePublished":"2018-02-05T14:05:17+00:00","dateModified":"2018-05-15T12:35:22+00:00","inLanguage":"pt-BR","potentialAction":[{"@type":"ReadAction","target":["https:\/\/blogs.multimeios.ufc.br\/iensf\/pagina-exemplo\/"]}]},{"@type":"WebSite","@id":"https:\/\/blogs.multimeios.ufc.br\/iensf\/#website","url":"https:\/\/blogs.multimeios.ufc.br\/iensf\/","name":"I Encontro Nacional da Sequ\u00eancia Fedathi","description":"Sequ\u00eancia Fedathi: 30 anos contribuindo com o ensino e a pesquisa para al\u00e9m das Ci\u00eancias Exatas","potentialAction":[{"@type":"SearchAction","target":{"@type":"EntryPoint","urlTemplate":"https:\/\/blogs.multimeios.ufc.br\/iensf\/?s={search_term_string}"},"query-input":{"@type":"PropertyValueSpecification","valueRequired":true,"valueName":"search_term_string"}}],"inLanguage":"pt-BR"}]}},"_links":{"self":[{"href":"https:\/\/blogs.multimeios.ufc.br\/iensf\/wp-json\/wp\/v2\/pages\/2","targetHints":{"allow":["GET"]}}],"collection":[{"href":"https:\/\/blogs.multimeios.ufc.br\/iensf\/wp-json\/wp\/v2\/pages"}],"about":[{"href":"https:\/\/blogs.multimeios.ufc.br\/iensf\/wp-json\/wp\/v2\/types\/page"}],"author":[{"embeddable":true,"href":"https:\/\/blogs.multimeios.ufc.br\/iensf\/wp-json\/wp\/v2\/users\/2"}],"replies":[{"embeddable":true,"href":"https:\/\/blogs.multimeios.ufc.br\/iensf\/wp-json\/wp\/v2\/comments?post=2"}],"version-history":[{"count":16,"href":"https:\/\/blogs.multimeios.ufc.br\/iensf\/wp-json\/wp\/v2\/pages\/2\/revisions"}],"predecessor-version":[{"id":158,"href":"https:\/\/blogs.multimeios.ufc.br\/iensf\/wp-json\/wp\/v2\/pages\/2\/revisions\/158"}],"wp:attachment":[{"href":"https:\/\/blogs.multimeios.ufc.br\/iensf\/wp-json\/wp\/v2\/media?parent=2"}],"curies":[{"name":"wp","href":"https:\/\/api.w.org\/{rel}","templated":true}]}}