{"id":280,"date":"2018-06-25T22:41:40","date_gmt":"2018-06-26T01:41:40","guid":{"rendered":"http:\/\/blogs.multimeios.ufc.br\/ensf\/?page_id=280"},"modified":"2018-06-25T22:53:07","modified_gmt":"2018-06-26T01:53:07","slug":"tela-do-expediente","status":"publish","type":"page","link":"https:\/\/blogs.multimeios.ufc.br\/iensf\/tela-do-expediente\/","title":{"rendered":"Tela do Expediente"},"content":{"rendered":"<h1><span style=\"color: #000000\"><strong>CORPO EDITORIAL<\/strong><\/span><\/h1>\n<ul>\n<li>\n<h4><span style=\"color: #000000\"><a style=\"color: #000000\" href=\"http:\/\/buscatextual.cnpq.br\/buscatextual\/visualizacv.do?id=K4727014H5\" target=\"_blank\" rel=\"noopener\">Prof. Herm\u00ednio Borges Neto<\/a>\u00a0 \u2013 herminio@multimeios.ufc.br<\/span><\/h4>\n<\/li>\n<li>\n<h4><span style=\"color: #000000\"><a style=\"color: #000000\" href=\"http:\/\/buscatextual.cnpq.br\/buscatextual\/visualizacv.do?id=K4705645J1\">Prof\u00aa\u00a0 Ana Cl\u00e1udia Mendon\u00e7a Pinheiro<\/a> \u2013 acmpinheiro@gmail.com<\/span><\/h4>\n<\/li>\n<li>\n<h4><span style=\"color: #000000\"><a style=\"color: #000000\" href=\"http:\/\/buscatextual.cnpq.br\/buscatextual\/visualizacv.do?id=K4739975U6\">Prof\u00aa Maria Jos\u00e9 Costa dos Santos<\/a> \u2013 mazzesantos@ufc.br<\/span><\/h4>\n<\/li>\n<li>\n<h4><span style=\"color: #000000\"><a style=\"color: #000000\" href=\"http:\/\/buscatextual.cnpq.br\/buscatextual\/visualizacv.do?id=K4778699T4\">Prof. Francisco Edisom Eug\u00eanio de Sousa<\/a> \u2013 edisomeugenio@yahoo.com.br<\/span><\/h4>\n<\/li>\n<li>\n<h4><span style=\"color: #000000\"><a style=\"color: #000000\" href=\"http:\/\/buscatextual.cnpq.br\/buscatextual\/visualizacv.do?id=K4795233H9\">Prof\u00aa Maria Jos\u00e9 Ara\u00fajo Souza<\/a> -mazesobral@yahoo.com.br<\/span><\/h4>\n<\/li>\n<li>\n<h4><span style=\"color: #000000\"><a style=\"color: #000000\" href=\"http:\/\/buscatextual.cnpq.br\/buscatextual\/visualizacv.do?id=K4766235T5\">Prof\u00aa Ant\u00f4nia Lis de Maria Martins Torres<\/a> \u2013 lisdemaria@multimeios.ufc.br<\/span><\/h4>\n<\/li>\n<\/ul>\n<h1><strong><span style=\"color: #000000\">PERIODICIDADE DA PUBLICA\u00c7\u00c3O<\/span><\/strong><\/h1>\n<p><span style=\"color: #000000\">Bienal<\/span><\/p>\n<h1><strong><span style=\"color: #000000\">AUTOR CORPORATIVO<\/span><\/strong><\/h1>\n<p><span style=\"color: #000000\">Laborat\u00f3rio de Pesquisas Multimeios: coordenado pelo Prof. Dr. Herm\u00ednio Borges Neto<\/span><\/p>\n<p><span style=\"color: #000000\">Rua Waldery Uchoa, 1 &#8211; Benfica &#8211; Fortaleza, Cear\u00e1 &#8211; Brasil &#8211; Cep: 60.020-110.<span class=\"txtvermelho\"> Fone\/Fax: +55 85 3366.7687<\/span><\/span><\/p>\n<h1><span style=\"color: #000000\"><strong>EDITORA RESPONS\u00c1VEL PELA PUBLICA\u00c7\u00c3O<\/strong> <\/span><\/h1>\n<p><span style=\"color: #000000\">Laborat\u00f3rio de Pesquisas Multimeios<\/span><\/p>\n","protected":false},"excerpt":{"rendered":"<p>CORPO EDITORIAL Prof. Herm\u00ednio Borges Neto\u00a0 \u2013 herminio@multimeios.ufc.br Prof\u00aa\u00a0 Ana Cl\u00e1udia Mendon\u00e7a Pinheiro \u2013 acmpinheiro@gmail.com Prof\u00aa Maria Jos\u00e9 Costa dos Santos \u2013 mazzesantos@ufc.br Prof. Francisco Edisom Eug\u00eanio de Sousa \u2013 edisomeugenio@yahoo.com.br Prof\u00aa Maria Jos\u00e9 Ara\u00fajo Souza -mazesobral@yahoo.com.br Prof\u00aa Ant\u00f4nia Lis &hellip; <a href=\"https:\/\/blogs.multimeios.ufc.br\/iensf\/tela-do-expediente\/\">Continue lendo <span class=\"meta-nav\">&rarr;<\/span><\/a><\/p>\n","protected":false},"author":13,"featured_media":0,"parent":0,"menu_order":0,"comment_status":"closed","ping_status":"closed","template":"onecolumn-page.php","meta":{"footnotes":""},"class_list":["post-280","page","type-page","status-publish","hentry"],"yoast_head":"<!-- This site is optimized with the Yoast SEO plugin v27.3 - https:\/\/yoast.com\/product\/yoast-seo-wordpress\/ -->\n<title>Tela do Expediente - I Encontro Nacional da Sequ\u00eancia Fedathi<\/title>\n<meta name=\"robots\" content=\"index, follow, max-snippet:-1, max-image-preview:large, max-video-preview:-1\" \/>\n<link rel=\"canonical\" href=\"https:\/\/blogs.multimeios.ufc.br\/iensf\/tela-do-expediente\/\" \/>\n<meta property=\"og:locale\" content=\"pt_BR\" \/>\n<meta property=\"og:type\" content=\"article\" \/>\n<meta property=\"og:title\" content=\"Tela do Expediente - I Encontro Nacional da Sequ\u00eancia Fedathi\" \/>\n<meta property=\"og:description\" content=\"CORPO EDITORIAL Prof. Herm\u00ednio Borges Neto\u00a0 \u2013 herminio@multimeios.ufc.br Prof\u00aa\u00a0 Ana Cl\u00e1udia Mendon\u00e7a Pinheiro \u2013 acmpinheiro@gmail.com Prof\u00aa Maria Jos\u00e9 Costa dos Santos \u2013 mazzesantos@ufc.br Prof. Francisco Edisom Eug\u00eanio de Sousa \u2013 edisomeugenio@yahoo.com.br Prof\u00aa Maria Jos\u00e9 Ara\u00fajo Souza -mazesobral@yahoo.com.br Prof\u00aa Ant\u00f4nia Lis &hellip; Continue lendo &rarr;\" \/>\n<meta property=\"og:url\" content=\"https:\/\/blogs.multimeios.ufc.br\/iensf\/tela-do-expediente\/\" \/>\n<meta property=\"og:site_name\" content=\"I Encontro Nacional da Sequ\u00eancia Fedathi\" \/>\n<meta property=\"article:modified_time\" content=\"2018-06-26T01:53:07+00:00\" \/>\n<meta name=\"twitter:card\" content=\"summary_large_image\" \/>\n<meta name=\"twitter:label1\" content=\"Est. tempo de leitura\" \/>\n\t<meta name=\"twitter:data1\" content=\"1 minuto\" \/>\n<script type=\"application\/ld+json\" class=\"yoast-schema-graph\">{\"@context\":\"https:\\\/\\\/schema.org\",\"@graph\":[{\"@type\":\"WebPage\",\"@id\":\"https:\\\/\\\/blogs.multimeios.ufc.br\\\/iensf\\\/tela-do-expediente\\\/\",\"url\":\"https:\\\/\\\/blogs.multimeios.ufc.br\\\/iensf\\\/tela-do-expediente\\\/\",\"name\":\"Tela do Expediente - I Encontro Nacional da Sequ\u00eancia Fedathi\",\"isPartOf\":{\"@id\":\"https:\\\/\\\/blogs.multimeios.ufc.br\\\/iensf\\\/#website\"},\"datePublished\":\"2018-06-26T01:41:40+00:00\",\"dateModified\":\"2018-06-26T01:53:07+00:00\",\"inLanguage\":\"pt-BR\",\"potentialAction\":[{\"@type\":\"ReadAction\",\"target\":[\"https:\\\/\\\/blogs.multimeios.ufc.br\\\/iensf\\\/tela-do-expediente\\\/\"]}]},{\"@type\":\"WebSite\",\"@id\":\"https:\\\/\\\/blogs.multimeios.ufc.br\\\/iensf\\\/#website\",\"url\":\"https:\\\/\\\/blogs.multimeios.ufc.br\\\/iensf\\\/\",\"name\":\"I Encontro Nacional da Sequ\u00eancia Fedathi\",\"description\":\"Sequ\u00eancia Fedathi: 30 anos contribuindo com o ensino e a pesquisa para al\u00e9m das Ci\u00eancias Exatas\",\"potentialAction\":[{\"@type\":\"SearchAction\",\"target\":{\"@type\":\"EntryPoint\",\"urlTemplate\":\"https:\\\/\\\/blogs.multimeios.ufc.br\\\/iensf\\\/?s={search_term_string}\"},\"query-input\":{\"@type\":\"PropertyValueSpecification\",\"valueRequired\":true,\"valueName\":\"search_term_string\"}}],\"inLanguage\":\"pt-BR\"}]}<\/script>\n<!-- \/ Yoast SEO plugin. -->","yoast_head_json":{"title":"Tela do Expediente - I Encontro Nacional da Sequ\u00eancia Fedathi","robots":{"index":"index","follow":"follow","max-snippet":"max-snippet:-1","max-image-preview":"max-image-preview:large","max-video-preview":"max-video-preview:-1"},"canonical":"https:\/\/blogs.multimeios.ufc.br\/iensf\/tela-do-expediente\/","og_locale":"pt_BR","og_type":"article","og_title":"Tela do Expediente - I Encontro Nacional da Sequ\u00eancia Fedathi","og_description":"CORPO EDITORIAL Prof. Herm\u00ednio Borges Neto\u00a0 \u2013 herminio@multimeios.ufc.br Prof\u00aa\u00a0 Ana Cl\u00e1udia Mendon\u00e7a Pinheiro \u2013 acmpinheiro@gmail.com Prof\u00aa Maria Jos\u00e9 Costa dos Santos \u2013 mazzesantos@ufc.br Prof. Francisco Edisom Eug\u00eanio de Sousa \u2013 edisomeugenio@yahoo.com.br Prof\u00aa Maria Jos\u00e9 Ara\u00fajo Souza -mazesobral@yahoo.com.br Prof\u00aa Ant\u00f4nia Lis &hellip; Continue lendo &rarr;","og_url":"https:\/\/blogs.multimeios.ufc.br\/iensf\/tela-do-expediente\/","og_site_name":"I Encontro Nacional da Sequ\u00eancia Fedathi","article_modified_time":"2018-06-26T01:53:07+00:00","twitter_card":"summary_large_image","twitter_misc":{"Est. tempo de leitura":"1 minuto"},"schema":{"@context":"https:\/\/schema.org","@graph":[{"@type":"WebPage","@id":"https:\/\/blogs.multimeios.ufc.br\/iensf\/tela-do-expediente\/","url":"https:\/\/blogs.multimeios.ufc.br\/iensf\/tela-do-expediente\/","name":"Tela do Expediente - I Encontro Nacional da Sequ\u00eancia Fedathi","isPartOf":{"@id":"https:\/\/blogs.multimeios.ufc.br\/iensf\/#website"},"datePublished":"2018-06-26T01:41:40+00:00","dateModified":"2018-06-26T01:53:07+00:00","inLanguage":"pt-BR","potentialAction":[{"@type":"ReadAction","target":["https:\/\/blogs.multimeios.ufc.br\/iensf\/tela-do-expediente\/"]}]},{"@type":"WebSite","@id":"https:\/\/blogs.multimeios.ufc.br\/iensf\/#website","url":"https:\/\/blogs.multimeios.ufc.br\/iensf\/","name":"I Encontro Nacional da Sequ\u00eancia Fedathi","description":"Sequ\u00eancia Fedathi: 30 anos contribuindo com o ensino e a pesquisa para al\u00e9m das Ci\u00eancias Exatas","potentialAction":[{"@type":"SearchAction","target":{"@type":"EntryPoint","urlTemplate":"https:\/\/blogs.multimeios.ufc.br\/iensf\/?s={search_term_string}"},"query-input":{"@type":"PropertyValueSpecification","valueRequired":true,"valueName":"search_term_string"}}],"inLanguage":"pt-BR"}]}},"_links":{"self":[{"href":"https:\/\/blogs.multimeios.ufc.br\/iensf\/wp-json\/wp\/v2\/pages\/280","targetHints":{"allow":["GET"]}}],"collection":[{"href":"https:\/\/blogs.multimeios.ufc.br\/iensf\/wp-json\/wp\/v2\/pages"}],"about":[{"href":"https:\/\/blogs.multimeios.ufc.br\/iensf\/wp-json\/wp\/v2\/types\/page"}],"author":[{"embeddable":true,"href":"https:\/\/blogs.multimeios.ufc.br\/iensf\/wp-json\/wp\/v2\/users\/13"}],"replies":[{"embeddable":true,"href":"https:\/\/blogs.multimeios.ufc.br\/iensf\/wp-json\/wp\/v2\/comments?post=280"}],"version-history":[{"count":3,"href":"https:\/\/blogs.multimeios.ufc.br\/iensf\/wp-json\/wp\/v2\/pages\/280\/revisions"}],"predecessor-version":[{"id":285,"href":"https:\/\/blogs.multimeios.ufc.br\/iensf\/wp-json\/wp\/v2\/pages\/280\/revisions\/285"}],"wp:attachment":[{"href":"https:\/\/blogs.multimeios.ufc.br\/iensf\/wp-json\/wp\/v2\/media?parent=280"}],"curies":[{"name":"wp","href":"https:\/\/api.w.org\/{rel}","templated":true}]}}