{"id":74,"date":"2018-02-16T13:38:30","date_gmt":"2018-02-16T15:38:30","guid":{"rendered":"http:\/\/blogs.multimeios.ufc.br\/ensf\/?page_id=74"},"modified":"2024-02-16T20:05:35","modified_gmt":"2024-02-16T23:05:35","slug":"apoio","status":"publish","type":"page","link":"https:\/\/blogs.multimeios.ufc.br\/iensf\/apoio\/","title":{"rendered":"Apoio"},"content":{"rendered":"<p><img decoding=\"async\" class=\" wp-image-141 alignleft\" src=\"http:\/\/blogs.multimeios.ufc.br\/i-ensf\/files\/2018\/04\/logo_ufc-300x104.png\" alt=\"\" width=\"254\" height=\"88\" srcset=\"https:\/\/blogs.multimeios.ufc.br\/iensf\/files\/2018\/04\/logo_ufc-300x104.png 300w, https:\/\/blogs.multimeios.ufc.br\/iensf\/files\/2018\/04\/logo_ufc-768x266.png 768w, https:\/\/blogs.multimeios.ufc.br\/iensf\/files\/2018\/04\/logo_ufc-1024x355.png 1024w, https:\/\/blogs.multimeios.ufc.br\/iensf\/files\/2018\/04\/logo_ufc.png 1234w\" sizes=\"(max-width: 254px) 100vw, 254px\" \/><img decoding=\"async\" class=\"wp-image-75 alignright\" src=\"http:\/\/blogs.multimeios.ufc.br\/i-ensf\/files\/2018\/02\/logo-mm.gif\" alt=\"\" width=\"254\" height=\"72\" \/><\/p>\n<p><img decoding=\"async\" class=\" wp-image-171 alignright\" src=\"http:\/\/blogs.multimeios.ufc.br\/i-ensf\/files\/2018\/05\/LOGO-AUDIOVIUAL-MM-sf-1-300x94.png\" alt=\"\" width=\"229\" height=\"72\" srcset=\"https:\/\/blogs.multimeios.ufc.br\/iensf\/files\/2018\/05\/LOGO-AUDIOVIUAL-MM-sf-1-300x94.png 300w, https:\/\/blogs.multimeios.ufc.br\/iensf\/files\/2018\/05\/LOGO-AUDIOVIUAL-MM-sf-1.png 660w\" sizes=\"(max-width: 229px) 100vw, 229px\" \/><\/p>\n<p><img loading=\"lazy\" decoding=\"async\" class=\"wp-image-85 alignnone\" src=\"http:\/\/blogs.multimeios.ufc.br\/i-ensf\/files\/2018\/02\/gtercoa-1-300x99.png\" alt=\"\" width=\"197\" height=\"65\" srcset=\"https:\/\/blogs.multimeios.ufc.br\/iensf\/files\/2018\/02\/gtercoa-1-300x99.png 300w, https:\/\/blogs.multimeios.ufc.br\/iensf\/files\/2018\/02\/gtercoa-1.png 379w\" sizes=\"(max-width: 197px) 100vw, 197px\" \/>\u00a0 <img loading=\"lazy\" decoding=\"async\" class=\"size-medium wp-image-287 alignnone\" src=\"http:\/\/blogs.multimeios.ufc.br\/i-ensf\/files\/2018\/06\/sbem-ce-300x102.jpg\" alt=\"\" width=\"300\" height=\"102\" srcset=\"https:\/\/blogs.multimeios.ufc.br\/iensf\/files\/2018\/06\/sbem-ce-300x102.jpg 300w, https:\/\/blogs.multimeios.ufc.br\/iensf\/files\/2018\/06\/sbem-ce-768x262.jpg 768w, https:\/\/blogs.multimeios.ufc.br\/iensf\/files\/2018\/06\/sbem-ce.jpg 982w\" sizes=\"(max-width: 300px) 100vw, 300px\" \/><img loading=\"lazy\" decoding=\"async\" class=\"wp-image-76 alignright\" src=\"http:\/\/blogs.multimeios.ufc.br\/i-ensf\/files\/2018\/02\/logo-sbem-300x83.png\" alt=\"\" width=\"248\" height=\"69\" srcset=\"https:\/\/blogs.multimeios.ufc.br\/iensf\/files\/2018\/02\/logo-sbem-300x83.png 300w, https:\/\/blogs.multimeios.ufc.br\/iensf\/files\/2018\/02\/logo-sbem.png 360w\" sizes=\"(max-width: 248px) 100vw, 248px\" \/><\/p>\n<p><img loading=\"lazy\" decoding=\"async\" class=\"wp-image-99 alignleft\" src=\"http:\/\/blogs.multimeios.ufc.br\/i-ensf\/files\/2018\/02\/MAX-COPIA.png\" alt=\"\" width=\"182\" height=\"90\" \/><\/p>\n<p><img loading=\"lazy\" decoding=\"async\" class=\"wp-image-98 alignright\" src=\"http:\/\/blogs.multimeios.ufc.br\/i-ensf\/files\/2018\/02\/logo_adufc_2017-1-300x97.png\" alt=\"\" width=\"197\" height=\"64\" srcset=\"https:\/\/blogs.multimeios.ufc.br\/iensf\/files\/2018\/02\/logo_adufc_2017-1-300x97.png 300w, https:\/\/blogs.multimeios.ufc.br\/iensf\/files\/2018\/02\/logo_adufc_2017-1.png 464w\" sizes=\"(max-width: 197px) 100vw, 197px\" \/><\/p>\n","protected":false},"excerpt":{"rendered":"<p>\u00a0<\/p>\n","protected":false},"author":14,"featured_media":0,"parent":0,"menu_order":0,"comment_status":"closed","ping_status":"closed","template":"","meta":{"footnotes":""},"class_list":["post-74","page","type-page","status-publish","hentry"],"yoast_head":"<!-- This site is optimized with the Yoast SEO plugin v27.3 - https:\/\/yoast.com\/product\/yoast-seo-wordpress\/ -->\n<title>Apoio - I Encontro Nacional da Sequ\u00eancia Fedathi<\/title>\n<meta name=\"robots\" content=\"index, follow, max-snippet:-1, max-image-preview:large, max-video-preview:-1\" \/>\n<link rel=\"canonical\" href=\"https:\/\/blogs.multimeios.ufc.br\/iensf\/apoio\/\" \/>\n<meta property=\"og:locale\" content=\"pt_BR\" \/>\n<meta property=\"og:type\" content=\"article\" \/>\n<meta property=\"og:title\" content=\"Apoio - I Encontro Nacional da Sequ\u00eancia Fedathi\" \/>\n<meta property=\"og:description\" content=\"\u00a0\" \/>\n<meta property=\"og:url\" content=\"https:\/\/blogs.multimeios.ufc.br\/iensf\/apoio\/\" \/>\n<meta property=\"og:site_name\" content=\"I Encontro Nacional da Sequ\u00eancia Fedathi\" \/>\n<meta property=\"article:modified_time\" content=\"2024-02-16T23:05:35+00:00\" \/>\n<meta property=\"og:image\" content=\"http:\/\/blogs.multimeios.ufc.br\/i-ensf\/files\/2018\/04\/logo_ufc-300x104.png\" \/>\n<meta name=\"twitter:card\" content=\"summary_large_image\" \/>\n<meta name=\"twitter:label1\" content=\"Est. tempo de leitura\" \/>\n\t<meta name=\"twitter:data1\" content=\"2 minutos\" \/>\n<script type=\"application\/ld+json\" class=\"yoast-schema-graph\">{\"@context\":\"https:\\\/\\\/schema.org\",\"@graph\":[{\"@type\":\"WebPage\",\"@id\":\"https:\\\/\\\/blogs.multimeios.ufc.br\\\/iensf\\\/apoio\\\/\",\"url\":\"https:\\\/\\\/blogs.multimeios.ufc.br\\\/iensf\\\/apoio\\\/\",\"name\":\"Apoio - I Encontro Nacional da Sequ\u00eancia Fedathi\",\"isPartOf\":{\"@id\":\"https:\\\/\\\/blogs.multimeios.ufc.br\\\/iensf\\\/#website\"},\"primaryImageOfPage\":{\"@id\":\"https:\\\/\\\/blogs.multimeios.ufc.br\\\/iensf\\\/apoio\\\/#primaryimage\"},\"image\":{\"@id\":\"https:\\\/\\\/blogs.multimeios.ufc.br\\\/iensf\\\/apoio\\\/#primaryimage\"},\"thumbnailUrl\":\"http:\\\/\\\/blogs.multimeios.ufc.br\\\/i-ensf\\\/files\\\/2018\\\/04\\\/logo_ufc-300x104.png\",\"datePublished\":\"2018-02-16T15:38:30+00:00\",\"dateModified\":\"2024-02-16T23:05:35+00:00\",\"inLanguage\":\"pt-BR\",\"potentialAction\":[{\"@type\":\"ReadAction\",\"target\":[\"https:\\\/\\\/blogs.multimeios.ufc.br\\\/iensf\\\/apoio\\\/\"]}]},{\"@type\":\"ImageObject\",\"inLanguage\":\"pt-BR\",\"@id\":\"https:\\\/\\\/blogs.multimeios.ufc.br\\\/iensf\\\/apoio\\\/#primaryimage\",\"url\":\"http:\\\/\\\/blogs.multimeios.ufc.br\\\/i-ensf\\\/files\\\/2018\\\/04\\\/logo_ufc-300x104.png\",\"contentUrl\":\"http:\\\/\\\/blogs.multimeios.ufc.br\\\/i-ensf\\\/files\\\/2018\\\/04\\\/logo_ufc-300x104.png\"},{\"@type\":\"WebSite\",\"@id\":\"https:\\\/\\\/blogs.multimeios.ufc.br\\\/iensf\\\/#website\",\"url\":\"https:\\\/\\\/blogs.multimeios.ufc.br\\\/iensf\\\/\",\"name\":\"I Encontro Nacional da Sequ\u00eancia Fedathi\",\"description\":\"Sequ\u00eancia Fedathi: 30 anos contribuindo com o ensino e a pesquisa para al\u00e9m das Ci\u00eancias Exatas\",\"potentialAction\":[{\"@type\":\"SearchAction\",\"target\":{\"@type\":\"EntryPoint\",\"urlTemplate\":\"https:\\\/\\\/blogs.multimeios.ufc.br\\\/iensf\\\/?s={search_term_string}\"},\"query-input\":{\"@type\":\"PropertyValueSpecification\",\"valueRequired\":true,\"valueName\":\"search_term_string\"}}],\"inLanguage\":\"pt-BR\"}]}<\/script>\n<!-- \/ Yoast SEO plugin. -->","yoast_head_json":{"title":"Apoio - I Encontro Nacional da Sequ\u00eancia Fedathi","robots":{"index":"index","follow":"follow","max-snippet":"max-snippet:-1","max-image-preview":"max-image-preview:large","max-video-preview":"max-video-preview:-1"},"canonical":"https:\/\/blogs.multimeios.ufc.br\/iensf\/apoio\/","og_locale":"pt_BR","og_type":"article","og_title":"Apoio - I Encontro Nacional da Sequ\u00eancia Fedathi","og_description":"\u00a0","og_url":"https:\/\/blogs.multimeios.ufc.br\/iensf\/apoio\/","og_site_name":"I Encontro Nacional da Sequ\u00eancia Fedathi","article_modified_time":"2024-02-16T23:05:35+00:00","og_image":[{"url":"http:\/\/blogs.multimeios.ufc.br\/i-ensf\/files\/2018\/04\/logo_ufc-300x104.png","type":"","width":"","height":""}],"twitter_card":"summary_large_image","twitter_misc":{"Est. tempo de leitura":"2 minutos"},"schema":{"@context":"https:\/\/schema.org","@graph":[{"@type":"WebPage","@id":"https:\/\/blogs.multimeios.ufc.br\/iensf\/apoio\/","url":"https:\/\/blogs.multimeios.ufc.br\/iensf\/apoio\/","name":"Apoio - I Encontro Nacional da Sequ\u00eancia Fedathi","isPartOf":{"@id":"https:\/\/blogs.multimeios.ufc.br\/iensf\/#website"},"primaryImageOfPage":{"@id":"https:\/\/blogs.multimeios.ufc.br\/iensf\/apoio\/#primaryimage"},"image":{"@id":"https:\/\/blogs.multimeios.ufc.br\/iensf\/apoio\/#primaryimage"},"thumbnailUrl":"http:\/\/blogs.multimeios.ufc.br\/i-ensf\/files\/2018\/04\/logo_ufc-300x104.png","datePublished":"2018-02-16T15:38:30+00:00","dateModified":"2024-02-16T23:05:35+00:00","inLanguage":"pt-BR","potentialAction":[{"@type":"ReadAction","target":["https:\/\/blogs.multimeios.ufc.br\/iensf\/apoio\/"]}]},{"@type":"ImageObject","inLanguage":"pt-BR","@id":"https:\/\/blogs.multimeios.ufc.br\/iensf\/apoio\/#primaryimage","url":"http:\/\/blogs.multimeios.ufc.br\/i-ensf\/files\/2018\/04\/logo_ufc-300x104.png","contentUrl":"http:\/\/blogs.multimeios.ufc.br\/i-ensf\/files\/2018\/04\/logo_ufc-300x104.png"},{"@type":"WebSite","@id":"https:\/\/blogs.multimeios.ufc.br\/iensf\/#website","url":"https:\/\/blogs.multimeios.ufc.br\/iensf\/","name":"I Encontro Nacional da Sequ\u00eancia Fedathi","description":"Sequ\u00eancia Fedathi: 30 anos contribuindo com o ensino e a pesquisa para al\u00e9m das Ci\u00eancias Exatas","potentialAction":[{"@type":"SearchAction","target":{"@type":"EntryPoint","urlTemplate":"https:\/\/blogs.multimeios.ufc.br\/iensf\/?s={search_term_string}"},"query-input":{"@type":"PropertyValueSpecification","valueRequired":true,"valueName":"search_term_string"}}],"inLanguage":"pt-BR"}]}},"_links":{"self":[{"href":"https:\/\/blogs.multimeios.ufc.br\/iensf\/wp-json\/wp\/v2\/pages\/74","targetHints":{"allow":["GET"]}}],"collection":[{"href":"https:\/\/blogs.multimeios.ufc.br\/iensf\/wp-json\/wp\/v2\/pages"}],"about":[{"href":"https:\/\/blogs.multimeios.ufc.br\/iensf\/wp-json\/wp\/v2\/types\/page"}],"author":[{"embeddable":true,"href":"https:\/\/blogs.multimeios.ufc.br\/iensf\/wp-json\/wp\/v2\/users\/14"}],"replies":[{"embeddable":true,"href":"https:\/\/blogs.multimeios.ufc.br\/iensf\/wp-json\/wp\/v2\/comments?post=74"}],"version-history":[{"count":12,"href":"https:\/\/blogs.multimeios.ufc.br\/iensf\/wp-json\/wp\/v2\/pages\/74\/revisions"}],"predecessor-version":[{"id":365,"href":"https:\/\/blogs.multimeios.ufc.br\/iensf\/wp-json\/wp\/v2\/pages\/74\/revisions\/365"}],"wp:attachment":[{"href":"https:\/\/blogs.multimeios.ufc.br\/iensf\/wp-json\/wp\/v2\/media?parent=74"}],"curies":[{"name":"wp","href":"https:\/\/api.w.org\/{rel}","templated":true}]}}