{"id":15,"date":"2025-01-23T16:31:32","date_gmt":"2025-01-23T19:31:32","guid":{"rendered":"https:\/\/blogs.multimeios.ufc.br\/iiensf\/?page_id=15"},"modified":"2025-01-23T21:19:52","modified_gmt":"2025-01-24T00:19:52","slug":"inscricao","status":"publish","type":"page","link":"https:\/\/blogs.multimeios.ufc.br\/iiensf\/inscricao\/","title":{"rendered":"Inscri\u00e7\u00e3o"},"content":{"rendered":"\n<p style=\"text-align: justify;\">As inscri\u00e7\u00f5es ainda n\u00e3o est\u00e3o abertas.<\/p>\n\n\n<style id=\"wpforms-css-vars-11\">\n\t\t\t\t#wpforms-11 {\n\t\t\t\t\n\t\t\t}\n\t\t\t<\/style><div class=\"wpforms-container wpforms-container-full wpforms-render-modern\" id=\"wpforms-11\"><form id=\"wpforms-form-11\" class=\"wpforms-validate wpforms-form wpforms-ajax-form\" data-formid=\"11\" method=\"post\" enctype=\"multipart\/form-data\" action=\"\/iiensf\/wp-json\/wp\/v2\/pages\/15\" data-token=\"fd4a07291fe123dfe040691a0aef6f91\" data-token-time=\"1775961369\"><noscript class=\"wpforms-error-noscript\">Ative o JavaScript no seu navegador para preencher este formul\u00e1rio.<\/noscript><div id=\"wpforms-error-noscript\" style=\"display: none;\">Ative o JavaScript no seu navegador para preencher este formul\u00e1rio.<\/div><div class=\"wpforms-field-container\"><div id=\"wpforms-11-field_1-container\" class=\"wpforms-field wpforms-field-text\" data-field-id=\"1\"><label class=\"wpforms-field-label\" for=\"wpforms-11-field_1\">CPF <span class=\"wpforms-required-label\" aria-hidden=\"true\">*<\/span><\/label><input type=\"text\" id=\"wpforms-11-field_1\" class=\"wpforms-field-medium wpforms-field-required\" name=\"wpforms[fields][1]\" aria-errormessage=\"wpforms-11-field_1-error\" required><\/div>\t\t<div id=\"wpforms-11-field_3-container\"\n\t\t\tclass=\"wpforms-field wpforms-field-text\"\n\t\t\tdata-field-type=\"text\"\n\t\t\tdata-field-id=\"3\"\n\t\t\t>\n\t\t\t<label class=\"wpforms-field-label\" for=\"wpforms-11-field_3\" >inscri\u00e7\u00e3o de Categoria<\/label>\n\t\t\t<input type=\"text\" id=\"wpforms-11-field_3\" class=\"wpforms-field-medium\" name=\"wpforms[fields][3]\" >\n\t\t<\/div>\n\t\t<div id=\"wpforms-11-field_2-container\" class=\"wpforms-field wpforms-field-name\" data-field-id=\"2\"><label class=\"wpforms-field-label\" for=\"wpforms-11-field_2\">Nome completo <span class=\"wpforms-required-label\" aria-hidden=\"true\">*<\/span><\/label><input type=\"text\" id=\"wpforms-11-field_2\" class=\"wpforms-field-medium wpforms-field-required\" name=\"wpforms[fields][2]\" aria-errormessage=\"wpforms-11-field_2-error\" required><\/div><div id=\"wpforms-11-field_9-container\" class=\"wpforms-field wpforms-field-text\" data-field-id=\"9\"><label class=\"wpforms-field-label\" for=\"wpforms-11-field_9\">Telefone com DDD <span class=\"wpforms-required-label\" aria-hidden=\"true\">*<\/span><\/label><input type=\"text\" id=\"wpforms-11-field_9\" class=\"wpforms-field-medium wpforms-field-required\" name=\"wpforms[fields][9]\" aria-errormessage=\"wpforms-11-field_9-error\" required><\/div><div id=\"wpforms-11-field_4-container\" class=\"wpforms-field wpforms-field-email\" data-field-id=\"4\"><label class=\"wpforms-field-label\" for=\"wpforms-11-field_4\">E-mail <span class=\"wpforms-required-label\" aria-hidden=\"true\">*<\/span><\/label><input type=\"email\" id=\"wpforms-11-field_4\" class=\"wpforms-field-medium wpforms-field-required\" name=\"wpforms[fields][4]\" spellcheck=\"false\" aria-errormessage=\"wpforms-11-field_4-error\" required><\/div><div id=\"wpforms-11-field_5-container\" class=\"wpforms-field wpforms-field-text\" data-field-id=\"5\"><label class=\"wpforms-field-label\" for=\"wpforms-11-field_5\">Cidade\/UF <span class=\"wpforms-required-label\" aria-hidden=\"true\">*<\/span><\/label><input type=\"text\" id=\"wpforms-11-field_5\" class=\"wpforms-field-medium wpforms-field-required\" name=\"wpforms[fields][5]\" aria-errormessage=\"wpforms-11-field_5-error\" required><\/div><div id=\"wpforms-11-field_7-container\" class=\"wpforms-field wpforms-field-text\" data-field-id=\"7\"><label class=\"wpforms-field-label\" for=\"wpforms-11-field_7\">Institui\u00e7\u00e3o de v\u00ednculo <span class=\"wpforms-required-label\" aria-hidden=\"true\">*<\/span><\/label><input type=\"text\" id=\"wpforms-11-field_7\" class=\"wpforms-field-medium wpforms-field-required\" name=\"wpforms[fields][7]\" aria-errormessage=\"wpforms-11-field_7-error\" required><\/div><div id=\"wpforms-11-field_8-container\" class=\"wpforms-field wpforms-field-radio\" data-field-id=\"8\"><fieldset><legend class=\"wpforms-field-label\">Categoria de inscri\u00e7\u00e3o <span class=\"wpforms-required-label\" aria-hidden=\"true\">*<\/span><\/legend><ul id=\"wpforms-11-field_8\" class=\"wpforms-field-required\"><li class=\"choice-1 depth-1\"><input type=\"radio\" id=\"wpforms-11-field_8_1\" name=\"wpforms[fields][8]\" value=\"Estudante de p\u00f3s-gradua\u00e7\u00e3o\" aria-errormessage=\"wpforms-11-field_8_1-error\" required ><label class=\"wpforms-field-label-inline\" for=\"wpforms-11-field_8_1\">Estudante de p\u00f3s-gradua\u00e7\u00e3o<\/label><\/li><li class=\"choice-2 depth-1\"><input type=\"radio\" id=\"wpforms-11-field_8_2\" name=\"wpforms[fields][8]\" value=\"Estudante de gradua\u00e7\u00e3o\" aria-errormessage=\"wpforms-11-field_8_2-error\" required ><label class=\"wpforms-field-label-inline\" for=\"wpforms-11-field_8_2\">Estudante de gradua\u00e7\u00e3o<\/label><\/li><li class=\"choice-3 depth-1\"><input type=\"radio\" id=\"wpforms-11-field_8_3\" name=\"wpforms[fields][8]\" value=\"Professor da rede p\u00fablica (municipal, estadual ou federal)\" aria-errormessage=\"wpforms-11-field_8_3-error\" required ><label class=\"wpforms-field-label-inline\" for=\"wpforms-11-field_8_3\">Professor da rede p\u00fablica (municipal, estadual ou federal)<\/label><\/li><li class=\"choice-4 depth-1\"><input type=\"radio\" id=\"wpforms-11-field_8_4\" name=\"wpforms[fields][8]\" value=\"Professor da rede privada\" aria-errormessage=\"wpforms-11-field_8_4-error\" required ><label class=\"wpforms-field-label-inline\" for=\"wpforms-11-field_8_4\">Professor da rede privada<\/label><\/li><\/ul><\/fieldset><\/div><script>\n\t\t\t\t( function() {\n\t\t\t\t\tconst style = document.createElement( 'style' );\n\t\t\t\t\tstyle.appendChild( document.createTextNode( '#wpforms-11-field_3-container { position: absolute !important; overflow: hidden !important; display: inline !important; height: 1px !important; width: 1px !important; z-index: -1000 !important; padding: 0 !important; } #wpforms-11-field_3-container input { visibility: hidden; } #wpforms-conversational-form-page #wpforms-11-field_3-container label { counter-increment: none; }' ) );\n\t\t\t\t\tdocument.head.appendChild( style );\n\t\t\t\t\tdocument.currentScript?.remove();\n\t\t\t\t} )();\n\t\t\t<\/script><\/div><!-- .wpforms-field-container --><div class=\"wpforms-recaptcha-container wpforms-is-hcaptcha\" ><div class=\"h-captcha\" data-sitekey=\"d52cd3e6-a22a-46f4-ba56-3efaecce0796\"><\/div><input type=\"text\" name=\"g-recaptcha-hidden\" class=\"wpforms-recaptcha-hidden\" style=\"position:absolute!important;clip:rect(0,0,0,0)!important;height:1px!important;width:1px!important;border:0!important;overflow:hidden!important;padding:0!important;margin:0!important;\" data-rule-hcaptcha=\"1\"><\/div><div class=\"wpforms-submit-container\" ><input type=\"hidden\" name=\"wpforms[id]\" value=\"11\"><input type=\"hidden\" name=\"page_title\" value=\"\"><input type=\"hidden\" name=\"page_url\" value=\"https:\/\/blogs.multimeios.ufc.br\/iiensf\/wp-json\/wp\/v2\/pages\/15\"><input type=\"hidden\" name=\"url_referer\" value=\"\"><button type=\"submit\" name=\"wpforms[submit]\" id=\"wpforms-submit-11\" class=\"wpforms-submit\" data-alt-text=\"Enviando\u2026\" data-submit-text=\"Inscrever-se\" aria-live=\"assertive\" value=\"wpforms-submit\">Inscrever-se<\/button><img decoding=\"async\" src=\"https:\/\/blogs.multimeios.ufc.br\/iiensf\/wp-content\/plugins\/wpforms-lite\/assets\/images\/submit-spin.svg\" class=\"wpforms-submit-spinner\" style=\"display: none;\" width=\"26\" height=\"26\" alt=\"Carregando\"><\/div><\/form><\/div>  <!-- .wpforms-container -->\n","protected":false},"excerpt":{"rendered":"<p>As inscri\u00e7\u00f5es ainda n\u00e3o est\u00e3o abertas.<\/p>\n","protected":false},"author":22,"featured_media":0,"parent":0,"menu_order":0,"comment_status":"closed","ping_status":"closed","template":"","meta":{"footnotes":""},"class_list":["post-15","page","type-page","status-publish","hentry"],"yoast_head":"<!-- This site is optimized with the Yoast SEO plugin v27.3 - https:\/\/yoast.com\/product\/yoast-seo-wordpress\/ -->\n<title>Inscri\u00e7\u00e3o - II Encontro Nacional da Sequ\u00eancia Fedathi<\/title>\n<meta name=\"robots\" content=\"index, follow, max-snippet:-1, max-image-preview:large, max-video-preview:-1\" \/>\n<link rel=\"canonical\" href=\"https:\/\/blogs.multimeios.ufc.br\/iiensf\/inscricao\/\" \/>\n<meta property=\"og:locale\" content=\"pt_BR\" \/>\n<meta property=\"og:type\" content=\"article\" \/>\n<meta property=\"og:title\" content=\"Inscri\u00e7\u00e3o - II Encontro Nacional da Sequ\u00eancia Fedathi\" \/>\n<meta property=\"og:description\" content=\"As inscri\u00e7\u00f5es ainda n\u00e3o est\u00e3o abertas.\" \/>\n<meta property=\"og:url\" content=\"https:\/\/blogs.multimeios.ufc.br\/iiensf\/inscricao\/\" \/>\n<meta property=\"og:site_name\" content=\"II Encontro Nacional da Sequ\u00eancia Fedathi\" \/>\n<meta property=\"article:modified_time\" content=\"2025-01-24T00:19:52+00:00\" \/>\n<meta name=\"twitter:card\" content=\"summary_large_image\" \/>\n<meta name=\"twitter:label1\" content=\"Est. tempo de leitura\" \/>\n\t<meta name=\"twitter:data1\" content=\"1 minuto\" \/>\n<script type=\"application\/ld+json\" class=\"yoast-schema-graph\">{\"@context\":\"https:\\\/\\\/schema.org\",\"@graph\":[{\"@type\":\"WebPage\",\"@id\":\"https:\\\/\\\/blogs.multimeios.ufc.br\\\/iiensf\\\/inscricao\\\/\",\"url\":\"https:\\\/\\\/blogs.multimeios.ufc.br\\\/iiensf\\\/inscricao\\\/\",\"name\":\"Inscri\u00e7\u00e3o - II Encontro Nacional da Sequ\u00eancia Fedathi\",\"isPartOf\":{\"@id\":\"https:\\\/\\\/blogs.multimeios.ufc.br\\\/iiensf\\\/#website\"},\"datePublished\":\"2025-01-23T19:31:32+00:00\",\"dateModified\":\"2025-01-24T00:19:52+00:00\",\"breadcrumb\":{\"@id\":\"https:\\\/\\\/blogs.multimeios.ufc.br\\\/iiensf\\\/inscricao\\\/#breadcrumb\"},\"inLanguage\":\"pt-BR\",\"potentialAction\":[{\"@type\":\"ReadAction\",\"target\":[\"https:\\\/\\\/blogs.multimeios.ufc.br\\\/iiensf\\\/inscricao\\\/\"]}]},{\"@type\":\"BreadcrumbList\",\"@id\":\"https:\\\/\\\/blogs.multimeios.ufc.br\\\/iiensf\\\/inscricao\\\/#breadcrumb\",\"itemListElement\":[{\"@type\":\"ListItem\",\"position\":1,\"name\":\"In\u00edcio\",\"item\":\"https:\\\/\\\/blogs.multimeios.ufc.br\\\/iiensf\\\/\"},{\"@type\":\"ListItem\",\"position\":2,\"name\":\"Inscri\u00e7\u00e3o\"}]},{\"@type\":\"WebSite\",\"@id\":\"https:\\\/\\\/blogs.multimeios.ufc.br\\\/iiensf\\\/#website\",\"url\":\"https:\\\/\\\/blogs.multimeios.ufc.br\\\/iiensf\\\/\",\"name\":\"II Encontro Nacional da Sequ\u00eancia Fedathi\",\"description\":\"\",\"potentialAction\":[{\"@type\":\"SearchAction\",\"target\":{\"@type\":\"EntryPoint\",\"urlTemplate\":\"https:\\\/\\\/blogs.multimeios.ufc.br\\\/iiensf\\\/?s={search_term_string}\"},\"query-input\":{\"@type\":\"PropertyValueSpecification\",\"valueRequired\":true,\"valueName\":\"search_term_string\"}}],\"inLanguage\":\"pt-BR\"}]}<\/script>\n<!-- \/ Yoast SEO plugin. -->","yoast_head_json":{"title":"Inscri\u00e7\u00e3o - II Encontro Nacional da Sequ\u00eancia Fedathi","robots":{"index":"index","follow":"follow","max-snippet":"max-snippet:-1","max-image-preview":"max-image-preview:large","max-video-preview":"max-video-preview:-1"},"canonical":"https:\/\/blogs.multimeios.ufc.br\/iiensf\/inscricao\/","og_locale":"pt_BR","og_type":"article","og_title":"Inscri\u00e7\u00e3o - II Encontro Nacional da Sequ\u00eancia Fedathi","og_description":"As inscri\u00e7\u00f5es ainda n\u00e3o est\u00e3o abertas.","og_url":"https:\/\/blogs.multimeios.ufc.br\/iiensf\/inscricao\/","og_site_name":"II Encontro Nacional da Sequ\u00eancia Fedathi","article_modified_time":"2025-01-24T00:19:52+00:00","twitter_card":"summary_large_image","twitter_misc":{"Est. tempo de leitura":"1 minuto"},"schema":{"@context":"https:\/\/schema.org","@graph":[{"@type":"WebPage","@id":"https:\/\/blogs.multimeios.ufc.br\/iiensf\/inscricao\/","url":"https:\/\/blogs.multimeios.ufc.br\/iiensf\/inscricao\/","name":"Inscri\u00e7\u00e3o - II Encontro Nacional da Sequ\u00eancia Fedathi","isPartOf":{"@id":"https:\/\/blogs.multimeios.ufc.br\/iiensf\/#website"},"datePublished":"2025-01-23T19:31:32+00:00","dateModified":"2025-01-24T00:19:52+00:00","breadcrumb":{"@id":"https:\/\/blogs.multimeios.ufc.br\/iiensf\/inscricao\/#breadcrumb"},"inLanguage":"pt-BR","potentialAction":[{"@type":"ReadAction","target":["https:\/\/blogs.multimeios.ufc.br\/iiensf\/inscricao\/"]}]},{"@type":"BreadcrumbList","@id":"https:\/\/blogs.multimeios.ufc.br\/iiensf\/inscricao\/#breadcrumb","itemListElement":[{"@type":"ListItem","position":1,"name":"In\u00edcio","item":"https:\/\/blogs.multimeios.ufc.br\/iiensf\/"},{"@type":"ListItem","position":2,"name":"Inscri\u00e7\u00e3o"}]},{"@type":"WebSite","@id":"https:\/\/blogs.multimeios.ufc.br\/iiensf\/#website","url":"https:\/\/blogs.multimeios.ufc.br\/iiensf\/","name":"II Encontro Nacional da Sequ\u00eancia Fedathi","description":"","potentialAction":[{"@type":"SearchAction","target":{"@type":"EntryPoint","urlTemplate":"https:\/\/blogs.multimeios.ufc.br\/iiensf\/?s={search_term_string}"},"query-input":{"@type":"PropertyValueSpecification","valueRequired":true,"valueName":"search_term_string"}}],"inLanguage":"pt-BR"}]}},"_links":{"self":[{"href":"https:\/\/blogs.multimeios.ufc.br\/iiensf\/wp-json\/wp\/v2\/pages\/15","targetHints":{"allow":["GET"]}}],"collection":[{"href":"https:\/\/blogs.multimeios.ufc.br\/iiensf\/wp-json\/wp\/v2\/pages"}],"about":[{"href":"https:\/\/blogs.multimeios.ufc.br\/iiensf\/wp-json\/wp\/v2\/types\/page"}],"author":[{"embeddable":true,"href":"https:\/\/blogs.multimeios.ufc.br\/iiensf\/wp-json\/wp\/v2\/users\/22"}],"replies":[{"embeddable":true,"href":"https:\/\/blogs.multimeios.ufc.br\/iiensf\/wp-json\/wp\/v2\/comments?post=15"}],"version-history":[{"count":3,"href":"https:\/\/blogs.multimeios.ufc.br\/iiensf\/wp-json\/wp\/v2\/pages\/15\/revisions"}],"predecessor-version":[{"id":68,"href":"https:\/\/blogs.multimeios.ufc.br\/iiensf\/wp-json\/wp\/v2\/pages\/15\/revisions\/68"}],"wp:attachment":[{"href":"https:\/\/blogs.multimeios.ufc.br\/iiensf\/wp-json\/wp\/v2\/media?parent=15"}],"curies":[{"name":"wp","href":"https:\/\/api.w.org\/{rel}","templated":true}]}}