{"id":29,"date":"2025-01-23T19:34:19","date_gmt":"2025-01-23T22:34:19","guid":{"rendered":"https:\/\/blogs.multimeios.ufc.br\/iiensf\/?page_id=29"},"modified":"2025-01-23T21:45:41","modified_gmt":"2025-01-24T00:45:41","slug":"inicio","status":"publish","type":"page","link":"https:\/\/blogs.multimeios.ufc.br\/iiensf\/","title":{"rendered":"Sobre"},"content":{"rendered":"\n<p style=\"text-align: justify;\">O II Encontro Nacional da Sequ\u00eancia Fedathi (II ENSF) \u00e9 um evento idealizado pelo Laborat\u00f3rio de Pesquisa MultiMeios da Universidade Federal do Cear\u00e1 (UFC). Ele discute as origens, as viv\u00eancias e a amplia\u00e7\u00e3o da Sequ\u00eancia Fedathi. Al\u00e9m disso, busca agregar diferentes grupos de pesquisa, pesquisadores, professores e colaboradores que utilizam a Sequ\u00eancia Fedathi em suas pr\u00e1ticas docente e em suas pesquisas.<\/p>\n<p style=\"text-align: justify;\">O II ENSF \u00e9 um espa\u00e7o constitu\u00eddo por mesas redondas, palestras e apresenta\u00e7\u00e3o de trabalhos para divulgar, socializar e apresentar reflex\u00f5es te\u00f3ricas da Sequ\u00eancia Fedathi. Nosso p\u00fablico-alvo \u00e9 amplo, sendo voltado para alunos de gradua\u00e7\u00e3o, p\u00f3s-gradua\u00e7\u00e3o, professores da Educa\u00e7\u00e3o B\u00e1sica e do Ensino Superior e colaboradores em todos os n\u00edveis de ensino e pesquisa.<\/p>\n<p style=\"text-align: justify;\">A Sequ\u00eancia Fedathi se baseia no m\u00e9todo cient\u00edfico, transposto a um ambiente de ensino (BORGES NETO, 2020).<\/p>\n<blockquote>\n<p style=\"text-align: justify;\">\u00c9 caracterizada, principalmente, por ter um olhar mais atento para as a\u00e7\u00f5es do professor dentro e fora da sala de aula, favorecendo a autonomia do aluno, que \u00e9 estimulado ativamente durante este processo de ensino. Lembramos que a Sequ\u00eancia Fedathi tem como foco principal o professor, sua intencionalidade, seu comportamento, participa\u00e7\u00e3o e intera\u00e7\u00e3o com os alunos em sala de aula (BORGES NETO, 2017, p. 5).<\/p>\n<\/blockquote>\n<p style=\"text-align: justify;\">Quer saber mais? Visite nosso <em>site:<\/em>\u00a0<a href=\"https:\/\/www.multimeios.ufc.br\/\" target=\"_blank\" rel=\"noopener\">www.multimeios.ufc.br<\/a>. L\u00e1 voc\u00ea encontra toda a produ\u00e7\u00e3o cient\u00edfica, integrantes, grupos de estudo e pesquisa, ambientes virtuais e muito mais.<\/p>\n<p>Conhe\u00e7a as edi\u00e7\u00f5es do evento visitando o seguinte endere\u00e7o: <a href=\"https:\/\/blogs.multimeios.ufc.br\/ensf\" target=\"_blank\" rel=\"noopener\">blogs.multimeios.ufc.br\/ensf<\/a>.<\/p>\n<p>Visite, tamb\u00e9m, nossos canais:<\/p>\n\n\n\n<ul class=\"wp-block-social-links is-layout-flex wp-block-social-links-is-layout-flex\"><li class=\"wp-social-link wp-social-link-instagram  wp-block-social-link\"><a rel=\"noopener nofollow\" target=\"_blank\" href=\"https:\/\/www.instagram.com\/laboratorio_mm?igsh=MTgydTg2aGw3YmVlZA==\" class=\"wp-block-social-link-anchor\"><svg width=\"24\" height=\"24\" viewBox=\"0 0 24 24\" version=\"1.1\" xmlns=\"http:\/\/www.w3.org\/2000\/svg\" aria-hidden=\"true\" focusable=\"false\"><path d=\"M12,4.622c2.403,0,2.688,0.009,3.637,0.052c0.877,0.04,1.354,0.187,1.671,0.31c0.42,0.163,0.72,0.358,1.035,0.673 c0.315,0.315,0.51,0.615,0.673,1.035c0.123,0.317,0.27,0.794,0.31,1.671c0.043,0.949,0.052,1.234,0.052,3.637 s-0.009,2.688-0.052,3.637c-0.04,0.877-0.187,1.354-0.31,1.671c-0.163,0.42-0.358,0.72-0.673,1.035 c-0.315,0.315-0.615,0.51-1.035,0.673c-0.317,0.123-0.794,0.27-1.671,0.31c-0.949,0.043-1.233,0.052-3.637,0.052 s-2.688-0.009-3.637-0.052c-0.877-0.04-1.354-0.187-1.671-0.31c-0.42-0.163-0.72-0.358-1.035-0.673 c-0.315-0.315-0.51-0.615-0.673-1.035c-0.123-0.317-0.27-0.794-0.31-1.671C4.631,14.688,4.622,14.403,4.622,12 s0.009-2.688,0.052-3.637c0.04-0.877,0.187-1.354,0.31-1.671c0.163-0.42,0.358-0.72,0.673-1.035 c0.315-0.315,0.615-0.51,1.035-0.673c0.317-0.123,0.794-0.27,1.671-0.31C9.312,4.631,9.597,4.622,12,4.622 M12,3 C9.556,3,9.249,3.01,8.289,3.054C7.331,3.098,6.677,3.25,6.105,3.472C5.513,3.702,5.011,4.01,4.511,4.511 c-0.5,0.5-0.808,1.002-1.038,1.594C3.25,6.677,3.098,7.331,3.054,8.289C3.01,9.249,3,9.556,3,12c0,2.444,0.01,2.751,0.054,3.711 c0.044,0.958,0.196,1.612,0.418,2.185c0.23,0.592,0.538,1.094,1.038,1.594c0.5,0.5,1.002,0.808,1.594,1.038 c0.572,0.222,1.227,0.375,2.185,0.418C9.249,20.99,9.556,21,12,21s2.751-0.01,3.711-0.054c0.958-0.044,1.612-0.196,2.185-0.418 c0.592-0.23,1.094-0.538,1.594-1.038c0.5-0.5,0.808-1.002,1.038-1.594c0.222-0.572,0.375-1.227,0.418-2.185 C20.99,14.751,21,14.444,21,12s-0.01-2.751-0.054-3.711c-0.044-0.958-0.196-1.612-0.418-2.185c-0.23-0.592-0.538-1.094-1.038-1.594 c-0.5-0.5-1.002-0.808-1.594-1.038c-0.572-0.222-1.227-0.375-2.185-0.418C14.751,3.01,14.444,3,12,3L12,3z M12,7.378 c-2.552,0-4.622,2.069-4.622,4.622S9.448,16.622,12,16.622s4.622-2.069,4.622-4.622S14.552,7.378,12,7.378z M12,15 c-1.657,0-3-1.343-3-3s1.343-3,3-3s3,1.343,3,3S13.657,15,12,15z M16.804,6.116c-0.596,0-1.08,0.484-1.08,1.08 s0.484,1.08,1.08,1.08c0.596,0,1.08-0.484,1.08-1.08S17.401,6.116,16.804,6.116z\"><\/path><\/svg><span class=\"wp-block-social-link-label screen-reader-text\">Instagram<\/span><\/a><\/li>\n\n<li class=\"wp-social-link wp-social-link-youtube  wp-block-social-link\"><a rel=\"noopener nofollow\" target=\"_blank\" href=\"https:\/\/www.youtube.com\/@multimeiosufc\" class=\"wp-block-social-link-anchor\"><svg width=\"24\" height=\"24\" viewBox=\"0 0 24 24\" version=\"1.1\" xmlns=\"http:\/\/www.w3.org\/2000\/svg\" aria-hidden=\"true\" focusable=\"false\"><path d=\"M21.8,8.001c0,0-0.195-1.378-0.795-1.985c-0.76-0.797-1.613-0.801-2.004-0.847c-2.799-0.202-6.997-0.202-6.997-0.202 h-0.009c0,0-4.198,0-6.997,0.202C4.608,5.216,3.756,5.22,2.995,6.016C2.395,6.623,2.2,8.001,2.2,8.001S2,9.62,2,11.238v1.517 c0,1.618,0.2,3.237,0.2,3.237s0.195,1.378,0.795,1.985c0.761,0.797,1.76,0.771,2.205,0.855c1.6,0.153,6.8,0.201,6.8,0.201 s4.203-0.006,7.001-0.209c0.391-0.047,1.243-0.051,2.004-0.847c0.6-0.607,0.795-1.985,0.795-1.985s0.2-1.618,0.2-3.237v-1.517 C22,9.62,21.8,8.001,21.8,8.001z M9.935,14.594l-0.001-5.62l5.404,2.82L9.935,14.594z\"><\/path><\/svg><span class=\"wp-block-social-link-label screen-reader-text\">Youtube<\/span><\/a><\/li>\n\n<li class=\"wp-social-link wp-social-link-facebook  wp-block-social-link\"><a rel=\"noopener nofollow\" target=\"_blank\" href=\"https:\/\/www.facebook.com\/laboratoriodepesquisamultimeios\" class=\"wp-block-social-link-anchor\"><svg width=\"24\" height=\"24\" viewBox=\"0 0 24 24\" version=\"1.1\" xmlns=\"http:\/\/www.w3.org\/2000\/svg\" aria-hidden=\"true\" focusable=\"false\"><path d=\"M12 2C6.5 2 2 6.5 2 12c0 5 3.7 9.1 8.4 9.9v-7H7.9V12h2.5V9.8c0-2.5 1.5-3.9 3.8-3.9 1.1 0 2.2.2 2.2.2v2.5h-1.3c-1.2 0-1.6.8-1.6 1.6V12h2.8l-.4 2.9h-2.3v7C18.3 21.1 22 17 22 12c0-5.5-4.5-10-10-10z\"><\/path><\/svg><span class=\"wp-block-social-link-label screen-reader-text\">Facebook<\/span><\/a><\/li><\/ul>\n\n\n\n<hr class=\"wp-block-separator has-text-color has-blue-color has-alpha-channel-opacity has-blue-background-color has-background is-style-wide\"\/>\n\n\n\n<p style=\"text-align: justify;\">Confira na <em>Playlist<\/em> do YouTube um pouco do que rolou no I Encontro Nacional da Sequ\u00eancia Fedathi (I ENSF) l\u00e1 em 2018.<\/p>\n<p style=\"text-align: center;\"><iframe title=\"YouTube video player\" src=\"\/\/www.youtube.com\/embed\/videoseries?si=K4zDuNV5moEm4kSb&amp;list=PLYF77RxhGEjK4Ow85aw1dchIFbN0eRUdQ\" width=\"560\" height=\"315\" frameborder=\"0\" allowfullscreen=\"allowfullscreen\" data-mce-fragment=\"1\"><\/iframe><\/p>\n\n\n\n<p><\/p>\n","protected":false},"excerpt":{"rendered":"<p>O II Encontro Nacional da Sequ\u00eancia Fedathi (II ENSF) \u00e9 um evento idealizado pelo Laborat\u00f3rio de Pesquisa MultiMeios da Universidade Federal do Cear\u00e1 (UFC). Ele discute as origens, as viv\u00eancias e a amplia\u00e7\u00e3o da Sequ\u00eancia Fedathi. Al\u00e9m disso, busca agregar &hellip; <a href=\"https:\/\/blogs.multimeios.ufc.br\/iiensf\/\">Continue lendo <span class=\"meta-nav\">&rarr;<\/span><\/a><\/p>\n","protected":false},"author":22,"featured_media":0,"parent":0,"menu_order":0,"comment_status":"closed","ping_status":"closed","template":"","meta":{"footnotes":""},"class_list":["post-29","page","type-page","status-publish","hentry"],"yoast_head":"<!-- This site is optimized with the Yoast SEO plugin v27.3 - https:\/\/yoast.com\/product\/yoast-seo-wordpress\/ -->\n<title>Sobre - II Encontro Nacional da Sequ\u00eancia Fedathi<\/title>\n<meta name=\"robots\" content=\"index, follow, max-snippet:-1, max-image-preview:large, max-video-preview:-1\" \/>\n<link rel=\"canonical\" href=\"https:\/\/blogs.multimeios.ufc.br\/iiensf\/\" \/>\n<meta property=\"og:locale\" content=\"pt_BR\" \/>\n<meta property=\"og:type\" content=\"article\" \/>\n<meta property=\"og:title\" content=\"Sobre - II Encontro Nacional da Sequ\u00eancia Fedathi\" \/>\n<meta property=\"og:description\" content=\"O II Encontro Nacional da Sequ\u00eancia Fedathi (II ENSF) \u00e9 um evento idealizado pelo Laborat\u00f3rio de Pesquisa MultiMeios da Universidade Federal do Cear\u00e1 (UFC). Ele discute as origens, as viv\u00eancias e a amplia\u00e7\u00e3o da Sequ\u00eancia Fedathi. Al\u00e9m disso, busca agregar &hellip; Continue lendo &rarr;\" \/>\n<meta property=\"og:url\" content=\"https:\/\/blogs.multimeios.ufc.br\/iiensf\/\" \/>\n<meta property=\"og:site_name\" content=\"II Encontro Nacional da Sequ\u00eancia Fedathi\" \/>\n<meta property=\"article:modified_time\" content=\"2025-01-24T00:45:41+00:00\" \/>\n<meta name=\"twitter:card\" content=\"summary_large_image\" \/>\n<meta name=\"twitter:label1\" content=\"Est. tempo de leitura\" \/>\n\t<meta name=\"twitter:data1\" content=\"2 minutos\" \/>\n<script type=\"application\/ld+json\" class=\"yoast-schema-graph\">{\"@context\":\"https:\\\/\\\/schema.org\",\"@graph\":[{\"@type\":\"WebPage\",\"@id\":\"https:\\\/\\\/blogs.multimeios.ufc.br\\\/iiensf\\\/\",\"url\":\"https:\\\/\\\/blogs.multimeios.ufc.br\\\/iiensf\\\/\",\"name\":\"Sobre - II Encontro Nacional da Sequ\u00eancia Fedathi\",\"isPartOf\":{\"@id\":\"https:\\\/\\\/blogs.multimeios.ufc.br\\\/iiensf\\\/#website\"},\"datePublished\":\"2025-01-23T22:34:19+00:00\",\"dateModified\":\"2025-01-24T00:45:41+00:00\",\"breadcrumb\":{\"@id\":\"https:\\\/\\\/blogs.multimeios.ufc.br\\\/iiensf\\\/#breadcrumb\"},\"inLanguage\":\"pt-BR\",\"potentialAction\":[{\"@type\":\"ReadAction\",\"target\":[\"https:\\\/\\\/blogs.multimeios.ufc.br\\\/iiensf\\\/\"]}]},{\"@type\":\"BreadcrumbList\",\"@id\":\"https:\\\/\\\/blogs.multimeios.ufc.br\\\/iiensf\\\/#breadcrumb\",\"itemListElement\":[{\"@type\":\"ListItem\",\"position\":1,\"name\":\"In\u00edcio\",\"item\":\"https:\\\/\\\/blogs.multimeios.ufc.br\\\/iiensf\\\/\"},{\"@type\":\"ListItem\",\"position\":2,\"name\":\"Sobre\"}]},{\"@type\":\"WebSite\",\"@id\":\"https:\\\/\\\/blogs.multimeios.ufc.br\\\/iiensf\\\/#website\",\"url\":\"https:\\\/\\\/blogs.multimeios.ufc.br\\\/iiensf\\\/\",\"name\":\"II Encontro Nacional da Sequ\u00eancia Fedathi\",\"description\":\"\",\"potentialAction\":[{\"@type\":\"SearchAction\",\"target\":{\"@type\":\"EntryPoint\",\"urlTemplate\":\"https:\\\/\\\/blogs.multimeios.ufc.br\\\/iiensf\\\/?s={search_term_string}\"},\"query-input\":{\"@type\":\"PropertyValueSpecification\",\"valueRequired\":true,\"valueName\":\"search_term_string\"}}],\"inLanguage\":\"pt-BR\"}]}<\/script>\n<!-- \/ Yoast SEO plugin. -->","yoast_head_json":{"title":"Sobre - II Encontro Nacional da Sequ\u00eancia Fedathi","robots":{"index":"index","follow":"follow","max-snippet":"max-snippet:-1","max-image-preview":"max-image-preview:large","max-video-preview":"max-video-preview:-1"},"canonical":"https:\/\/blogs.multimeios.ufc.br\/iiensf\/","og_locale":"pt_BR","og_type":"article","og_title":"Sobre - II Encontro Nacional da Sequ\u00eancia Fedathi","og_description":"O II Encontro Nacional da Sequ\u00eancia Fedathi (II ENSF) \u00e9 um evento idealizado pelo Laborat\u00f3rio de Pesquisa MultiMeios da Universidade Federal do Cear\u00e1 (UFC). Ele discute as origens, as viv\u00eancias e a amplia\u00e7\u00e3o da Sequ\u00eancia Fedathi. Al\u00e9m disso, busca agregar &hellip; Continue lendo &rarr;","og_url":"https:\/\/blogs.multimeios.ufc.br\/iiensf\/","og_site_name":"II Encontro Nacional da Sequ\u00eancia Fedathi","article_modified_time":"2025-01-24T00:45:41+00:00","twitter_card":"summary_large_image","twitter_misc":{"Est. tempo de leitura":"2 minutos"},"schema":{"@context":"https:\/\/schema.org","@graph":[{"@type":"WebPage","@id":"https:\/\/blogs.multimeios.ufc.br\/iiensf\/","url":"https:\/\/blogs.multimeios.ufc.br\/iiensf\/","name":"Sobre - II Encontro Nacional da Sequ\u00eancia Fedathi","isPartOf":{"@id":"https:\/\/blogs.multimeios.ufc.br\/iiensf\/#website"},"datePublished":"2025-01-23T22:34:19+00:00","dateModified":"2025-01-24T00:45:41+00:00","breadcrumb":{"@id":"https:\/\/blogs.multimeios.ufc.br\/iiensf\/#breadcrumb"},"inLanguage":"pt-BR","potentialAction":[{"@type":"ReadAction","target":["https:\/\/blogs.multimeios.ufc.br\/iiensf\/"]}]},{"@type":"BreadcrumbList","@id":"https:\/\/blogs.multimeios.ufc.br\/iiensf\/#breadcrumb","itemListElement":[{"@type":"ListItem","position":1,"name":"In\u00edcio","item":"https:\/\/blogs.multimeios.ufc.br\/iiensf\/"},{"@type":"ListItem","position":2,"name":"Sobre"}]},{"@type":"WebSite","@id":"https:\/\/blogs.multimeios.ufc.br\/iiensf\/#website","url":"https:\/\/blogs.multimeios.ufc.br\/iiensf\/","name":"II Encontro Nacional da Sequ\u00eancia Fedathi","description":"","potentialAction":[{"@type":"SearchAction","target":{"@type":"EntryPoint","urlTemplate":"https:\/\/blogs.multimeios.ufc.br\/iiensf\/?s={search_term_string}"},"query-input":{"@type":"PropertyValueSpecification","valueRequired":true,"valueName":"search_term_string"}}],"inLanguage":"pt-BR"}]}},"_links":{"self":[{"href":"https:\/\/blogs.multimeios.ufc.br\/iiensf\/wp-json\/wp\/v2\/pages\/29","targetHints":{"allow":["GET"]}}],"collection":[{"href":"https:\/\/blogs.multimeios.ufc.br\/iiensf\/wp-json\/wp\/v2\/pages"}],"about":[{"href":"https:\/\/blogs.multimeios.ufc.br\/iiensf\/wp-json\/wp\/v2\/types\/page"}],"author":[{"embeddable":true,"href":"https:\/\/blogs.multimeios.ufc.br\/iiensf\/wp-json\/wp\/v2\/users\/22"}],"replies":[{"embeddable":true,"href":"https:\/\/blogs.multimeios.ufc.br\/iiensf\/wp-json\/wp\/v2\/comments?post=29"}],"version-history":[{"count":27,"href":"https:\/\/blogs.multimeios.ufc.br\/iiensf\/wp-json\/wp\/v2\/pages\/29\/revisions"}],"predecessor-version":[{"id":83,"href":"https:\/\/blogs.multimeios.ufc.br\/iiensf\/wp-json\/wp\/v2\/pages\/29\/revisions\/83"}],"wp:attachment":[{"href":"https:\/\/blogs.multimeios.ufc.br\/iiensf\/wp-json\/wp\/v2\/media?parent=29"}],"curies":[{"name":"wp","href":"https:\/\/api.w.org\/{rel}","templated":true}]}}