{"id":91,"date":"2025-01-23T21:58:51","date_gmt":"2025-01-24T00:58:51","guid":{"rendered":"https:\/\/blogs.multimeios.ufc.br\/iiensf\/?page_id=91"},"modified":"2026-04-20T01:20:41","modified_gmt":"2026-04-20T04:20:41","slug":"comite-cientifico","status":"publish","type":"page","link":"https:\/\/blogs.multimeios.ufc.br\/iiensf\/comite-cientifico\/","title":{"rendered":"Comit\u00ea cient\u00edfico"},"content":{"rendered":"\n<h3 style=\"text-align: justify;\">Prof.\u00aa Dr.\u00aa <a href=\"http:\/\/lattes.cnpq.br\/2238185129695360\" target=\"_blank\" rel=\"noopener\">Ana Claudia Uchoa Araujo<\/a><br \/>Prof.\u00aa Dr.\u00aa <a href=\"http:\/\/lattes.cnpq.br\/0202276369547647\" target=\"_blank\" rel=\"noopener\">Charlline Vladia Silva de Melo<\/a> <br \/>Prof.\u00aa Dr.\u00aa <a href=\"http:\/\/lattes.cnpq.br\/4911100799229172\" target=\"_blank\" rel=\"noopener\">Cristina Mandau Ocuni C\u00e1<\/a><br \/>Prof.\u00aa Dr.\u00aa <a href=\"http:\/\/lattes.cnpq.br\/6922483616286467\" target=\"_blank\" rel=\"noopener\">Daniele de Oliveira Xavier<\/a> &#8211; daniele@multimeios.ufc.br<br \/>Prof.\u00aa Dr.\u00aa <a href=\"http:\/\/lattes.cnpq.br\/1285808034190034\" target=\"_blank\" rel=\"noopener\">Eliana Alves Moreira Leite<\/a><br \/>Prof. Dr. <a href=\"http:\/\/lattes.cnpq.br\/1626910802465251\" target=\"_blank\" rel=\"noopener\">Francisco Edisom Eug\u00eanio de Sousa<\/a><br \/>Prof. Dr. <a href=\"http:\/\/lattes.cnpq.br\/6780676773042373\" target=\"_blank\" rel=\"noopener\">Gilberto Santos Cerqueira<\/a><br \/>Prof.\u00aa Dr.\u00aa <a href=\"http:\/\/lattes.cnpq.br\/7569347319035901\" target=\"_blank\" rel=\"noopener\">Gleissiane Coeli Freitas Batista Prata<\/a><br \/>Prof. Dr. <a href=\"http:\/\/lattes.cnpq.br\/6933091154844634\" target=\"_blank\" rel=\"noopener\">Herminio Borges Neto<\/a> &#8211; herminio@multimeios.ufc.br<br \/>Prof.\u00aa Dr.\u00aa <a href=\"http:\/\/lattes.cnpq.br\/4783483818809180\" target=\"_blank\" rel=\"noopener\">Ivoneide Pinheiro de Lima<\/a><br \/>Prof.\u00aa Dr.\u00aa <a href=\"http:\/\/lattes.cnpq.br\/3159334704183780\" target=\"_blank\" rel=\"noopener\">Jessica de Castro Barbosa<\/a> &#8211; jessica@multimeios.ufc.br<br \/>Prof. Dr. <a href=\"http:\/\/lattes.cnpq.br\/2206483361634095\" target=\"_blank\" rel=\"noopener\">Jorge Carvalho Brand\u00e3o<\/a><br \/>Prof. Dr. <a href=\"http:\/\/lattes.cnpq.br\/6859739260962963\" target=\"_blank\" rel=\"noopener\">Jose Rogerio Santana<\/a><br \/>Prof.\u00aa Dr.\u00aa <a href=\"http:\/\/lattes.cnpq.br\/5159075984027749\" target=\"_blank\" rel=\"noopener\">Maria Vanisia Mendon\u00e7a de Lima<\/a><br \/>Prof.\u00aa Dr.\u00aa <a href=\"http:\/\/lattes.cnpq.br\/4204518305194154\" target=\"_blank\" rel=\"noopener\">Maria Jose de Araujo Souza<\/a><br \/>Prof.\u00aa Dr.\u00aa <a href=\"http:\/\/lattes.cnpq.br\/0567964138512463\" target=\"_blank\" rel=\"noopener\">Milinia Stephanie Nogueira Barbosa Fel\u00edcio<\/a><br \/>Prof.\u00aa Dr.\u00aa <a href=\"http:\/\/lattes.cnpq.br\/3529805688445515\" target=\"_blank\" rel=\"noopener\">Mirley Nadila Pimentel Rocha<\/a><br \/>Prof. Dr. <a href=\"http:\/\/lattes.cnpq.br\/9028281383409966\" target=\"_blank\" rel=\"noopener\">Paulo Vitor da Silva Santiago<\/a><br \/>Prof. Dr. <a href=\"http:\/\/lattes.cnpq.br\/8240653963150965\" target=\"_blank\" rel=\"noopener\">Rui Eduardo Brasileiro Paiva<\/a><br \/>Prof. Dr. <a href=\"http:\/\/lattes.cnpq.br\/3023202592354673\" target=\"_blank\" rel=\"noopener\">Solonildo Almeida da Silva<\/a><br \/><br \/><br \/><\/h3>\n","protected":false},"excerpt":{"rendered":"<p>Prof.\u00aa Dr.\u00aa Ana Claudia Uchoa AraujoProf.\u00aa Dr.\u00aa Charlline Vladia Silva de Melo Prof.\u00aa Dr.\u00aa Cristina Mandau Ocuni C\u00e1Prof.\u00aa Dr.\u00aa Daniele de Oliveira Xavier &#8211; daniele@multimeios.ufc.brProf.\u00aa Dr.\u00aa Eliana Alves Moreira LeiteProf. Dr. Francisco Edisom Eug\u00eanio de SousaProf. Dr. Gilberto Santos CerqueiraProf.\u00aa &hellip; <a href=\"https:\/\/blogs.multimeios.ufc.br\/iiensf\/comite-cientifico\/\">Continue lendo <span class=\"meta-nav\">&rarr;<\/span><\/a><\/p>\n","protected":false},"author":22,"featured_media":0,"parent":0,"menu_order":0,"comment_status":"closed","ping_status":"closed","template":"","meta":{"footnotes":""},"class_list":["post-91","page","type-page","status-publish","hentry"],"yoast_head":"<!-- This site is optimized with the Yoast SEO plugin v27.6 - https:\/\/yoast.com\/product\/yoast-seo-wordpress\/ -->\n<title>Comit\u00ea cient\u00edfico - II Encontro Nacional da Sequ\u00eancia Fedathi<\/title>\n<meta name=\"robots\" content=\"index, follow, max-snippet:-1, max-image-preview:large, max-video-preview:-1\" \/>\n<link rel=\"canonical\" href=\"https:\/\/blogs.multimeios.ufc.br\/iiensf\/comite-cientifico\/\" \/>\n<meta property=\"og:locale\" content=\"pt_BR\" \/>\n<meta property=\"og:type\" content=\"article\" \/>\n<meta property=\"og:title\" content=\"Comit\u00ea cient\u00edfico - II Encontro Nacional da Sequ\u00eancia Fedathi\" \/>\n<meta property=\"og:description\" content=\"Prof.\u00aa Dr.\u00aa Ana Claudia Uchoa AraujoProf.\u00aa Dr.\u00aa Charlline Vladia Silva de Melo Prof.\u00aa Dr.\u00aa Cristina Mandau Ocuni C\u00e1Prof.\u00aa Dr.\u00aa Daniele de Oliveira Xavier &#8211; daniele@multimeios.ufc.brProf.\u00aa Dr.\u00aa Eliana Alves Moreira LeiteProf. Dr. Francisco Edisom Eug\u00eanio de SousaProf. Dr. Gilberto Santos CerqueiraProf.\u00aa &hellip; Continue lendo &rarr;\" \/>\n<meta property=\"og:url\" content=\"https:\/\/blogs.multimeios.ufc.br\/iiensf\/comite-cientifico\/\" \/>\n<meta property=\"og:site_name\" content=\"II Encontro Nacional da Sequ\u00eancia Fedathi\" \/>\n<meta property=\"article:modified_time\" content=\"2026-04-20T04:20:41+00:00\" \/>\n<meta name=\"twitter:card\" content=\"summary_large_image\" \/>\n<meta name=\"twitter:label1\" content=\"Est. tempo de leitura\" \/>\n\t<meta name=\"twitter:data1\" content=\"1 minuto\" \/>\n<script type=\"application\/ld+json\" class=\"yoast-schema-graph\">{\"@context\":\"https:\\\/\\\/schema.org\",\"@graph\":[{\"@type\":\"WebPage\",\"@id\":\"https:\\\/\\\/blogs.multimeios.ufc.br\\\/iiensf\\\/comite-cientifico\\\/\",\"url\":\"https:\\\/\\\/blogs.multimeios.ufc.br\\\/iiensf\\\/comite-cientifico\\\/\",\"name\":\"Comit\u00ea cient\u00edfico - II Encontro Nacional da Sequ\u00eancia Fedathi\",\"isPartOf\":{\"@id\":\"https:\\\/\\\/blogs.multimeios.ufc.br\\\/iiensf\\\/#website\"},\"datePublished\":\"2025-01-24T00:58:51+00:00\",\"dateModified\":\"2026-04-20T04:20:41+00:00\",\"breadcrumb\":{\"@id\":\"https:\\\/\\\/blogs.multimeios.ufc.br\\\/iiensf\\\/comite-cientifico\\\/#breadcrumb\"},\"inLanguage\":\"pt-BR\",\"potentialAction\":[{\"@type\":\"ReadAction\",\"target\":[\"https:\\\/\\\/blogs.multimeios.ufc.br\\\/iiensf\\\/comite-cientifico\\\/\"]}]},{\"@type\":\"BreadcrumbList\",\"@id\":\"https:\\\/\\\/blogs.multimeios.ufc.br\\\/iiensf\\\/comite-cientifico\\\/#breadcrumb\",\"itemListElement\":[{\"@type\":\"ListItem\",\"position\":1,\"name\":\"In\u00edcio\",\"item\":\"https:\\\/\\\/blogs.multimeios.ufc.br\\\/iiensf\\\/\"},{\"@type\":\"ListItem\",\"position\":2,\"name\":\"Comit\u00ea cient\u00edfico\"}]},{\"@type\":\"WebSite\",\"@id\":\"https:\\\/\\\/blogs.multimeios.ufc.br\\\/iiensf\\\/#website\",\"url\":\"https:\\\/\\\/blogs.multimeios.ufc.br\\\/iiensf\\\/\",\"name\":\"II Encontro Nacional da Sequ\u00eancia Fedathi\",\"description\":\"\",\"potentialAction\":[{\"@type\":\"SearchAction\",\"target\":{\"@type\":\"EntryPoint\",\"urlTemplate\":\"https:\\\/\\\/blogs.multimeios.ufc.br\\\/iiensf\\\/?s={search_term_string}\"},\"query-input\":{\"@type\":\"PropertyValueSpecification\",\"valueRequired\":true,\"valueName\":\"search_term_string\"}}],\"inLanguage\":\"pt-BR\"}]}<\/script>\n<!-- \/ Yoast SEO plugin. -->","yoast_head_json":{"title":"Comit\u00ea cient\u00edfico - II Encontro Nacional da Sequ\u00eancia Fedathi","robots":{"index":"index","follow":"follow","max-snippet":"max-snippet:-1","max-image-preview":"max-image-preview:large","max-video-preview":"max-video-preview:-1"},"canonical":"https:\/\/blogs.multimeios.ufc.br\/iiensf\/comite-cientifico\/","og_locale":"pt_BR","og_type":"article","og_title":"Comit\u00ea cient\u00edfico - II Encontro Nacional da Sequ\u00eancia Fedathi","og_description":"Prof.\u00aa Dr.\u00aa Ana Claudia Uchoa AraujoProf.\u00aa Dr.\u00aa Charlline Vladia Silva de Melo Prof.\u00aa Dr.\u00aa Cristina Mandau Ocuni C\u00e1Prof.\u00aa Dr.\u00aa Daniele de Oliveira Xavier &#8211; daniele@multimeios.ufc.brProf.\u00aa Dr.\u00aa Eliana Alves Moreira LeiteProf. Dr. Francisco Edisom Eug\u00eanio de SousaProf. Dr. Gilberto Santos CerqueiraProf.\u00aa &hellip; Continue lendo &rarr;","og_url":"https:\/\/blogs.multimeios.ufc.br\/iiensf\/comite-cientifico\/","og_site_name":"II Encontro Nacional da Sequ\u00eancia Fedathi","article_modified_time":"2026-04-20T04:20:41+00:00","twitter_card":"summary_large_image","twitter_misc":{"Est. tempo de leitura":"1 minuto"},"schema":{"@context":"https:\/\/schema.org","@graph":[{"@type":"WebPage","@id":"https:\/\/blogs.multimeios.ufc.br\/iiensf\/comite-cientifico\/","url":"https:\/\/blogs.multimeios.ufc.br\/iiensf\/comite-cientifico\/","name":"Comit\u00ea cient\u00edfico - II Encontro Nacional da Sequ\u00eancia Fedathi","isPartOf":{"@id":"https:\/\/blogs.multimeios.ufc.br\/iiensf\/#website"},"datePublished":"2025-01-24T00:58:51+00:00","dateModified":"2026-04-20T04:20:41+00:00","breadcrumb":{"@id":"https:\/\/blogs.multimeios.ufc.br\/iiensf\/comite-cientifico\/#breadcrumb"},"inLanguage":"pt-BR","potentialAction":[{"@type":"ReadAction","target":["https:\/\/blogs.multimeios.ufc.br\/iiensf\/comite-cientifico\/"]}]},{"@type":"BreadcrumbList","@id":"https:\/\/blogs.multimeios.ufc.br\/iiensf\/comite-cientifico\/#breadcrumb","itemListElement":[{"@type":"ListItem","position":1,"name":"In\u00edcio","item":"https:\/\/blogs.multimeios.ufc.br\/iiensf\/"},{"@type":"ListItem","position":2,"name":"Comit\u00ea cient\u00edfico"}]},{"@type":"WebSite","@id":"https:\/\/blogs.multimeios.ufc.br\/iiensf\/#website","url":"https:\/\/blogs.multimeios.ufc.br\/iiensf\/","name":"II Encontro Nacional da Sequ\u00eancia Fedathi","description":"","potentialAction":[{"@type":"SearchAction","target":{"@type":"EntryPoint","urlTemplate":"https:\/\/blogs.multimeios.ufc.br\/iiensf\/?s={search_term_string}"},"query-input":{"@type":"PropertyValueSpecification","valueRequired":true,"valueName":"search_term_string"}}],"inLanguage":"pt-BR"}]}},"_links":{"self":[{"href":"https:\/\/blogs.multimeios.ufc.br\/iiensf\/wp-json\/wp\/v2\/pages\/91","targetHints":{"allow":["GET"]}}],"collection":[{"href":"https:\/\/blogs.multimeios.ufc.br\/iiensf\/wp-json\/wp\/v2\/pages"}],"about":[{"href":"https:\/\/blogs.multimeios.ufc.br\/iiensf\/wp-json\/wp\/v2\/types\/page"}],"author":[{"embeddable":true,"href":"https:\/\/blogs.multimeios.ufc.br\/iiensf\/wp-json\/wp\/v2\/users\/22"}],"replies":[{"embeddable":true,"href":"https:\/\/blogs.multimeios.ufc.br\/iiensf\/wp-json\/wp\/v2\/comments?post=91"}],"version-history":[{"count":8,"href":"https:\/\/blogs.multimeios.ufc.br\/iiensf\/wp-json\/wp\/v2\/pages\/91\/revisions"}],"predecessor-version":[{"id":161,"href":"https:\/\/blogs.multimeios.ufc.br\/iiensf\/wp-json\/wp\/v2\/pages\/91\/revisions\/161"}],"wp:attachment":[{"href":"https:\/\/blogs.multimeios.ufc.br\/iiensf\/wp-json\/wp\/v2\/media?parent=91"}],"curies":[{"name":"wp","href":"https:\/\/api.w.org\/{rel}","templated":true}]}}