{"id":114,"date":"2024-09-03T23:37:29","date_gmt":"2024-09-04T02:37:29","guid":{"rendered":"https:\/\/blogs.multimeios.ufc.br\/leandro\/?page_id=114"},"modified":"2024-09-03T23:37:29","modified_gmt":"2024-09-04T02:37:29","slug":"realidade-aumentada","status":"publish","type":"page","link":"https:\/\/blogs.multimeios.ufc.br\/leandro\/realidade-aumentada\/","title":{"rendered":"Realidade Aumentada"},"content":{"rendered":"","protected":false},"excerpt":{"rendered":"","protected":false},"author":42,"featured_media":0,"parent":0,"menu_order":0,"comment_status":"closed","ping_status":"closed","template":"","meta":{"footnotes":""},"class_list":["post-114","page","type-page","status-publish","hentry"],"yoast_head":"<!-- This site is optimized with the Yoast SEO plugin v27.3 - https:\/\/yoast.com\/product\/yoast-seo-wordpress\/ -->\n<title>Realidade Aumentada - SF e o Ensino de F\u00edsica - Prof. Leandro de Oliveira<\/title>\n<meta name=\"robots\" content=\"index, follow, max-snippet:-1, max-image-preview:large, max-video-preview:-1\" \/>\n<link rel=\"canonical\" href=\"https:\/\/blogs.multimeios.ufc.br\/leandro\/realidade-aumentada\/\" \/>\n<meta property=\"og:locale\" content=\"pt_BR\" \/>\n<meta property=\"og:type\" content=\"article\" \/>\n<meta property=\"og:title\" content=\"Realidade Aumentada - SF e o Ensino de F\u00edsica - Prof. Leandro de Oliveira\" \/>\n<meta property=\"og:url\" content=\"https:\/\/blogs.multimeios.ufc.br\/leandro\/realidade-aumentada\/\" \/>\n<meta property=\"og:site_name\" content=\"SF e o Ensino de F\u00edsica - Prof. Leandro de Oliveira\" \/>\n<meta name=\"twitter:card\" content=\"summary_large_image\" \/>\n<script type=\"application\/ld+json\" class=\"yoast-schema-graph\">{\"@context\":\"https:\\\/\\\/schema.org\",\"@graph\":[{\"@type\":\"WebPage\",\"@id\":\"https:\\\/\\\/blogs.multimeios.ufc.br\\\/leandro\\\/realidade-aumentada\\\/\",\"url\":\"https:\\\/\\\/blogs.multimeios.ufc.br\\\/leandro\\\/realidade-aumentada\\\/\",\"name\":\"Realidade Aumentada - SF e o Ensino de F\u00edsica - Prof. Leandro de Oliveira\",\"isPartOf\":{\"@id\":\"https:\\\/\\\/blogs.multimeios.ufc.br\\\/leandro\\\/#website\"},\"datePublished\":\"2024-09-04T02:37:29+00:00\",\"breadcrumb\":{\"@id\":\"https:\\\/\\\/blogs.multimeios.ufc.br\\\/leandro\\\/realidade-aumentada\\\/#breadcrumb\"},\"inLanguage\":\"pt-BR\",\"potentialAction\":[{\"@type\":\"ReadAction\",\"target\":[\"https:\\\/\\\/blogs.multimeios.ufc.br\\\/leandro\\\/realidade-aumentada\\\/\"]}]},{\"@type\":\"BreadcrumbList\",\"@id\":\"https:\\\/\\\/blogs.multimeios.ufc.br\\\/leandro\\\/realidade-aumentada\\\/#breadcrumb\",\"itemListElement\":[{\"@type\":\"ListItem\",\"position\":1,\"name\":\"In\u00edcio\",\"item\":\"https:\\\/\\\/blogs.multimeios.ufc.br\\\/leandro\\\/\"},{\"@type\":\"ListItem\",\"position\":2,\"name\":\"Realidade Aumentada\"}]},{\"@type\":\"WebSite\",\"@id\":\"https:\\\/\\\/blogs.multimeios.ufc.br\\\/leandro\\\/#website\",\"url\":\"https:\\\/\\\/blogs.multimeios.ufc.br\\\/leandro\\\/\",\"name\":\"SF e o Ensino de F\u00edsica - Prof. Leandro de Oliveira\",\"description\":\"Ol\u00e1, caro navegante. Aqui voc\u00ea encontrar\u00e1 um pouco da minha vida acad\u00eamica. Seja bem vindo! :)\",\"potentialAction\":[{\"@type\":\"SearchAction\",\"target\":{\"@type\":\"EntryPoint\",\"urlTemplate\":\"https:\\\/\\\/blogs.multimeios.ufc.br\\\/leandro\\\/?s={search_term_string}\"},\"query-input\":{\"@type\":\"PropertyValueSpecification\",\"valueRequired\":true,\"valueName\":\"search_term_string\"}}],\"inLanguage\":\"pt-BR\"}]}<\/script>\n<!-- \/ Yoast SEO plugin. -->","yoast_head_json":{"title":"Realidade Aumentada - SF e o Ensino de F\u00edsica - Prof. Leandro de Oliveira","robots":{"index":"index","follow":"follow","max-snippet":"max-snippet:-1","max-image-preview":"max-image-preview:large","max-video-preview":"max-video-preview:-1"},"canonical":"https:\/\/blogs.multimeios.ufc.br\/leandro\/realidade-aumentada\/","og_locale":"pt_BR","og_type":"article","og_title":"Realidade Aumentada - SF e o Ensino de F\u00edsica - Prof. Leandro de Oliveira","og_url":"https:\/\/blogs.multimeios.ufc.br\/leandro\/realidade-aumentada\/","og_site_name":"SF e o Ensino de F\u00edsica - Prof. Leandro de Oliveira","twitter_card":"summary_large_image","schema":{"@context":"https:\/\/schema.org","@graph":[{"@type":"WebPage","@id":"https:\/\/blogs.multimeios.ufc.br\/leandro\/realidade-aumentada\/","url":"https:\/\/blogs.multimeios.ufc.br\/leandro\/realidade-aumentada\/","name":"Realidade Aumentada - SF e o Ensino de F\u00edsica - Prof. Leandro de Oliveira","isPartOf":{"@id":"https:\/\/blogs.multimeios.ufc.br\/leandro\/#website"},"datePublished":"2024-09-04T02:37:29+00:00","breadcrumb":{"@id":"https:\/\/blogs.multimeios.ufc.br\/leandro\/realidade-aumentada\/#breadcrumb"},"inLanguage":"pt-BR","potentialAction":[{"@type":"ReadAction","target":["https:\/\/blogs.multimeios.ufc.br\/leandro\/realidade-aumentada\/"]}]},{"@type":"BreadcrumbList","@id":"https:\/\/blogs.multimeios.ufc.br\/leandro\/realidade-aumentada\/#breadcrumb","itemListElement":[{"@type":"ListItem","position":1,"name":"In\u00edcio","item":"https:\/\/blogs.multimeios.ufc.br\/leandro\/"},{"@type":"ListItem","position":2,"name":"Realidade Aumentada"}]},{"@type":"WebSite","@id":"https:\/\/blogs.multimeios.ufc.br\/leandro\/#website","url":"https:\/\/blogs.multimeios.ufc.br\/leandro\/","name":"SF e o Ensino de F\u00edsica - Prof. Leandro de Oliveira","description":"Ol\u00e1, caro navegante. Aqui voc\u00ea encontrar\u00e1 um pouco da minha vida acad\u00eamica. Seja bem vindo! :)","potentialAction":[{"@type":"SearchAction","target":{"@type":"EntryPoint","urlTemplate":"https:\/\/blogs.multimeios.ufc.br\/leandro\/?s={search_term_string}"},"query-input":{"@type":"PropertyValueSpecification","valueRequired":true,"valueName":"search_term_string"}}],"inLanguage":"pt-BR"}]}},"_links":{"self":[{"href":"https:\/\/blogs.multimeios.ufc.br\/leandro\/wp-json\/wp\/v2\/pages\/114","targetHints":{"allow":["GET"]}}],"collection":[{"href":"https:\/\/blogs.multimeios.ufc.br\/leandro\/wp-json\/wp\/v2\/pages"}],"about":[{"href":"https:\/\/blogs.multimeios.ufc.br\/leandro\/wp-json\/wp\/v2\/types\/page"}],"author":[{"embeddable":true,"href":"https:\/\/blogs.multimeios.ufc.br\/leandro\/wp-json\/wp\/v2\/users\/42"}],"replies":[{"embeddable":true,"href":"https:\/\/blogs.multimeios.ufc.br\/leandro\/wp-json\/wp\/v2\/comments?post=114"}],"version-history":[{"count":1,"href":"https:\/\/blogs.multimeios.ufc.br\/leandro\/wp-json\/wp\/v2\/pages\/114\/revisions"}],"predecessor-version":[{"id":121,"href":"https:\/\/blogs.multimeios.ufc.br\/leandro\/wp-json\/wp\/v2\/pages\/114\/revisions\/121"}],"wp:attachment":[{"href":"https:\/\/blogs.multimeios.ufc.br\/leandro\/wp-json\/wp\/v2\/media?parent=114"}],"curies":[{"name":"wp","href":"https:\/\/api.w.org\/{rel}","templated":true}]}}