{"id":35,"date":"2024-06-24T23:18:32","date_gmt":"2024-06-25T02:18:32","guid":{"rendered":"https:\/\/blogs.multimeios.ufc.br\/leandro\/?page_id=35"},"modified":"2024-06-25T00:24:05","modified_gmt":"2024-06-25T03:24:05","slug":"orientacoes-de-tcc","status":"publish","type":"page","link":"https:\/\/blogs.multimeios.ufc.br\/leandro\/orientacoes-de-tcc\/","title":{"rendered":"Orienta\u00e7\u00f5es de TCC"},"content":{"rendered":"\t\t<div data-elementor-type=\"wp-page\" data-elementor-id=\"35\" class=\"elementor elementor-35\">\n\t\t\t\t<div class=\"elementor-element elementor-element-5c91150 e-flex e-con-boxed e-con e-parent\" data-id=\"5c91150\" data-element_type=\"container\" data-e-type=\"container\">\n\t\t\t\t\t<div class=\"e-con-inner\">\n\t\t\t\t<div class=\"elementor-element elementor-element-ef94a31 elementor-widget elementor-widget-text-editor\" data-id=\"ef94a31\" data-element_type=\"widget\" data-e-type=\"widget\" data-widget_type=\"text-editor.default\">\n\t\t\t\t<div class=\"elementor-widget-container\">\n\t\t\t\t\t\t\t\t\t<p><a href=\"https:\/\/multimeiosufc-my.sharepoint.com\/:b:\/g\/personal\/leandro_multimeios_ufc_br\/EYvVRQylOYtMjVp4R-MQwksBgLxdAJxKrulRRKc4UehsQQ\"><span style=\"color: var( --e-global-color-text );font-family: var( --e-global-typography-text-font-family ), Sans-serif;font-weight: var( --e-global-typography-text-font-weight );text-align: var(--text-align)\">XIMENES,&nbsp;<\/span><span style=\"color: var( --e-global-color-text );font-family: var( --e-global-typography-text-font-family ), Sans-serif;font-weight: var( --e-global-typography-text-font-weight );text-align: var(--text-align)\">J. R. M. <\/span>PROCESSOS DE ELETRIZA\u00c7\u00c3O VIVENCIADOS NO COTIDIANO SOBRE OS PRESSUPOSTOS DA SEQU\u00caNCIA FEDATHI. Trabalho de Conclus\u00e3o de Curso. (Gradua\u00e7\u00e3o em F\u00edsica) &#8211; Universidade Estadual Vale do Acara\u00fa (<span style=\"color: var( --e-global-color-text );font-family: var( --e-global-typography-text-font-family ), Sans-serif;font-weight: var( --e-global-typography-text-font-weight );text-align: var(--text-align)\">2023<\/span><span style=\"color: var( --e-global-color-text );font-family: var( --e-global-typography-text-font-family ), Sans-serif;font-weight: var( --e-global-typography-text-font-weight );text-align: var(--text-align)\">).&nbsp;<\/span><\/a><\/p>\n<p><span style=\"color: var( --e-global-color-text );font-family: var( --e-global-typography-text-font-family ), Sans-serif;font-weight: var( --e-global-typography-text-font-weight );text-align: var(--text-align)\">2. JONAS VIANA RAMOS. COMPARATIVO DE SOFTWARES VOLTADOS PARA O ENSINO DAS LEIS DE KEPLER. 2023. Trabalho de Conclus\u00e3o de Curso. (Gradua\u00e7\u00e3o em F\u00edsica) &#8211; Universidade Estadual Vale do Acara\u00fa. Orientador: Francisco Leandro de Oliveira Rodrigues.<\/span><\/p>\n<p><span style=\"color: var( --e-global-color-text );font-family: var( --e-global-typography-text-font-family ), Sans-serif;font-weight: var( --e-global-typography-text-font-weight );text-align: var(--text-align)\">3. CARLOS WALTER BARBOSA DE SOUSA. SEQU\u00caNCIA FEDATHI APLICADO AO ESTUDO DE COLIS\u00d5ES. 2023. Trabalho de Conclus\u00e3o de Curso. (Gradua\u00e7\u00e3o em F\u00edsica) &#8211; Universidade Estadual Vale do Acara\u00fa. Orientador: Francisco Leandro de Oliveira Rodrigues.<\/span><\/p>\n<p><span style=\"color: var( --e-global-color-text );font-family: var( --e-global-typography-text-font-family ), Sans-serif;font-weight: var( --e-global-typography-text-font-weight );text-align: var(--text-align)\">4. FRANCISCO ALLAN DOS SANTOS RODRIGUES. INTEGRANDO A SEQU\u00caNCIA FEDATHI E AS LEIS DE NEWTON:UM ESTUDO COM O P\u00caNDULO DE NEWTON DE BAIXO CUSTO. 2023. Trabalho de Conclus\u00e3o de Curso. (Gradua\u00e7\u00e3o em F\u00edsica) &#8211; Universidade Estadual Vale do Acara\u00fa. Orientador: Francisco Leandro de Oliveira Rodrigues.<\/span><\/p>\n<p><span style=\"color: var( --e-global-color-text );font-family: var( --e-global-typography-text-font-family ), Sans-serif;font-weight: var( --e-global-typography-text-font-weight );text-align: var(--text-align)\">5. FRANCISCO DE ASSIS VASCONCELOS SILVA. APLICANDO UM V\u00cdDEO TUTORIAL PARA A CURVA NO CMD USANDO O TOPCAT. 2023. Trabalho de Conclus\u00e3o de Curso. (Gradua\u00e7\u00e3o em F\u00edsica) &#8211; Universidade Estadual Vale do Acara\u00fa. Orientador: Francisco Leandro de Oliveira Rodrigues.<\/span><\/p>\n<p><span style=\"color: var( --e-global-color-text );font-family: var( --e-global-typography-text-font-family ), Sans-serif;font-weight: var( --e-global-typography-text-font-weight );text-align: var(--text-align)\">6. JOS\u00c9 AIRTON DE ALC\u00c2NTARA ABREU. SEQU\u00caNCIA FEDATHI E A M\u00c3O NA MASSA EM MATERIAIS DE BAIXO CUSTO PARA A CONSTRU\u00c7\u00c3O DE UM ELEVADOR HIDR\u00c1ULICO COMO UMA PROPOSTA DE ENSINO DO PRINC\u00cdPIO DE PASCAL. 2022. Trabalho de Conclus\u00e3o de Curso. (Gradua\u00e7\u00e3o em F\u00edsica) &#8211; Universidade Estadual Vale do Acara\u00fa. Orientador: Francisco Leandro de Oliveira Rodrigues.<\/span><\/p>\n<p><span style=\"color: var( --e-global-color-text );font-family: var( --e-global-typography-text-font-family ), Sans-serif;font-weight: var( --e-global-typography-text-font-weight );text-align: var(--text-align)\">7. Emanoel Messias de Lima Barbosa. SOLU\u00c7\u00c3O NUM\u00c9RICA DA EQUA\u00c7\u00c3O DE SCHR\u00d6DINGER INDEPENDENTE DO TEMPO VIA DIFEREN\u00c7AS FINITAS. 2022. Trabalho de Conclus\u00e3o de Curso. (Gradua\u00e7\u00e3o em F\u00edsica) &#8211; Universidade Estadual Vale do Acara\u00fa. Orientador: Francisco Leandro de Oliveira Rodrigues.<\/span><\/p>\n<p><span style=\"color: var( --e-global-color-text );font-family: var( --e-global-typography-text-font-family ), Sans-serif;font-weight: var( --e-global-typography-text-font-weight );text-align: var(--text-align)\">8. Sabino Albuquerque Portela. INTELIG\u00caNCIA ARTIFICIAL PARA CLASSIFICA\u00c7\u00c3O DE ASTEROIDES. 2022. Trabalho de Conclus\u00e3o de Curso. (Gradua\u00e7\u00e3o em F\u00edsica) &#8211; Universidade Estadual Vale do Acara\u00fa. Orientador: Francisco Leandro de Oliveira Rodrigues.<\/span><\/p>\n<p><span style=\"color: var( --e-global-color-text );font-family: var( --e-global-typography-text-font-family ), Sans-serif;font-weight: var( --e-global-typography-text-font-weight );text-align: var(--text-align)\">9. RAIMUNDO NONATO MENDES. ABORDAGEM DAS DOEN\u00c7AS REFRATIVAS DO OLHO HUMANO USANDO SEQU\u00caNCIA FEDATHI: UMA PERSPECTIVA DA APRENDIZAGEM SIGNIFICATIVA DE AUSUBEL AO ENSINO DA \u00d3PTICA. 2022. Trabalho de Conclus\u00e3o de Curso. (Gradua\u00e7\u00e3o em F\u00edsica) &#8211; Universidade Estadual Vale do Acara\u00fa. Orientador: Francisco Leandro de Oliveira Rodrigues.<\/span><\/p>\n<p><span style=\"color: var( --e-global-color-text );font-family: var( --e-global-typography-text-font-family ), Sans-serif;font-weight: var( --e-global-typography-text-font-weight );text-align: var(--text-align)\">10.Antonio Edson de Abreu Ara\u00fajo. O ensino de F\u00edsica nas aulas remotas: simulado de problemas de eletricidade do ENEM com aux\u00edlio do Google Forms como ferramenta pedag\u00f3gica. 2021. Trabalho de Conclus\u00e3o de Curso. (Gradua\u00e7\u00e3o em F\u00edsica) &#8211; Universidade Estadual Vale do Acara\u00fa. Orientador: Francisco Leandro de Oliveira Rodrigues.<\/span><\/p>\n<p><span style=\"color: var( --e-global-color-text );font-family: var( --e-global-typography-text-font-family ), Sans-serif;font-weight: var( --e-global-typography-text-font-weight );text-align: var(--text-align)\">11.Islandyo Denys de Araujo Santos. A utiliza\u00e7\u00e3o do Modellus como ferramenta mediadora no ensino de cinem\u00e1tica em um contexto remoto. 2021. Trabalho de Conclus\u00e3o de Curso. (Gradua\u00e7\u00e3o em F\u00edsica) &#8211; Universidade Estadual Vale do Acara\u00fa. Orientador: Francisco Leandro de Oliveira Rodrigues.<\/span><\/p>\n<p><span style=\"color: var( --e-global-color-text );font-family: var( --e-global-typography-text-font-family ), Sans-serif;font-weight: var( --e-global-typography-text-font-weight );text-align: var(--text-align)\">12.Ant\u00f4nio Francisco Tom\u00e9. O ESTADO DA ARTE DO SOFTWARE TRACKER APLICADO AO ENSINO DE F\u00cdSICA. 2021. Trabalho de Conclus\u00e3o de Curso. (Gradua\u00e7\u00e3o em F\u00edsica) &#8211; Universidade Estadual Vale do Acara\u00fa. Orientador: Francisco Leandro de Oliveira Rodrigues.<\/span><\/p>\n<p><span style=\"color: var( --e-global-color-text );font-family: var( --e-global-typography-text-font-family ), Sans-serif;font-weight: var( --e-global-typography-text-font-weight );text-align: var(--text-align)\">13.CRISLANE PEREIRA DA SILVA. Sugest\u00f5es de abordagem dos efeitos da radia\u00e7\u00e3o eletromagn\u00e9tica no corpo humano para alunos do ensino m\u00e9dio. 2021. Trabalho de Conclus\u00e3o de Curso. (Gradua\u00e7\u00e3o em F\u00edsica) &#8211; Universidade Estadual Vale do Acara\u00fa. Orientador: Francisco Leandro de Oliveira Rodrigues.<\/span><\/p>\n<p><span style=\"color: var( --e-global-color-text );font-family: var( --e-global-typography-text-font-family ), Sans-serif;font-weight: var( --e-global-typography-text-font-weight );text-align: var(--text-align)\">14.JEO\u00c1S MATOS DA COSTA. SISTEMAS BIN\u00c1RIOS ECLIPSANTES DESTACADOS: UMA SOLU\u00c7\u00c3O FOTOM\u00c9TRICA PARA CURVAS DE LUZ OBTIDAS PELA MISS\u00c3O TESS. 2021. Trabalho de Conclus\u00e3o de Curso. (Gradua\u00e7\u00e3o em F\u00edsica) &#8211; Universidade Estadual Vale do Acara\u00fa. Orientador: Francisco Leandro de Oliveira Rodrigues.<\/span><\/p>\n<p><span style=\"color: var( --e-global-color-text );font-family: var( --e-global-typography-text-font-family ), Sans-serif;font-weight: var( --e-global-typography-text-font-weight );text-align: var(--text-align)\">15.OS\u00c9AS ARA\u00daJO DE SOUZA. A LUA E OS FEN\u00d4MENOS F\u00cdSICOS ENVOLVIDOS: UMA PROPOSTA DE ENSINO NOS PRESSUPOSTOS DA SEQU\u00caNCIA FEDATHI. 2021. Trabalho de Conclus\u00e3o de Curso. (Gradua\u00e7\u00e3o em F\u00edsica) &#8211; Universidade Estadual Vale do Acara\u00fa. Orientador: Francisco Leandro de Oliveira Rodrigues.<\/span><\/p>\n<p><span style=\"color: var( --e-global-color-text );font-family: var( --e-global-typography-text-font-family ), Sans-serif;font-weight: var( --e-global-typography-text-font-weight );text-align: var(--text-align)\">16.RANIERE ANDRADE BRITO. O ESTADO DA ARTE DO SOFTWARE PHET APLICADO AO ENSINO DE F\u00cdSICA. 2021. Trabalho de Conclus\u00e3o de Curso. (Gradua\u00e7\u00e3o em F\u00edsica) &#8211; Universidade Estadual Vale do Acara\u00fa. Orientador: Francisco Leandro de Oliveira Rodrigues.<\/span><\/p>\n<p><span style=\"color: var( --e-global-color-text );font-family: var( --e-global-typography-text-font-family ), Sans-serif;font-weight: var( --e-global-typography-text-font-weight );text-align: var(--text-align)\">17.Franscisco C\u00e9sar dos Santos Lima. O olho humano como um instrumento \u00f3ptico. 2020. Trabalho de Conclus\u00e3o de Curso. (Gradua\u00e7\u00e3o em F\u00edsica) &#8211; Universidade Estadual Vale do Acara\u00fa. Orientador: Francisco Leandro de Oliveira Rodrigues.<\/span><\/p>\n<p><span style=\"color: var( --e-global-color-text );font-family: var( --e-global-typography-text-font-family ), Sans-serif;font-weight: var( --e-global-typography-text-font-weight );text-align: var(--text-align)\">18. Cleano de Aguiar Gomes. RESID\u00caNCIA PEDAG\u00d3GICA NO INTERVALO ESCOLAR: CONFEC\u00c7\u00c2O DE EXPERIMENTOS DE \u00d3PTICA PARA AUXILIAR NA EXPLICA\u00c7\u00c3O DE SEUS FEN\u00d4MENOS. 2020. Trabalho de Conclus\u00e3o de Curso. (Gradua\u00e7\u00e3o em F\u00edsica) &#8211; Universidade Estadual Vale do Acara\u00fa. Orientador: Francisco Leandro de Oliveira Rodrigues.<\/span><\/p>\n<p><span style=\"color: var( --e-global-color-text );font-family: var( --e-global-typography-text-font-family ), Sans-serif;font-weight: var( --e-global-typography-text-font-weight );text-align: var(--text-align)\">19.Francisco Oliveira Ara\u00fajo. USO DO SOFTWARE DE SIMULA\u00c7\u00c3O PHET COMO RECURSO . METODOL\u00d3GICO NO ENSINO DE \u00d3PTICA. 2020. Trabalho de Conclus\u00e3o de Curso. (Gradua\u00e7\u00e3o em F\u00edsica) &#8211; Universidade Estadual Vale do Acara\u00fa. Orientador: Francisco Leandro de Oliveira Rodrigues.<\/span><\/p>\n<p><span style=\"color: var( --e-global-color-text );font-family: var( --e-global-typography-text-font-family ), Sans-serif;font-weight: var( --e-global-typography-text-font-weight );text-align: var(--text-align)\">20.Marina dos Santos Silva. Estudo do \u00cdndice de Repet\u1ebdncia da Universidade Estadual Vale do Acara\u00fa. 2016. Trabalho de Conclus\u00e3o de Curso. (Gradua\u00e7\u00e3o em F\u00edsica) &#8211; Universidade Estadual Vale do Acara\u00fa. Orientador: Francisco Leandro de Oliveira Rodrigues.<\/span><\/p>\t\t\t\t\t\t\t\t<\/div>\n\t\t\t\t<\/div>\n\t\t\t\t\t<\/div>\n\t\t\t\t<\/div>\n\t\t\t\t<\/div>\n\t\t","protected":false},"excerpt":{"rendered":"<p>XIMENES,&nbsp;J. R. M. PROCESSOS DE ELETRIZA\u00c7\u00c3O VIVENCIADOS NO COTIDIANO SOBRE OS PRESSUPOSTOS DA SEQU\u00caNCIA FEDATHI. Trabalho de Conclus\u00e3o de Curso. (Gradua\u00e7\u00e3o em F\u00edsica) &#8211; Universidade Estadual Vale do Acara\u00fa (2023).&nbsp; 2. JONAS VIANA RAMOS. COMPARATIVO DE SOFTWARES VOLTADOS PARA O &hellip; <a href=\"https:\/\/blogs.multimeios.ufc.br\/leandro\/orientacoes-de-tcc\/\">Continue lendo <span class=\"meta-nav\">&rarr;<\/span><\/a><\/p>\n","protected":false},"author":42,"featured_media":0,"parent":0,"menu_order":0,"comment_status":"closed","ping_status":"closed","template":"","meta":{"footnotes":""},"class_list":["post-35","page","type-page","status-publish","hentry"],"yoast_head":"<!-- This site is optimized with the Yoast SEO plugin v27.3 - https:\/\/yoast.com\/product\/yoast-seo-wordpress\/ -->\n<title>Orienta\u00e7\u00f5es de TCC - SF e o Ensino de F\u00edsica - Prof. Leandro de Oliveira<\/title>\n<meta name=\"description\" content=\"Aqui voc\u00ea encontrar\u00e1 todos os Trabalhos de Conclus\u00e3o de Curso (TCC) que orientei. Se, por ventura, voc\u00ea usar esse trabalho como refer\u00eancia, agrade\u00e7o se fizer a devida cita\u00e7\u00e3o do mesmo. ; )\" \/>\n<meta name=\"robots\" content=\"index, follow, max-snippet:-1, max-image-preview:large, max-video-preview:-1\" \/>\n<link rel=\"canonical\" href=\"https:\/\/blogs.multimeios.ufc.br\/leandro\/orientacoes-de-tcc\/\" \/>\n<meta property=\"og:locale\" content=\"pt_BR\" \/>\n<meta property=\"og:type\" content=\"article\" \/>\n<meta property=\"og:title\" content=\"Orienta\u00e7\u00f5es de TCC - SF e o Ensino de F\u00edsica - Prof. Leandro de Oliveira\" \/>\n<meta property=\"og:description\" content=\"Aqui voc\u00ea encontrar\u00e1 todos os Trabalhos de Conclus\u00e3o de Curso (TCC) que orientei. Se, por ventura, voc\u00ea usar esse trabalho como refer\u00eancia, agrade\u00e7o se fizer a devida cita\u00e7\u00e3o do mesmo. ; )\" \/>\n<meta property=\"og:url\" content=\"https:\/\/blogs.multimeios.ufc.br\/leandro\/orientacoes-de-tcc\/\" \/>\n<meta property=\"og:site_name\" content=\"SF e o Ensino de F\u00edsica - Prof. Leandro de Oliveira\" \/>\n<meta property=\"article:modified_time\" content=\"2024-06-25T03:24:05+00:00\" \/>\n<meta name=\"twitter:card\" content=\"summary_large_image\" \/>\n<meta name=\"twitter:label1\" content=\"Est. tempo de leitura\" \/>\n\t<meta name=\"twitter:data1\" content=\"5 minutos\" \/>\n<script type=\"application\/ld+json\" class=\"yoast-schema-graph\">{\"@context\":\"https:\\\/\\\/schema.org\",\"@graph\":[{\"@type\":\"WebPage\",\"@id\":\"https:\\\/\\\/blogs.multimeios.ufc.br\\\/leandro\\\/orientacoes-de-tcc\\\/\",\"url\":\"https:\\\/\\\/blogs.multimeios.ufc.br\\\/leandro\\\/orientacoes-de-tcc\\\/\",\"name\":\"Orienta\u00e7\u00f5es de TCC - SF e o Ensino de F\u00edsica - Prof. Leandro de Oliveira\",\"isPartOf\":{\"@id\":\"https:\\\/\\\/blogs.multimeios.ufc.br\\\/leandro\\\/#website\"},\"datePublished\":\"2024-06-25T02:18:32+00:00\",\"dateModified\":\"2024-06-25T03:24:05+00:00\",\"description\":\"Aqui voc\u00ea encontrar\u00e1 todos os Trabalhos de Conclus\u00e3o de Curso (TCC) que orientei. Se, por ventura, voc\u00ea usar esse trabalho como refer\u00eancia, agrade\u00e7o se fizer a devida cita\u00e7\u00e3o do mesmo. ; )\",\"breadcrumb\":{\"@id\":\"https:\\\/\\\/blogs.multimeios.ufc.br\\\/leandro\\\/orientacoes-de-tcc\\\/#breadcrumb\"},\"inLanguage\":\"pt-BR\",\"potentialAction\":[{\"@type\":\"ReadAction\",\"target\":[\"https:\\\/\\\/blogs.multimeios.ufc.br\\\/leandro\\\/orientacoes-de-tcc\\\/\"]}]},{\"@type\":\"BreadcrumbList\",\"@id\":\"https:\\\/\\\/blogs.multimeios.ufc.br\\\/leandro\\\/orientacoes-de-tcc\\\/#breadcrumb\",\"itemListElement\":[{\"@type\":\"ListItem\",\"position\":1,\"name\":\"In\u00edcio\",\"item\":\"https:\\\/\\\/blogs.multimeios.ufc.br\\\/leandro\\\/\"},{\"@type\":\"ListItem\",\"position\":2,\"name\":\"Orienta\u00e7\u00f5es de TCC\"}]},{\"@type\":\"WebSite\",\"@id\":\"https:\\\/\\\/blogs.multimeios.ufc.br\\\/leandro\\\/#website\",\"url\":\"https:\\\/\\\/blogs.multimeios.ufc.br\\\/leandro\\\/\",\"name\":\"SF e o Ensino de F\u00edsica - Prof. Leandro de Oliveira\",\"description\":\"Ol\u00e1, caro navegante. Aqui voc\u00ea encontrar\u00e1 um pouco da minha vida acad\u00eamica. Seja bem vindo! :)\",\"potentialAction\":[{\"@type\":\"SearchAction\",\"target\":{\"@type\":\"EntryPoint\",\"urlTemplate\":\"https:\\\/\\\/blogs.multimeios.ufc.br\\\/leandro\\\/?s={search_term_string}\"},\"query-input\":{\"@type\":\"PropertyValueSpecification\",\"valueRequired\":true,\"valueName\":\"search_term_string\"}}],\"inLanguage\":\"pt-BR\"}]}<\/script>\n<!-- \/ Yoast SEO plugin. -->","yoast_head_json":{"title":"Orienta\u00e7\u00f5es de TCC - SF e o Ensino de F\u00edsica - Prof. Leandro de Oliveira","description":"Aqui voc\u00ea encontrar\u00e1 todos os Trabalhos de Conclus\u00e3o de Curso (TCC) que orientei. Se, por ventura, voc\u00ea usar esse trabalho como refer\u00eancia, agrade\u00e7o se fizer a devida cita\u00e7\u00e3o do mesmo. ; )","robots":{"index":"index","follow":"follow","max-snippet":"max-snippet:-1","max-image-preview":"max-image-preview:large","max-video-preview":"max-video-preview:-1"},"canonical":"https:\/\/blogs.multimeios.ufc.br\/leandro\/orientacoes-de-tcc\/","og_locale":"pt_BR","og_type":"article","og_title":"Orienta\u00e7\u00f5es de TCC - SF e o Ensino de F\u00edsica - Prof. Leandro de Oliveira","og_description":"Aqui voc\u00ea encontrar\u00e1 todos os Trabalhos de Conclus\u00e3o de Curso (TCC) que orientei. Se, por ventura, voc\u00ea usar esse trabalho como refer\u00eancia, agrade\u00e7o se fizer a devida cita\u00e7\u00e3o do mesmo. ; )","og_url":"https:\/\/blogs.multimeios.ufc.br\/leandro\/orientacoes-de-tcc\/","og_site_name":"SF e o Ensino de F\u00edsica - Prof. Leandro de Oliveira","article_modified_time":"2024-06-25T03:24:05+00:00","twitter_card":"summary_large_image","twitter_misc":{"Est. tempo de leitura":"5 minutos"},"schema":{"@context":"https:\/\/schema.org","@graph":[{"@type":"WebPage","@id":"https:\/\/blogs.multimeios.ufc.br\/leandro\/orientacoes-de-tcc\/","url":"https:\/\/blogs.multimeios.ufc.br\/leandro\/orientacoes-de-tcc\/","name":"Orienta\u00e7\u00f5es de TCC - SF e o Ensino de F\u00edsica - Prof. Leandro de Oliveira","isPartOf":{"@id":"https:\/\/blogs.multimeios.ufc.br\/leandro\/#website"},"datePublished":"2024-06-25T02:18:32+00:00","dateModified":"2024-06-25T03:24:05+00:00","description":"Aqui voc\u00ea encontrar\u00e1 todos os Trabalhos de Conclus\u00e3o de Curso (TCC) que orientei. Se, por ventura, voc\u00ea usar esse trabalho como refer\u00eancia, agrade\u00e7o se fizer a devida cita\u00e7\u00e3o do mesmo. ; )","breadcrumb":{"@id":"https:\/\/blogs.multimeios.ufc.br\/leandro\/orientacoes-de-tcc\/#breadcrumb"},"inLanguage":"pt-BR","potentialAction":[{"@type":"ReadAction","target":["https:\/\/blogs.multimeios.ufc.br\/leandro\/orientacoes-de-tcc\/"]}]},{"@type":"BreadcrumbList","@id":"https:\/\/blogs.multimeios.ufc.br\/leandro\/orientacoes-de-tcc\/#breadcrumb","itemListElement":[{"@type":"ListItem","position":1,"name":"In\u00edcio","item":"https:\/\/blogs.multimeios.ufc.br\/leandro\/"},{"@type":"ListItem","position":2,"name":"Orienta\u00e7\u00f5es de TCC"}]},{"@type":"WebSite","@id":"https:\/\/blogs.multimeios.ufc.br\/leandro\/#website","url":"https:\/\/blogs.multimeios.ufc.br\/leandro\/","name":"SF e o Ensino de F\u00edsica - Prof. Leandro de Oliveira","description":"Ol\u00e1, caro navegante. Aqui voc\u00ea encontrar\u00e1 um pouco da minha vida acad\u00eamica. Seja bem vindo! :)","potentialAction":[{"@type":"SearchAction","target":{"@type":"EntryPoint","urlTemplate":"https:\/\/blogs.multimeios.ufc.br\/leandro\/?s={search_term_string}"},"query-input":{"@type":"PropertyValueSpecification","valueRequired":true,"valueName":"search_term_string"}}],"inLanguage":"pt-BR"}]}},"_links":{"self":[{"href":"https:\/\/blogs.multimeios.ufc.br\/leandro\/wp-json\/wp\/v2\/pages\/35","targetHints":{"allow":["GET"]}}],"collection":[{"href":"https:\/\/blogs.multimeios.ufc.br\/leandro\/wp-json\/wp\/v2\/pages"}],"about":[{"href":"https:\/\/blogs.multimeios.ufc.br\/leandro\/wp-json\/wp\/v2\/types\/page"}],"author":[{"embeddable":true,"href":"https:\/\/blogs.multimeios.ufc.br\/leandro\/wp-json\/wp\/v2\/users\/42"}],"replies":[{"embeddable":true,"href":"https:\/\/blogs.multimeios.ufc.br\/leandro\/wp-json\/wp\/v2\/comments?post=35"}],"version-history":[{"count":7,"href":"https:\/\/blogs.multimeios.ufc.br\/leandro\/wp-json\/wp\/v2\/pages\/35\/revisions"}],"predecessor-version":[{"id":74,"href":"https:\/\/blogs.multimeios.ufc.br\/leandro\/wp-json\/wp\/v2\/pages\/35\/revisions\/74"}],"wp:attachment":[{"href":"https:\/\/blogs.multimeios.ufc.br\/leandro\/wp-json\/wp\/v2\/media?parent=35"}],"curies":[{"name":"wp","href":"https:\/\/api.w.org\/{rel}","templated":true}]}}