{"id":46,"date":"2024-06-24T23:31:41","date_gmt":"2024-06-25T02:31:41","guid":{"rendered":"https:\/\/blogs.multimeios.ufc.br\/leandro\/?page_id=46"},"modified":"2025-09-23T23:52:06","modified_gmt":"2025-09-24T02:52:06","slug":"quem-sou","status":"publish","type":"page","link":"https:\/\/blogs.multimeios.ufc.br\/leandro\/quem-sou\/","title":{"rendered":"Quem sou"},"content":{"rendered":"\t\t<div data-elementor-type=\"wp-page\" data-elementor-id=\"46\" class=\"elementor elementor-46\">\n\t\t\t\t<div class=\"elementor-element elementor-element-1b82936a e-flex e-con-boxed e-con e-parent\" data-id=\"1b82936a\" data-element_type=\"container\" data-e-type=\"container\">\n\t\t\t\t\t<div class=\"e-con-inner\">\n\t\t\t\t<div class=\"elementor-element elementor-element-54a657f2 elementor-widget elementor-widget-text-editor\" data-id=\"54a657f2\" data-element_type=\"widget\" data-e-type=\"widget\" data-widget_type=\"text-editor.default\">\n\t\t\t\t<div class=\"elementor-widget-container\">\n\t\t\t\t\t\t\t\t\t\t\t\t\t\t\t\t\t<\/div>\n\t\t\t\t<\/div>\n\t\t\t\t\t<\/div>\n\t\t\t\t<\/div>\n\t\t<div class=\"elementor-element elementor-element-55e4714 e-flex e-con-boxed e-con e-parent\" data-id=\"55e4714\" data-element_type=\"container\" data-e-type=\"container\">\n\t\t\t\t\t<div class=\"e-con-inner\">\n\t\t\t\t<div class=\"elementor-element elementor-element-f38a1c7 elementor-widget elementor-widget-text-editor\" data-id=\"f38a1c7\" data-element_type=\"widget\" data-e-type=\"widget\" data-widget_type=\"text-editor.default\">\n\t\t\t\t<div class=\"elementor-widget-container\">\n\t\t\t\t\t\t\t\t\t<p style=\"background-color: #ffffff;font-weight: var( --e-global-typography-primary-font-weight );font-family: var( --e-global-typography-primary-font-family ), Sans-serif\" data-elementor-setting-key=\"title\" data-pen-placeholder=\"Digite aqui...\"><span style=\"font-family: 'times new roman', times, serif\"><em><span style=\"font-size: 18pt\"><strong style=\"background-color: #ffffff;color: #333333\">Abaixo relato um pouco da minha trajet\u00f3ria como acad\u00eamico.<\/strong><\/span><\/em><\/span><\/p>\n<p data-start=\"106\" data-end=\"690\"><span style=\"font-family: 'times new roman', times, serif;color: #000000\"><em><span style=\"font-size: 14pt\">Nasci no Hospital Maternidade Jo\u00e3o Ferreira Gomes, em Itapaj\u00e9, mas meus primeiros dias foram no Miranda, um distrito de Irau\u00e7uba \u00e0s margens do a\u00e7ude. Foi ali, no quintal de casa, que tive minhas primeiras aulas com a minha m\u00e3e, Dona L\u00facia \u2013 professora normalista que alfabetizava o povoado da regi\u00e3o. Depois a gente se mudou para Itapaj\u00e9 e eu passei rapidinho pela Escola Capit\u00e3o Manoel Pinto de Mesquita, tamb\u00e9m onde minha m\u00e3e dava aula. Mas praticamente toda a minha vida escolar \u2014 do Jardim I ao Ensino M\u00e9dio \u2014 foi na Escola Monsenhor Cat\u00e3o. De l\u00e1 pulei direto para a faculdade.<\/span><\/em><\/span><\/p>\n<p data-start=\"692\" data-end=\"1038\"><span style=\"font-family: 'times new roman', times, serif;font-size: 14pt;color: #000000\"><i>Escolhi Licenciatura em F\u00edsica na UVA (Universidade Estadual Vale do Acara\u00fa) em 2005. Comecei tamb\u00e9m o Bacharelado em F\u00edsica e terminei todas as disciplinas obrigat\u00f3rias, mas nunca finalizei formalmente. Ainda na gradua\u00e7\u00e3o, j\u00e1 estava metido com pesquisa: fui bolsista de inicia\u00e7\u00e3o cient\u00edfica em F\u00edsica Computacional aplicada \u00e0 telecomunica\u00e7\u00f5es.<\/i><\/span><\/p>\n<p data-start=\"1040\" data-end=\"1576\"><span style=\"font-family: 'times new roman', times, serif;font-size: 14pt;color: #000000\"><i>Em 2010, parti para o mestrado em F\u00edsica na UFC, pesquisando F\u00edsica Computacional para Engenharia de Petr\u00f3leo com orienta\u00e7\u00e3o do professor Murilo Pereira de Almeida. Em 2012, comecei o doutorado na mesma UFC. Oficialmente meu orientador era o professor Murilo, mas quem me guiou mesmo foi o professor Raimundo Nogueira da Costa Filho. Trabalhei com sistemas fora do equil\u00edbrio termodin\u00e2mico \u2014 crescimento dendr\u00edtico de cristais com heterogeneidades, pra quem curte nomes t\u00e9cnicos. A defesa atrasou um pouco, mas saiu em agosto de 2017.<\/i><\/span><\/p>\n<p data-start=\"1578\" data-end=\"1910\"><span style=\"font-family: 'times new roman', times, serif;color: #000000;font-size: 14pt\"><i>Enquanto isso, comecei a dar aula. Passei em 2014 para professor substituto na UVA. Em 2015 fui aprovado para professor efetivo, mas um processo judicial atrasou minha posse. Enquanto esperava, dei aulas no IFCE em Sobral e, no UNINTA, lecionei Matem\u00e1tica para Engenharia (C\u00e1lculo, \u00c1lgebra, Geometria Anal\u00edtica, Probabilidade&#8230;).<\/i><\/span><\/p>\n<p data-start=\"1912\" data-end=\"2379\"><span style=\"font-size: 14pt;color: #000000;font-family: 'times new roman', times, serif\"><i>Finalmente, em setembro de 2019, depois de muito vai-e-vem jur\u00eddico, assumi minha vaga de professor efetivo da UVA, no curso de F\u00edsica. A partir da\u00ed, al\u00e9m de dar aula, comecei a orientar TCCs e disserta\u00e7\u00f5es no MNPEF. At\u00e9 junho de 2024 j\u00e1 s\u00e3o 20 TCCs e 4 mestrados orientados. Hoje finalizo meu p\u00f3s-doc na Faculdade de Educa\u00e7\u00e3o da UFC, sob supervis\u00e3o do professor Herm\u00ednio Borges Melo \u2014 criador da Sequ\u00eancia Fedathi, que virou a base das minhas pesquisas desde 2020.<\/i><\/span><\/p>\n<p data-start=\"2381\" data-end=\"2529\"><em><span style=\"font-size: 14pt;color: #000000;font-family: 'times new roman', times, serif\">Esse \u00e9 um resum\u00e3o da minha trajet\u00f3ria de estudante, professor e pesquisador. Quer ver tudo com detalhes? \u00c9 s\u00f3 clicar no <a href=\"http:\/\/lattes.cnpq.br\/2417447126619882\">meu curr\u00edculo Lattes<\/a>.<\/span><\/em><\/p>\t\t\t\t\t\t\t\t<\/div>\n\t\t\t\t<\/div>\n\t\t\t\t\t<\/div>\n\t\t\t\t<\/div>\n\t\t<div class=\"elementor-element elementor-element-8311c52 e-flex e-con-boxed e-con e-parent\" data-id=\"8311c52\" data-element_type=\"container\" data-e-type=\"container\">\n\t\t\t\t\t<div class=\"e-con-inner\">\n\t\t\t\t\t<\/div>\n\t\t\t\t<\/div>\n\t\t<div class=\"elementor-element elementor-element-fb0e281 e-flex e-con-boxed e-con e-parent\" data-id=\"fb0e281\" data-element_type=\"container\" data-e-type=\"container\">\n\t\t\t\t\t<div class=\"e-con-inner\">\n\t\t\t\t<div class=\"elementor-element elementor-element-2bd42af elementor-widget elementor-widget-image\" data-id=\"2bd42af\" data-element_type=\"widget\" data-e-type=\"widget\" data-widget_type=\"image.default\">\n\t\t\t\t<div class=\"elementor-widget-container\">\n\t\t\t\t\t\t\t\t\t\t\t\t\t\t\t<img fetchpriority=\"high\" decoding=\"async\" width=\"640\" height=\"213\" src=\"https:\/\/blogs.multimeios.ufc.br\/leandro\/files\/2025\/09\/Deixa-os-minino-pensar.-14-1024x341.png\" class=\"attachment-large size-large wp-image-293\" alt=\"\" srcset=\"https:\/\/blogs.multimeios.ufc.br\/leandro\/files\/2025\/09\/Deixa-os-minino-pensar.-14-1024x341.png 1024w, https:\/\/blogs.multimeios.ufc.br\/leandro\/files\/2025\/09\/Deixa-os-minino-pensar.-14-300x100.png 300w, https:\/\/blogs.multimeios.ufc.br\/leandro\/files\/2025\/09\/Deixa-os-minino-pensar.-14-768x256.png 768w, https:\/\/blogs.multimeios.ufc.br\/leandro\/files\/2025\/09\/Deixa-os-minino-pensar.-14.png 1500w\" sizes=\"(max-width: 640px) 100vw, 640px\" \/>\t\t\t\t\t\t\t\t\t\t\t\t\t\t\t<\/div>\n\t\t\t\t<\/div>\n\t\t\t\t\t<\/div>\n\t\t\t\t<\/div>\n\t\t\t\t<\/div>\n\t\t","protected":false},"excerpt":{"rendered":"<p>Abaixo relato um pouco da minha trajet\u00f3ria como acad\u00eamico. Nasci no Hospital Maternidade Jo\u00e3o Ferreira Gomes, em Itapaj\u00e9, mas meus primeiros dias foram no Miranda, um distrito de Irau\u00e7uba \u00e0s margens do a\u00e7ude. Foi ali, no quintal de casa, que &hellip; <a href=\"https:\/\/blogs.multimeios.ufc.br\/leandro\/quem-sou\/\">Continue lendo <span class=\"meta-nav\">&rarr;<\/span><\/a><\/p>\n","protected":false},"author":42,"featured_media":0,"parent":0,"menu_order":0,"comment_status":"closed","ping_status":"closed","template":"","meta":{"footnotes":""},"class_list":["post-46","page","type-page","status-publish","hentry"],"yoast_head":"<!-- This site is optimized with the Yoast SEO plugin v27.3 - https:\/\/yoast.com\/product\/yoast-seo-wordpress\/ -->\n<title>Quem sou - SF e o Ensino de F\u00edsica - Prof. Leandro de Oliveira<\/title>\n<meta name=\"robots\" content=\"index, follow, max-snippet:-1, max-image-preview:large, max-video-preview:-1\" \/>\n<link rel=\"canonical\" href=\"https:\/\/blogs.multimeios.ufc.br\/leandro\/quem-sou\/\" \/>\n<meta property=\"og:locale\" content=\"pt_BR\" \/>\n<meta property=\"og:type\" content=\"article\" \/>\n<meta property=\"og:title\" content=\"Quem sou - SF e o Ensino de F\u00edsica - Prof. Leandro de Oliveira\" \/>\n<meta property=\"og:description\" content=\"Abaixo relato um pouco da minha trajet\u00f3ria como acad\u00eamico. Nasci no Hospital Maternidade Jo\u00e3o Ferreira Gomes, em Itapaj\u00e9, mas meus primeiros dias foram no Miranda, um distrito de Irau\u00e7uba \u00e0s margens do a\u00e7ude. Foi ali, no quintal de casa, que &hellip; Continue lendo &rarr;\" \/>\n<meta property=\"og:url\" content=\"https:\/\/blogs.multimeios.ufc.br\/leandro\/quem-sou\/\" \/>\n<meta property=\"og:site_name\" content=\"SF e o Ensino de F\u00edsica - Prof. Leandro de Oliveira\" \/>\n<meta property=\"article:modified_time\" content=\"2025-09-24T02:52:06+00:00\" \/>\n<meta property=\"og:image\" content=\"http:\/\/blogs.multimeios.ufc.br\/leandro\/files\/2025\/09\/Deixa-os-minino-pensar.-14-1024x341.png\" \/>\n<meta name=\"twitter:card\" content=\"summary_large_image\" \/>\n<meta name=\"twitter:label1\" content=\"Est. tempo de leitura\" \/>\n\t<meta name=\"twitter:data1\" content=\"3 minutos\" \/>\n<script type=\"application\/ld+json\" class=\"yoast-schema-graph\">{\"@context\":\"https:\\\/\\\/schema.org\",\"@graph\":[{\"@type\":\"WebPage\",\"@id\":\"https:\\\/\\\/blogs.multimeios.ufc.br\\\/leandro\\\/quem-sou\\\/\",\"url\":\"https:\\\/\\\/blogs.multimeios.ufc.br\\\/leandro\\\/quem-sou\\\/\",\"name\":\"Quem sou - SF e o Ensino de F\u00edsica - Prof. Leandro de Oliveira\",\"isPartOf\":{\"@id\":\"https:\\\/\\\/blogs.multimeios.ufc.br\\\/leandro\\\/#website\"},\"primaryImageOfPage\":{\"@id\":\"https:\\\/\\\/blogs.multimeios.ufc.br\\\/leandro\\\/quem-sou\\\/#primaryimage\"},\"image\":{\"@id\":\"https:\\\/\\\/blogs.multimeios.ufc.br\\\/leandro\\\/quem-sou\\\/#primaryimage\"},\"thumbnailUrl\":\"http:\\\/\\\/blogs.multimeios.ufc.br\\\/leandro\\\/files\\\/2025\\\/09\\\/Deixa-os-minino-pensar.-14-1024x341.png\",\"datePublished\":\"2024-06-25T02:31:41+00:00\",\"dateModified\":\"2025-09-24T02:52:06+00:00\",\"breadcrumb\":{\"@id\":\"https:\\\/\\\/blogs.multimeios.ufc.br\\\/leandro\\\/quem-sou\\\/#breadcrumb\"},\"inLanguage\":\"pt-BR\",\"potentialAction\":[{\"@type\":\"ReadAction\",\"target\":[\"https:\\\/\\\/blogs.multimeios.ufc.br\\\/leandro\\\/quem-sou\\\/\"]}]},{\"@type\":\"ImageObject\",\"inLanguage\":\"pt-BR\",\"@id\":\"https:\\\/\\\/blogs.multimeios.ufc.br\\\/leandro\\\/quem-sou\\\/#primaryimage\",\"url\":\"https:\\\/\\\/blogs.multimeios.ufc.br\\\/leandro\\\/files\\\/2025\\\/09\\\/Deixa-os-minino-pensar.-14.png\",\"contentUrl\":\"https:\\\/\\\/blogs.multimeios.ufc.br\\\/leandro\\\/files\\\/2025\\\/09\\\/Deixa-os-minino-pensar.-14.png\",\"width\":1500,\"height\":500},{\"@type\":\"BreadcrumbList\",\"@id\":\"https:\\\/\\\/blogs.multimeios.ufc.br\\\/leandro\\\/quem-sou\\\/#breadcrumb\",\"itemListElement\":[{\"@type\":\"ListItem\",\"position\":1,\"name\":\"In\u00edcio\",\"item\":\"https:\\\/\\\/blogs.multimeios.ufc.br\\\/leandro\\\/\"},{\"@type\":\"ListItem\",\"position\":2,\"name\":\"Quem sou\"}]},{\"@type\":\"WebSite\",\"@id\":\"https:\\\/\\\/blogs.multimeios.ufc.br\\\/leandro\\\/#website\",\"url\":\"https:\\\/\\\/blogs.multimeios.ufc.br\\\/leandro\\\/\",\"name\":\"SF e o Ensino de F\u00edsica - Prof. Leandro de Oliveira\",\"description\":\"Ol\u00e1, caro navegante. Aqui voc\u00ea encontrar\u00e1 um pouco da minha vida acad\u00eamica. Seja bem vindo! :)\",\"potentialAction\":[{\"@type\":\"SearchAction\",\"target\":{\"@type\":\"EntryPoint\",\"urlTemplate\":\"https:\\\/\\\/blogs.multimeios.ufc.br\\\/leandro\\\/?s={search_term_string}\"},\"query-input\":{\"@type\":\"PropertyValueSpecification\",\"valueRequired\":true,\"valueName\":\"search_term_string\"}}],\"inLanguage\":\"pt-BR\"}]}<\/script>\n<!-- \/ Yoast SEO plugin. -->","yoast_head_json":{"title":"Quem sou - SF e o Ensino de F\u00edsica - Prof. Leandro de Oliveira","robots":{"index":"index","follow":"follow","max-snippet":"max-snippet:-1","max-image-preview":"max-image-preview:large","max-video-preview":"max-video-preview:-1"},"canonical":"https:\/\/blogs.multimeios.ufc.br\/leandro\/quem-sou\/","og_locale":"pt_BR","og_type":"article","og_title":"Quem sou - SF e o Ensino de F\u00edsica - Prof. Leandro de Oliveira","og_description":"Abaixo relato um pouco da minha trajet\u00f3ria como acad\u00eamico. Nasci no Hospital Maternidade Jo\u00e3o Ferreira Gomes, em Itapaj\u00e9, mas meus primeiros dias foram no Miranda, um distrito de Irau\u00e7uba \u00e0s margens do a\u00e7ude. Foi ali, no quintal de casa, que &hellip; Continue lendo &rarr;","og_url":"https:\/\/blogs.multimeios.ufc.br\/leandro\/quem-sou\/","og_site_name":"SF e o Ensino de F\u00edsica - Prof. Leandro de Oliveira","article_modified_time":"2025-09-24T02:52:06+00:00","og_image":[{"url":"http:\/\/blogs.multimeios.ufc.br\/leandro\/files\/2025\/09\/Deixa-os-minino-pensar.-14-1024x341.png","type":"","width":"","height":""}],"twitter_card":"summary_large_image","twitter_misc":{"Est. tempo de leitura":"3 minutos"},"schema":{"@context":"https:\/\/schema.org","@graph":[{"@type":"WebPage","@id":"https:\/\/blogs.multimeios.ufc.br\/leandro\/quem-sou\/","url":"https:\/\/blogs.multimeios.ufc.br\/leandro\/quem-sou\/","name":"Quem sou - SF e o Ensino de F\u00edsica - Prof. Leandro de Oliveira","isPartOf":{"@id":"https:\/\/blogs.multimeios.ufc.br\/leandro\/#website"},"primaryImageOfPage":{"@id":"https:\/\/blogs.multimeios.ufc.br\/leandro\/quem-sou\/#primaryimage"},"image":{"@id":"https:\/\/blogs.multimeios.ufc.br\/leandro\/quem-sou\/#primaryimage"},"thumbnailUrl":"http:\/\/blogs.multimeios.ufc.br\/leandro\/files\/2025\/09\/Deixa-os-minino-pensar.-14-1024x341.png","datePublished":"2024-06-25T02:31:41+00:00","dateModified":"2025-09-24T02:52:06+00:00","breadcrumb":{"@id":"https:\/\/blogs.multimeios.ufc.br\/leandro\/quem-sou\/#breadcrumb"},"inLanguage":"pt-BR","potentialAction":[{"@type":"ReadAction","target":["https:\/\/blogs.multimeios.ufc.br\/leandro\/quem-sou\/"]}]},{"@type":"ImageObject","inLanguage":"pt-BR","@id":"https:\/\/blogs.multimeios.ufc.br\/leandro\/quem-sou\/#primaryimage","url":"https:\/\/blogs.multimeios.ufc.br\/leandro\/files\/2025\/09\/Deixa-os-minino-pensar.-14.png","contentUrl":"https:\/\/blogs.multimeios.ufc.br\/leandro\/files\/2025\/09\/Deixa-os-minino-pensar.-14.png","width":1500,"height":500},{"@type":"BreadcrumbList","@id":"https:\/\/blogs.multimeios.ufc.br\/leandro\/quem-sou\/#breadcrumb","itemListElement":[{"@type":"ListItem","position":1,"name":"In\u00edcio","item":"https:\/\/blogs.multimeios.ufc.br\/leandro\/"},{"@type":"ListItem","position":2,"name":"Quem sou"}]},{"@type":"WebSite","@id":"https:\/\/blogs.multimeios.ufc.br\/leandro\/#website","url":"https:\/\/blogs.multimeios.ufc.br\/leandro\/","name":"SF e o Ensino de F\u00edsica - Prof. Leandro de Oliveira","description":"Ol\u00e1, caro navegante. Aqui voc\u00ea encontrar\u00e1 um pouco da minha vida acad\u00eamica. Seja bem vindo! :)","potentialAction":[{"@type":"SearchAction","target":{"@type":"EntryPoint","urlTemplate":"https:\/\/blogs.multimeios.ufc.br\/leandro\/?s={search_term_string}"},"query-input":{"@type":"PropertyValueSpecification","valueRequired":true,"valueName":"search_term_string"}}],"inLanguage":"pt-BR"}]}},"_links":{"self":[{"href":"https:\/\/blogs.multimeios.ufc.br\/leandro\/wp-json\/wp\/v2\/pages\/46","targetHints":{"allow":["GET"]}}],"collection":[{"href":"https:\/\/blogs.multimeios.ufc.br\/leandro\/wp-json\/wp\/v2\/pages"}],"about":[{"href":"https:\/\/blogs.multimeios.ufc.br\/leandro\/wp-json\/wp\/v2\/types\/page"}],"author":[{"embeddable":true,"href":"https:\/\/blogs.multimeios.ufc.br\/leandro\/wp-json\/wp\/v2\/users\/42"}],"replies":[{"embeddable":true,"href":"https:\/\/blogs.multimeios.ufc.br\/leandro\/wp-json\/wp\/v2\/comments?post=46"}],"version-history":[{"count":43,"href":"https:\/\/blogs.multimeios.ufc.br\/leandro\/wp-json\/wp\/v2\/pages\/46\/revisions"}],"predecessor-version":[{"id":302,"href":"https:\/\/blogs.multimeios.ufc.br\/leandro\/wp-json\/wp\/v2\/pages\/46\/revisions\/302"}],"wp:attachment":[{"href":"https:\/\/blogs.multimeios.ufc.br\/leandro\/wp-json\/wp\/v2\/media?parent=46"}],"curies":[{"name":"wp","href":"https:\/\/api.w.org\/{rel}","templated":true}]}}