{"id":80,"date":"2024-09-02T19:38:01","date_gmt":"2024-09-02T22:38:01","guid":{"rendered":"https:\/\/blogs.multimeios.ufc.br\/leandro\/?page_id=80"},"modified":"2024-09-03T23:11:57","modified_gmt":"2024-09-04T02:11:57","slug":"sf-e-astronomia-do-sistema-solar","status":"publish","type":"page","link":"https:\/\/blogs.multimeios.ufc.br\/leandro\/sf-e-astronomia-do-sistema-solar\/","title":{"rendered":"SF e Astronomia do Sistema Solar"},"content":{"rendered":"<p><\/p>\n<p><strong>Apresenta\u00e7\u00e3o <\/strong><\/p>\n<p><\/p>\n<p><\/p>\n<p style=\"margin-bottom: 0px;color: windowtext;text-align: justify;text-indent: 56px\">A sequ\u00eancia did\u00e1tica proposta integra a Sequ\u00eancia Fedathi como ferramenta principal, combinada com elementos de Gamifica\u00e7\u00e3o e um aplicativo de realidade aumentada, para enriquecer o ensino de conceitos de Astronomia. Este material foi cuidadosamente planejado para ser aplicado em sete encontros, cada um com a dura\u00e7\u00e3o de 100 minutos, proporcionando um tempo adequado para a explora\u00e7\u00e3o dos conte\u00fados e a intera\u00e7\u00e3o dos alunos com as atividades propostas. \u00c9 essencial que os professores interessados em aplicar essa sequ\u00eancia tenham conhecimento pr\u00e9vio sobre a Sequ\u00eancia Fedathi, conforme detalhado a frente, que oferece o embasamento te\u00f3rico necess\u00e1rio para a aplica\u00e7\u00e3o correta da metodologia.\u00a0<\/p>\n<p style=\"margin-bottom: 0px;color: windowtext;text-align: justify;text-indent: 56px\">Al\u00e9m disso, a fundamenta\u00e7\u00e3o te\u00f3rica sobre Gamifica\u00e7\u00e3o, realidade aumentada e os conceitos astron\u00f4micos tamb\u00e9m ser\u00e3o abordados em sequ\u00eancia. Esse material fornece uma base s\u00f3lida e atualizada sobre as abordagens pedag\u00f3gicas e tecnol\u00f3gicas utilizadas, permitindo que os educadores compreendam profundamente os benef\u00edcios e as aplica\u00e7\u00f5es dessas ferramentas no contexto educacional. Professores que j\u00e1 dominam esses conceitos podem avan\u00e7ar diretamente para sequ\u00eancia elaborada, incluindo o comportamento esperado do professor durante a aplica\u00e7\u00e3o. Este trabalho \u00e9 oriundo de uma pesquisa de mestrado e p\u00f3s-doutorado, servindo como um guia pr\u00e1tico para a implementa\u00e7\u00e3o eficiente da sequ\u00eancia did\u00e1tica, garantindo que os objetivos educacionais sejam alcan\u00e7ados de maneira eficaz.\u00a0<\/p>\n<p style=\"margin-bottom: 0px;color: windowtext;text-align: justify;text-indent: 56px\">No final, encontram-se recursos adicionais para facilitar o trabalho do professor. O ap\u00eandice A cont\u00eam os planos de ensino, cuidadosamente elaborados para orientar cada encontro, garantindo uma progress\u00e3o l\u00f3gica e coerente dos conte\u00fados. O ap\u00eandice B fornece os question\u00e1rios de pesquisa de opini\u00e3o e os question\u00e1rios de pr\u00e9-teste e p\u00f3s-teste, instrumentos essenciais para avaliar a efic\u00e1cia da sequ\u00eancia did\u00e1tica e o desenvolvimento dos alunos ao longo do processo. No decorrer da descri\u00e7\u00e3o da sequ\u00eancia did\u00e1tica, damos acesso aos slides utilizados em cada aula, textos de apoio e links para instru\u00e7\u00f5es de uso das ferramentas Plickers, Kahoot e Merge Explorer. Estes materiais complementares s\u00e3o projetados para oferecer um suporte abrangente ao professor, garantindo uma experi\u00eancia de ensino e aprendizagem mais interativa e envolvente, promovendo um ambiente educacional din\u00e2mico e estimulante.\u00a0<\/p>\n<p style=\"margin-bottom: 0px;color: windowtext;text-align: justify;text-indent: 47px\">\u00a0<\/p>\n<p><\/p>\n<p><\/p>\n<p><\/p>\n<p><\/p>\n<p><\/p>","protected":false},"excerpt":{"rendered":"<p>Apresenta\u00e7\u00e3o A sequ\u00eancia did\u00e1tica proposta integra a Sequ\u00eancia Fedathi como ferramenta principal, combinada com elementos de Gamifica\u00e7\u00e3o e um aplicativo de realidade aumentada, para enriquecer o ensino de conceitos de Astronomia. Este material foi cuidadosamente planejado para ser aplicado em &hellip; <a href=\"https:\/\/blogs.multimeios.ufc.br\/leandro\/sf-e-astronomia-do-sistema-solar\/\">Continue lendo <span class=\"meta-nav\">&rarr;<\/span><\/a><\/p>\n","protected":false},"author":42,"featured_media":0,"parent":0,"menu_order":0,"comment_status":"closed","ping_status":"closed","template":"","meta":{"footnotes":""},"class_list":["post-80","page","type-page","status-publish","hentry"],"yoast_head":"<!-- This site is optimized with the Yoast SEO plugin v27.4 - https:\/\/yoast.com\/product\/yoast-seo-wordpress\/ -->\n<title>SF e Astronomia do Sistema Solar - SF e o Ensino de F\u00edsica - Prof. Leandro de Oliveira<\/title>\n<meta name=\"robots\" content=\"index, follow, max-snippet:-1, max-image-preview:large, max-video-preview:-1\" \/>\n<link rel=\"canonical\" href=\"https:\/\/blogs.multimeios.ufc.br\/leandro\/sf-e-astronomia-do-sistema-solar\/\" \/>\n<meta property=\"og:locale\" content=\"pt_BR\" \/>\n<meta property=\"og:type\" content=\"article\" \/>\n<meta property=\"og:title\" content=\"SF e Astronomia do Sistema Solar - SF e o Ensino de F\u00edsica - Prof. Leandro de Oliveira\" \/>\n<meta property=\"og:description\" content=\"Apresenta\u00e7\u00e3o A sequ\u00eancia did\u00e1tica proposta integra a Sequ\u00eancia Fedathi como ferramenta principal, combinada com elementos de Gamifica\u00e7\u00e3o e um aplicativo de realidade aumentada, para enriquecer o ensino de conceitos de Astronomia. Este material foi cuidadosamente planejado para ser aplicado em &hellip; Continue lendo &rarr;\" \/>\n<meta property=\"og:url\" content=\"https:\/\/blogs.multimeios.ufc.br\/leandro\/sf-e-astronomia-do-sistema-solar\/\" \/>\n<meta property=\"og:site_name\" content=\"SF e o Ensino de F\u00edsica - Prof. Leandro de Oliveira\" \/>\n<meta property=\"article:modified_time\" content=\"2024-09-04T02:11:57+00:00\" \/>\n<meta name=\"twitter:card\" content=\"summary_large_image\" \/>\n<meta name=\"twitter:label1\" content=\"Est. tempo de leitura\" \/>\n\t<meta name=\"twitter:data1\" content=\"2 minutos\" \/>\n<script type=\"application\/ld+json\" class=\"yoast-schema-graph\">{\"@context\":\"https:\\\/\\\/schema.org\",\"@graph\":[{\"@type\":[\"Article\",\"Report\"],\"@id\":\"https:\\\/\\\/blogs.multimeios.ufc.br\\\/leandro\\\/sf-e-astronomia-do-sistema-solar\\\/#article\",\"isPartOf\":{\"@id\":\"https:\\\/\\\/blogs.multimeios.ufc.br\\\/leandro\\\/sf-e-astronomia-do-sistema-solar\\\/\"},\"author\":{\"name\":\"leandro\",\"@id\":\"https:\\\/\\\/blogs.multimeios.ufc.br\\\/leandro\\\/#\\\/schema\\\/person\\\/fe5c668f99c11b389da31bbda6fe9d6c\"},\"headline\":\"SF e Astronomia do Sistema Solar\",\"datePublished\":\"2024-09-02T22:38:01+00:00\",\"dateModified\":\"2024-09-04T02:11:57+00:00\",\"mainEntityOfPage\":{\"@id\":\"https:\\\/\\\/blogs.multimeios.ufc.br\\\/leandro\\\/sf-e-astronomia-do-sistema-solar\\\/\"},\"wordCount\":394,\"inLanguage\":\"pt-BR\"},{\"@type\":\"WebPage\",\"@id\":\"https:\\\/\\\/blogs.multimeios.ufc.br\\\/leandro\\\/sf-e-astronomia-do-sistema-solar\\\/\",\"url\":\"https:\\\/\\\/blogs.multimeios.ufc.br\\\/leandro\\\/sf-e-astronomia-do-sistema-solar\\\/\",\"name\":\"SF e Astronomia do Sistema Solar - SF e o Ensino de F\u00edsica - Prof. Leandro de Oliveira\",\"isPartOf\":{\"@id\":\"https:\\\/\\\/blogs.multimeios.ufc.br\\\/leandro\\\/#website\"},\"datePublished\":\"2024-09-02T22:38:01+00:00\",\"dateModified\":\"2024-09-04T02:11:57+00:00\",\"breadcrumb\":{\"@id\":\"https:\\\/\\\/blogs.multimeios.ufc.br\\\/leandro\\\/sf-e-astronomia-do-sistema-solar\\\/#breadcrumb\"},\"inLanguage\":\"pt-BR\",\"potentialAction\":[{\"@type\":\"ReadAction\",\"target\":[\"https:\\\/\\\/blogs.multimeios.ufc.br\\\/leandro\\\/sf-e-astronomia-do-sistema-solar\\\/\"]}]},{\"@type\":\"BreadcrumbList\",\"@id\":\"https:\\\/\\\/blogs.multimeios.ufc.br\\\/leandro\\\/sf-e-astronomia-do-sistema-solar\\\/#breadcrumb\",\"itemListElement\":[{\"@type\":\"ListItem\",\"position\":1,\"name\":\"In\u00edcio\",\"item\":\"https:\\\/\\\/blogs.multimeios.ufc.br\\\/leandro\\\/\"},{\"@type\":\"ListItem\",\"position\":2,\"name\":\"SF e Astronomia do Sistema Solar\"}]},{\"@type\":\"WebSite\",\"@id\":\"https:\\\/\\\/blogs.multimeios.ufc.br\\\/leandro\\\/#website\",\"url\":\"https:\\\/\\\/blogs.multimeios.ufc.br\\\/leandro\\\/\",\"name\":\"SF e o Ensino de F\u00edsica - Prof. Leandro de Oliveira\",\"description\":\"Ol\u00e1, caro navegante. Aqui voc\u00ea encontrar\u00e1 um pouco da minha vida acad\u00eamica. Seja bem vindo! :)\",\"potentialAction\":[{\"@type\":\"SearchAction\",\"target\":{\"@type\":\"EntryPoint\",\"urlTemplate\":\"https:\\\/\\\/blogs.multimeios.ufc.br\\\/leandro\\\/?s={search_term_string}\"},\"query-input\":{\"@type\":\"PropertyValueSpecification\",\"valueRequired\":true,\"valueName\":\"search_term_string\"}}],\"inLanguage\":\"pt-BR\"},{\"@type\":\"Person\",\"@id\":\"https:\\\/\\\/blogs.multimeios.ufc.br\\\/leandro\\\/#\\\/schema\\\/person\\\/fe5c668f99c11b389da31bbda6fe9d6c\",\"name\":\"leandro\",\"image\":{\"@type\":\"ImageObject\",\"inLanguage\":\"pt-BR\",\"@id\":\"https:\\\/\\\/secure.gravatar.com\\\/avatar\\\/756a1db1cd51005632e3a7fc25be0884cc38e9331e83a1b5daed7e371499c060?s=96&d=mm&r=g\",\"url\":\"https:\\\/\\\/secure.gravatar.com\\\/avatar\\\/756a1db1cd51005632e3a7fc25be0884cc38e9331e83a1b5daed7e371499c060?s=96&d=mm&r=g\",\"contentUrl\":\"https:\\\/\\\/secure.gravatar.com\\\/avatar\\\/756a1db1cd51005632e3a7fc25be0884cc38e9331e83a1b5daed7e371499c060?s=96&d=mm&r=g\",\"caption\":\"leandro\"},\"url\":\"https:\\\/\\\/blogs.multimeios.ufc.br\\\/leandro\\\/author\\\/leandro\\\/\"}]}<\/script>\n<!-- \/ Yoast SEO plugin. -->","yoast_head_json":{"title":"SF e Astronomia do Sistema Solar - SF e o Ensino de F\u00edsica - Prof. Leandro de Oliveira","robots":{"index":"index","follow":"follow","max-snippet":"max-snippet:-1","max-image-preview":"max-image-preview:large","max-video-preview":"max-video-preview:-1"},"canonical":"https:\/\/blogs.multimeios.ufc.br\/leandro\/sf-e-astronomia-do-sistema-solar\/","og_locale":"pt_BR","og_type":"article","og_title":"SF e Astronomia do Sistema Solar - SF e o Ensino de F\u00edsica - Prof. Leandro de Oliveira","og_description":"Apresenta\u00e7\u00e3o A sequ\u00eancia did\u00e1tica proposta integra a Sequ\u00eancia Fedathi como ferramenta principal, combinada com elementos de Gamifica\u00e7\u00e3o e um aplicativo de realidade aumentada, para enriquecer o ensino de conceitos de Astronomia. Este material foi cuidadosamente planejado para ser aplicado em &hellip; Continue lendo &rarr;","og_url":"https:\/\/blogs.multimeios.ufc.br\/leandro\/sf-e-astronomia-do-sistema-solar\/","og_site_name":"SF e o Ensino de F\u00edsica - Prof. Leandro de Oliveira","article_modified_time":"2024-09-04T02:11:57+00:00","twitter_card":"summary_large_image","twitter_misc":{"Est. tempo de leitura":"2 minutos"},"schema":{"@context":"https:\/\/schema.org","@graph":[{"@type":["Article","Report"],"@id":"https:\/\/blogs.multimeios.ufc.br\/leandro\/sf-e-astronomia-do-sistema-solar\/#article","isPartOf":{"@id":"https:\/\/blogs.multimeios.ufc.br\/leandro\/sf-e-astronomia-do-sistema-solar\/"},"author":{"name":"leandro","@id":"https:\/\/blogs.multimeios.ufc.br\/leandro\/#\/schema\/person\/fe5c668f99c11b389da31bbda6fe9d6c"},"headline":"SF e Astronomia do Sistema Solar","datePublished":"2024-09-02T22:38:01+00:00","dateModified":"2024-09-04T02:11:57+00:00","mainEntityOfPage":{"@id":"https:\/\/blogs.multimeios.ufc.br\/leandro\/sf-e-astronomia-do-sistema-solar\/"},"wordCount":394,"inLanguage":"pt-BR"},{"@type":"WebPage","@id":"https:\/\/blogs.multimeios.ufc.br\/leandro\/sf-e-astronomia-do-sistema-solar\/","url":"https:\/\/blogs.multimeios.ufc.br\/leandro\/sf-e-astronomia-do-sistema-solar\/","name":"SF e Astronomia do Sistema Solar - SF e o Ensino de F\u00edsica - Prof. Leandro de Oliveira","isPartOf":{"@id":"https:\/\/blogs.multimeios.ufc.br\/leandro\/#website"},"datePublished":"2024-09-02T22:38:01+00:00","dateModified":"2024-09-04T02:11:57+00:00","breadcrumb":{"@id":"https:\/\/blogs.multimeios.ufc.br\/leandro\/sf-e-astronomia-do-sistema-solar\/#breadcrumb"},"inLanguage":"pt-BR","potentialAction":[{"@type":"ReadAction","target":["https:\/\/blogs.multimeios.ufc.br\/leandro\/sf-e-astronomia-do-sistema-solar\/"]}]},{"@type":"BreadcrumbList","@id":"https:\/\/blogs.multimeios.ufc.br\/leandro\/sf-e-astronomia-do-sistema-solar\/#breadcrumb","itemListElement":[{"@type":"ListItem","position":1,"name":"In\u00edcio","item":"https:\/\/blogs.multimeios.ufc.br\/leandro\/"},{"@type":"ListItem","position":2,"name":"SF e Astronomia do Sistema Solar"}]},{"@type":"WebSite","@id":"https:\/\/blogs.multimeios.ufc.br\/leandro\/#website","url":"https:\/\/blogs.multimeios.ufc.br\/leandro\/","name":"SF e o Ensino de F\u00edsica - Prof. Leandro de Oliveira","description":"Ol\u00e1, caro navegante. Aqui voc\u00ea encontrar\u00e1 um pouco da minha vida acad\u00eamica. Seja bem vindo! :)","potentialAction":[{"@type":"SearchAction","target":{"@type":"EntryPoint","urlTemplate":"https:\/\/blogs.multimeios.ufc.br\/leandro\/?s={search_term_string}"},"query-input":{"@type":"PropertyValueSpecification","valueRequired":true,"valueName":"search_term_string"}}],"inLanguage":"pt-BR"},{"@type":"Person","@id":"https:\/\/blogs.multimeios.ufc.br\/leandro\/#\/schema\/person\/fe5c668f99c11b389da31bbda6fe9d6c","name":"leandro","image":{"@type":"ImageObject","inLanguage":"pt-BR","@id":"https:\/\/secure.gravatar.com\/avatar\/756a1db1cd51005632e3a7fc25be0884cc38e9331e83a1b5daed7e371499c060?s=96&d=mm&r=g","url":"https:\/\/secure.gravatar.com\/avatar\/756a1db1cd51005632e3a7fc25be0884cc38e9331e83a1b5daed7e371499c060?s=96&d=mm&r=g","contentUrl":"https:\/\/secure.gravatar.com\/avatar\/756a1db1cd51005632e3a7fc25be0884cc38e9331e83a1b5daed7e371499c060?s=96&d=mm&r=g","caption":"leandro"},"url":"https:\/\/blogs.multimeios.ufc.br\/leandro\/author\/leandro\/"}]}},"_links":{"self":[{"href":"https:\/\/blogs.multimeios.ufc.br\/leandro\/wp-json\/wp\/v2\/pages\/80","targetHints":{"allow":["GET"]}}],"collection":[{"href":"https:\/\/blogs.multimeios.ufc.br\/leandro\/wp-json\/wp\/v2\/pages"}],"about":[{"href":"https:\/\/blogs.multimeios.ufc.br\/leandro\/wp-json\/wp\/v2\/types\/page"}],"author":[{"embeddable":true,"href":"https:\/\/blogs.multimeios.ufc.br\/leandro\/wp-json\/wp\/v2\/users\/42"}],"replies":[{"embeddable":true,"href":"https:\/\/blogs.multimeios.ufc.br\/leandro\/wp-json\/wp\/v2\/comments?post=80"}],"version-history":[{"count":5,"href":"https:\/\/blogs.multimeios.ufc.br\/leandro\/wp-json\/wp\/v2\/pages\/80\/revisions"}],"predecessor-version":[{"id":101,"href":"https:\/\/blogs.multimeios.ufc.br\/leandro\/wp-json\/wp\/v2\/pages\/80\/revisions\/101"}],"wp:attachment":[{"href":"https:\/\/blogs.multimeios.ufc.br\/leandro\/wp-json\/wp\/v2\/media?parent=80"}],"curies":[{"name":"wp","href":"https:\/\/api.w.org\/{rel}","templated":true}]}}