{"id":6,"date":"2024-07-01T10:54:19","date_gmt":"2024-07-01T13:54:19","guid":{"rendered":"https:\/\/blogs.multimeios.ufc.br\/leidelamar\/?page_id=6"},"modified":"2024-07-01T10:54:22","modified_gmt":"2024-07-01T13:54:22","slug":"projeto-de-pos-doc","status":"publish","type":"page","link":"https:\/\/blogs.multimeios.ufc.br\/leidelamar\/projeto-de-pos-doc\/","title":{"rendered":"Projeto de P\u00f3s Doc"},"content":{"rendered":"\n\n\n<p>Esta pagina foi criada para divulgar o Relat\u00f3rio do meu P\u00f3s Doc.<\/p>\n","protected":false},"excerpt":{"rendered":"<p>Esta pagina foi criada para divulgar o Relat\u00f3rio do meu P\u00f3s Doc.<\/p>\n","protected":false},"author":43,"featured_media":0,"parent":0,"menu_order":0,"comment_status":"closed","ping_status":"closed","template":"","meta":{"footnotes":""},"class_list":["post-6","page","type-page","status-publish","hentry"],"yoast_head":"<!-- This site is optimized with the Yoast SEO plugin v27.4 - https:\/\/yoast.com\/product\/yoast-seo-wordpress\/ -->\n<title>Projeto de P\u00f3s Doc - Blog da Leide<\/title>\n<meta name=\"robots\" content=\"index, follow, max-snippet:-1, max-image-preview:large, max-video-preview:-1\" \/>\n<link rel=\"canonical\" href=\"https:\/\/blogs.multimeios.ufc.br\/leidelamar\/projeto-de-pos-doc\/\" \/>\n<meta property=\"og:locale\" content=\"pt_BR\" \/>\n<meta property=\"og:type\" content=\"article\" \/>\n<meta property=\"og:title\" content=\"Projeto de P\u00f3s Doc - Blog da Leide\" \/>\n<meta property=\"og:description\" content=\"Esta pagina foi criada para divulgar o Relat\u00f3rio do meu P\u00f3s Doc.\" \/>\n<meta property=\"og:url\" content=\"https:\/\/blogs.multimeios.ufc.br\/leidelamar\/projeto-de-pos-doc\/\" \/>\n<meta property=\"og:site_name\" content=\"Blog da Leide\" \/>\n<meta property=\"article:modified_time\" content=\"2024-07-01T13:54:22+00:00\" \/>\n<meta name=\"twitter:card\" content=\"summary_large_image\" \/>\n<meta name=\"twitter:label1\" content=\"Est. tempo de leitura\" \/>\n\t<meta name=\"twitter:data1\" content=\"1 minuto\" \/>\n<script type=\"application\/ld+json\" class=\"yoast-schema-graph\">{\"@context\":\"https:\\\/\\\/schema.org\",\"@graph\":[{\"@type\":\"WebPage\",\"@id\":\"https:\\\/\\\/blogs.multimeios.ufc.br\\\/leidelamar\\\/projeto-de-pos-doc\\\/\",\"url\":\"https:\\\/\\\/blogs.multimeios.ufc.br\\\/leidelamar\\\/projeto-de-pos-doc\\\/\",\"name\":\"Projeto de P\u00f3s Doc - Blog da Leide\",\"isPartOf\":{\"@id\":\"https:\\\/\\\/blogs.multimeios.ufc.br\\\/leidelamar\\\/#website\"},\"datePublished\":\"2024-07-01T13:54:19+00:00\",\"dateModified\":\"2024-07-01T13:54:22+00:00\",\"breadcrumb\":{\"@id\":\"https:\\\/\\\/blogs.multimeios.ufc.br\\\/leidelamar\\\/projeto-de-pos-doc\\\/#breadcrumb\"},\"inLanguage\":\"pt-BR\",\"potentialAction\":[{\"@type\":\"ReadAction\",\"target\":[\"https:\\\/\\\/blogs.multimeios.ufc.br\\\/leidelamar\\\/projeto-de-pos-doc\\\/\"]}]},{\"@type\":\"BreadcrumbList\",\"@id\":\"https:\\\/\\\/blogs.multimeios.ufc.br\\\/leidelamar\\\/projeto-de-pos-doc\\\/#breadcrumb\",\"itemListElement\":[{\"@type\":\"ListItem\",\"position\":1,\"name\":\"In\u00edcio\",\"item\":\"https:\\\/\\\/blogs.multimeios.ufc.br\\\/leidelamar\\\/\"},{\"@type\":\"ListItem\",\"position\":2,\"name\":\"Projeto de P\u00f3s Doc\"}]},{\"@type\":\"WebSite\",\"@id\":\"https:\\\/\\\/blogs.multimeios.ufc.br\\\/leidelamar\\\/#website\",\"url\":\"https:\\\/\\\/blogs.multimeios.ufc.br\\\/leidelamar\\\/\",\"name\":\"Blog da Leide\",\"description\":\"\",\"potentialAction\":[{\"@type\":\"SearchAction\",\"target\":{\"@type\":\"EntryPoint\",\"urlTemplate\":\"https:\\\/\\\/blogs.multimeios.ufc.br\\\/leidelamar\\\/?s={search_term_string}\"},\"query-input\":{\"@type\":\"PropertyValueSpecification\",\"valueRequired\":true,\"valueName\":\"search_term_string\"}}],\"inLanguage\":\"pt-BR\"}]}<\/script>\n<!-- \/ Yoast SEO plugin. -->","yoast_head_json":{"title":"Projeto de P\u00f3s Doc - Blog da Leide","robots":{"index":"index","follow":"follow","max-snippet":"max-snippet:-1","max-image-preview":"max-image-preview:large","max-video-preview":"max-video-preview:-1"},"canonical":"https:\/\/blogs.multimeios.ufc.br\/leidelamar\/projeto-de-pos-doc\/","og_locale":"pt_BR","og_type":"article","og_title":"Projeto de P\u00f3s Doc - Blog da Leide","og_description":"Esta pagina foi criada para divulgar o Relat\u00f3rio do meu P\u00f3s Doc.","og_url":"https:\/\/blogs.multimeios.ufc.br\/leidelamar\/projeto-de-pos-doc\/","og_site_name":"Blog da Leide","article_modified_time":"2024-07-01T13:54:22+00:00","twitter_card":"summary_large_image","twitter_misc":{"Est. tempo de leitura":"1 minuto"},"schema":{"@context":"https:\/\/schema.org","@graph":[{"@type":"WebPage","@id":"https:\/\/blogs.multimeios.ufc.br\/leidelamar\/projeto-de-pos-doc\/","url":"https:\/\/blogs.multimeios.ufc.br\/leidelamar\/projeto-de-pos-doc\/","name":"Projeto de P\u00f3s Doc - Blog da Leide","isPartOf":{"@id":"https:\/\/blogs.multimeios.ufc.br\/leidelamar\/#website"},"datePublished":"2024-07-01T13:54:19+00:00","dateModified":"2024-07-01T13:54:22+00:00","breadcrumb":{"@id":"https:\/\/blogs.multimeios.ufc.br\/leidelamar\/projeto-de-pos-doc\/#breadcrumb"},"inLanguage":"pt-BR","potentialAction":[{"@type":"ReadAction","target":["https:\/\/blogs.multimeios.ufc.br\/leidelamar\/projeto-de-pos-doc\/"]}]},{"@type":"BreadcrumbList","@id":"https:\/\/blogs.multimeios.ufc.br\/leidelamar\/projeto-de-pos-doc\/#breadcrumb","itemListElement":[{"@type":"ListItem","position":1,"name":"In\u00edcio","item":"https:\/\/blogs.multimeios.ufc.br\/leidelamar\/"},{"@type":"ListItem","position":2,"name":"Projeto de P\u00f3s Doc"}]},{"@type":"WebSite","@id":"https:\/\/blogs.multimeios.ufc.br\/leidelamar\/#website","url":"https:\/\/blogs.multimeios.ufc.br\/leidelamar\/","name":"Blog da Leide","description":"","potentialAction":[{"@type":"SearchAction","target":{"@type":"EntryPoint","urlTemplate":"https:\/\/blogs.multimeios.ufc.br\/leidelamar\/?s={search_term_string}"},"query-input":{"@type":"PropertyValueSpecification","valueRequired":true,"valueName":"search_term_string"}}],"inLanguage":"pt-BR"}]}},"_links":{"self":[{"href":"https:\/\/blogs.multimeios.ufc.br\/leidelamar\/wp-json\/wp\/v2\/pages\/6","targetHints":{"allow":["GET"]}}],"collection":[{"href":"https:\/\/blogs.multimeios.ufc.br\/leidelamar\/wp-json\/wp\/v2\/pages"}],"about":[{"href":"https:\/\/blogs.multimeios.ufc.br\/leidelamar\/wp-json\/wp\/v2\/types\/page"}],"author":[{"embeddable":true,"href":"https:\/\/blogs.multimeios.ufc.br\/leidelamar\/wp-json\/wp\/v2\/users\/43"}],"replies":[{"embeddable":true,"href":"https:\/\/blogs.multimeios.ufc.br\/leidelamar\/wp-json\/wp\/v2\/comments?post=6"}],"version-history":[{"count":1,"href":"https:\/\/blogs.multimeios.ufc.br\/leidelamar\/wp-json\/wp\/v2\/pages\/6\/revisions"}],"predecessor-version":[{"id":8,"href":"https:\/\/blogs.multimeios.ufc.br\/leidelamar\/wp-json\/wp\/v2\/pages\/6\/revisions\/8"}],"wp:attachment":[{"href":"https:\/\/blogs.multimeios.ufc.br\/leidelamar\/wp-json\/wp\/v2\/media?parent=6"}],"curies":[{"name":"wp","href":"https:\/\/api.w.org\/{rel}","templated":true}]}}