{"id":12,"date":"2017-05-24T16:49:54","date_gmt":"2017-05-24T19:49:54","guid":{"rendered":"http:\/\/blogs.multimeios.ufc.br\/lhec\/?page_id=12"},"modified":"2017-05-24T16:50:59","modified_gmt":"2017-05-24T19:50:59","slug":"quem-somos","status":"publish","type":"page","link":"https:\/\/blogs.multimeios.ufc.br\/lhec\/quem-somos\/","title":{"rendered":"Quem somos"},"content":{"rendered":"<div class=\"entry-content\">\n<p style=\"text-align: center\"><img decoding=\"async\" class=\"alignnone wp-image-13\" src=\"http:\/\/blogs.multimeios.ufc.br\/lhec\/files\/2017\/05\/Sem-T\u00edtulo-300x271.png\" alt=\"\" width=\"139\" height=\"125\" srcset=\"https:\/\/blogs.multimeios.ufc.br\/lhec\/files\/2017\/05\/Sem-T\u00edtulo-300x271.png 300w, https:\/\/blogs.multimeios.ufc.br\/lhec\/files\/2017\/05\/Sem-T\u00edtulo-500x452.png 500w, https:\/\/blogs.multimeios.ufc.br\/lhec\/files\/2017\/05\/Sem-T\u00edtulo.png 646w\" sizes=\"(max-width: 139px) 100vw, 139px\" \/><\/p>\n<p style=\"margin: 0cm;margin-bottom: .0001pt;text-align: center;background: white\" align=\"center\"><strong><span style=\"font-family: 'Arial','sans-serif';color: #333333\">Universidade Federal do Cear\u00e1<\/span><\/strong><\/p>\n<p style=\"margin: 0cm;margin-bottom: .0001pt;text-align: center;background: white\" align=\"center\"><strong><span style=\"font-family: 'Arial','sans-serif';color: #333333\">Faculdade de Educa\u00e7\u00e3o<\/span><\/strong><\/p>\n<p style=\"margin: 0cm;margin-bottom: .0001pt;text-align: center;background: white\" align=\"center\"><strong><span style=\"font-family: 'Arial','sans-serif';color: #333333\">Programa de P\u00f3s-Gradua\u00e7\u00e3o em Educa\u00e7\u00e3o Brasileira<\/span><\/strong><\/p>\n<p style=\"margin: 0cm;margin-bottom: .0001pt;text-align: center;background: white\" align=\"center\"><strong><span style=\"font-family: 'Arial','sans-serif';color: #333333\">Linha de Pesquisa em Hist\u00f3ria da Educa\u00e7\u00e3o Comparada (LHEC)<\/span><\/strong><\/p>\n<p style=\"text-align: center\" align=\"center\"><span style=\"font-family: 'Arial','sans-serif';color: #333333\">\u00a0<\/span><\/p>\n<p style=\"background: white;text-align: justify;margin: 6pt 0cm\"><strong><span style=\"font-family: 'Arial','sans-serif';color: #333333\">HIST\u00d3RICO<\/span><\/strong><\/p>\n<p style=\"background: white;text-align: justify;margin: 6pt 0cm\">Em constru\u00e7\u00e3o&#8230;<\/p>\n<p style=\"background: white;text-align: justify;margin: 6pt 0cm\"><strong><span style=\"font-family: 'Arial','sans-serif';color: #333333\">\u00a0<\/span><\/strong><\/p>\n<p style=\"background: white;text-align: justify;margin: 6pt 0cm\"><strong><span style=\"font-family: 'Arial','sans-serif';color: #333333\">EIXOS TEM\u00c1TICOS<\/span><\/strong><\/p>\n<p style=\"background: white;text-align: justify;margin: 6pt 0cm\"><strong><span style=\"font-family: 'Arial','sans-serif';color: #333333\">Eixo 1: Institui\u00e7\u00f5es, Ci\u00eancias e Pr\u00e1ticas Educativas<\/span><\/strong><\/p>\n<p style=\"background: white;text-align: justify;margin: 6pt 0cm\"><span style=\"font-family: 'Arial','sans-serif';color: #333333\">Estudos internacionais, atrav\u00e9s do estabelecimento de v\u00ednculos mais estreitos com as hist\u00f3rias nacionais de educa\u00e7\u00e3o de v\u00e1rios outros pa\u00edses, dos quais seus pesquisadores t\u00eam\u00a0 recebido forte influ\u00eancia ou com quem reconhecem liga\u00e7\u00f5es hist\u00f3ricas e culturais.<br \/>\nEstudo de expedi\u00e7\u00f5es cient\u00edficas, do evolucionismo e da organiza\u00e7\u00e3o do campo da biologia, arqueologia e paleontologia, como resultado de contatos\u00a0 e estudos de viajantes e cientistas europeus e norte-americanos no Brasil, e parte do ordenamento curricular de escolas em todos os n\u00edveis de ensino.<\/span><\/p>\n<p style=\"background: white;text-align: justify;margin: 6pt 0cm\"><strong><span style=\"font-family: 'Arial','sans-serif';color: #333333\">Eixo 2: Fam\u00edlia, Sexualidade e Educa\u00e7\u00e3o<\/span><\/strong><\/p>\n<p style=\"background: white;text-align: justify;margin: 6pt 0cm\"><span style=\"font-family: 'Arial','sans-serif';color: #333333\">Orientado para uma perspectiva psicossocial, geneal\u00f3gica, cultural, internacional e contempor\u00e2nea. Apoia-se em novas tend\u00eancias de constitui\u00e7\u00e3o metodol\u00f3gica da \u00e1rea de Educa\u00e7\u00e3o, sob a influ\u00eancia da Sociologia, da Psicologia e da Antropologia. Foi perfilado para o estudo das \u00e1reas interdisciplinares que o comp\u00f5em, visando contribuir para o debate contempor\u00e2neo e formula\u00e7\u00e3o de pol\u00edticas sociais e educacionais.<\/span><\/p>\n<p>&nbsp;<\/p>\n<p>&nbsp;<\/p>\n<\/div>\n","protected":false},"excerpt":{"rendered":"<p>Universidade Federal do Cear\u00e1 Faculdade de Educa\u00e7\u00e3o Programa de P\u00f3s-Gradua\u00e7\u00e3o em Educa\u00e7\u00e3o Brasileira Linha de Pesquisa em Hist\u00f3ria da Educa\u00e7\u00e3o Comparada (LHEC) \u00a0 HIST\u00d3RICO Em constru\u00e7\u00e3o&#8230; \u00a0 EIXOS TEM\u00c1TICOS Eixo 1: Institui\u00e7\u00f5es, Ci\u00eancias e Pr\u00e1ticas Educativas Estudos internacionais, atrav\u00e9s do estabelecimento de v\u00ednculos mais estreitos com as hist\u00f3rias nacionais de educa\u00e7\u00e3o de v\u00e1rios outros pa\u00edses, [&hellip;]<\/p>\n","protected":false},"author":17,"featured_media":0,"parent":0,"menu_order":1,"comment_status":"closed","ping_status":"closed","template":"","meta":{"footnotes":""},"class_list":["post-12","page","type-page","status-publish","hentry"],"yoast_head":"<!-- This site is optimized with the Yoast SEO plugin v27.4 - https:\/\/yoast.com\/product\/yoast-seo-wordpress\/ -->\n<title>Quem somos - Hist\u00f3ria e Educa\u00e7\u00e3o Comparada<\/title>\n<meta name=\"robots\" content=\"index, follow, max-snippet:-1, max-image-preview:large, max-video-preview:-1\" \/>\n<link rel=\"canonical\" href=\"https:\/\/blogs.multimeios.ufc.br\/lhec\/quem-somos\/\" \/>\n<meta property=\"og:locale\" content=\"pt_BR\" \/>\n<meta property=\"og:type\" content=\"article\" \/>\n<meta property=\"og:title\" content=\"Quem somos - Hist\u00f3ria e Educa\u00e7\u00e3o Comparada\" \/>\n<meta property=\"og:description\" content=\"Universidade Federal do Cear\u00e1 Faculdade de Educa\u00e7\u00e3o Programa de P\u00f3s-Gradua\u00e7\u00e3o em Educa\u00e7\u00e3o Brasileira Linha de Pesquisa em Hist\u00f3ria da Educa\u00e7\u00e3o Comparada (LHEC) \u00a0 HIST\u00d3RICO Em constru\u00e7\u00e3o&#8230; \u00a0 EIXOS TEM\u00c1TICOS Eixo 1: Institui\u00e7\u00f5es, Ci\u00eancias e Pr\u00e1ticas Educativas Estudos internacionais, atrav\u00e9s do estabelecimento de v\u00ednculos mais estreitos com as hist\u00f3rias nacionais de educa\u00e7\u00e3o de v\u00e1rios outros pa\u00edses, [&hellip;]\" \/>\n<meta property=\"og:url\" content=\"https:\/\/blogs.multimeios.ufc.br\/lhec\/quem-somos\/\" \/>\n<meta property=\"og:site_name\" content=\"Hist\u00f3ria e Educa\u00e7\u00e3o Comparada\" \/>\n<meta property=\"article:modified_time\" content=\"2017-05-24T19:50:59+00:00\" \/>\n<meta name=\"twitter:card\" content=\"summary_large_image\" \/>\n<meta name=\"twitter:label1\" content=\"Est. tempo de leitura\" \/>\n\t<meta name=\"twitter:data1\" content=\"1 minuto\" \/>\n<script type=\"application\/ld+json\" class=\"yoast-schema-graph\">{\"@context\":\"https:\\\/\\\/schema.org\",\"@graph\":[{\"@type\":\"WebPage\",\"@id\":\"https:\\\/\\\/blogs.multimeios.ufc.br\\\/lhec\\\/quem-somos\\\/\",\"url\":\"https:\\\/\\\/blogs.multimeios.ufc.br\\\/lhec\\\/quem-somos\\\/\",\"name\":\"Quem somos - Hist\u00f3ria e Educa\u00e7\u00e3o Comparada\",\"isPartOf\":{\"@id\":\"https:\\\/\\\/blogs.multimeios.ufc.br\\\/lhec\\\/#website\"},\"datePublished\":\"2017-05-24T19:49:54+00:00\",\"dateModified\":\"2017-05-24T19:50:59+00:00\",\"breadcrumb\":{\"@id\":\"https:\\\/\\\/blogs.multimeios.ufc.br\\\/lhec\\\/quem-somos\\\/#breadcrumb\"},\"inLanguage\":\"pt-BR\",\"potentialAction\":[{\"@type\":\"ReadAction\",\"target\":[\"https:\\\/\\\/blogs.multimeios.ufc.br\\\/lhec\\\/quem-somos\\\/\"]}]},{\"@type\":\"BreadcrumbList\",\"@id\":\"https:\\\/\\\/blogs.multimeios.ufc.br\\\/lhec\\\/quem-somos\\\/#breadcrumb\",\"itemListElement\":[{\"@type\":\"ListItem\",\"position\":1,\"name\":\"In\u00edcio\",\"item\":\"https:\\\/\\\/blogs.multimeios.ufc.br\\\/lhec\\\/\"},{\"@type\":\"ListItem\",\"position\":2,\"name\":\"Quem somos\"}]},{\"@type\":\"WebSite\",\"@id\":\"https:\\\/\\\/blogs.multimeios.ufc.br\\\/lhec\\\/#website\",\"url\":\"https:\\\/\\\/blogs.multimeios.ufc.br\\\/lhec\\\/\",\"name\":\"Hist\u00f3ria e Educa\u00e7\u00e3o Comparada\",\"description\":\"Site da Linha de Pesquisa em Hist\u00f3ria e Educa\u00e7\u00e3o Comparada da FACED-UFC\",\"potentialAction\":[{\"@type\":\"SearchAction\",\"target\":{\"@type\":\"EntryPoint\",\"urlTemplate\":\"https:\\\/\\\/blogs.multimeios.ufc.br\\\/lhec\\\/?s={search_term_string}\"},\"query-input\":{\"@type\":\"PropertyValueSpecification\",\"valueRequired\":true,\"valueName\":\"search_term_string\"}}],\"inLanguage\":\"pt-BR\"}]}<\/script>\n<!-- \/ Yoast SEO plugin. -->","yoast_head_json":{"title":"Quem somos - Hist\u00f3ria e Educa\u00e7\u00e3o Comparada","robots":{"index":"index","follow":"follow","max-snippet":"max-snippet:-1","max-image-preview":"max-image-preview:large","max-video-preview":"max-video-preview:-1"},"canonical":"https:\/\/blogs.multimeios.ufc.br\/lhec\/quem-somos\/","og_locale":"pt_BR","og_type":"article","og_title":"Quem somos - Hist\u00f3ria e Educa\u00e7\u00e3o Comparada","og_description":"Universidade Federal do Cear\u00e1 Faculdade de Educa\u00e7\u00e3o Programa de P\u00f3s-Gradua\u00e7\u00e3o em Educa\u00e7\u00e3o Brasileira Linha de Pesquisa em Hist\u00f3ria da Educa\u00e7\u00e3o Comparada (LHEC) \u00a0 HIST\u00d3RICO Em constru\u00e7\u00e3o&#8230; \u00a0 EIXOS TEM\u00c1TICOS Eixo 1: Institui\u00e7\u00f5es, Ci\u00eancias e Pr\u00e1ticas Educativas Estudos internacionais, atrav\u00e9s do estabelecimento de v\u00ednculos mais estreitos com as hist\u00f3rias nacionais de educa\u00e7\u00e3o de v\u00e1rios outros pa\u00edses, [&hellip;]","og_url":"https:\/\/blogs.multimeios.ufc.br\/lhec\/quem-somos\/","og_site_name":"Hist\u00f3ria e Educa\u00e7\u00e3o Comparada","article_modified_time":"2017-05-24T19:50:59+00:00","twitter_card":"summary_large_image","twitter_misc":{"Est. tempo de leitura":"1 minuto"},"schema":{"@context":"https:\/\/schema.org","@graph":[{"@type":"WebPage","@id":"https:\/\/blogs.multimeios.ufc.br\/lhec\/quem-somos\/","url":"https:\/\/blogs.multimeios.ufc.br\/lhec\/quem-somos\/","name":"Quem somos - Hist\u00f3ria e Educa\u00e7\u00e3o Comparada","isPartOf":{"@id":"https:\/\/blogs.multimeios.ufc.br\/lhec\/#website"},"datePublished":"2017-05-24T19:49:54+00:00","dateModified":"2017-05-24T19:50:59+00:00","breadcrumb":{"@id":"https:\/\/blogs.multimeios.ufc.br\/lhec\/quem-somos\/#breadcrumb"},"inLanguage":"pt-BR","potentialAction":[{"@type":"ReadAction","target":["https:\/\/blogs.multimeios.ufc.br\/lhec\/quem-somos\/"]}]},{"@type":"BreadcrumbList","@id":"https:\/\/blogs.multimeios.ufc.br\/lhec\/quem-somos\/#breadcrumb","itemListElement":[{"@type":"ListItem","position":1,"name":"In\u00edcio","item":"https:\/\/blogs.multimeios.ufc.br\/lhec\/"},{"@type":"ListItem","position":2,"name":"Quem somos"}]},{"@type":"WebSite","@id":"https:\/\/blogs.multimeios.ufc.br\/lhec\/#website","url":"https:\/\/blogs.multimeios.ufc.br\/lhec\/","name":"Hist\u00f3ria e Educa\u00e7\u00e3o Comparada","description":"Site da Linha de Pesquisa em Hist\u00f3ria e Educa\u00e7\u00e3o Comparada da FACED-UFC","potentialAction":[{"@type":"SearchAction","target":{"@type":"EntryPoint","urlTemplate":"https:\/\/blogs.multimeios.ufc.br\/lhec\/?s={search_term_string}"},"query-input":{"@type":"PropertyValueSpecification","valueRequired":true,"valueName":"search_term_string"}}],"inLanguage":"pt-BR"}]}},"_links":{"self":[{"href":"https:\/\/blogs.multimeios.ufc.br\/lhec\/wp-json\/wp\/v2\/pages\/12","targetHints":{"allow":["GET"]}}],"collection":[{"href":"https:\/\/blogs.multimeios.ufc.br\/lhec\/wp-json\/wp\/v2\/pages"}],"about":[{"href":"https:\/\/blogs.multimeios.ufc.br\/lhec\/wp-json\/wp\/v2\/types\/page"}],"author":[{"embeddable":true,"href":"https:\/\/blogs.multimeios.ufc.br\/lhec\/wp-json\/wp\/v2\/users\/17"}],"replies":[{"embeddable":true,"href":"https:\/\/blogs.multimeios.ufc.br\/lhec\/wp-json\/wp\/v2\/comments?post=12"}],"version-history":[{"count":2,"href":"https:\/\/blogs.multimeios.ufc.br\/lhec\/wp-json\/wp\/v2\/pages\/12\/revisions"}],"predecessor-version":[{"id":19,"href":"https:\/\/blogs.multimeios.ufc.br\/lhec\/wp-json\/wp\/v2\/pages\/12\/revisions\/19"}],"wp:attachment":[{"href":"https:\/\/blogs.multimeios.ufc.br\/lhec\/wp-json\/wp\/v2\/media?parent=12"}],"curies":[{"name":"wp","href":"https:\/\/api.w.org\/{rel}","templated":true}]}}