{"id":222,"date":"2016-12-19T21:57:05","date_gmt":"2016-12-20T00:57:05","guid":{"rendered":"https:\/\/lhecufc.wordpress.com\/?page_id=222"},"modified":"2017-05-24T17:35:18","modified_gmt":"2017-05-24T20:35:18","slug":"pesquisadoresas-associados","status":"publish","type":"page","link":"https:\/\/blogs.multimeios.ufc.br\/lhec\/pesquisadoresas\/pesquisadoresas-associados\/","title":{"rendered":"Pesquisadores(as) Associados(as) a LHEC"},"content":{"rendered":"<p>Em constru\u00e7\u00e3o&#8230;a<\/p>\n<p>&nbsp;<\/p>\n","protected":false},"excerpt":{"rendered":"<p>Em constru\u00e7\u00e3o&#8230;a &nbsp;<\/p>\n","protected":false},"author":17,"featured_media":0,"parent":37,"menu_order":2,"comment_status":"closed","ping_status":"closed","template":"","meta":{"footnotes":""},"class_list":["post-222","page","type-page","status-publish","hentry"],"yoast_head":"<!-- This site is optimized with the Yoast SEO plugin v27.3 - https:\/\/yoast.com\/product\/yoast-seo-wordpress\/ -->\n<title>Pesquisadores(as) Associados(as) a LHEC - Hist\u00f3ria e Educa\u00e7\u00e3o Comparada<\/title>\n<meta name=\"robots\" content=\"index, follow, max-snippet:-1, max-image-preview:large, max-video-preview:-1\" \/>\n<link rel=\"canonical\" href=\"https:\/\/blogs.multimeios.ufc.br\/lhec\/pesquisadoresas\/pesquisadoresas-associados\/\" \/>\n<meta property=\"og:locale\" content=\"pt_BR\" \/>\n<meta property=\"og:type\" content=\"article\" \/>\n<meta property=\"og:title\" content=\"Pesquisadores(as) Associados(as) a LHEC - Hist\u00f3ria e Educa\u00e7\u00e3o Comparada\" \/>\n<meta property=\"og:description\" content=\"Em constru\u00e7\u00e3o&#8230;a &nbsp;\" \/>\n<meta property=\"og:url\" content=\"https:\/\/blogs.multimeios.ufc.br\/lhec\/pesquisadoresas\/pesquisadoresas-associados\/\" \/>\n<meta property=\"og:site_name\" content=\"Hist\u00f3ria e Educa\u00e7\u00e3o Comparada\" \/>\n<meta property=\"article:modified_time\" content=\"2017-05-24T20:35:18+00:00\" \/>\n<meta name=\"twitter:card\" content=\"summary_large_image\" \/>\n<script type=\"application\/ld+json\" class=\"yoast-schema-graph\">{\"@context\":\"https:\\\/\\\/schema.org\",\"@graph\":[{\"@type\":\"WebPage\",\"@id\":\"https:\\\/\\\/blogs.multimeios.ufc.br\\\/lhec\\\/pesquisadoresas\\\/pesquisadoresas-associados\\\/\",\"url\":\"https:\\\/\\\/blogs.multimeios.ufc.br\\\/lhec\\\/pesquisadoresas\\\/pesquisadoresas-associados\\\/\",\"name\":\"Pesquisadores(as) Associados(as) a LHEC - Hist\u00f3ria e Educa\u00e7\u00e3o Comparada\",\"isPartOf\":{\"@id\":\"https:\\\/\\\/blogs.multimeios.ufc.br\\\/lhec\\\/#website\"},\"datePublished\":\"2016-12-20T00:57:05+00:00\",\"dateModified\":\"2017-05-24T20:35:18+00:00\",\"breadcrumb\":{\"@id\":\"https:\\\/\\\/blogs.multimeios.ufc.br\\\/lhec\\\/pesquisadoresas\\\/pesquisadoresas-associados\\\/#breadcrumb\"},\"inLanguage\":\"pt-BR\",\"potentialAction\":[{\"@type\":\"ReadAction\",\"target\":[\"https:\\\/\\\/blogs.multimeios.ufc.br\\\/lhec\\\/pesquisadoresas\\\/pesquisadoresas-associados\\\/\"]}]},{\"@type\":\"BreadcrumbList\",\"@id\":\"https:\\\/\\\/blogs.multimeios.ufc.br\\\/lhec\\\/pesquisadoresas\\\/pesquisadoresas-associados\\\/#breadcrumb\",\"itemListElement\":[{\"@type\":\"ListItem\",\"position\":1,\"name\":\"In\u00edcio\",\"item\":\"https:\\\/\\\/blogs.multimeios.ufc.br\\\/lhec\\\/\"},{\"@type\":\"ListItem\",\"position\":2,\"name\":\"Pesquisadoras(es)\",\"item\":\"https:\\\/\\\/blogs.multimeios.ufc.br\\\/lhec\\\/pesquisadoresas\\\/\"},{\"@type\":\"ListItem\",\"position\":3,\"name\":\"Pesquisadores(as) Associados(as) a LHEC\"}]},{\"@type\":\"WebSite\",\"@id\":\"https:\\\/\\\/blogs.multimeios.ufc.br\\\/lhec\\\/#website\",\"url\":\"https:\\\/\\\/blogs.multimeios.ufc.br\\\/lhec\\\/\",\"name\":\"Hist\u00f3ria e Educa\u00e7\u00e3o Comparada\",\"description\":\"Site da Linha de Pesquisa em Hist\u00f3ria e Educa\u00e7\u00e3o Comparada da FACED-UFC\",\"potentialAction\":[{\"@type\":\"SearchAction\",\"target\":{\"@type\":\"EntryPoint\",\"urlTemplate\":\"https:\\\/\\\/blogs.multimeios.ufc.br\\\/lhec\\\/?s={search_term_string}\"},\"query-input\":{\"@type\":\"PropertyValueSpecification\",\"valueRequired\":true,\"valueName\":\"search_term_string\"}}],\"inLanguage\":\"pt-BR\"}]}<\/script>\n<!-- \/ Yoast SEO plugin. -->","yoast_head_json":{"title":"Pesquisadores(as) Associados(as) a LHEC - Hist\u00f3ria e Educa\u00e7\u00e3o Comparada","robots":{"index":"index","follow":"follow","max-snippet":"max-snippet:-1","max-image-preview":"max-image-preview:large","max-video-preview":"max-video-preview:-1"},"canonical":"https:\/\/blogs.multimeios.ufc.br\/lhec\/pesquisadoresas\/pesquisadoresas-associados\/","og_locale":"pt_BR","og_type":"article","og_title":"Pesquisadores(as) Associados(as) a LHEC - Hist\u00f3ria e Educa\u00e7\u00e3o Comparada","og_description":"Em constru\u00e7\u00e3o&#8230;a &nbsp;","og_url":"https:\/\/blogs.multimeios.ufc.br\/lhec\/pesquisadoresas\/pesquisadoresas-associados\/","og_site_name":"Hist\u00f3ria e Educa\u00e7\u00e3o Comparada","article_modified_time":"2017-05-24T20:35:18+00:00","twitter_card":"summary_large_image","schema":{"@context":"https:\/\/schema.org","@graph":[{"@type":"WebPage","@id":"https:\/\/blogs.multimeios.ufc.br\/lhec\/pesquisadoresas\/pesquisadoresas-associados\/","url":"https:\/\/blogs.multimeios.ufc.br\/lhec\/pesquisadoresas\/pesquisadoresas-associados\/","name":"Pesquisadores(as) Associados(as) a LHEC - Hist\u00f3ria e Educa\u00e7\u00e3o Comparada","isPartOf":{"@id":"https:\/\/blogs.multimeios.ufc.br\/lhec\/#website"},"datePublished":"2016-12-20T00:57:05+00:00","dateModified":"2017-05-24T20:35:18+00:00","breadcrumb":{"@id":"https:\/\/blogs.multimeios.ufc.br\/lhec\/pesquisadoresas\/pesquisadoresas-associados\/#breadcrumb"},"inLanguage":"pt-BR","potentialAction":[{"@type":"ReadAction","target":["https:\/\/blogs.multimeios.ufc.br\/lhec\/pesquisadoresas\/pesquisadoresas-associados\/"]}]},{"@type":"BreadcrumbList","@id":"https:\/\/blogs.multimeios.ufc.br\/lhec\/pesquisadoresas\/pesquisadoresas-associados\/#breadcrumb","itemListElement":[{"@type":"ListItem","position":1,"name":"In\u00edcio","item":"https:\/\/blogs.multimeios.ufc.br\/lhec\/"},{"@type":"ListItem","position":2,"name":"Pesquisadoras(es)","item":"https:\/\/blogs.multimeios.ufc.br\/lhec\/pesquisadoresas\/"},{"@type":"ListItem","position":3,"name":"Pesquisadores(as) Associados(as) a LHEC"}]},{"@type":"WebSite","@id":"https:\/\/blogs.multimeios.ufc.br\/lhec\/#website","url":"https:\/\/blogs.multimeios.ufc.br\/lhec\/","name":"Hist\u00f3ria e Educa\u00e7\u00e3o Comparada","description":"Site da Linha de Pesquisa em Hist\u00f3ria e Educa\u00e7\u00e3o Comparada da FACED-UFC","potentialAction":[{"@type":"SearchAction","target":{"@type":"EntryPoint","urlTemplate":"https:\/\/blogs.multimeios.ufc.br\/lhec\/?s={search_term_string}"},"query-input":{"@type":"PropertyValueSpecification","valueRequired":true,"valueName":"search_term_string"}}],"inLanguage":"pt-BR"}]}},"_links":{"self":[{"href":"https:\/\/blogs.multimeios.ufc.br\/lhec\/wp-json\/wp\/v2\/pages\/222","targetHints":{"allow":["GET"]}}],"collection":[{"href":"https:\/\/blogs.multimeios.ufc.br\/lhec\/wp-json\/wp\/v2\/pages"}],"about":[{"href":"https:\/\/blogs.multimeios.ufc.br\/lhec\/wp-json\/wp\/v2\/types\/page"}],"author":[{"embeddable":true,"href":"https:\/\/blogs.multimeios.ufc.br\/lhec\/wp-json\/wp\/v2\/users\/17"}],"replies":[{"embeddable":true,"href":"https:\/\/blogs.multimeios.ufc.br\/lhec\/wp-json\/wp\/v2\/comments?post=222"}],"version-history":[{"count":1,"href":"https:\/\/blogs.multimeios.ufc.br\/lhec\/wp-json\/wp\/v2\/pages\/222\/revisions"}],"predecessor-version":[{"id":234,"href":"https:\/\/blogs.multimeios.ufc.br\/lhec\/wp-json\/wp\/v2\/pages\/222\/revisions\/234"}],"up":[{"embeddable":true,"href":"https:\/\/blogs.multimeios.ufc.br\/lhec\/wp-json\/wp\/v2\/pages\/37"}],"wp:attachment":[{"href":"https:\/\/blogs.multimeios.ufc.br\/lhec\/wp-json\/wp\/v2\/media?parent=222"}],"curies":[{"name":"wp","href":"https:\/\/api.w.org\/{rel}","templated":true}]}}