{"id":29,"date":"2016-11-05T02:08:58","date_gmt":"2016-11-05T05:08:58","guid":{"rendered":"https:\/\/lhecufc.wordpress.com\/?page_id=3"},"modified":"2016-11-05T02:08:58","modified_gmt":"2016-11-05T05:08:58","slug":"contato","status":"publish","type":"page","link":"https:\/\/blogs.multimeios.ufc.br\/lhec\/contato\/","title":{"rendered":"Contato"},"content":{"rendered":"<p>Entre em contato conosco.<\/p>\n<p>[contact-form][contact-field label=&#8221;Nome&#8221; type=&#8221; &#8221; required=&#8221;1&#8243;\/][contact-field label=&#8221;Email&#8221; type=&#8221;&#8221; required=&#8221;1&#8243;\/][contact-field label=&#8221;Coment\u00e1rio&#8221; type=&#8221;textarea&#8221; required=&#8221;1&#8243;\/][\/contact-form]<\/p>\n","protected":false},"excerpt":{"rendered":"<p>Esse \u00e9 apenas um pequeno resumo para a p\u00e1gina&nbsp;Contato.<\/p>\n","protected":false},"author":17,"featured_media":0,"parent":0,"menu_order":5,"comment_status":"closed","ping_status":"closed","template":"","meta":{"footnotes":""},"class_list":["post-29","page","type-page","status-publish","hentry"],"yoast_head":"<!-- This site is optimized with the Yoast SEO plugin v27.3 - https:\/\/yoast.com\/product\/yoast-seo-wordpress\/ -->\n<title>Contato - Hist\u00f3ria e Educa\u00e7\u00e3o Comparada<\/title>\n<meta name=\"robots\" content=\"index, follow, max-snippet:-1, max-image-preview:large, max-video-preview:-1\" \/>\n<link rel=\"canonical\" href=\"https:\/\/blogs.multimeios.ufc.br\/lhec\/contato\/\" \/>\n<meta property=\"og:locale\" content=\"pt_BR\" \/>\n<meta property=\"og:type\" content=\"article\" \/>\n<meta property=\"og:title\" content=\"Contato - Hist\u00f3ria e Educa\u00e7\u00e3o Comparada\" \/>\n<meta property=\"og:description\" content=\"Esse \u00e9 apenas um pequeno resumo para a p\u00e1gina&nbsp;Contato.\" \/>\n<meta property=\"og:url\" content=\"https:\/\/blogs.multimeios.ufc.br\/lhec\/contato\/\" \/>\n<meta property=\"og:site_name\" content=\"Hist\u00f3ria e Educa\u00e7\u00e3o Comparada\" \/>\n<meta name=\"twitter:card\" content=\"summary_large_image\" \/>\n<script type=\"application\/ld+json\" class=\"yoast-schema-graph\">{\"@context\":\"https:\\\/\\\/schema.org\",\"@graph\":[{\"@type\":\"WebPage\",\"@id\":\"https:\\\/\\\/blogs.multimeios.ufc.br\\\/lhec\\\/contato\\\/\",\"url\":\"https:\\\/\\\/blogs.multimeios.ufc.br\\\/lhec\\\/contato\\\/\",\"name\":\"Contato - Hist\u00f3ria e Educa\u00e7\u00e3o Comparada\",\"isPartOf\":{\"@id\":\"https:\\\/\\\/blogs.multimeios.ufc.br\\\/lhec\\\/#website\"},\"datePublished\":\"2016-11-05T05:08:58+00:00\",\"breadcrumb\":{\"@id\":\"https:\\\/\\\/blogs.multimeios.ufc.br\\\/lhec\\\/contato\\\/#breadcrumb\"},\"inLanguage\":\"pt-BR\",\"potentialAction\":[{\"@type\":\"ReadAction\",\"target\":[\"https:\\\/\\\/blogs.multimeios.ufc.br\\\/lhec\\\/contato\\\/\"]}]},{\"@type\":\"BreadcrumbList\",\"@id\":\"https:\\\/\\\/blogs.multimeios.ufc.br\\\/lhec\\\/contato\\\/#breadcrumb\",\"itemListElement\":[{\"@type\":\"ListItem\",\"position\":1,\"name\":\"In\u00edcio\",\"item\":\"https:\\\/\\\/blogs.multimeios.ufc.br\\\/lhec\\\/\"},{\"@type\":\"ListItem\",\"position\":2,\"name\":\"Contato\"}]},{\"@type\":\"WebSite\",\"@id\":\"https:\\\/\\\/blogs.multimeios.ufc.br\\\/lhec\\\/#website\",\"url\":\"https:\\\/\\\/blogs.multimeios.ufc.br\\\/lhec\\\/\",\"name\":\"Hist\u00f3ria e Educa\u00e7\u00e3o Comparada\",\"description\":\"Site da Linha de Pesquisa em Hist\u00f3ria e Educa\u00e7\u00e3o Comparada da FACED-UFC\",\"potentialAction\":[{\"@type\":\"SearchAction\",\"target\":{\"@type\":\"EntryPoint\",\"urlTemplate\":\"https:\\\/\\\/blogs.multimeios.ufc.br\\\/lhec\\\/?s={search_term_string}\"},\"query-input\":{\"@type\":\"PropertyValueSpecification\",\"valueRequired\":true,\"valueName\":\"search_term_string\"}}],\"inLanguage\":\"pt-BR\"}]}<\/script>\n<!-- \/ Yoast SEO plugin. -->","yoast_head_json":{"title":"Contato - Hist\u00f3ria e Educa\u00e7\u00e3o Comparada","robots":{"index":"index","follow":"follow","max-snippet":"max-snippet:-1","max-image-preview":"max-image-preview:large","max-video-preview":"max-video-preview:-1"},"canonical":"https:\/\/blogs.multimeios.ufc.br\/lhec\/contato\/","og_locale":"pt_BR","og_type":"article","og_title":"Contato - Hist\u00f3ria e Educa\u00e7\u00e3o Comparada","og_description":"Esse \u00e9 apenas um pequeno resumo para a p\u00e1gina&nbsp;Contato.","og_url":"https:\/\/blogs.multimeios.ufc.br\/lhec\/contato\/","og_site_name":"Hist\u00f3ria e Educa\u00e7\u00e3o Comparada","twitter_card":"summary_large_image","schema":{"@context":"https:\/\/schema.org","@graph":[{"@type":"WebPage","@id":"https:\/\/blogs.multimeios.ufc.br\/lhec\/contato\/","url":"https:\/\/blogs.multimeios.ufc.br\/lhec\/contato\/","name":"Contato - Hist\u00f3ria e Educa\u00e7\u00e3o Comparada","isPartOf":{"@id":"https:\/\/blogs.multimeios.ufc.br\/lhec\/#website"},"datePublished":"2016-11-05T05:08:58+00:00","breadcrumb":{"@id":"https:\/\/blogs.multimeios.ufc.br\/lhec\/contato\/#breadcrumb"},"inLanguage":"pt-BR","potentialAction":[{"@type":"ReadAction","target":["https:\/\/blogs.multimeios.ufc.br\/lhec\/contato\/"]}]},{"@type":"BreadcrumbList","@id":"https:\/\/blogs.multimeios.ufc.br\/lhec\/contato\/#breadcrumb","itemListElement":[{"@type":"ListItem","position":1,"name":"In\u00edcio","item":"https:\/\/blogs.multimeios.ufc.br\/lhec\/"},{"@type":"ListItem","position":2,"name":"Contato"}]},{"@type":"WebSite","@id":"https:\/\/blogs.multimeios.ufc.br\/lhec\/#website","url":"https:\/\/blogs.multimeios.ufc.br\/lhec\/","name":"Hist\u00f3ria e Educa\u00e7\u00e3o Comparada","description":"Site da Linha de Pesquisa em Hist\u00f3ria e Educa\u00e7\u00e3o Comparada da FACED-UFC","potentialAction":[{"@type":"SearchAction","target":{"@type":"EntryPoint","urlTemplate":"https:\/\/blogs.multimeios.ufc.br\/lhec\/?s={search_term_string}"},"query-input":{"@type":"PropertyValueSpecification","valueRequired":true,"valueName":"search_term_string"}}],"inLanguage":"pt-BR"}]}},"_links":{"self":[{"href":"https:\/\/blogs.multimeios.ufc.br\/lhec\/wp-json\/wp\/v2\/pages\/29","targetHints":{"allow":["GET"]}}],"collection":[{"href":"https:\/\/blogs.multimeios.ufc.br\/lhec\/wp-json\/wp\/v2\/pages"}],"about":[{"href":"https:\/\/blogs.multimeios.ufc.br\/lhec\/wp-json\/wp\/v2\/types\/page"}],"author":[{"embeddable":true,"href":"https:\/\/blogs.multimeios.ufc.br\/lhec\/wp-json\/wp\/v2\/users\/17"}],"replies":[{"embeddable":true,"href":"https:\/\/blogs.multimeios.ufc.br\/lhec\/wp-json\/wp\/v2\/comments?post=29"}],"version-history":[{"count":0,"href":"https:\/\/blogs.multimeios.ufc.br\/lhec\/wp-json\/wp\/v2\/pages\/29\/revisions"}],"wp:attachment":[{"href":"https:\/\/blogs.multimeios.ufc.br\/lhec\/wp-json\/wp\/v2\/media?parent=29"}],"curies":[{"name":"wp","href":"https:\/\/api.w.org\/{rel}","templated":true}]}}