{"id":36,"date":"2016-11-05T11:20:22","date_gmt":"2016-11-05T14:20:22","guid":{"rendered":"https:\/\/lhecufc.wordpress.com\/?page_id=22"},"modified":"2016-11-05T11:20:22","modified_gmt":"2016-11-05T14:20:22","slug":"chec","status":"publish","type":"page","link":"https:\/\/blogs.multimeios.ufc.br\/lhec\/chec\/","title":{"rendered":"CHEC"},"content":{"rendered":"<p style=\"text-align:justify;margin:6pt 0\"><span style=\"font-family:'Garamond', 'serif'\">Acompanhe aqui todas as informa\u00e7\u00f5es sobre o Congresso de Hist\u00f3ria da Educa\u00e7\u00e3o do Cear\u00e1&#8230;<\/span><\/p>\n<p style=\"text-align:justify;margin:6pt 0\"><span style=\"font-family:'Garamond', 'serif'\">\u00a0<\/span><\/p>\n<p style=\"text-align:justify;margin:6pt 0\"><strong><span style=\"font-family:'Garamond', 'serif'\">Baixe aqui os Anais dos \u00faltimos CHEC&#8217;s.<\/span><\/strong><\/p>\n<p style=\"text-align:justify;margin:6pt 0\"><strong><span style=\"font-family:'Garamond', 'serif'\"><a href=\"http:\/\/blogs.multimeios.ufc.br\/lhec\/files\/2016\/11\/anais-do-xii-chec-2013.pdf\">XII Congresso de Hist\u00f3ria da Educa\u00e7\u00e3o no Cear\u00e1 (2013)<\/a><\/span><\/strong><\/p>\n<p style=\"text-align:justify;margin:6pt 0\"><strong><span style=\"font-family:'Garamond', 'serif'\">Tema:<\/span><\/strong><span style=\"font-family:'Garamond', 'serif'\"> Miss\u00f5es, Expedi\u00e7\u00f5es, Institui\u00e7\u00f5es e Interc\u00e2mbios: difus\u00e3o e circula\u00e7\u00e3o de ideias cient\u00edficas e pr\u00e1ticas pedag\u00f3gicas entre a cidade e o campo.<\/span><\/p>\n<p style=\"text-align:justify;margin:6pt 0\"><strong><span style=\"font-family:'Garamond', 'serif'\">Data:<\/span><\/strong><span style=\"font-family:'Garamond', 'serif'\"> 24 a 27 de setembro de 2013<\/span><\/p>\n<p style=\"text-align:justify;margin:6pt 0\"><strong><span style=\"font-family:'Garamond', 'serif'\">Local:<\/span><\/strong><span style=\"font-family:'Garamond', 'serif'\"> Col\u00e9gio Agr\u00edcola de Lavras da Mangabeira (Lavras da Mangabeira-CE)<\/span><\/p>\n<p style=\"text-align:justify;margin:6pt 0\"><strong><span style=\"font-family:'Garamond', 'serif'\"><a href=\"http:\/\/blogs.multimeios.ufc.br\/lhec\/files\/2016\/11\/anais-do-xiii-chec-2014.pdf\">XIII Congresso de Hist\u00f3ria da Educa\u00e7\u00e3o no Cear\u00e1 (2014)<\/a><\/span><\/strong><\/p>\n<p style=\"text-align:justify;margin:6pt 0\"><strong><span style=\"font-family:'Garamond', 'serif'\">Tema:<\/span><\/strong><span style=\"font-family:'Garamond', 'serif'\"> Afeto, Raz\u00e3o e F\u00e9: Caminhos da Hist\u00f3ria da Educa\u00e7\u00e3o<\/span><\/p>\n<p style=\"text-align:justify;margin:6pt 0\"><strong><span style=\"font-family:'Garamond', 'serif'\">Data:<\/span><\/strong><span style=\"font-family:'Garamond', 'serif'\"> 20 a 23 de setembro de 2014<\/span><\/p>\n<p style=\"text-align:justify;margin:6pt 0\"><strong><span style=\"font-family:'Garamond', 'serif'\">Local:<\/span><\/strong><span style=\"font-family:'Garamond', 'serif'\"> Escola Modelo de Vi\u00e7osa (Vi\u00e7osa do Cear\u00e1-CE)<\/span><\/p>\n<p style=\"text-align:justify;margin:6pt 0\"><strong><span style=\"font-family:'Garamond', 'serif'\"><a href=\"http:\/\/blogs.multimeios.ufc.br\/lhec\/files\/2016\/11\/anais-do-xiv-chec-2015.pdf\">XIV Congresso de Hist\u00f3ria da Educa\u00e7\u00e3o no Cear\u00e1 &#8211; 01 a 04 de junho de 2015 (Crato)<\/a><\/span><\/strong><\/p>\n<p style=\"text-align:justify;margin:6pt 0\"><strong><span style=\"font-family:'Garamond', 'serif'\">Tema:<\/span><\/strong><span style=\"font-family:'Garamond', 'serif'\"> Hist\u00f3ria de Mulheres: Amor, Viol\u00eancia e Educa\u00e7\u00e3o.<\/span><\/p>\n<p style=\"text-align:justify;margin:6pt 0\"><strong><span style=\"font-family:'Garamond', 'serif'\">Data:<\/span><\/strong><span style=\"font-family:'Garamond', 'serif'\"> 01 a 04 de junho de 2015<\/span><\/p>\n<p style=\"text-align:justify;margin:6pt 0\"><strong><span style=\"font-family:'Garamond', 'serif'\">Local:<\/span><\/strong><span style=\"font-family:'Garamond', 'serif'\"> Universidade Regional do Cariri (Crato)<\/span><\/p>\n","protected":false},"excerpt":{"rendered":"<p>Acompanhe aqui todas as informa\u00e7\u00f5es sobre o Congresso de Hist\u00f3ria da Educa\u00e7\u00e3o do Cear\u00e1&#8230; \u00a0 Baixe aqui os Anais dos \u00faltimos CHEC&#8217;s. XII Congresso de Hist\u00f3ria da Educa\u00e7\u00e3o no Cear\u00e1 (2013) Tema: Miss\u00f5es, Expedi\u00e7\u00f5es, Institui\u00e7\u00f5es e Interc\u00e2mbios: difus\u00e3o e circula\u00e7\u00e3o de ideias cient\u00edficas e pr\u00e1ticas pedag\u00f3gicas entre a cidade e o campo. Data: 24 a [&hellip;]<\/p>\n","protected":false},"author":17,"featured_media":0,"parent":0,"menu_order":4,"comment_status":"closed","ping_status":"closed","template":"","meta":{"footnotes":""},"class_list":["post-36","page","type-page","status-publish","hentry"],"yoast_head":"<!-- This site is optimized with the Yoast SEO plugin v27.3 - https:\/\/yoast.com\/product\/yoast-seo-wordpress\/ -->\n<title>CHEC - Hist\u00f3ria e Educa\u00e7\u00e3o Comparada<\/title>\n<meta name=\"robots\" content=\"index, follow, max-snippet:-1, max-image-preview:large, max-video-preview:-1\" \/>\n<link rel=\"canonical\" href=\"https:\/\/blogs.multimeios.ufc.br\/lhec\/chec\/\" \/>\n<meta property=\"og:locale\" content=\"pt_BR\" \/>\n<meta property=\"og:type\" content=\"article\" \/>\n<meta property=\"og:title\" content=\"CHEC - Hist\u00f3ria e Educa\u00e7\u00e3o Comparada\" \/>\n<meta property=\"og:description\" content=\"Acompanhe aqui todas as informa\u00e7\u00f5es sobre o Congresso de Hist\u00f3ria da Educa\u00e7\u00e3o do Cear\u00e1&#8230; \u00a0 Baixe aqui os Anais dos \u00faltimos CHEC&#8217;s. XII Congresso de Hist\u00f3ria da Educa\u00e7\u00e3o no Cear\u00e1 (2013) Tema: Miss\u00f5es, Expedi\u00e7\u00f5es, Institui\u00e7\u00f5es e Interc\u00e2mbios: difus\u00e3o e circula\u00e7\u00e3o de ideias cient\u00edficas e pr\u00e1ticas pedag\u00f3gicas entre a cidade e o campo. Data: 24 a [&hellip;]\" \/>\n<meta property=\"og:url\" content=\"https:\/\/blogs.multimeios.ufc.br\/lhec\/chec\/\" \/>\n<meta property=\"og:site_name\" content=\"Hist\u00f3ria e Educa\u00e7\u00e3o Comparada\" \/>\n<meta name=\"twitter:card\" content=\"summary_large_image\" \/>\n<meta name=\"twitter:label1\" content=\"Est. tempo de leitura\" \/>\n\t<meta name=\"twitter:data1\" content=\"1 minuto\" \/>\n<script type=\"application\/ld+json\" class=\"yoast-schema-graph\">{\"@context\":\"https:\\\/\\\/schema.org\",\"@graph\":[{\"@type\":\"WebPage\",\"@id\":\"https:\\\/\\\/blogs.multimeios.ufc.br\\\/lhec\\\/chec\\\/\",\"url\":\"https:\\\/\\\/blogs.multimeios.ufc.br\\\/lhec\\\/chec\\\/\",\"name\":\"CHEC - Hist\u00f3ria e Educa\u00e7\u00e3o Comparada\",\"isPartOf\":{\"@id\":\"https:\\\/\\\/blogs.multimeios.ufc.br\\\/lhec\\\/#website\"},\"datePublished\":\"2016-11-05T14:20:22+00:00\",\"breadcrumb\":{\"@id\":\"https:\\\/\\\/blogs.multimeios.ufc.br\\\/lhec\\\/chec\\\/#breadcrumb\"},\"inLanguage\":\"pt-BR\",\"potentialAction\":[{\"@type\":\"ReadAction\",\"target\":[\"https:\\\/\\\/blogs.multimeios.ufc.br\\\/lhec\\\/chec\\\/\"]}]},{\"@type\":\"BreadcrumbList\",\"@id\":\"https:\\\/\\\/blogs.multimeios.ufc.br\\\/lhec\\\/chec\\\/#breadcrumb\",\"itemListElement\":[{\"@type\":\"ListItem\",\"position\":1,\"name\":\"In\u00edcio\",\"item\":\"https:\\\/\\\/blogs.multimeios.ufc.br\\\/lhec\\\/\"},{\"@type\":\"ListItem\",\"position\":2,\"name\":\"CHEC\"}]},{\"@type\":\"WebSite\",\"@id\":\"https:\\\/\\\/blogs.multimeios.ufc.br\\\/lhec\\\/#website\",\"url\":\"https:\\\/\\\/blogs.multimeios.ufc.br\\\/lhec\\\/\",\"name\":\"Hist\u00f3ria e Educa\u00e7\u00e3o Comparada\",\"description\":\"Site da Linha de Pesquisa em Hist\u00f3ria e Educa\u00e7\u00e3o Comparada da FACED-UFC\",\"potentialAction\":[{\"@type\":\"SearchAction\",\"target\":{\"@type\":\"EntryPoint\",\"urlTemplate\":\"https:\\\/\\\/blogs.multimeios.ufc.br\\\/lhec\\\/?s={search_term_string}\"},\"query-input\":{\"@type\":\"PropertyValueSpecification\",\"valueRequired\":true,\"valueName\":\"search_term_string\"}}],\"inLanguage\":\"pt-BR\"}]}<\/script>\n<!-- \/ Yoast SEO plugin. -->","yoast_head_json":{"title":"CHEC - Hist\u00f3ria e Educa\u00e7\u00e3o Comparada","robots":{"index":"index","follow":"follow","max-snippet":"max-snippet:-1","max-image-preview":"max-image-preview:large","max-video-preview":"max-video-preview:-1"},"canonical":"https:\/\/blogs.multimeios.ufc.br\/lhec\/chec\/","og_locale":"pt_BR","og_type":"article","og_title":"CHEC - Hist\u00f3ria e Educa\u00e7\u00e3o Comparada","og_description":"Acompanhe aqui todas as informa\u00e7\u00f5es sobre o Congresso de Hist\u00f3ria da Educa\u00e7\u00e3o do Cear\u00e1&#8230; \u00a0 Baixe aqui os Anais dos \u00faltimos CHEC&#8217;s. XII Congresso de Hist\u00f3ria da Educa\u00e7\u00e3o no Cear\u00e1 (2013) Tema: Miss\u00f5es, Expedi\u00e7\u00f5es, Institui\u00e7\u00f5es e Interc\u00e2mbios: difus\u00e3o e circula\u00e7\u00e3o de ideias cient\u00edficas e pr\u00e1ticas pedag\u00f3gicas entre a cidade e o campo. Data: 24 a [&hellip;]","og_url":"https:\/\/blogs.multimeios.ufc.br\/lhec\/chec\/","og_site_name":"Hist\u00f3ria e Educa\u00e7\u00e3o Comparada","twitter_card":"summary_large_image","twitter_misc":{"Est. tempo de leitura":"1 minuto"},"schema":{"@context":"https:\/\/schema.org","@graph":[{"@type":"WebPage","@id":"https:\/\/blogs.multimeios.ufc.br\/lhec\/chec\/","url":"https:\/\/blogs.multimeios.ufc.br\/lhec\/chec\/","name":"CHEC - Hist\u00f3ria e Educa\u00e7\u00e3o Comparada","isPartOf":{"@id":"https:\/\/blogs.multimeios.ufc.br\/lhec\/#website"},"datePublished":"2016-11-05T14:20:22+00:00","breadcrumb":{"@id":"https:\/\/blogs.multimeios.ufc.br\/lhec\/chec\/#breadcrumb"},"inLanguage":"pt-BR","potentialAction":[{"@type":"ReadAction","target":["https:\/\/blogs.multimeios.ufc.br\/lhec\/chec\/"]}]},{"@type":"BreadcrumbList","@id":"https:\/\/blogs.multimeios.ufc.br\/lhec\/chec\/#breadcrumb","itemListElement":[{"@type":"ListItem","position":1,"name":"In\u00edcio","item":"https:\/\/blogs.multimeios.ufc.br\/lhec\/"},{"@type":"ListItem","position":2,"name":"CHEC"}]},{"@type":"WebSite","@id":"https:\/\/blogs.multimeios.ufc.br\/lhec\/#website","url":"https:\/\/blogs.multimeios.ufc.br\/lhec\/","name":"Hist\u00f3ria e Educa\u00e7\u00e3o Comparada","description":"Site da Linha de Pesquisa em Hist\u00f3ria e Educa\u00e7\u00e3o Comparada da FACED-UFC","potentialAction":[{"@type":"SearchAction","target":{"@type":"EntryPoint","urlTemplate":"https:\/\/blogs.multimeios.ufc.br\/lhec\/?s={search_term_string}"},"query-input":{"@type":"PropertyValueSpecification","valueRequired":true,"valueName":"search_term_string"}}],"inLanguage":"pt-BR"}]}},"_links":{"self":[{"href":"https:\/\/blogs.multimeios.ufc.br\/lhec\/wp-json\/wp\/v2\/pages\/36","targetHints":{"allow":["GET"]}}],"collection":[{"href":"https:\/\/blogs.multimeios.ufc.br\/lhec\/wp-json\/wp\/v2\/pages"}],"about":[{"href":"https:\/\/blogs.multimeios.ufc.br\/lhec\/wp-json\/wp\/v2\/types\/page"}],"author":[{"embeddable":true,"href":"https:\/\/blogs.multimeios.ufc.br\/lhec\/wp-json\/wp\/v2\/users\/17"}],"replies":[{"embeddable":true,"href":"https:\/\/blogs.multimeios.ufc.br\/lhec\/wp-json\/wp\/v2\/comments?post=36"}],"version-history":[{"count":0,"href":"https:\/\/blogs.multimeios.ufc.br\/lhec\/wp-json\/wp\/v2\/pages\/36\/revisions"}],"wp:attachment":[{"href":"https:\/\/blogs.multimeios.ufc.br\/lhec\/wp-json\/wp\/v2\/media?parent=36"}],"curies":[{"name":"wp","href":"https:\/\/api.w.org\/{rel}","templated":true}]}}