{"id":37,"date":"2016-11-07T11:57:54","date_gmt":"2016-11-07T14:57:54","guid":{"rendered":"https:\/\/lhecufc.wordpress.com\/?page_id=28"},"modified":"2016-11-07T11:57:54","modified_gmt":"2016-11-07T14:57:54","slug":"pesquisadoresas","status":"publish","type":"page","link":"https:\/\/blogs.multimeios.ufc.br\/lhec\/pesquisadoresas\/","title":{"rendered":"Pesquisadoras(es)"},"content":{"rendered":"<p>Link para as p\u00e1ginas individuais dos investigadores e investigadoras da LHEC&#8230;<\/p>\n<p><strong>Professores(as)<\/strong><\/p>\n<p>&nbsp;<\/p>\n<p><strong>Doutorandos(as)<\/strong><\/p>\n<p>&nbsp;<\/p>\n<p><strong>Mestrandos(as)<\/strong><\/p>\n<p>&nbsp;<\/p>\n<p><strong>Graduandos(as)<\/strong><\/p>\n<p>&nbsp;<\/p>\n<p><strong>Bolsistas<\/strong><\/p>\n<p>&nbsp;<\/p>\n<p><strong>Pesquisadores(as) Associados(as) a LHEC<\/strong><\/p>\n<p>&nbsp;<\/p>\n","protected":false},"excerpt":{"rendered":"<p>Link para as p\u00e1ginas individuais dos investigadores e investigadoras da LHEC&#8230; Professores(as) &nbsp; Doutorandos(as) &nbsp; Mestrandos(as) &nbsp; Graduandos(as) &nbsp; Bolsistas &nbsp; Pesquisadores(as) Associados(as) a LHEC &nbsp;<\/p>\n","protected":false},"author":17,"featured_media":0,"parent":0,"menu_order":2,"comment_status":"closed","ping_status":"closed","template":"","meta":{"footnotes":""},"class_list":["post-37","page","type-page","status-publish","hentry"],"yoast_head":"<!-- This site is optimized with the Yoast SEO plugin v27.3 - https:\/\/yoast.com\/product\/yoast-seo-wordpress\/ -->\n<title>Pesquisadoras(es) - Hist\u00f3ria e Educa\u00e7\u00e3o Comparada<\/title>\n<meta name=\"robots\" content=\"index, follow, max-snippet:-1, max-image-preview:large, max-video-preview:-1\" \/>\n<link rel=\"canonical\" href=\"https:\/\/blogs.multimeios.ufc.br\/lhec\/pesquisadoresas\/\" \/>\n<meta property=\"og:locale\" content=\"pt_BR\" \/>\n<meta property=\"og:type\" content=\"article\" \/>\n<meta property=\"og:title\" content=\"Pesquisadoras(es) - Hist\u00f3ria e Educa\u00e7\u00e3o Comparada\" \/>\n<meta property=\"og:description\" content=\"Link para as p\u00e1ginas individuais dos investigadores e investigadoras da LHEC&#8230; Professores(as) &nbsp; Doutorandos(as) &nbsp; Mestrandos(as) &nbsp; Graduandos(as) &nbsp; Bolsistas &nbsp; Pesquisadores(as) Associados(as) a LHEC &nbsp;\" \/>\n<meta property=\"og:url\" content=\"https:\/\/blogs.multimeios.ufc.br\/lhec\/pesquisadoresas\/\" \/>\n<meta property=\"og:site_name\" content=\"Hist\u00f3ria e Educa\u00e7\u00e3o Comparada\" \/>\n<meta name=\"twitter:card\" content=\"summary_large_image\" \/>\n<script type=\"application\/ld+json\" class=\"yoast-schema-graph\">{\"@context\":\"https:\\\/\\\/schema.org\",\"@graph\":[{\"@type\":\"WebPage\",\"@id\":\"https:\\\/\\\/blogs.multimeios.ufc.br\\\/lhec\\\/pesquisadoresas\\\/\",\"url\":\"https:\\\/\\\/blogs.multimeios.ufc.br\\\/lhec\\\/pesquisadoresas\\\/\",\"name\":\"Pesquisadoras(es) - Hist\u00f3ria e Educa\u00e7\u00e3o Comparada\",\"isPartOf\":{\"@id\":\"https:\\\/\\\/blogs.multimeios.ufc.br\\\/lhec\\\/#website\"},\"datePublished\":\"2016-11-07T14:57:54+00:00\",\"breadcrumb\":{\"@id\":\"https:\\\/\\\/blogs.multimeios.ufc.br\\\/lhec\\\/pesquisadoresas\\\/#breadcrumb\"},\"inLanguage\":\"pt-BR\",\"potentialAction\":[{\"@type\":\"ReadAction\",\"target\":[\"https:\\\/\\\/blogs.multimeios.ufc.br\\\/lhec\\\/pesquisadoresas\\\/\"]}]},{\"@type\":\"BreadcrumbList\",\"@id\":\"https:\\\/\\\/blogs.multimeios.ufc.br\\\/lhec\\\/pesquisadoresas\\\/#breadcrumb\",\"itemListElement\":[{\"@type\":\"ListItem\",\"position\":1,\"name\":\"In\u00edcio\",\"item\":\"https:\\\/\\\/blogs.multimeios.ufc.br\\\/lhec\\\/\"},{\"@type\":\"ListItem\",\"position\":2,\"name\":\"Pesquisadoras(es)\"}]},{\"@type\":\"WebSite\",\"@id\":\"https:\\\/\\\/blogs.multimeios.ufc.br\\\/lhec\\\/#website\",\"url\":\"https:\\\/\\\/blogs.multimeios.ufc.br\\\/lhec\\\/\",\"name\":\"Hist\u00f3ria e Educa\u00e7\u00e3o Comparada\",\"description\":\"Site da Linha de Pesquisa em Hist\u00f3ria e Educa\u00e7\u00e3o Comparada da FACED-UFC\",\"potentialAction\":[{\"@type\":\"SearchAction\",\"target\":{\"@type\":\"EntryPoint\",\"urlTemplate\":\"https:\\\/\\\/blogs.multimeios.ufc.br\\\/lhec\\\/?s={search_term_string}\"},\"query-input\":{\"@type\":\"PropertyValueSpecification\",\"valueRequired\":true,\"valueName\":\"search_term_string\"}}],\"inLanguage\":\"pt-BR\"}]}<\/script>\n<!-- \/ Yoast SEO plugin. -->","yoast_head_json":{"title":"Pesquisadoras(es) - Hist\u00f3ria e Educa\u00e7\u00e3o Comparada","robots":{"index":"index","follow":"follow","max-snippet":"max-snippet:-1","max-image-preview":"max-image-preview:large","max-video-preview":"max-video-preview:-1"},"canonical":"https:\/\/blogs.multimeios.ufc.br\/lhec\/pesquisadoresas\/","og_locale":"pt_BR","og_type":"article","og_title":"Pesquisadoras(es) - Hist\u00f3ria e Educa\u00e7\u00e3o Comparada","og_description":"Link para as p\u00e1ginas individuais dos investigadores e investigadoras da LHEC&#8230; Professores(as) &nbsp; Doutorandos(as) &nbsp; Mestrandos(as) &nbsp; Graduandos(as) &nbsp; Bolsistas &nbsp; Pesquisadores(as) Associados(as) a LHEC &nbsp;","og_url":"https:\/\/blogs.multimeios.ufc.br\/lhec\/pesquisadoresas\/","og_site_name":"Hist\u00f3ria e Educa\u00e7\u00e3o Comparada","twitter_card":"summary_large_image","schema":{"@context":"https:\/\/schema.org","@graph":[{"@type":"WebPage","@id":"https:\/\/blogs.multimeios.ufc.br\/lhec\/pesquisadoresas\/","url":"https:\/\/blogs.multimeios.ufc.br\/lhec\/pesquisadoresas\/","name":"Pesquisadoras(es) - Hist\u00f3ria e Educa\u00e7\u00e3o Comparada","isPartOf":{"@id":"https:\/\/blogs.multimeios.ufc.br\/lhec\/#website"},"datePublished":"2016-11-07T14:57:54+00:00","breadcrumb":{"@id":"https:\/\/blogs.multimeios.ufc.br\/lhec\/pesquisadoresas\/#breadcrumb"},"inLanguage":"pt-BR","potentialAction":[{"@type":"ReadAction","target":["https:\/\/blogs.multimeios.ufc.br\/lhec\/pesquisadoresas\/"]}]},{"@type":"BreadcrumbList","@id":"https:\/\/blogs.multimeios.ufc.br\/lhec\/pesquisadoresas\/#breadcrumb","itemListElement":[{"@type":"ListItem","position":1,"name":"In\u00edcio","item":"https:\/\/blogs.multimeios.ufc.br\/lhec\/"},{"@type":"ListItem","position":2,"name":"Pesquisadoras(es)"}]},{"@type":"WebSite","@id":"https:\/\/blogs.multimeios.ufc.br\/lhec\/#website","url":"https:\/\/blogs.multimeios.ufc.br\/lhec\/","name":"Hist\u00f3ria e Educa\u00e7\u00e3o Comparada","description":"Site da Linha de Pesquisa em Hist\u00f3ria e Educa\u00e7\u00e3o Comparada da FACED-UFC","potentialAction":[{"@type":"SearchAction","target":{"@type":"EntryPoint","urlTemplate":"https:\/\/blogs.multimeios.ufc.br\/lhec\/?s={search_term_string}"},"query-input":{"@type":"PropertyValueSpecification","valueRequired":true,"valueName":"search_term_string"}}],"inLanguage":"pt-BR"}]}},"_links":{"self":[{"href":"https:\/\/blogs.multimeios.ufc.br\/lhec\/wp-json\/wp\/v2\/pages\/37","targetHints":{"allow":["GET"]}}],"collection":[{"href":"https:\/\/blogs.multimeios.ufc.br\/lhec\/wp-json\/wp\/v2\/pages"}],"about":[{"href":"https:\/\/blogs.multimeios.ufc.br\/lhec\/wp-json\/wp\/v2\/types\/page"}],"author":[{"embeddable":true,"href":"https:\/\/blogs.multimeios.ufc.br\/lhec\/wp-json\/wp\/v2\/users\/17"}],"replies":[{"embeddable":true,"href":"https:\/\/blogs.multimeios.ufc.br\/lhec\/wp-json\/wp\/v2\/comments?post=37"}],"version-history":[{"count":0,"href":"https:\/\/blogs.multimeios.ufc.br\/lhec\/wp-json\/wp\/v2\/pages\/37\/revisions"}],"wp:attachment":[{"href":"https:\/\/blogs.multimeios.ufc.br\/lhec\/wp-json\/wp\/v2\/media?parent=37"}],"curies":[{"name":"wp","href":"https:\/\/api.w.org\/{rel}","templated":true}]}}