{"id":95,"date":"2016-11-07T21:59:14","date_gmt":"2016-11-08T00:59:14","guid":{"rendered":"https:\/\/lhecufc.wordpress.com\/?page_id=95"},"modified":"2016-11-07T21:59:14","modified_gmt":"2016-11-08T00:59:14","slug":"anais-dos-checs-anteriores","status":"publish","type":"page","link":"https:\/\/blogs.multimeios.ufc.br\/lhec\/chec\/anais-dos-checs-anteriores\/","title":{"rendered":"Anais das edi\u00e7\u00f5es anteriores"},"content":{"rendered":"<p><strong>Baixe aqui os Anais dos \u00faltimos CHEC\u2019s.<\/strong><\/p>\n<p><span style=\"color:#ff0000\"><strong><a style=\"color:#ff0000\" href=\"http:\/\/blogs.multimeios.ufc.br\/lhec\/files\/2016\/11\/anais-do-xii-chec-2013.pdf\">XII Congresso de Hist\u00f3ria da Educa\u00e7\u00e3o no Cear\u00e1 (2013)<\/a><\/strong><\/span><\/p>\n<p><strong>Tema:<\/strong> Miss\u00f5es, Expedi\u00e7\u00f5es, Institui\u00e7\u00f5es e Interc\u00e2mbios: difus\u00e3o e circula\u00e7\u00e3o de ideias cient\u00edficas e pr\u00e1ticas pedag\u00f3gicas entre a cidade e o campo.<\/p>\n<p><strong>Data:<\/strong> 24 a 27 de setembro de 2013<\/p>\n<p><strong>Local:<\/strong> Col\u00e9gio Agr\u00edcola de Lavras da Mangabeira (Lavras da Mangabeira-CE)<\/p>\n<p><span style=\"color:#ff0000\"><strong><a style=\"color:#ff0000\" href=\"http:\/\/blogs.multimeios.ufc.br\/lhec\/files\/2016\/11\/anais-do-xiii-chec-2014.pdf\">XIII Congresso de Hist\u00f3ria da Educa\u00e7\u00e3o no Cear\u00e1 (2014)<\/a><\/strong><\/span><\/p>\n<p><strong>Tema:<\/strong> Afeto, Raz\u00e3o e F\u00e9: Caminhos da Hist\u00f3ria da Educa\u00e7\u00e3o<\/p>\n<p><strong>Data:<\/strong> 20 a 23 de setembro de 2014<\/p>\n<p><strong>Local:<\/strong> Escola Modelo de Vi\u00e7osa (Vi\u00e7osa do Cear\u00e1-CE)<\/p>\n<p><span style=\"color:#ff0000\"><strong><a style=\"color:#ff0000\" href=\"http:\/\/blogs.multimeios.ufc.br\/lhec\/files\/2016\/11\/anais-do-xiv-chec-2015.pdf\">XIV Congresso de Hist\u00f3ria da Educa\u00e7\u00e3o no Cear\u00e1 (2015)<\/a><\/strong><\/span><\/p>\n<p><strong>Tema:<\/strong> Hist\u00f3ria de Mulheres: Amor, Viol\u00eancia e Educa\u00e7\u00e3o.<\/p>\n<p><strong>Data:<\/strong> 01 a 04 de junho de 2015<\/p>\n<p><strong>Local:<\/strong> Universidade Regional do Cariri (Crato)<\/p>\n<p><span style=\"color:#ff0000\"><strong><a style=\"color:#ff0000\" title=\"anais-chec-20162\" href=\"http:\/\/blogs.multimeios.ufc.br\/lhec\/files\/2016\/12\/anais-chec-2016-r.pdf\">XV Congresso de Hist\u00f3ria da Educa\u00e7\u00e3o no Cear\u00e1 (2016)<\/a><\/strong><\/span><\/p>\n<p><strong>Tema:<\/strong> Hist\u00f3rias das Ideias Pedag\u00f3gicas e das Ci\u00eancias: uma circula\u00e7\u00e3o de longa dura\u00e7\u00e3o por continentes e oceanos<\/p>\n<p><strong>Data:<\/strong> 24 a 27 de setembro de 2016<\/p>\n<p><strong>Local:<\/strong> Casa Jos\u00e9 de Alencar (Fortaleza)<\/p>\n<p>&nbsp;<\/p>\n","protected":false},"excerpt":{"rendered":"<p>Baixe aqui os Anais dos \u00faltimos CHEC\u2019s. XII Congresso de Hist\u00f3ria da Educa\u00e7\u00e3o no Cear\u00e1 (2013) Tema: Miss\u00f5es, Expedi\u00e7\u00f5es, Institui\u00e7\u00f5es e Interc\u00e2mbios: difus\u00e3o e circula\u00e7\u00e3o de ideias cient\u00edficas e pr\u00e1ticas pedag\u00f3gicas entre a cidade e o campo. Data: 24 a 27 de setembro de 2013 Local: Col\u00e9gio Agr\u00edcola de Lavras da Mangabeira (Lavras da Mangabeira-CE) [&hellip;]<\/p>\n","protected":false},"author":17,"featured_media":0,"parent":36,"menu_order":0,"comment_status":"closed","ping_status":"closed","template":"","meta":{"footnotes":""},"class_list":["post-95","page","type-page","status-publish","hentry"],"yoast_head":"<!-- This site is optimized with the Yoast SEO plugin v27.3 - https:\/\/yoast.com\/product\/yoast-seo-wordpress\/ -->\n<title>Anais das edi\u00e7\u00f5es anteriores - Hist\u00f3ria e Educa\u00e7\u00e3o Comparada<\/title>\n<meta name=\"robots\" content=\"index, follow, max-snippet:-1, max-image-preview:large, max-video-preview:-1\" \/>\n<link rel=\"canonical\" href=\"https:\/\/blogs.multimeios.ufc.br\/lhec\/chec\/anais-dos-checs-anteriores\/\" \/>\n<meta property=\"og:locale\" content=\"pt_BR\" \/>\n<meta property=\"og:type\" content=\"article\" \/>\n<meta property=\"og:title\" content=\"Anais das edi\u00e7\u00f5es anteriores - Hist\u00f3ria e Educa\u00e7\u00e3o Comparada\" \/>\n<meta property=\"og:description\" content=\"Baixe aqui os Anais dos \u00faltimos CHEC\u2019s. XII Congresso de Hist\u00f3ria da Educa\u00e7\u00e3o no Cear\u00e1 (2013) Tema: Miss\u00f5es, Expedi\u00e7\u00f5es, Institui\u00e7\u00f5es e Interc\u00e2mbios: difus\u00e3o e circula\u00e7\u00e3o de ideias cient\u00edficas e pr\u00e1ticas pedag\u00f3gicas entre a cidade e o campo. Data: 24 a 27 de setembro de 2013 Local: Col\u00e9gio Agr\u00edcola de Lavras da Mangabeira (Lavras da Mangabeira-CE) [&hellip;]\" \/>\n<meta property=\"og:url\" content=\"https:\/\/blogs.multimeios.ufc.br\/lhec\/chec\/anais-dos-checs-anteriores\/\" \/>\n<meta property=\"og:site_name\" content=\"Hist\u00f3ria e Educa\u00e7\u00e3o Comparada\" \/>\n<meta name=\"twitter:card\" content=\"summary_large_image\" \/>\n<meta name=\"twitter:label1\" content=\"Est. tempo de leitura\" \/>\n\t<meta name=\"twitter:data1\" content=\"1 minuto\" \/>\n<script type=\"application\/ld+json\" class=\"yoast-schema-graph\">{\"@context\":\"https:\\\/\\\/schema.org\",\"@graph\":[{\"@type\":\"WebPage\",\"@id\":\"https:\\\/\\\/blogs.multimeios.ufc.br\\\/lhec\\\/chec\\\/anais-dos-checs-anteriores\\\/\",\"url\":\"https:\\\/\\\/blogs.multimeios.ufc.br\\\/lhec\\\/chec\\\/anais-dos-checs-anteriores\\\/\",\"name\":\"Anais das edi\u00e7\u00f5es anteriores - Hist\u00f3ria e Educa\u00e7\u00e3o Comparada\",\"isPartOf\":{\"@id\":\"https:\\\/\\\/blogs.multimeios.ufc.br\\\/lhec\\\/#website\"},\"datePublished\":\"2016-11-08T00:59:14+00:00\",\"breadcrumb\":{\"@id\":\"https:\\\/\\\/blogs.multimeios.ufc.br\\\/lhec\\\/chec\\\/anais-dos-checs-anteriores\\\/#breadcrumb\"},\"inLanguage\":\"pt-BR\",\"potentialAction\":[{\"@type\":\"ReadAction\",\"target\":[\"https:\\\/\\\/blogs.multimeios.ufc.br\\\/lhec\\\/chec\\\/anais-dos-checs-anteriores\\\/\"]}]},{\"@type\":\"BreadcrumbList\",\"@id\":\"https:\\\/\\\/blogs.multimeios.ufc.br\\\/lhec\\\/chec\\\/anais-dos-checs-anteriores\\\/#breadcrumb\",\"itemListElement\":[{\"@type\":\"ListItem\",\"position\":1,\"name\":\"In\u00edcio\",\"item\":\"https:\\\/\\\/blogs.multimeios.ufc.br\\\/lhec\\\/\"},{\"@type\":\"ListItem\",\"position\":2,\"name\":\"CHEC\",\"item\":\"https:\\\/\\\/blogs.multimeios.ufc.br\\\/lhec\\\/chec\\\/\"},{\"@type\":\"ListItem\",\"position\":3,\"name\":\"Anais das edi\u00e7\u00f5es anteriores\"}]},{\"@type\":\"WebSite\",\"@id\":\"https:\\\/\\\/blogs.multimeios.ufc.br\\\/lhec\\\/#website\",\"url\":\"https:\\\/\\\/blogs.multimeios.ufc.br\\\/lhec\\\/\",\"name\":\"Hist\u00f3ria e Educa\u00e7\u00e3o Comparada\",\"description\":\"Site da Linha de Pesquisa em Hist\u00f3ria e Educa\u00e7\u00e3o Comparada da FACED-UFC\",\"potentialAction\":[{\"@type\":\"SearchAction\",\"target\":{\"@type\":\"EntryPoint\",\"urlTemplate\":\"https:\\\/\\\/blogs.multimeios.ufc.br\\\/lhec\\\/?s={search_term_string}\"},\"query-input\":{\"@type\":\"PropertyValueSpecification\",\"valueRequired\":true,\"valueName\":\"search_term_string\"}}],\"inLanguage\":\"pt-BR\"}]}<\/script>\n<!-- \/ Yoast SEO plugin. -->","yoast_head_json":{"title":"Anais das edi\u00e7\u00f5es anteriores - Hist\u00f3ria e Educa\u00e7\u00e3o Comparada","robots":{"index":"index","follow":"follow","max-snippet":"max-snippet:-1","max-image-preview":"max-image-preview:large","max-video-preview":"max-video-preview:-1"},"canonical":"https:\/\/blogs.multimeios.ufc.br\/lhec\/chec\/anais-dos-checs-anteriores\/","og_locale":"pt_BR","og_type":"article","og_title":"Anais das edi\u00e7\u00f5es anteriores - Hist\u00f3ria e Educa\u00e7\u00e3o Comparada","og_description":"Baixe aqui os Anais dos \u00faltimos CHEC\u2019s. XII Congresso de Hist\u00f3ria da Educa\u00e7\u00e3o no Cear\u00e1 (2013) Tema: Miss\u00f5es, Expedi\u00e7\u00f5es, Institui\u00e7\u00f5es e Interc\u00e2mbios: difus\u00e3o e circula\u00e7\u00e3o de ideias cient\u00edficas e pr\u00e1ticas pedag\u00f3gicas entre a cidade e o campo. Data: 24 a 27 de setembro de 2013 Local: Col\u00e9gio Agr\u00edcola de Lavras da Mangabeira (Lavras da Mangabeira-CE) [&hellip;]","og_url":"https:\/\/blogs.multimeios.ufc.br\/lhec\/chec\/anais-dos-checs-anteriores\/","og_site_name":"Hist\u00f3ria e Educa\u00e7\u00e3o Comparada","twitter_card":"summary_large_image","twitter_misc":{"Est. tempo de leitura":"1 minuto"},"schema":{"@context":"https:\/\/schema.org","@graph":[{"@type":"WebPage","@id":"https:\/\/blogs.multimeios.ufc.br\/lhec\/chec\/anais-dos-checs-anteriores\/","url":"https:\/\/blogs.multimeios.ufc.br\/lhec\/chec\/anais-dos-checs-anteriores\/","name":"Anais das edi\u00e7\u00f5es anteriores - Hist\u00f3ria e Educa\u00e7\u00e3o Comparada","isPartOf":{"@id":"https:\/\/blogs.multimeios.ufc.br\/lhec\/#website"},"datePublished":"2016-11-08T00:59:14+00:00","breadcrumb":{"@id":"https:\/\/blogs.multimeios.ufc.br\/lhec\/chec\/anais-dos-checs-anteriores\/#breadcrumb"},"inLanguage":"pt-BR","potentialAction":[{"@type":"ReadAction","target":["https:\/\/blogs.multimeios.ufc.br\/lhec\/chec\/anais-dos-checs-anteriores\/"]}]},{"@type":"BreadcrumbList","@id":"https:\/\/blogs.multimeios.ufc.br\/lhec\/chec\/anais-dos-checs-anteriores\/#breadcrumb","itemListElement":[{"@type":"ListItem","position":1,"name":"In\u00edcio","item":"https:\/\/blogs.multimeios.ufc.br\/lhec\/"},{"@type":"ListItem","position":2,"name":"CHEC","item":"https:\/\/blogs.multimeios.ufc.br\/lhec\/chec\/"},{"@type":"ListItem","position":3,"name":"Anais das edi\u00e7\u00f5es anteriores"}]},{"@type":"WebSite","@id":"https:\/\/blogs.multimeios.ufc.br\/lhec\/#website","url":"https:\/\/blogs.multimeios.ufc.br\/lhec\/","name":"Hist\u00f3ria e Educa\u00e7\u00e3o Comparada","description":"Site da Linha de Pesquisa em Hist\u00f3ria e Educa\u00e7\u00e3o Comparada da FACED-UFC","potentialAction":[{"@type":"SearchAction","target":{"@type":"EntryPoint","urlTemplate":"https:\/\/blogs.multimeios.ufc.br\/lhec\/?s={search_term_string}"},"query-input":{"@type":"PropertyValueSpecification","valueRequired":true,"valueName":"search_term_string"}}],"inLanguage":"pt-BR"}]}},"_links":{"self":[{"href":"https:\/\/blogs.multimeios.ufc.br\/lhec\/wp-json\/wp\/v2\/pages\/95","targetHints":{"allow":["GET"]}}],"collection":[{"href":"https:\/\/blogs.multimeios.ufc.br\/lhec\/wp-json\/wp\/v2\/pages"}],"about":[{"href":"https:\/\/blogs.multimeios.ufc.br\/lhec\/wp-json\/wp\/v2\/types\/page"}],"author":[{"embeddable":true,"href":"https:\/\/blogs.multimeios.ufc.br\/lhec\/wp-json\/wp\/v2\/users\/17"}],"replies":[{"embeddable":true,"href":"https:\/\/blogs.multimeios.ufc.br\/lhec\/wp-json\/wp\/v2\/comments?post=95"}],"version-history":[{"count":0,"href":"https:\/\/blogs.multimeios.ufc.br\/lhec\/wp-json\/wp\/v2\/pages\/95\/revisions"}],"up":[{"embeddable":true,"href":"https:\/\/blogs.multimeios.ufc.br\/lhec\/wp-json\/wp\/v2\/pages\/36"}],"wp:attachment":[{"href":"https:\/\/blogs.multimeios.ufc.br\/lhec\/wp-json\/wp\/v2\/media?parent=95"}],"curies":[{"name":"wp","href":"https:\/\/api.w.org\/{rel}","templated":true}]}}