{"id":2,"date":"2012-04-27T18:04:47","date_gmt":"2012-04-27T18:04:47","guid":{"rendered":"http:\/\/blogs.multimeios.ufc.br\/monografia\/?page_id=2"},"modified":"2012-06-05T14:33:53","modified_gmt":"2012-06-05T14:33:53","slug":"pagina-exemplo","status":"publish","type":"page","link":"https:\/\/blogs.multimeios.ufc.br\/monografia\/","title":{"rendered":"Formul\u00e1rio"},"content":{"rendered":"<p><strong>Bem vindos!<\/strong><\/p>\n<p>Esse blog ser\u00e1 destinado ao curso:<\/p>\n<p><strong><span style=\"font-family: 'Times New Roman', serif;\">Blog: potencialidades e perceptivas de uso no contexto educacional<\/span><\/strong><\/p>\n<p>A seguir o <a title=\"formul\u00e1rio para pesquisa\" href=\"https:\/\/docs.google.com\/spreadsheet\/viewform?formkey=dEZrNnNRSnMxbWVfaTJZSEtnVmtqQ0E6MQ#gid=0\" target=\"_blank\">formul\u00e1rio<\/a> com algumas quest\u00f5es que devem ser respondidas pelos alunos do curso!<\/p>\n<p>\ud83d\ude42<\/p>\n<p><span style=\"font-size: small;\"><span style=\"line-height: 25px;\"><br \/>\n<\/span><\/span><\/p>\n","protected":false},"excerpt":{"rendered":"<p> Bem vindos! Esse blog ser\u00e1 destinado ao curso: Blog: potencialidades e perceptivas de uso no contexto educacional A seguir o formul\u00e1rio com algumas quest\u00f5es que devem ser respondidas pelos alunos do curso! \ud83d\ude42 Read more &raquo; <a class=\"read-more meta-nav\" href=\"https:\/\/blogs.multimeios.ufc.br\/monografia\/\">Read more &raquo;<\/a><\/p>","protected":false},"author":3,"featured_media":0,"parent":0,"menu_order":0,"comment_status":"open","ping_status":"open","template":"","meta":{"footnotes":""},"class_list":["post-2","page","type-page","status-publish","hentry"],"yoast_head":"<!-- This site is optimized with the Yoast SEO plugin v27.5 - https:\/\/yoast.com\/product\/yoast-seo-wordpress\/ -->\n<title>Formul\u00e1rio - Blog monografia<\/title>\n<meta name=\"robots\" content=\"index, follow, max-snippet:-1, max-image-preview:large, max-video-preview:-1\" \/>\n<link rel=\"canonical\" href=\"https:\/\/blogs.multimeios.ufc.br\/monografia\/\" \/>\n<meta property=\"og:locale\" content=\"pt_BR\" \/>\n<meta property=\"og:type\" content=\"article\" \/>\n<meta property=\"og:title\" content=\"Formul\u00e1rio - Blog monografia\" \/>\n<meta property=\"og:description\" content=\"Bem vindos! Esse blog ser\u00e1 destinado ao curso: Blog: potencialidades e perceptivas de uso no contexto educacional A seguir o formul\u00e1rio com algumas quest\u00f5es que devem ser respondidas pelos alunos do curso! \ud83d\ude42\" \/>\n<meta property=\"og:url\" content=\"https:\/\/blogs.multimeios.ufc.br\/monografia\/\" \/>\n<meta property=\"og:site_name\" content=\"Blog monografia\" \/>\n<meta property=\"article:modified_time\" content=\"2012-06-05T14:33:53+00:00\" \/>\n<meta name=\"twitter:card\" content=\"summary_large_image\" \/>\n<script type=\"application\/ld+json\" class=\"yoast-schema-graph\">{\"@context\":\"https:\\\/\\\/schema.org\",\"@graph\":[{\"@type\":\"WebPage\",\"@id\":\"https:\\\/\\\/blogs.multimeios.ufc.br\\\/monografia\\\/\",\"url\":\"https:\\\/\\\/blogs.multimeios.ufc.br\\\/monografia\\\/\",\"name\":\"Formul\u00e1rio - Blog monografia\",\"isPartOf\":{\"@id\":\"https:\\\/\\\/blogs.multimeios.ufc.br\\\/monografia\\\/#website\"},\"datePublished\":\"2012-04-27T18:04:47+00:00\",\"dateModified\":\"2012-06-05T14:33:53+00:00\",\"breadcrumb\":{\"@id\":\"https:\\\/\\\/blogs.multimeios.ufc.br\\\/monografia\\\/#breadcrumb\"},\"inLanguage\":\"pt-BR\",\"potentialAction\":[{\"@type\":\"ReadAction\",\"target\":[\"https:\\\/\\\/blogs.multimeios.ufc.br\\\/monografia\\\/\"]}]},{\"@type\":\"BreadcrumbList\",\"@id\":\"https:\\\/\\\/blogs.multimeios.ufc.br\\\/monografia\\\/#breadcrumb\",\"itemListElement\":[{\"@type\":\"ListItem\",\"position\":1,\"name\":\"In\u00edcio\",\"item\":\"https:\\\/\\\/blogs.multimeios.ufc.br\\\/monografia\\\/\"},{\"@type\":\"ListItem\",\"position\":2,\"name\":\"Formul\u00e1rio\"}]},{\"@type\":\"WebSite\",\"@id\":\"https:\\\/\\\/blogs.multimeios.ufc.br\\\/monografia\\\/#website\",\"url\":\"https:\\\/\\\/blogs.multimeios.ufc.br\\\/monografia\\\/\",\"name\":\"Blog monografia\",\"description\":\"\",\"potentialAction\":[{\"@type\":\"SearchAction\",\"target\":{\"@type\":\"EntryPoint\",\"urlTemplate\":\"https:\\\/\\\/blogs.multimeios.ufc.br\\\/monografia\\\/?s={search_term_string}\"},\"query-input\":{\"@type\":\"PropertyValueSpecification\",\"valueRequired\":true,\"valueName\":\"search_term_string\"}}],\"inLanguage\":\"pt-BR\"}]}<\/script>\n<!-- \/ Yoast SEO plugin. -->","yoast_head_json":{"title":"Formul\u00e1rio - Blog monografia","robots":{"index":"index","follow":"follow","max-snippet":"max-snippet:-1","max-image-preview":"max-image-preview:large","max-video-preview":"max-video-preview:-1"},"canonical":"https:\/\/blogs.multimeios.ufc.br\/monografia\/","og_locale":"pt_BR","og_type":"article","og_title":"Formul\u00e1rio - Blog monografia","og_description":"Bem vindos! Esse blog ser\u00e1 destinado ao curso: Blog: potencialidades e perceptivas de uso no contexto educacional A seguir o formul\u00e1rio com algumas quest\u00f5es que devem ser respondidas pelos alunos do curso! \ud83d\ude42","og_url":"https:\/\/blogs.multimeios.ufc.br\/monografia\/","og_site_name":"Blog monografia","article_modified_time":"2012-06-05T14:33:53+00:00","twitter_card":"summary_large_image","schema":{"@context":"https:\/\/schema.org","@graph":[{"@type":"WebPage","@id":"https:\/\/blogs.multimeios.ufc.br\/monografia\/","url":"https:\/\/blogs.multimeios.ufc.br\/monografia\/","name":"Formul\u00e1rio - Blog monografia","isPartOf":{"@id":"https:\/\/blogs.multimeios.ufc.br\/monografia\/#website"},"datePublished":"2012-04-27T18:04:47+00:00","dateModified":"2012-06-05T14:33:53+00:00","breadcrumb":{"@id":"https:\/\/blogs.multimeios.ufc.br\/monografia\/#breadcrumb"},"inLanguage":"pt-BR","potentialAction":[{"@type":"ReadAction","target":["https:\/\/blogs.multimeios.ufc.br\/monografia\/"]}]},{"@type":"BreadcrumbList","@id":"https:\/\/blogs.multimeios.ufc.br\/monografia\/#breadcrumb","itemListElement":[{"@type":"ListItem","position":1,"name":"In\u00edcio","item":"https:\/\/blogs.multimeios.ufc.br\/monografia\/"},{"@type":"ListItem","position":2,"name":"Formul\u00e1rio"}]},{"@type":"WebSite","@id":"https:\/\/blogs.multimeios.ufc.br\/monografia\/#website","url":"https:\/\/blogs.multimeios.ufc.br\/monografia\/","name":"Blog monografia","description":"","potentialAction":[{"@type":"SearchAction","target":{"@type":"EntryPoint","urlTemplate":"https:\/\/blogs.multimeios.ufc.br\/monografia\/?s={search_term_string}"},"query-input":{"@type":"PropertyValueSpecification","valueRequired":true,"valueName":"search_term_string"}}],"inLanguage":"pt-BR"}]}},"_links":{"self":[{"href":"https:\/\/blogs.multimeios.ufc.br\/monografia\/wp-json\/wp\/v2\/pages\/2","targetHints":{"allow":["GET"]}}],"collection":[{"href":"https:\/\/blogs.multimeios.ufc.br\/monografia\/wp-json\/wp\/v2\/pages"}],"about":[{"href":"https:\/\/blogs.multimeios.ufc.br\/monografia\/wp-json\/wp\/v2\/types\/page"}],"author":[{"embeddable":true,"href":"https:\/\/blogs.multimeios.ufc.br\/monografia\/wp-json\/wp\/v2\/users\/3"}],"replies":[{"embeddable":true,"href":"https:\/\/blogs.multimeios.ufc.br\/monografia\/wp-json\/wp\/v2\/comments?post=2"}],"version-history":[{"count":19,"href":"https:\/\/blogs.multimeios.ufc.br\/monografia\/wp-json\/wp\/v2\/pages\/2\/revisions"}],"predecessor-version":[{"id":49,"href":"https:\/\/blogs.multimeios.ufc.br\/monografia\/wp-json\/wp\/v2\/pages\/2\/revisions\/49"}],"wp:attachment":[{"href":"https:\/\/blogs.multimeios.ufc.br\/monografia\/wp-json\/wp\/v2\/media?parent=2"}],"curies":[{"name":"wp","href":"https:\/\/api.w.org\/{rel}","templated":true}]}}