{"id":22,"date":"2012-06-04T14:52:09","date_gmt":"2012-06-04T14:52:09","guid":{"rendered":"http:\/\/blogs.multimeios.ufc.br\/monografia\/?page_id=22"},"modified":"2012-06-08T01:34:02","modified_gmt":"2012-06-08T01:34:02","slug":"formacao-blog","status":"publish","type":"page","link":"https:\/\/blogs.multimeios.ufc.br\/monografia\/formacao-blog\/","title":{"rendered":"Forma\u00e7\u00e3o Blog"},"content":{"rendered":"<p style=\"text-align: center;\"><a href=\"http:\/\/blogs.multimeios.ufc.br\/monografia\/files\/2012\/06\/blog-12.jpg\"><img fetchpriority=\"high\" decoding=\"async\" class=\"aligncenter  wp-image-52\" title=\"blog-1\" src=\"http:\/\/blogs.multimeios.ufc.br\/monografia\/files\/2012\/06\/blog-12.jpg\" alt=\"\" width=\"510\" height=\"339\" srcset=\"https:\/\/blogs.multimeios.ufc.br\/monografia\/files\/2012\/06\/blog-12.jpg 850w, https:\/\/blogs.multimeios.ufc.br\/monografia\/files\/2012\/06\/blog-12-300x199.jpg 300w\" sizes=\"(max-width: 510px) 100vw, 510px\" \/><\/a><\/p>\n<p>&nbsp;<\/p>\n<p style=\"text-align: center;\"><span style=\"font-size: large; background-color: #ffffff; color: #339966;\"><strong>Forma\u00e7\u00e3o: Potencialidades e perspecitivas <\/strong><\/span><br \/>\n<span style=\"font-size: large; background-color: #ffffff; color: #339966;\"><strong>de uso do blog no contexto educacional<\/strong><\/span><\/p>\n<p style=\"text-align: center;\"><span style=\"font-size: small; color: #800080;\"><a title=\"forma\u00e7\u00e3o blog\" href=\"http:\/\/prezi.com\/45nzneco0b6h\/blog-e-educacao\/\"><span style=\"color: #3366ff;\"><span style=\"color: #3366ff;\">Apresenta\u00e7\u00e3o<\/span><\/span> <\/a>do segundo dia de forma\u00e7\u00e3o!<\/span><\/p>\n<p>&nbsp;<\/p>\n","protected":false},"excerpt":{"rendered":"<p> &nbsp; Forma\u00e7\u00e3o: Potencialidades e perspecitivas de uso do blog no contexto educacional Apresenta\u00e7\u00e3o do segundo dia de forma\u00e7\u00e3o! &nbsp; Read more &raquo; <a class=\"read-more meta-nav\" href=\"https:\/\/blogs.multimeios.ufc.br\/monografia\/formacao-blog\/\">Read more &raquo;<\/a><\/p>","protected":false},"author":3,"featured_media":0,"parent":0,"menu_order":0,"comment_status":"closed","ping_status":"open","template":"","meta":{"footnotes":""},"class_list":["post-22","page","type-page","status-publish","hentry"],"yoast_head":"<!-- This site is optimized with the Yoast SEO plugin v27.5 - https:\/\/yoast.com\/product\/yoast-seo-wordpress\/ -->\n<title>Forma\u00e7\u00e3o Blog - Blog monografia<\/title>\n<meta name=\"robots\" content=\"index, follow, max-snippet:-1, max-image-preview:large, max-video-preview:-1\" \/>\n<link rel=\"canonical\" href=\"https:\/\/blogs.multimeios.ufc.br\/monografia\/formacao-blog\/\" \/>\n<meta property=\"og:locale\" content=\"pt_BR\" \/>\n<meta property=\"og:type\" content=\"article\" \/>\n<meta property=\"og:title\" content=\"Forma\u00e7\u00e3o Blog - Blog monografia\" \/>\n<meta property=\"og:description\" content=\"&nbsp; Forma\u00e7\u00e3o: Potencialidades e perspecitivas de uso do blog no contexto educacional Apresenta\u00e7\u00e3o do segundo dia de forma\u00e7\u00e3o! &nbsp;\" \/>\n<meta property=\"og:url\" content=\"https:\/\/blogs.multimeios.ufc.br\/monografia\/formacao-blog\/\" \/>\n<meta property=\"og:site_name\" content=\"Blog monografia\" \/>\n<meta property=\"article:modified_time\" content=\"2012-06-08T01:34:02+00:00\" \/>\n<meta property=\"og:image\" content=\"http:\/\/blogs.multimeios.ufc.br\/monografia\/files\/2012\/06\/blog-12.jpg\" \/>\n<meta name=\"twitter:card\" content=\"summary_large_image\" \/>\n<script type=\"application\/ld+json\" class=\"yoast-schema-graph\">{\"@context\":\"https:\\\/\\\/schema.org\",\"@graph\":[{\"@type\":\"WebPage\",\"@id\":\"https:\\\/\\\/blogs.multimeios.ufc.br\\\/monografia\\\/formacao-blog\\\/\",\"url\":\"https:\\\/\\\/blogs.multimeios.ufc.br\\\/monografia\\\/formacao-blog\\\/\",\"name\":\"Forma\u00e7\u00e3o Blog - Blog monografia\",\"isPartOf\":{\"@id\":\"https:\\\/\\\/blogs.multimeios.ufc.br\\\/monografia\\\/#website\"},\"primaryImageOfPage\":{\"@id\":\"https:\\\/\\\/blogs.multimeios.ufc.br\\\/monografia\\\/formacao-blog\\\/#primaryimage\"},\"image\":{\"@id\":\"https:\\\/\\\/blogs.multimeios.ufc.br\\\/monografia\\\/formacao-blog\\\/#primaryimage\"},\"thumbnailUrl\":\"http:\\\/\\\/blogs.multimeios.ufc.br\\\/monografia\\\/files\\\/2012\\\/06\\\/blog-12.jpg\",\"datePublished\":\"2012-06-04T14:52:09+00:00\",\"dateModified\":\"2012-06-08T01:34:02+00:00\",\"breadcrumb\":{\"@id\":\"https:\\\/\\\/blogs.multimeios.ufc.br\\\/monografia\\\/formacao-blog\\\/#breadcrumb\"},\"inLanguage\":\"pt-BR\",\"potentialAction\":[{\"@type\":\"ReadAction\",\"target\":[\"https:\\\/\\\/blogs.multimeios.ufc.br\\\/monografia\\\/formacao-blog\\\/\"]}]},{\"@type\":\"ImageObject\",\"inLanguage\":\"pt-BR\",\"@id\":\"https:\\\/\\\/blogs.multimeios.ufc.br\\\/monografia\\\/formacao-blog\\\/#primaryimage\",\"url\":\"http:\\\/\\\/blogs.multimeios.ufc.br\\\/monografia\\\/files\\\/2012\\\/06\\\/blog-12.jpg\",\"contentUrl\":\"http:\\\/\\\/blogs.multimeios.ufc.br\\\/monografia\\\/files\\\/2012\\\/06\\\/blog-12.jpg\"},{\"@type\":\"BreadcrumbList\",\"@id\":\"https:\\\/\\\/blogs.multimeios.ufc.br\\\/monografia\\\/formacao-blog\\\/#breadcrumb\",\"itemListElement\":[{\"@type\":\"ListItem\",\"position\":1,\"name\":\"In\u00edcio\",\"item\":\"https:\\\/\\\/blogs.multimeios.ufc.br\\\/monografia\\\/\"},{\"@type\":\"ListItem\",\"position\":2,\"name\":\"Forma\u00e7\u00e3o Blog\"}]},{\"@type\":\"WebSite\",\"@id\":\"https:\\\/\\\/blogs.multimeios.ufc.br\\\/monografia\\\/#website\",\"url\":\"https:\\\/\\\/blogs.multimeios.ufc.br\\\/monografia\\\/\",\"name\":\"Blog monografia\",\"description\":\"\",\"potentialAction\":[{\"@type\":\"SearchAction\",\"target\":{\"@type\":\"EntryPoint\",\"urlTemplate\":\"https:\\\/\\\/blogs.multimeios.ufc.br\\\/monografia\\\/?s={search_term_string}\"},\"query-input\":{\"@type\":\"PropertyValueSpecification\",\"valueRequired\":true,\"valueName\":\"search_term_string\"}}],\"inLanguage\":\"pt-BR\"}]}<\/script>\n<!-- \/ Yoast SEO plugin. -->","yoast_head_json":{"title":"Forma\u00e7\u00e3o Blog - Blog monografia","robots":{"index":"index","follow":"follow","max-snippet":"max-snippet:-1","max-image-preview":"max-image-preview:large","max-video-preview":"max-video-preview:-1"},"canonical":"https:\/\/blogs.multimeios.ufc.br\/monografia\/formacao-blog\/","og_locale":"pt_BR","og_type":"article","og_title":"Forma\u00e7\u00e3o Blog - Blog monografia","og_description":"&nbsp; Forma\u00e7\u00e3o: Potencialidades e perspecitivas de uso do blog no contexto educacional Apresenta\u00e7\u00e3o do segundo dia de forma\u00e7\u00e3o! &nbsp;","og_url":"https:\/\/blogs.multimeios.ufc.br\/monografia\/formacao-blog\/","og_site_name":"Blog monografia","article_modified_time":"2012-06-08T01:34:02+00:00","og_image":[{"url":"http:\/\/blogs.multimeios.ufc.br\/monografia\/files\/2012\/06\/blog-12.jpg","type":"","width":"","height":""}],"twitter_card":"summary_large_image","schema":{"@context":"https:\/\/schema.org","@graph":[{"@type":"WebPage","@id":"https:\/\/blogs.multimeios.ufc.br\/monografia\/formacao-blog\/","url":"https:\/\/blogs.multimeios.ufc.br\/monografia\/formacao-blog\/","name":"Forma\u00e7\u00e3o Blog - Blog monografia","isPartOf":{"@id":"https:\/\/blogs.multimeios.ufc.br\/monografia\/#website"},"primaryImageOfPage":{"@id":"https:\/\/blogs.multimeios.ufc.br\/monografia\/formacao-blog\/#primaryimage"},"image":{"@id":"https:\/\/blogs.multimeios.ufc.br\/monografia\/formacao-blog\/#primaryimage"},"thumbnailUrl":"http:\/\/blogs.multimeios.ufc.br\/monografia\/files\/2012\/06\/blog-12.jpg","datePublished":"2012-06-04T14:52:09+00:00","dateModified":"2012-06-08T01:34:02+00:00","breadcrumb":{"@id":"https:\/\/blogs.multimeios.ufc.br\/monografia\/formacao-blog\/#breadcrumb"},"inLanguage":"pt-BR","potentialAction":[{"@type":"ReadAction","target":["https:\/\/blogs.multimeios.ufc.br\/monografia\/formacao-blog\/"]}]},{"@type":"ImageObject","inLanguage":"pt-BR","@id":"https:\/\/blogs.multimeios.ufc.br\/monografia\/formacao-blog\/#primaryimage","url":"http:\/\/blogs.multimeios.ufc.br\/monografia\/files\/2012\/06\/blog-12.jpg","contentUrl":"http:\/\/blogs.multimeios.ufc.br\/monografia\/files\/2012\/06\/blog-12.jpg"},{"@type":"BreadcrumbList","@id":"https:\/\/blogs.multimeios.ufc.br\/monografia\/formacao-blog\/#breadcrumb","itemListElement":[{"@type":"ListItem","position":1,"name":"In\u00edcio","item":"https:\/\/blogs.multimeios.ufc.br\/monografia\/"},{"@type":"ListItem","position":2,"name":"Forma\u00e7\u00e3o Blog"}]},{"@type":"WebSite","@id":"https:\/\/blogs.multimeios.ufc.br\/monografia\/#website","url":"https:\/\/blogs.multimeios.ufc.br\/monografia\/","name":"Blog monografia","description":"","potentialAction":[{"@type":"SearchAction","target":{"@type":"EntryPoint","urlTemplate":"https:\/\/blogs.multimeios.ufc.br\/monografia\/?s={search_term_string}"},"query-input":{"@type":"PropertyValueSpecification","valueRequired":true,"valueName":"search_term_string"}}],"inLanguage":"pt-BR"}]}},"_links":{"self":[{"href":"https:\/\/blogs.multimeios.ufc.br\/monografia\/wp-json\/wp\/v2\/pages\/22","targetHints":{"allow":["GET"]}}],"collection":[{"href":"https:\/\/blogs.multimeios.ufc.br\/monografia\/wp-json\/wp\/v2\/pages"}],"about":[{"href":"https:\/\/blogs.multimeios.ufc.br\/monografia\/wp-json\/wp\/v2\/types\/page"}],"author":[{"embeddable":true,"href":"https:\/\/blogs.multimeios.ufc.br\/monografia\/wp-json\/wp\/v2\/users\/3"}],"replies":[{"embeddable":true,"href":"https:\/\/blogs.multimeios.ufc.br\/monografia\/wp-json\/wp\/v2\/comments?post=22"}],"version-history":[{"count":12,"href":"https:\/\/blogs.multimeios.ufc.br\/monografia\/wp-json\/wp\/v2\/pages\/22\/revisions"}],"predecessor-version":[{"id":38,"href":"https:\/\/blogs.multimeios.ufc.br\/monografia\/wp-json\/wp\/v2\/pages\/22\/revisions\/38"}],"wp:attachment":[{"href":"https:\/\/blogs.multimeios.ufc.br\/monografia\/wp-json\/wp\/v2\/media?parent=22"}],"curies":[{"name":"wp","href":"https:\/\/api.w.org\/{rel}","templated":true}]}}