{"id":24,"date":"2012-06-04T14:52:36","date_gmt":"2012-06-04T14:52:36","guid":{"rendered":"http:\/\/blogs.multimeios.ufc.br\/monografia\/?page_id=24"},"modified":"2012-06-05T14:35:16","modified_gmt":"2012-06-05T14:35:16","slug":"conteudo-da-formacao","status":"publish","type":"page","link":"https:\/\/blogs.multimeios.ufc.br\/monografia\/formacao-blog\/conteudo-da-formacao\/","title":{"rendered":"Plano de curso"},"content":{"rendered":"<p align=\"CENTER\"><span style=\"font-family: 'Times New Roman', serif;\"><strong>Plano de curso<\/strong><\/span><\/p>\n<p><!-- Brena, aonde entra o framework? A avalia\u00e7\u00e3o dele? Voc\u00ea precisa pensar sobre isso,ok?! --><span style=\"font-family: 'Times New Roman', serif;\"><strong>1- EMENTA:<\/strong><\/span><\/p>\n<table width=\"569\" border=\"1\" cellspacing=\"0\" cellpadding=\"7\">\n<colgroup>\n<col width=\"553\" \/> <\/colgroup>\n<tbody>\n<tr>\n<td valign=\"TOP\" width=\"553\">\n<p align=\"JUSTIFY\"><span style=\"font-family: 'Times New Roman', serif;\">Origem do Blog.Tipos de Blog. Blogs na Educa\u00e7\u00e3o. Estrat\u00e9gias de uso do blog na educa\u00e7\u00e3o. O uso do blog como recurso pedag\u00f3gico na educa\u00e7\u00e3o. Blog Multimeios.<\/span><\/p>\n<\/td>\n<\/tr>\n<\/tbody>\n<\/table>\n<p>&nbsp;<\/p>\n<p><span style=\"font-family: 'Times New Roman', serif;\"><strong>2- OBJETIVOS:<\/strong><\/span><\/p>\n<table width=\"568\" border=\"1\" cellspacing=\"0\" cellpadding=\"7\">\n<colgroup>\n<col width=\"552\" \/><\/colgroup>\n<tbody>\n<tr>\n<td valign=\"TOP\" width=\"552\">\n<p align=\"JUSTIFY\"><span style=\"font-family: 'Times New Roman', serif;\">Apresentar as possibilidades de uso do blog na educa\u00e7\u00e3o. Discutir as diferen\u00e7as de uso do blog como recurso e estrat\u00e9gia pedag\u00f3gica. Expor os tipos e caracter\u00edsticas dos blogs. Promover a constru\u00e7\u00e3o de um blog utilizando o blog Multimeios. Apresentar de um framework , que auxilia no desenvolvimento do blog, bem como no planejamento de seus usos na educa\u00e7\u00e3o. Avaliar a utiliza\u00e7\u00e3o do framework pelos alunos.<\/span><\/p>\n<\/td>\n<\/tr>\n<\/tbody>\n<\/table>\n<p><span style=\"font-family: 'Times New Roman', serif;\"><strong>3- METODOLOGIA DE TRABALHO<\/strong><\/span><\/p>\n<table width=\"569\" border=\"1\" cellspacing=\"0\" cellpadding=\"7\">\n<colgroup>\n<col width=\"553\" \/> <\/colgroup>\n<tbody>\n<tr>\n<td valign=\"TOP\" width=\"553\">\n<p align=\"JUSTIFY\"><span style=\"font-family: 'Times New Roman', serif;\">O curso ocorrer\u00e1 de forma presencial, com carga hor\u00e1ria total de 12horas\/aula. <\/span><\/p>\n<p align=\"JUSTIFY\"><span style=\"font-family: 'Times New Roman', serif;\">A metodologia de trabalho contar\u00e1 com:<\/span><\/p>\n<p align=\"JUSTIFY\"><span style=\"font-family: 'Times New Roman', serif;\">&#8211; Apresenta\u00e7\u00e3o do conte\u00fado e debates sobre os temas abordados;<\/span><\/p>\n<p align=\"JUSTIFY\"><span style=\"font-family: 'Times New Roman', serif;\">&#8211; Ser\u00e1 utilizada a ferramenta Blog Multimeios;<\/span><\/p>\n<p align=\"JUSTIFY\"><span style=\"font-family: 'Times New Roman', serif;\">-Question\u00e1rio online para saber os conhecimentos pr\u00e9vios dos participantes das forma\u00e7\u00f5es sobre o tema blog.<\/span><\/p>\n<\/td>\n<\/tr>\n<\/tbody>\n<\/table>\n<p>&nbsp;<\/p>\n<p><span style=\"font-family: 'Times New Roman', serif;\"><strong>4- CONTE\u00daDO PROGRAM\u00c1TICO<\/strong><\/span><\/p>\n<table width=\"569\" border=\"1\" cellspacing=\"0\" cellpadding=\"7\">\n<colgroup>\n<col width=\"553\" \/> <\/colgroup>\n<tbody>\n<tr>\n<td valign=\"TOP\" width=\"553\">\n<p align=\"JUSTIFY\"><span style=\"font-family: 'Times New Roman', serif;\">-Blogs: O que \u00e9? Quando surgiu?<\/span><\/p>\n<p align=\"JUSTIFY\"><span style=\"font-family: 'Times New Roman', serif;\">-Formatos de Blogs.<\/span><\/p>\n<p align=\"JUSTIFY\"><span style=\"font-family: 'Times New Roman', serif;\">-O uso dos blogs na Educa\u00e7\u00e3o.<\/span><\/p>\n<p align=\"JUSTIFY\"><span style=\"font-family: 'Times New Roman', serif;\">-Conhecendo o Blog Multimeios.<\/span><\/p>\n<\/td>\n<\/tr>\n<\/tbody>\n<\/table>\n<p>&nbsp;<\/p>\n<p><span style=\"font-family: 'Times New Roman', serif;\"><strong>6- BIBLIOGRAFIA<\/strong><\/span><\/p>\n<table width=\"577\" border=\"1\" cellspacing=\"0\" cellpadding=\"7\">\n<colgroup>\n<col width=\"561\" \/> <\/colgroup>\n<tbody>\n<tr>\n<td valign=\"TOP\" width=\"561\"><span style=\"font-family: 'Times New Roman', serif;\">HEWITT, Hugh.<\/span><span style=\"font-family: 'Times New Roman', serif;\"><strong> Blog:<\/strong><\/span><span style=\"font-family: 'Times New Roman', serif;\"><strong>entenda a revolu\u00e7\u00e3o que vai mudar o seu mundo. <\/strong><\/span><span style=\"font-family: 'Times New Roman', serif;\">Rio de Janeiro-RJ: Thomas Nelson, 2007.<\/span><\/td>\n<\/tr>\n<\/tbody>\n<\/table>\n<p><span style=\"font-family: 'Times New Roman', serif;\">KENSKI,V.M.<\/span><span style=\"font-family: 'Times New Roman', serif;\"><strong>Educa\u00e7\u00e3o e Tecnologias o Novo Ritmo da Informa\u00e7\u00e3o.<\/strong><\/span><span style=\"font-family: 'Times New Roman', serif;\">Campinas-SP.-(Cole\u00e7\u00e3o Papirus Educa\u00e7\u00e3o)<\/span><\/p>\n<p align=\"JUSTIFY\"><span style=\"font-family: 'Times New Roman', serif;\">CIPRIANI. F\u00e1bio. <\/span><span style=\"font-family: 'Times New Roman', serif;\"><strong>Blog corporativo. <\/strong><\/span><span style=\"font-family: 'Times New Roman', serif;\">2\u00aa edi\u00e7\u00e3o. S\u00e3o Paulo-SP: Novatec Editora, 2008.<\/span><\/p>\n<p lang=\"pt-BR\" align=\"JUSTIFY\"><span style=\"color: #000000;\"><span style=\"font-family: 'Times New Roman', serif;\"><span style=\"font-size: x-small;\"><span style=\"color: #000000;\"><span style=\"font-size: small;\"><strong>G<\/strong><\/span><\/span><span style=\"color: #000000;\"><span style=\"font-size: small;\">OMES, M. J.; LOPES, A.M. <\/span><\/span><span style=\"color: #000000;\"><span style=\"font-size: small;\"><strong>Blogues escolares: quando, como e porqu\u00ea? Dispon\u00edvel em: <\/strong><\/span><\/span><span style=\"color: #000000;\"><span style=\"font-size: small;\">repositorium.sdum.uminho.pt\/bitstream\/1822\/6487\/&#8230;\/gomes2007.pdf acessado em 02\/03\/2012. as 18h e 20 min<\/span><\/span><\/span><\/span><\/span><\/p>\n<p lang=\"pt-BR\" align=\"JUSTIFY\"><span style=\"color: #000000;\"><span style=\"font-family: 'Times New Roman', serif;\"><span style=\"font-size: x-small;\"><span style=\"color: #000000;\"><span style=\"font-size: small;\">MANTOVANI, A.M. Blogs na Educa\u00e7\u00e3o: <\/span><\/span><span style=\"color: #000000;\"><span style=\"font-size: small;\"><strong>Construindo Novos Espa\u00e7os de Autoria na Pr\u00e1tica Pedag\u00f3gica. Dispon\u00edvel em: <\/strong><\/span><\/span><span style=\"color: #000000;\"><span style=\"font-size: small;\">educivica.com.sapo.pt\/blogsnaeduca.pdf acesso em 02\/03\/2012.as 18h e 20 min<\/span><\/span><\/span><\/span><\/span><\/p>\n<p lang=\"pt-BR\"><span style=\"color: #000000;\"><span style=\"font-family: 'Times New Roman', serif;\"><span style=\"font-size: x-small;\"><span style=\"color: #000000;\"><span style=\"font-size: small;\">PONTES, R. L. J.; CASTRO FILHO, J. A.<\/span><\/span><span style=\"color: #000000;\"><span style=\"font-size: small;\"><strong>O uso do blog como ferramenta de ensino-aprendizage por professores participantes do Projeto Um Computador por Aluno (UCA). <\/strong><\/span><\/span><span style=\"color: #000000;\"><span style=\"font-size: small;\">In: Anais do XXII SBIE \u2013 XVII WIE. 2011.<\/span><\/span><\/span><\/span><\/span><\/p>\n<p lang=\"pt-BR\" align=\"JUSTIFY\"><span style=\"color: #000000;\"><span style=\"font-family: 'Times New Roman', serif;\"><span style=\"font-size: x-small;\"><span style=\"color: #000000;\"><span style=\"font-size: small;\">BRITO, D.B de. <\/span><\/span><span style=\"color: #000000;\"><span style=\"font-size: small;\"><strong>Construindo um blog de sucesso com o wordpress 3<\/strong><\/span><\/span><span style=\"color: #000000;\"><span style=\"font-size: small;\">. Rio de Janeiro: Brasport, 2011.<\/span><\/span><\/span><\/span><\/span><\/p>\n<p align=\"JUSTIFY\"><span style=\"font-family: 'Times New Roman', serif;\">AMARAL, A; RECUERO, R; MONTARDO, S. <\/span><span style=\"font-size: x-small;\"><span style=\"font-family: 'Times New Roman', serif;\"><span style=\"font-size: small;\">(orgs.) <\/span><\/span><\/span><span style=\"font-size: x-small;\"><span style=\"font-family: 'Times New Roman', serif;\"><span style=\"font-size: small;\"><strong>Blogs.Com: estudos sobre blogs e comunica\u00e7\u00e3o.<\/strong><\/span><\/span><\/span><span style=\"font-size: x-small;\"><span style=\"font-family: 'Times New Roman', serif;\"><span style=\"font-size: small;\"> S\u00e3o Paulo: Momento Editorial, 2009. <\/span><\/span><\/span><\/p>\n<p align=\"JUSTIFY\"><span style=\"font-family: 'Times New Roman', serif;\">SPYER, J. <\/span><span style=\"font-size: x-small;\"><span style=\"font-family: 'Times New Roman', serif;\"><span style=\"font-size: small;\"><strong>Para Entender a Internet &#8211; No\u00e7\u00f5es, pr\u00e1ticas e desafios da comunica\u00e7\u00e3o em rede. <\/strong><\/span><\/span><\/span><span style=\"font-size: x-small;\"><span style=\"font-family: 'Times New Roman', serif;\"><span style=\"font-size: small;\">N\u00e3o zero, 2009<\/span><\/span><\/span><\/p>\n<p>&nbsp;<\/p>\n<p>&nbsp;<\/p>\n<p align=\"JUSTIFY\"><span style=\"font-family: 'Times New Roman', serif;\"><br \/>\n<\/span><\/p>\n","protected":false},"excerpt":{"rendered":"<p> Plano de curso 1- EMENTA: Origem do Blog.Tipos de Blog. Blogs na Educa\u00e7\u00e3o. Estrat\u00e9gias de uso do blog na educa\u00e7\u00e3o. O uso do blog como recurso pedag\u00f3gico na educa\u00e7\u00e3o. Blog Multimeios. &nbsp; 2- OBJETIVOS: Apresentar as possibilidades de uso do blog na educa\u00e7\u00e3o. Discutir as diferen\u00e7as de uso do blog como recurso e estrat\u00e9gia pedag\u00f3gica. &#8230; Read more &raquo; <a class=\"read-more meta-nav\" href=\"https:\/\/blogs.multimeios.ufc.br\/monografia\/formacao-blog\/conteudo-da-formacao\/\">Read more &raquo;<\/a><\/p>","protected":false},"author":3,"featured_media":0,"parent":22,"menu_order":0,"comment_status":"closed","ping_status":"open","template":"","meta":{"footnotes":""},"class_list":["post-24","page","type-page","status-publish","hentry"],"yoast_head":"<!-- This site is optimized with the Yoast SEO plugin v27.5 - https:\/\/yoast.com\/product\/yoast-seo-wordpress\/ -->\n<title>Plano de curso - Blog monografia<\/title>\n<meta name=\"robots\" content=\"index, follow, max-snippet:-1, max-image-preview:large, max-video-preview:-1\" \/>\n<link rel=\"canonical\" href=\"https:\/\/blogs.multimeios.ufc.br\/monografia\/formacao-blog\/conteudo-da-formacao\/\" \/>\n<meta property=\"og:locale\" content=\"pt_BR\" \/>\n<meta property=\"og:type\" content=\"article\" \/>\n<meta property=\"og:title\" content=\"Plano de curso - Blog monografia\" \/>\n<meta property=\"og:description\" content=\"Plano de curso 1- EMENTA: Origem do Blog.Tipos de Blog. Blogs na Educa\u00e7\u00e3o. Estrat\u00e9gias de uso do blog na educa\u00e7\u00e3o. O uso do blog como recurso pedag\u00f3gico na educa\u00e7\u00e3o. Blog Multimeios. &nbsp; 2- OBJETIVOS: Apresentar as possibilidades de uso do blog na educa\u00e7\u00e3o. Discutir as diferen\u00e7as de uso do blog como recurso e estrat\u00e9gia pedag\u00f3gica. ...\" \/>\n<meta property=\"og:url\" content=\"https:\/\/blogs.multimeios.ufc.br\/monografia\/formacao-blog\/conteudo-da-formacao\/\" \/>\n<meta property=\"og:site_name\" content=\"Blog monografia\" \/>\n<meta property=\"article:modified_time\" content=\"2012-06-05T14:35:16+00:00\" \/>\n<meta name=\"twitter:card\" content=\"summary_large_image\" \/>\n<meta name=\"twitter:label1\" content=\"Est. tempo de leitura\" \/>\n\t<meta name=\"twitter:data1\" content=\"2 minutos\" \/>\n<script type=\"application\/ld+json\" class=\"yoast-schema-graph\">{\"@context\":\"https:\\\/\\\/schema.org\",\"@graph\":[{\"@type\":\"WebPage\",\"@id\":\"https:\\\/\\\/blogs.multimeios.ufc.br\\\/monografia\\\/formacao-blog\\\/conteudo-da-formacao\\\/\",\"url\":\"https:\\\/\\\/blogs.multimeios.ufc.br\\\/monografia\\\/formacao-blog\\\/conteudo-da-formacao\\\/\",\"name\":\"Plano de curso - Blog monografia\",\"isPartOf\":{\"@id\":\"https:\\\/\\\/blogs.multimeios.ufc.br\\\/monografia\\\/#website\"},\"datePublished\":\"2012-06-04T14:52:36+00:00\",\"dateModified\":\"2012-06-05T14:35:16+00:00\",\"breadcrumb\":{\"@id\":\"https:\\\/\\\/blogs.multimeios.ufc.br\\\/monografia\\\/formacao-blog\\\/conteudo-da-formacao\\\/#breadcrumb\"},\"inLanguage\":\"pt-BR\",\"potentialAction\":[{\"@type\":\"ReadAction\",\"target\":[\"https:\\\/\\\/blogs.multimeios.ufc.br\\\/monografia\\\/formacao-blog\\\/conteudo-da-formacao\\\/\"]}]},{\"@type\":\"BreadcrumbList\",\"@id\":\"https:\\\/\\\/blogs.multimeios.ufc.br\\\/monografia\\\/formacao-blog\\\/conteudo-da-formacao\\\/#breadcrumb\",\"itemListElement\":[{\"@type\":\"ListItem\",\"position\":1,\"name\":\"In\u00edcio\",\"item\":\"https:\\\/\\\/blogs.multimeios.ufc.br\\\/monografia\\\/\"},{\"@type\":\"ListItem\",\"position\":2,\"name\":\"Forma\u00e7\u00e3o Blog\",\"item\":\"https:\\\/\\\/blogs.multimeios.ufc.br\\\/monografia\\\/formacao-blog\\\/\"},{\"@type\":\"ListItem\",\"position\":3,\"name\":\"Plano de curso\"}]},{\"@type\":\"WebSite\",\"@id\":\"https:\\\/\\\/blogs.multimeios.ufc.br\\\/monografia\\\/#website\",\"url\":\"https:\\\/\\\/blogs.multimeios.ufc.br\\\/monografia\\\/\",\"name\":\"Blog monografia\",\"description\":\"\",\"potentialAction\":[{\"@type\":\"SearchAction\",\"target\":{\"@type\":\"EntryPoint\",\"urlTemplate\":\"https:\\\/\\\/blogs.multimeios.ufc.br\\\/monografia\\\/?s={search_term_string}\"},\"query-input\":{\"@type\":\"PropertyValueSpecification\",\"valueRequired\":true,\"valueName\":\"search_term_string\"}}],\"inLanguage\":\"pt-BR\"}]}<\/script>\n<!-- \/ Yoast SEO plugin. -->","yoast_head_json":{"title":"Plano de curso - Blog monografia","robots":{"index":"index","follow":"follow","max-snippet":"max-snippet:-1","max-image-preview":"max-image-preview:large","max-video-preview":"max-video-preview:-1"},"canonical":"https:\/\/blogs.multimeios.ufc.br\/monografia\/formacao-blog\/conteudo-da-formacao\/","og_locale":"pt_BR","og_type":"article","og_title":"Plano de curso - Blog monografia","og_description":"Plano de curso 1- EMENTA: Origem do Blog.Tipos de Blog. Blogs na Educa\u00e7\u00e3o. Estrat\u00e9gias de uso do blog na educa\u00e7\u00e3o. O uso do blog como recurso pedag\u00f3gico na educa\u00e7\u00e3o. Blog Multimeios. &nbsp; 2- OBJETIVOS: Apresentar as possibilidades de uso do blog na educa\u00e7\u00e3o. Discutir as diferen\u00e7as de uso do blog como recurso e estrat\u00e9gia pedag\u00f3gica. ...","og_url":"https:\/\/blogs.multimeios.ufc.br\/monografia\/formacao-blog\/conteudo-da-formacao\/","og_site_name":"Blog monografia","article_modified_time":"2012-06-05T14:35:16+00:00","twitter_card":"summary_large_image","twitter_misc":{"Est. tempo de leitura":"2 minutos"},"schema":{"@context":"https:\/\/schema.org","@graph":[{"@type":"WebPage","@id":"https:\/\/blogs.multimeios.ufc.br\/monografia\/formacao-blog\/conteudo-da-formacao\/","url":"https:\/\/blogs.multimeios.ufc.br\/monografia\/formacao-blog\/conteudo-da-formacao\/","name":"Plano de curso - Blog monografia","isPartOf":{"@id":"https:\/\/blogs.multimeios.ufc.br\/monografia\/#website"},"datePublished":"2012-06-04T14:52:36+00:00","dateModified":"2012-06-05T14:35:16+00:00","breadcrumb":{"@id":"https:\/\/blogs.multimeios.ufc.br\/monografia\/formacao-blog\/conteudo-da-formacao\/#breadcrumb"},"inLanguage":"pt-BR","potentialAction":[{"@type":"ReadAction","target":["https:\/\/blogs.multimeios.ufc.br\/monografia\/formacao-blog\/conteudo-da-formacao\/"]}]},{"@type":"BreadcrumbList","@id":"https:\/\/blogs.multimeios.ufc.br\/monografia\/formacao-blog\/conteudo-da-formacao\/#breadcrumb","itemListElement":[{"@type":"ListItem","position":1,"name":"In\u00edcio","item":"https:\/\/blogs.multimeios.ufc.br\/monografia\/"},{"@type":"ListItem","position":2,"name":"Forma\u00e7\u00e3o Blog","item":"https:\/\/blogs.multimeios.ufc.br\/monografia\/formacao-blog\/"},{"@type":"ListItem","position":3,"name":"Plano de curso"}]},{"@type":"WebSite","@id":"https:\/\/blogs.multimeios.ufc.br\/monografia\/#website","url":"https:\/\/blogs.multimeios.ufc.br\/monografia\/","name":"Blog monografia","description":"","potentialAction":[{"@type":"SearchAction","target":{"@type":"EntryPoint","urlTemplate":"https:\/\/blogs.multimeios.ufc.br\/monografia\/?s={search_term_string}"},"query-input":{"@type":"PropertyValueSpecification","valueRequired":true,"valueName":"search_term_string"}}],"inLanguage":"pt-BR"}]}},"_links":{"self":[{"href":"https:\/\/blogs.multimeios.ufc.br\/monografia\/wp-json\/wp\/v2\/pages\/24","targetHints":{"allow":["GET"]}}],"collection":[{"href":"https:\/\/blogs.multimeios.ufc.br\/monografia\/wp-json\/wp\/v2\/pages"}],"about":[{"href":"https:\/\/blogs.multimeios.ufc.br\/monografia\/wp-json\/wp\/v2\/types\/page"}],"author":[{"embeddable":true,"href":"https:\/\/blogs.multimeios.ufc.br\/monografia\/wp-json\/wp\/v2\/users\/3"}],"replies":[{"embeddable":true,"href":"https:\/\/blogs.multimeios.ufc.br\/monografia\/wp-json\/wp\/v2\/comments?post=24"}],"version-history":[{"count":6,"href":"https:\/\/blogs.multimeios.ufc.br\/monografia\/wp-json\/wp\/v2\/pages\/24\/revisions"}],"predecessor-version":[{"id":44,"href":"https:\/\/blogs.multimeios.ufc.br\/monografia\/wp-json\/wp\/v2\/pages\/24\/revisions\/44"}],"up":[{"embeddable":true,"href":"https:\/\/blogs.multimeios.ufc.br\/monografia\/wp-json\/wp\/v2\/pages\/22"}],"wp:attachment":[{"href":"https:\/\/blogs.multimeios.ufc.br\/monografia\/wp-json\/wp\/v2\/media?parent=24"}],"curies":[{"name":"wp","href":"https:\/\/api.w.org\/{rel}","templated":true}]}}