{"id":56,"date":"2012-06-08T01:19:22","date_gmt":"2012-06-08T01:19:22","guid":{"rendered":"http:\/\/blogs.multimeios.ufc.br\/monografia\/?page_id=56"},"modified":"2012-06-08T01:28:48","modified_gmt":"2012-06-08T01:28:48","slug":"textos","status":"publish","type":"page","link":"https:\/\/blogs.multimeios.ufc.br\/monografia\/textos\/","title":{"rendered":"Textos"},"content":{"rendered":"<p>Ol\u00e1!<\/p>\n<p>Disponibilizarei nessa p\u00e1gina alguns links de textos interessantes sobre o uso do blog na educa\u00e7\u00e3o, para come\u00e7ar, disponibilizarei\u00a0o link para um texto sobre o uso do blog como recurso e estrat\u00e9gia pedag\u00f3gica. Vale a pena ler!<\/p>\n<p><a href=\"http:\/\/blogs.multimeios.ufc.br\/monografia\/files\/2012\/06\/Blogs-final-nome.pdf\">Blogs: um recurso e uma estrat\u00e9gia pedag\u00f3gica<\/a><\/p>\n","protected":false},"excerpt":{"rendered":"<p> Ol\u00e1! Disponibilizarei nessa p\u00e1gina alguns links de textos interessantes sobre o uso do blog na educa\u00e7\u00e3o, para come\u00e7ar, disponibilizarei\u00a0o link para um texto sobre o uso do blog como recurso e estrat\u00e9gia pedag\u00f3gica. Vale a pena ler! Blogs: um recurso e uma estrat\u00e9gia pedag\u00f3gica Read more &raquo; <a class=\"read-more meta-nav\" href=\"https:\/\/blogs.multimeios.ufc.br\/monografia\/textos\/\">Read more &raquo;<\/a><\/p>","protected":false},"author":3,"featured_media":0,"parent":0,"menu_order":0,"comment_status":"closed","ping_status":"open","template":"","meta":{"footnotes":""},"class_list":["post-56","page","type-page","status-publish","hentry"],"yoast_head":"<!-- This site is optimized with the Yoast SEO plugin v27.5 - https:\/\/yoast.com\/product\/yoast-seo-wordpress\/ -->\n<title>Textos - Blog monografia<\/title>\n<meta name=\"robots\" content=\"index, follow, max-snippet:-1, max-image-preview:large, max-video-preview:-1\" \/>\n<link rel=\"canonical\" href=\"https:\/\/blogs.multimeios.ufc.br\/monografia\/textos\/\" \/>\n<meta property=\"og:locale\" content=\"pt_BR\" \/>\n<meta property=\"og:type\" content=\"article\" \/>\n<meta property=\"og:title\" content=\"Textos - Blog monografia\" \/>\n<meta property=\"og:description\" content=\"Ol\u00e1! Disponibilizarei nessa p\u00e1gina alguns links de textos interessantes sobre o uso do blog na educa\u00e7\u00e3o, para come\u00e7ar, disponibilizarei\u00a0o link para um texto sobre o uso do blog como recurso e estrat\u00e9gia pedag\u00f3gica. Vale a pena ler! Blogs: um recurso e uma estrat\u00e9gia pedag\u00f3gica\" \/>\n<meta property=\"og:url\" content=\"https:\/\/blogs.multimeios.ufc.br\/monografia\/textos\/\" \/>\n<meta property=\"og:site_name\" content=\"Blog monografia\" \/>\n<meta property=\"article:modified_time\" content=\"2012-06-08T01:28:48+00:00\" \/>\n<meta name=\"twitter:card\" content=\"summary_large_image\" \/>\n<script type=\"application\/ld+json\" class=\"yoast-schema-graph\">{\"@context\":\"https:\\\/\\\/schema.org\",\"@graph\":[{\"@type\":\"WebPage\",\"@id\":\"https:\\\/\\\/blogs.multimeios.ufc.br\\\/monografia\\\/textos\\\/\",\"url\":\"https:\\\/\\\/blogs.multimeios.ufc.br\\\/monografia\\\/textos\\\/\",\"name\":\"Textos - Blog monografia\",\"isPartOf\":{\"@id\":\"https:\\\/\\\/blogs.multimeios.ufc.br\\\/monografia\\\/#website\"},\"datePublished\":\"2012-06-08T01:19:22+00:00\",\"dateModified\":\"2012-06-08T01:28:48+00:00\",\"breadcrumb\":{\"@id\":\"https:\\\/\\\/blogs.multimeios.ufc.br\\\/monografia\\\/textos\\\/#breadcrumb\"},\"inLanguage\":\"pt-BR\",\"potentialAction\":[{\"@type\":\"ReadAction\",\"target\":[\"https:\\\/\\\/blogs.multimeios.ufc.br\\\/monografia\\\/textos\\\/\"]}]},{\"@type\":\"BreadcrumbList\",\"@id\":\"https:\\\/\\\/blogs.multimeios.ufc.br\\\/monografia\\\/textos\\\/#breadcrumb\",\"itemListElement\":[{\"@type\":\"ListItem\",\"position\":1,\"name\":\"In\u00edcio\",\"item\":\"https:\\\/\\\/blogs.multimeios.ufc.br\\\/monografia\\\/\"},{\"@type\":\"ListItem\",\"position\":2,\"name\":\"Textos\"}]},{\"@type\":\"WebSite\",\"@id\":\"https:\\\/\\\/blogs.multimeios.ufc.br\\\/monografia\\\/#website\",\"url\":\"https:\\\/\\\/blogs.multimeios.ufc.br\\\/monografia\\\/\",\"name\":\"Blog monografia\",\"description\":\"\",\"potentialAction\":[{\"@type\":\"SearchAction\",\"target\":{\"@type\":\"EntryPoint\",\"urlTemplate\":\"https:\\\/\\\/blogs.multimeios.ufc.br\\\/monografia\\\/?s={search_term_string}\"},\"query-input\":{\"@type\":\"PropertyValueSpecification\",\"valueRequired\":true,\"valueName\":\"search_term_string\"}}],\"inLanguage\":\"pt-BR\"}]}<\/script>\n<!-- \/ Yoast SEO plugin. -->","yoast_head_json":{"title":"Textos - Blog monografia","robots":{"index":"index","follow":"follow","max-snippet":"max-snippet:-1","max-image-preview":"max-image-preview:large","max-video-preview":"max-video-preview:-1"},"canonical":"https:\/\/blogs.multimeios.ufc.br\/monografia\/textos\/","og_locale":"pt_BR","og_type":"article","og_title":"Textos - Blog monografia","og_description":"Ol\u00e1! Disponibilizarei nessa p\u00e1gina alguns links de textos interessantes sobre o uso do blog na educa\u00e7\u00e3o, para come\u00e7ar, disponibilizarei\u00a0o link para um texto sobre o uso do blog como recurso e estrat\u00e9gia pedag\u00f3gica. Vale a pena ler! Blogs: um recurso e uma estrat\u00e9gia pedag\u00f3gica","og_url":"https:\/\/blogs.multimeios.ufc.br\/monografia\/textos\/","og_site_name":"Blog monografia","article_modified_time":"2012-06-08T01:28:48+00:00","twitter_card":"summary_large_image","schema":{"@context":"https:\/\/schema.org","@graph":[{"@type":"WebPage","@id":"https:\/\/blogs.multimeios.ufc.br\/monografia\/textos\/","url":"https:\/\/blogs.multimeios.ufc.br\/monografia\/textos\/","name":"Textos - Blog monografia","isPartOf":{"@id":"https:\/\/blogs.multimeios.ufc.br\/monografia\/#website"},"datePublished":"2012-06-08T01:19:22+00:00","dateModified":"2012-06-08T01:28:48+00:00","breadcrumb":{"@id":"https:\/\/blogs.multimeios.ufc.br\/monografia\/textos\/#breadcrumb"},"inLanguage":"pt-BR","potentialAction":[{"@type":"ReadAction","target":["https:\/\/blogs.multimeios.ufc.br\/monografia\/textos\/"]}]},{"@type":"BreadcrumbList","@id":"https:\/\/blogs.multimeios.ufc.br\/monografia\/textos\/#breadcrumb","itemListElement":[{"@type":"ListItem","position":1,"name":"In\u00edcio","item":"https:\/\/blogs.multimeios.ufc.br\/monografia\/"},{"@type":"ListItem","position":2,"name":"Textos"}]},{"@type":"WebSite","@id":"https:\/\/blogs.multimeios.ufc.br\/monografia\/#website","url":"https:\/\/blogs.multimeios.ufc.br\/monografia\/","name":"Blog monografia","description":"","potentialAction":[{"@type":"SearchAction","target":{"@type":"EntryPoint","urlTemplate":"https:\/\/blogs.multimeios.ufc.br\/monografia\/?s={search_term_string}"},"query-input":{"@type":"PropertyValueSpecification","valueRequired":true,"valueName":"search_term_string"}}],"inLanguage":"pt-BR"}]}},"_links":{"self":[{"href":"https:\/\/blogs.multimeios.ufc.br\/monografia\/wp-json\/wp\/v2\/pages\/56","targetHints":{"allow":["GET"]}}],"collection":[{"href":"https:\/\/blogs.multimeios.ufc.br\/monografia\/wp-json\/wp\/v2\/pages"}],"about":[{"href":"https:\/\/blogs.multimeios.ufc.br\/monografia\/wp-json\/wp\/v2\/types\/page"}],"author":[{"embeddable":true,"href":"https:\/\/blogs.multimeios.ufc.br\/monografia\/wp-json\/wp\/v2\/users\/3"}],"replies":[{"embeddable":true,"href":"https:\/\/blogs.multimeios.ufc.br\/monografia\/wp-json\/wp\/v2\/comments?post=56"}],"version-history":[{"count":5,"href":"https:\/\/blogs.multimeios.ufc.br\/monografia\/wp-json\/wp\/v2\/pages\/56\/revisions"}],"predecessor-version":[{"id":63,"href":"https:\/\/blogs.multimeios.ufc.br\/monografia\/wp-json\/wp\/v2\/pages\/56\/revisions\/63"}],"wp:attachment":[{"href":"https:\/\/blogs.multimeios.ufc.br\/monografia\/wp-json\/wp\/v2\/media?parent=56"}],"curies":[{"name":"wp","href":"https:\/\/api.w.org\/{rel}","templated":true}]}}