{"id":11,"date":"2016-12-14T17:07:56","date_gmt":"2016-12-14T19:07:56","guid":{"rendered":"http:\/\/blogs.multimeios.ufc.br\/saudedocente\/?page_id=11"},"modified":"2016-12-14T17:34:23","modified_gmt":"2016-12-14T19:34:23","slug":"livro","status":"publish","type":"page","link":"https:\/\/blogs.multimeios.ufc.br\/saudedocente\/livro\/","title":{"rendered":"Livro"},"content":{"rendered":"<p style=\"text-align: center\"><img fetchpriority=\"high\" decoding=\"async\" class=\"aligncenter size-full wp-image-26\" src=\"http:\/\/blogs.multimeios.ufc.br\/saudedocente\/files\/2016\/12\/CAPA2.png\" alt=\"capa2\" width=\"810\" height=\"459\" srcset=\"https:\/\/blogs.multimeios.ufc.br\/saudedocente\/files\/2016\/12\/CAPA2.png 810w, https:\/\/blogs.multimeios.ufc.br\/saudedocente\/files\/2016\/12\/CAPA2-300x170.png 300w, https:\/\/blogs.multimeios.ufc.br\/saudedocente\/files\/2016\/12\/CAPA2-768x435.png 768w\" sizes=\"(max-width: 810px) 100vw, 810px\" \/><\/p>\n<h1 style=\"text-align: center\">Para ter acesso ao livro Precariza\u00e7\u00e3o do Trabalho docente clique <span style=\"color: #ff0000\"><a style=\"color: #ff0000\" href=\"http:\/\/blogs.multimeios.ufc.br\/saudedocente\/files\/2016\/12\/039139-ADUFC-LIVRO-PRECARIZA\u00c7\u00c3O-DO-TRABALHO-DOCENTE.pdf\" target=\"_blank\">AQUI<\/a><\/span><\/h1>\n","protected":false},"excerpt":{"rendered":"<p>Para ter acesso ao livro Precariza\u00e7\u00e3o do Trabalho docente clique AQUI<\/p>\n","protected":false},"author":10,"featured_media":0,"parent":0,"menu_order":0,"comment_status":"closed","ping_status":"closed","template":"","meta":{"footnotes":""},"class_list":["post-11","page","type-page","status-publish","hentry"],"yoast_head":"<!-- This site is optimized with the Yoast SEO plugin v27.3 - https:\/\/yoast.com\/product\/yoast-seo-wordpress\/ -->\n<title>Livro - Trabalho e Sa\u00fade Docente<\/title>\n<meta name=\"robots\" content=\"index, follow, max-snippet:-1, max-image-preview:large, max-video-preview:-1\" \/>\n<link rel=\"canonical\" href=\"https:\/\/blogs.multimeios.ufc.br\/saudedocente\/livro\/\" \/>\n<meta property=\"og:locale\" content=\"pt_BR\" \/>\n<meta property=\"og:type\" content=\"article\" \/>\n<meta property=\"og:title\" content=\"Livro - Trabalho e Sa\u00fade Docente\" \/>\n<meta property=\"og:description\" content=\"Para ter acesso ao livro Precariza\u00e7\u00e3o do Trabalho docente clique AQUI\" \/>\n<meta property=\"og:url\" content=\"https:\/\/blogs.multimeios.ufc.br\/saudedocente\/livro\/\" \/>\n<meta property=\"og:site_name\" content=\"Trabalho e Sa\u00fade Docente\" \/>\n<meta property=\"article:modified_time\" content=\"2016-12-14T19:34:23+00:00\" \/>\n<meta property=\"og:image\" content=\"http:\/\/blogs.multimeios.ufc.br\/saudedocente\/files\/2016\/12\/CAPA2.png\" \/>\n<meta name=\"twitter:card\" content=\"summary_large_image\" \/>\n<script type=\"application\/ld+json\" class=\"yoast-schema-graph\">{\"@context\":\"https:\\\/\\\/schema.org\",\"@graph\":[{\"@type\":\"WebPage\",\"@id\":\"https:\\\/\\\/blogs.multimeios.ufc.br\\\/saudedocente\\\/livro\\\/\",\"url\":\"https:\\\/\\\/blogs.multimeios.ufc.br\\\/saudedocente\\\/livro\\\/\",\"name\":\"Livro - Trabalho e Sa\u00fade Docente\",\"isPartOf\":{\"@id\":\"https:\\\/\\\/blogs.multimeios.ufc.br\\\/saudedocente\\\/#website\"},\"primaryImageOfPage\":{\"@id\":\"https:\\\/\\\/blogs.multimeios.ufc.br\\\/saudedocente\\\/livro\\\/#primaryimage\"},\"image\":{\"@id\":\"https:\\\/\\\/blogs.multimeios.ufc.br\\\/saudedocente\\\/livro\\\/#primaryimage\"},\"thumbnailUrl\":\"http:\\\/\\\/blogs.multimeios.ufc.br\\\/saudedocente\\\/files\\\/2016\\\/12\\\/CAPA2.png\",\"datePublished\":\"2016-12-14T19:07:56+00:00\",\"dateModified\":\"2016-12-14T19:34:23+00:00\",\"breadcrumb\":{\"@id\":\"https:\\\/\\\/blogs.multimeios.ufc.br\\\/saudedocente\\\/livro\\\/#breadcrumb\"},\"inLanguage\":\"pt-BR\",\"potentialAction\":[{\"@type\":\"ReadAction\",\"target\":[\"https:\\\/\\\/blogs.multimeios.ufc.br\\\/saudedocente\\\/livro\\\/\"]}]},{\"@type\":\"ImageObject\",\"inLanguage\":\"pt-BR\",\"@id\":\"https:\\\/\\\/blogs.multimeios.ufc.br\\\/saudedocente\\\/livro\\\/#primaryimage\",\"url\":\"https:\\\/\\\/blogs.multimeios.ufc.br\\\/saudedocente\\\/files\\\/2016\\\/12\\\/CAPA2.png\",\"contentUrl\":\"https:\\\/\\\/blogs.multimeios.ufc.br\\\/saudedocente\\\/files\\\/2016\\\/12\\\/CAPA2.png\",\"width\":810,\"height\":459},{\"@type\":\"BreadcrumbList\",\"@id\":\"https:\\\/\\\/blogs.multimeios.ufc.br\\\/saudedocente\\\/livro\\\/#breadcrumb\",\"itemListElement\":[{\"@type\":\"ListItem\",\"position\":1,\"name\":\"In\u00edcio\",\"item\":\"https:\\\/\\\/blogs.multimeios.ufc.br\\\/saudedocente\\\/\"},{\"@type\":\"ListItem\",\"position\":2,\"name\":\"Livro\"}]},{\"@type\":\"WebSite\",\"@id\":\"https:\\\/\\\/blogs.multimeios.ufc.br\\\/saudedocente\\\/#website\",\"url\":\"https:\\\/\\\/blogs.multimeios.ufc.br\\\/saudedocente\\\/\",\"name\":\"Trabalho e Sa\u00fade Docente\",\"description\":\"\",\"potentialAction\":[{\"@type\":\"SearchAction\",\"target\":{\"@type\":\"EntryPoint\",\"urlTemplate\":\"https:\\\/\\\/blogs.multimeios.ufc.br\\\/saudedocente\\\/?s={search_term_string}\"},\"query-input\":{\"@type\":\"PropertyValueSpecification\",\"valueRequired\":true,\"valueName\":\"search_term_string\"}}],\"inLanguage\":\"pt-BR\"}]}<\/script>\n<!-- \/ Yoast SEO plugin. -->","yoast_head_json":{"title":"Livro - Trabalho e Sa\u00fade Docente","robots":{"index":"index","follow":"follow","max-snippet":"max-snippet:-1","max-image-preview":"max-image-preview:large","max-video-preview":"max-video-preview:-1"},"canonical":"https:\/\/blogs.multimeios.ufc.br\/saudedocente\/livro\/","og_locale":"pt_BR","og_type":"article","og_title":"Livro - Trabalho e Sa\u00fade Docente","og_description":"Para ter acesso ao livro Precariza\u00e7\u00e3o do Trabalho docente clique AQUI","og_url":"https:\/\/blogs.multimeios.ufc.br\/saudedocente\/livro\/","og_site_name":"Trabalho e Sa\u00fade Docente","article_modified_time":"2016-12-14T19:34:23+00:00","og_image":[{"url":"http:\/\/blogs.multimeios.ufc.br\/saudedocente\/files\/2016\/12\/CAPA2.png","type":"","width":"","height":""}],"twitter_card":"summary_large_image","schema":{"@context":"https:\/\/schema.org","@graph":[{"@type":"WebPage","@id":"https:\/\/blogs.multimeios.ufc.br\/saudedocente\/livro\/","url":"https:\/\/blogs.multimeios.ufc.br\/saudedocente\/livro\/","name":"Livro - Trabalho e Sa\u00fade Docente","isPartOf":{"@id":"https:\/\/blogs.multimeios.ufc.br\/saudedocente\/#website"},"primaryImageOfPage":{"@id":"https:\/\/blogs.multimeios.ufc.br\/saudedocente\/livro\/#primaryimage"},"image":{"@id":"https:\/\/blogs.multimeios.ufc.br\/saudedocente\/livro\/#primaryimage"},"thumbnailUrl":"http:\/\/blogs.multimeios.ufc.br\/saudedocente\/files\/2016\/12\/CAPA2.png","datePublished":"2016-12-14T19:07:56+00:00","dateModified":"2016-12-14T19:34:23+00:00","breadcrumb":{"@id":"https:\/\/blogs.multimeios.ufc.br\/saudedocente\/livro\/#breadcrumb"},"inLanguage":"pt-BR","potentialAction":[{"@type":"ReadAction","target":["https:\/\/blogs.multimeios.ufc.br\/saudedocente\/livro\/"]}]},{"@type":"ImageObject","inLanguage":"pt-BR","@id":"https:\/\/blogs.multimeios.ufc.br\/saudedocente\/livro\/#primaryimage","url":"https:\/\/blogs.multimeios.ufc.br\/saudedocente\/files\/2016\/12\/CAPA2.png","contentUrl":"https:\/\/blogs.multimeios.ufc.br\/saudedocente\/files\/2016\/12\/CAPA2.png","width":810,"height":459},{"@type":"BreadcrumbList","@id":"https:\/\/blogs.multimeios.ufc.br\/saudedocente\/livro\/#breadcrumb","itemListElement":[{"@type":"ListItem","position":1,"name":"In\u00edcio","item":"https:\/\/blogs.multimeios.ufc.br\/saudedocente\/"},{"@type":"ListItem","position":2,"name":"Livro"}]},{"@type":"WebSite","@id":"https:\/\/blogs.multimeios.ufc.br\/saudedocente\/#website","url":"https:\/\/blogs.multimeios.ufc.br\/saudedocente\/","name":"Trabalho e Sa\u00fade Docente","description":"","potentialAction":[{"@type":"SearchAction","target":{"@type":"EntryPoint","urlTemplate":"https:\/\/blogs.multimeios.ufc.br\/saudedocente\/?s={search_term_string}"},"query-input":{"@type":"PropertyValueSpecification","valueRequired":true,"valueName":"search_term_string"}}],"inLanguage":"pt-BR"}]}},"_links":{"self":[{"href":"https:\/\/blogs.multimeios.ufc.br\/saudedocente\/wp-json\/wp\/v2\/pages\/11","targetHints":{"allow":["GET"]}}],"collection":[{"href":"https:\/\/blogs.multimeios.ufc.br\/saudedocente\/wp-json\/wp\/v2\/pages"}],"about":[{"href":"https:\/\/blogs.multimeios.ufc.br\/saudedocente\/wp-json\/wp\/v2\/types\/page"}],"author":[{"embeddable":true,"href":"https:\/\/blogs.multimeios.ufc.br\/saudedocente\/wp-json\/wp\/v2\/users\/10"}],"replies":[{"embeddable":true,"href":"https:\/\/blogs.multimeios.ufc.br\/saudedocente\/wp-json\/wp\/v2\/comments?post=11"}],"version-history":[{"count":4,"href":"https:\/\/blogs.multimeios.ufc.br\/saudedocente\/wp-json\/wp\/v2\/pages\/11\/revisions"}],"predecessor-version":[{"id":28,"href":"https:\/\/blogs.multimeios.ufc.br\/saudedocente\/wp-json\/wp\/v2\/pages\/11\/revisions\/28"}],"wp:attachment":[{"href":"https:\/\/blogs.multimeios.ufc.br\/saudedocente\/wp-json\/wp\/v2\/media?parent=11"}],"curies":[{"name":"wp","href":"https:\/\/api.w.org\/{rel}","templated":true}]}}