{"id":7,"date":"2016-12-14T17:07:09","date_gmt":"2016-12-14T19:07:09","guid":{"rendered":"http:\/\/blogs.multimeios.ufc.br\/saudedocente\/?page_id=7"},"modified":"2016-12-14T17:07:09","modified_gmt":"2016-12-14T19:07:09","slug":"apresentacao-do-grupo-de-pesquisa","status":"publish","type":"page","link":"https:\/\/blogs.multimeios.ufc.br\/saudedocente\/apresentacao-do-grupo-de-pesquisa\/","title":{"rendered":"Apresenta\u00e7\u00e3o do Grupo de Pesquisa"},"content":{"rendered":"<p style=\"text-align: justify\">O Grupo de Pesquisa<i> Trabalho e Sa\u00fade Docente<\/i> re\u00fane pesquisadores de diversas \u00e1reas \u2013 entre as quais, pedagogia, hist\u00f3ria, economia, geografia, qu\u00edmica, estat\u00edstica e servi\u00e7o social \u2013 organizados a partir de quest\u00f5es relacionadas \u00e0s atuais condi\u00e7\u00f5es de trabalho docentes nas universidades p\u00fablicas brasileiras, incluindo suas repercuss\u00f5es na sa\u00fade e produ\u00e7\u00e3o docentes.<\/p>\n<p style=\"text-align: justify\">Em um contexto de crise econ\u00f4mica e aprofundamento das pol\u00edticas neoliberais, se efetivam, de um lado, a nega\u00e7\u00e3o de direitos sociais e, de outro, a maior atua\u00e7\u00e3o do Estado em favor das grandes empresas capitalistas, ao passo que se precarizam as rela\u00e7\u00f5es de trabalho. Some-se a isso, al\u00e9m das atuais dificuldades de institui\u00e7\u00f5es p\u00fablicas de car\u00e1ter social, os pr\u00f3prios obst\u00e1culos \u00e0 produ\u00e7\u00e3o cient\u00edfica num pa\u00eds perif\u00e9rico como o Brasil.<\/p>\n<p style=\"text-align: justify\">Esse mesmo Grupo surge a partir da atua\u00e7\u00e3o de seus integrantes no movimento sindical docente, em meio a universidades p\u00fablicas localizadas no estado do Cear\u00e1, nas seguintes entidades: ADUFC-Sindicato, no SINDIUVA e no SINDURCA, que demonstra um duplo entendimento, primeiramente, do sindicalismo como atividade cient\u00edfica (e n\u00e3o apenas reivindicat\u00f3ria) e, ainda, da atividade cient\u00edfica como <i>pr\u00e1xis<\/i> transformadora da realidade.<\/p>\n","protected":false},"excerpt":{"rendered":"<p>O Grupo de Pesquisa Trabalho e Sa\u00fade Docente re\u00fane pesquisadores de diversas \u00e1reas \u2013 entre as quais, pedagogia, hist\u00f3ria, economia, geografia, qu\u00edmica, estat\u00edstica e servi\u00e7o social \u2013 organizados a partir de quest\u00f5es relacionadas \u00e0s atuais condi\u00e7\u00f5es de trabalho docentes nas &hellip; <a href=\"https:\/\/blogs.multimeios.ufc.br\/saudedocente\/apresentacao-do-grupo-de-pesquisa\/\">Continue lendo <span class=\"meta-nav\">&rarr;<\/span><\/a><\/p>\n","protected":false},"author":10,"featured_media":0,"parent":0,"menu_order":0,"comment_status":"closed","ping_status":"closed","template":"","meta":{"footnotes":""},"class_list":["post-7","page","type-page","status-publish","hentry"],"yoast_head":"<!-- This site is optimized with the Yoast SEO plugin v27.3 - https:\/\/yoast.com\/product\/yoast-seo-wordpress\/ -->\n<title>Apresenta\u00e7\u00e3o do Grupo de Pesquisa - Trabalho e Sa\u00fade Docente<\/title>\n<meta name=\"robots\" content=\"index, follow, max-snippet:-1, max-image-preview:large, max-video-preview:-1\" \/>\n<link rel=\"canonical\" href=\"https:\/\/blogs.multimeios.ufc.br\/saudedocente\/apresentacao-do-grupo-de-pesquisa\/\" \/>\n<meta property=\"og:locale\" content=\"pt_BR\" \/>\n<meta property=\"og:type\" content=\"article\" \/>\n<meta property=\"og:title\" content=\"Apresenta\u00e7\u00e3o do Grupo de Pesquisa - Trabalho e Sa\u00fade Docente\" \/>\n<meta property=\"og:description\" content=\"O Grupo de Pesquisa Trabalho e Sa\u00fade Docente re\u00fane pesquisadores de diversas \u00e1reas \u2013 entre as quais, pedagogia, hist\u00f3ria, economia, geografia, qu\u00edmica, estat\u00edstica e servi\u00e7o social \u2013 organizados a partir de quest\u00f5es relacionadas \u00e0s atuais condi\u00e7\u00f5es de trabalho docentes nas &hellip; Continue lendo &rarr;\" \/>\n<meta property=\"og:url\" content=\"https:\/\/blogs.multimeios.ufc.br\/saudedocente\/apresentacao-do-grupo-de-pesquisa\/\" \/>\n<meta property=\"og:site_name\" content=\"Trabalho e Sa\u00fade Docente\" \/>\n<meta name=\"twitter:card\" content=\"summary_large_image\" \/>\n<meta name=\"twitter:label1\" content=\"Est. tempo de leitura\" \/>\n\t<meta name=\"twitter:data1\" content=\"1 minuto\" \/>\n<script type=\"application\/ld+json\" class=\"yoast-schema-graph\">{\"@context\":\"https:\\\/\\\/schema.org\",\"@graph\":[{\"@type\":\"WebPage\",\"@id\":\"https:\\\/\\\/blogs.multimeios.ufc.br\\\/saudedocente\\\/apresentacao-do-grupo-de-pesquisa\\\/\",\"url\":\"https:\\\/\\\/blogs.multimeios.ufc.br\\\/saudedocente\\\/apresentacao-do-grupo-de-pesquisa\\\/\",\"name\":\"Apresenta\u00e7\u00e3o do Grupo de Pesquisa - Trabalho e Sa\u00fade Docente\",\"isPartOf\":{\"@id\":\"https:\\\/\\\/blogs.multimeios.ufc.br\\\/saudedocente\\\/#website\"},\"datePublished\":\"2016-12-14T19:07:09+00:00\",\"breadcrumb\":{\"@id\":\"https:\\\/\\\/blogs.multimeios.ufc.br\\\/saudedocente\\\/apresentacao-do-grupo-de-pesquisa\\\/#breadcrumb\"},\"inLanguage\":\"pt-BR\",\"potentialAction\":[{\"@type\":\"ReadAction\",\"target\":[\"https:\\\/\\\/blogs.multimeios.ufc.br\\\/saudedocente\\\/apresentacao-do-grupo-de-pesquisa\\\/\"]}]},{\"@type\":\"BreadcrumbList\",\"@id\":\"https:\\\/\\\/blogs.multimeios.ufc.br\\\/saudedocente\\\/apresentacao-do-grupo-de-pesquisa\\\/#breadcrumb\",\"itemListElement\":[{\"@type\":\"ListItem\",\"position\":1,\"name\":\"In\u00edcio\",\"item\":\"https:\\\/\\\/blogs.multimeios.ufc.br\\\/saudedocente\\\/\"},{\"@type\":\"ListItem\",\"position\":2,\"name\":\"Apresenta\u00e7\u00e3o do Grupo de Pesquisa\"}]},{\"@type\":\"WebSite\",\"@id\":\"https:\\\/\\\/blogs.multimeios.ufc.br\\\/saudedocente\\\/#website\",\"url\":\"https:\\\/\\\/blogs.multimeios.ufc.br\\\/saudedocente\\\/\",\"name\":\"Trabalho e Sa\u00fade Docente\",\"description\":\"\",\"potentialAction\":[{\"@type\":\"SearchAction\",\"target\":{\"@type\":\"EntryPoint\",\"urlTemplate\":\"https:\\\/\\\/blogs.multimeios.ufc.br\\\/saudedocente\\\/?s={search_term_string}\"},\"query-input\":{\"@type\":\"PropertyValueSpecification\",\"valueRequired\":true,\"valueName\":\"search_term_string\"}}],\"inLanguage\":\"pt-BR\"}]}<\/script>\n<!-- \/ Yoast SEO plugin. -->","yoast_head_json":{"title":"Apresenta\u00e7\u00e3o do Grupo de Pesquisa - Trabalho e Sa\u00fade Docente","robots":{"index":"index","follow":"follow","max-snippet":"max-snippet:-1","max-image-preview":"max-image-preview:large","max-video-preview":"max-video-preview:-1"},"canonical":"https:\/\/blogs.multimeios.ufc.br\/saudedocente\/apresentacao-do-grupo-de-pesquisa\/","og_locale":"pt_BR","og_type":"article","og_title":"Apresenta\u00e7\u00e3o do Grupo de Pesquisa - Trabalho e Sa\u00fade Docente","og_description":"O Grupo de Pesquisa Trabalho e Sa\u00fade Docente re\u00fane pesquisadores de diversas \u00e1reas \u2013 entre as quais, pedagogia, hist\u00f3ria, economia, geografia, qu\u00edmica, estat\u00edstica e servi\u00e7o social \u2013 organizados a partir de quest\u00f5es relacionadas \u00e0s atuais condi\u00e7\u00f5es de trabalho docentes nas &hellip; Continue lendo &rarr;","og_url":"https:\/\/blogs.multimeios.ufc.br\/saudedocente\/apresentacao-do-grupo-de-pesquisa\/","og_site_name":"Trabalho e Sa\u00fade Docente","twitter_card":"summary_large_image","twitter_misc":{"Est. tempo de leitura":"1 minuto"},"schema":{"@context":"https:\/\/schema.org","@graph":[{"@type":"WebPage","@id":"https:\/\/blogs.multimeios.ufc.br\/saudedocente\/apresentacao-do-grupo-de-pesquisa\/","url":"https:\/\/blogs.multimeios.ufc.br\/saudedocente\/apresentacao-do-grupo-de-pesquisa\/","name":"Apresenta\u00e7\u00e3o do Grupo de Pesquisa - Trabalho e Sa\u00fade Docente","isPartOf":{"@id":"https:\/\/blogs.multimeios.ufc.br\/saudedocente\/#website"},"datePublished":"2016-12-14T19:07:09+00:00","breadcrumb":{"@id":"https:\/\/blogs.multimeios.ufc.br\/saudedocente\/apresentacao-do-grupo-de-pesquisa\/#breadcrumb"},"inLanguage":"pt-BR","potentialAction":[{"@type":"ReadAction","target":["https:\/\/blogs.multimeios.ufc.br\/saudedocente\/apresentacao-do-grupo-de-pesquisa\/"]}]},{"@type":"BreadcrumbList","@id":"https:\/\/blogs.multimeios.ufc.br\/saudedocente\/apresentacao-do-grupo-de-pesquisa\/#breadcrumb","itemListElement":[{"@type":"ListItem","position":1,"name":"In\u00edcio","item":"https:\/\/blogs.multimeios.ufc.br\/saudedocente\/"},{"@type":"ListItem","position":2,"name":"Apresenta\u00e7\u00e3o do Grupo de Pesquisa"}]},{"@type":"WebSite","@id":"https:\/\/blogs.multimeios.ufc.br\/saudedocente\/#website","url":"https:\/\/blogs.multimeios.ufc.br\/saudedocente\/","name":"Trabalho e Sa\u00fade Docente","description":"","potentialAction":[{"@type":"SearchAction","target":{"@type":"EntryPoint","urlTemplate":"https:\/\/blogs.multimeios.ufc.br\/saudedocente\/?s={search_term_string}"},"query-input":{"@type":"PropertyValueSpecification","valueRequired":true,"valueName":"search_term_string"}}],"inLanguage":"pt-BR"}]}},"_links":{"self":[{"href":"https:\/\/blogs.multimeios.ufc.br\/saudedocente\/wp-json\/wp\/v2\/pages\/7","targetHints":{"allow":["GET"]}}],"collection":[{"href":"https:\/\/blogs.multimeios.ufc.br\/saudedocente\/wp-json\/wp\/v2\/pages"}],"about":[{"href":"https:\/\/blogs.multimeios.ufc.br\/saudedocente\/wp-json\/wp\/v2\/types\/page"}],"author":[{"embeddable":true,"href":"https:\/\/blogs.multimeios.ufc.br\/saudedocente\/wp-json\/wp\/v2\/users\/10"}],"replies":[{"embeddable":true,"href":"https:\/\/blogs.multimeios.ufc.br\/saudedocente\/wp-json\/wp\/v2\/comments?post=7"}],"version-history":[{"count":1,"href":"https:\/\/blogs.multimeios.ufc.br\/saudedocente\/wp-json\/wp\/v2\/pages\/7\/revisions"}],"predecessor-version":[{"id":8,"href":"https:\/\/blogs.multimeios.ufc.br\/saudedocente\/wp-json\/wp\/v2\/pages\/7\/revisions\/8"}],"wp:attachment":[{"href":"https:\/\/blogs.multimeios.ufc.br\/saudedocente\/wp-json\/wp\/v2\/media?parent=7"}],"curies":[{"name":"wp","href":"https:\/\/api.w.org\/{rel}","templated":true}]}}