{"id":77,"date":"2017-06-08T00:40:56","date_gmt":"2017-06-08T03:40:56","guid":{"rendered":"http:\/\/blogs.multimeios.ufc.br\/saudedocente\/?page_id=77"},"modified":"2017-06-08T00:52:46","modified_gmt":"2017-06-08T03:52:46","slug":"seminario-precarizacao-ufc-30414","status":"publish","type":"page","link":"https:\/\/blogs.multimeios.ufc.br\/saudedocente\/seminario-precarizacao-ufc-30414\/","title":{"rendered":"Semin\u00e1rio Precariza\u00e7\u00e3o do Trabalho e Sa\u00fade Docente UFC 2014"},"content":{"rendered":"<p><iframe title=\"Mesa Redonda   Pol\u00edticas p\u00fablicas previdenci\u00e1rias no Brasil\" width=\"640\" height=\"360\" src=\"https:\/\/www.youtube.com\/embed\/WFuL5tg4RJU?feature=oembed\" frameborder=\"0\" allow=\"accelerometer; autoplay; clipboard-write; encrypted-media; gyroscope; picture-in-picture; web-share\" referrerpolicy=\"strict-origin-when-cross-origin\" allowfullscreen><\/iframe><\/p>\n<p><iframe title=\"Mesa Redonda trabalho docente\" width=\"640\" height=\"360\" src=\"https:\/\/www.youtube.com\/embed\/zIQU67yRGp8?feature=oembed\" frameborder=\"0\" allow=\"accelerometer; autoplay; clipboard-write; encrypted-media; gyroscope; picture-in-picture; web-share\" referrerpolicy=\"strict-origin-when-cross-origin\" allowfullscreen><\/iframe><\/p>\n","protected":false},"excerpt":{"rendered":"","protected":false},"author":10,"featured_media":0,"parent":0,"menu_order":0,"comment_status":"closed","ping_status":"closed","template":"","meta":{"footnotes":""},"class_list":["post-77","page","type-page","status-publish","hentry"],"yoast_head":"<!-- This site is optimized with the Yoast SEO plugin v27.4 - https:\/\/yoast.com\/product\/yoast-seo-wordpress\/ -->\n<title>Semin\u00e1rio Precariza\u00e7\u00e3o do Trabalho e Sa\u00fade Docente UFC 2014 - Trabalho e Sa\u00fade Docente<\/title>\n<meta name=\"robots\" content=\"index, follow, max-snippet:-1, max-image-preview:large, max-video-preview:-1\" \/>\n<link rel=\"canonical\" href=\"https:\/\/blogs.multimeios.ufc.br\/saudedocente\/seminario-precarizacao-ufc-30414\/\" \/>\n<meta property=\"og:locale\" content=\"pt_BR\" \/>\n<meta property=\"og:type\" content=\"article\" \/>\n<meta property=\"og:title\" content=\"Semin\u00e1rio Precariza\u00e7\u00e3o do Trabalho e Sa\u00fade Docente UFC 2014 - Trabalho e Sa\u00fade Docente\" \/>\n<meta property=\"og:url\" content=\"https:\/\/blogs.multimeios.ufc.br\/saudedocente\/seminario-precarizacao-ufc-30414\/\" \/>\n<meta property=\"og:site_name\" content=\"Trabalho e Sa\u00fade Docente\" \/>\n<meta property=\"article:modified_time\" content=\"2017-06-08T03:52:46+00:00\" \/>\n<meta name=\"twitter:card\" content=\"summary_large_image\" \/>\n<script type=\"application\/ld+json\" class=\"yoast-schema-graph\">{\"@context\":\"https:\\\/\\\/schema.org\",\"@graph\":[{\"@type\":\"WebPage\",\"@id\":\"https:\\\/\\\/blogs.multimeios.ufc.br\\\/saudedocente\\\/seminario-precarizacao-ufc-30414\\\/\",\"url\":\"https:\\\/\\\/blogs.multimeios.ufc.br\\\/saudedocente\\\/seminario-precarizacao-ufc-30414\\\/\",\"name\":\"Semin\u00e1rio Precariza\u00e7\u00e3o do Trabalho e Sa\u00fade Docente UFC 2014 - Trabalho e Sa\u00fade Docente\",\"isPartOf\":{\"@id\":\"https:\\\/\\\/blogs.multimeios.ufc.br\\\/saudedocente\\\/#website\"},\"datePublished\":\"2017-06-08T03:40:56+00:00\",\"dateModified\":\"2017-06-08T03:52:46+00:00\",\"breadcrumb\":{\"@id\":\"https:\\\/\\\/blogs.multimeios.ufc.br\\\/saudedocente\\\/seminario-precarizacao-ufc-30414\\\/#breadcrumb\"},\"inLanguage\":\"pt-BR\",\"potentialAction\":[{\"@type\":\"ReadAction\",\"target\":[\"https:\\\/\\\/blogs.multimeios.ufc.br\\\/saudedocente\\\/seminario-precarizacao-ufc-30414\\\/\"]}]},{\"@type\":\"BreadcrumbList\",\"@id\":\"https:\\\/\\\/blogs.multimeios.ufc.br\\\/saudedocente\\\/seminario-precarizacao-ufc-30414\\\/#breadcrumb\",\"itemListElement\":[{\"@type\":\"ListItem\",\"position\":1,\"name\":\"In\u00edcio\",\"item\":\"https:\\\/\\\/blogs.multimeios.ufc.br\\\/saudedocente\\\/\"},{\"@type\":\"ListItem\",\"position\":2,\"name\":\"Semin\u00e1rio Precariza\u00e7\u00e3o do Trabalho e Sa\u00fade Docente UFC 2014\"}]},{\"@type\":\"WebSite\",\"@id\":\"https:\\\/\\\/blogs.multimeios.ufc.br\\\/saudedocente\\\/#website\",\"url\":\"https:\\\/\\\/blogs.multimeios.ufc.br\\\/saudedocente\\\/\",\"name\":\"Trabalho e Sa\u00fade Docente\",\"description\":\"\",\"potentialAction\":[{\"@type\":\"SearchAction\",\"target\":{\"@type\":\"EntryPoint\",\"urlTemplate\":\"https:\\\/\\\/blogs.multimeios.ufc.br\\\/saudedocente\\\/?s={search_term_string}\"},\"query-input\":{\"@type\":\"PropertyValueSpecification\",\"valueRequired\":true,\"valueName\":\"search_term_string\"}}],\"inLanguage\":\"pt-BR\"}]}<\/script>\n<!-- \/ Yoast SEO plugin. -->","yoast_head_json":{"title":"Semin\u00e1rio Precariza\u00e7\u00e3o do Trabalho e Sa\u00fade Docente UFC 2014 - Trabalho e Sa\u00fade Docente","robots":{"index":"index","follow":"follow","max-snippet":"max-snippet:-1","max-image-preview":"max-image-preview:large","max-video-preview":"max-video-preview:-1"},"canonical":"https:\/\/blogs.multimeios.ufc.br\/saudedocente\/seminario-precarizacao-ufc-30414\/","og_locale":"pt_BR","og_type":"article","og_title":"Semin\u00e1rio Precariza\u00e7\u00e3o do Trabalho e Sa\u00fade Docente UFC 2014 - Trabalho e Sa\u00fade Docente","og_url":"https:\/\/blogs.multimeios.ufc.br\/saudedocente\/seminario-precarizacao-ufc-30414\/","og_site_name":"Trabalho e Sa\u00fade Docente","article_modified_time":"2017-06-08T03:52:46+00:00","twitter_card":"summary_large_image","schema":{"@context":"https:\/\/schema.org","@graph":[{"@type":"WebPage","@id":"https:\/\/blogs.multimeios.ufc.br\/saudedocente\/seminario-precarizacao-ufc-30414\/","url":"https:\/\/blogs.multimeios.ufc.br\/saudedocente\/seminario-precarizacao-ufc-30414\/","name":"Semin\u00e1rio Precariza\u00e7\u00e3o do Trabalho e Sa\u00fade Docente UFC 2014 - Trabalho e Sa\u00fade Docente","isPartOf":{"@id":"https:\/\/blogs.multimeios.ufc.br\/saudedocente\/#website"},"datePublished":"2017-06-08T03:40:56+00:00","dateModified":"2017-06-08T03:52:46+00:00","breadcrumb":{"@id":"https:\/\/blogs.multimeios.ufc.br\/saudedocente\/seminario-precarizacao-ufc-30414\/#breadcrumb"},"inLanguage":"pt-BR","potentialAction":[{"@type":"ReadAction","target":["https:\/\/blogs.multimeios.ufc.br\/saudedocente\/seminario-precarizacao-ufc-30414\/"]}]},{"@type":"BreadcrumbList","@id":"https:\/\/blogs.multimeios.ufc.br\/saudedocente\/seminario-precarizacao-ufc-30414\/#breadcrumb","itemListElement":[{"@type":"ListItem","position":1,"name":"In\u00edcio","item":"https:\/\/blogs.multimeios.ufc.br\/saudedocente\/"},{"@type":"ListItem","position":2,"name":"Semin\u00e1rio Precariza\u00e7\u00e3o do Trabalho e Sa\u00fade Docente UFC 2014"}]},{"@type":"WebSite","@id":"https:\/\/blogs.multimeios.ufc.br\/saudedocente\/#website","url":"https:\/\/blogs.multimeios.ufc.br\/saudedocente\/","name":"Trabalho e Sa\u00fade Docente","description":"","potentialAction":[{"@type":"SearchAction","target":{"@type":"EntryPoint","urlTemplate":"https:\/\/blogs.multimeios.ufc.br\/saudedocente\/?s={search_term_string}"},"query-input":{"@type":"PropertyValueSpecification","valueRequired":true,"valueName":"search_term_string"}}],"inLanguage":"pt-BR"}]}},"_links":{"self":[{"href":"https:\/\/blogs.multimeios.ufc.br\/saudedocente\/wp-json\/wp\/v2\/pages\/77","targetHints":{"allow":["GET"]}}],"collection":[{"href":"https:\/\/blogs.multimeios.ufc.br\/saudedocente\/wp-json\/wp\/v2\/pages"}],"about":[{"href":"https:\/\/blogs.multimeios.ufc.br\/saudedocente\/wp-json\/wp\/v2\/types\/page"}],"author":[{"embeddable":true,"href":"https:\/\/blogs.multimeios.ufc.br\/saudedocente\/wp-json\/wp\/v2\/users\/10"}],"replies":[{"embeddable":true,"href":"https:\/\/blogs.multimeios.ufc.br\/saudedocente\/wp-json\/wp\/v2\/comments?post=77"}],"version-history":[{"count":3,"href":"https:\/\/blogs.multimeios.ufc.br\/saudedocente\/wp-json\/wp\/v2\/pages\/77\/revisions"}],"predecessor-version":[{"id":84,"href":"https:\/\/blogs.multimeios.ufc.br\/saudedocente\/wp-json\/wp\/v2\/pages\/77\/revisions\/84"}],"wp:attachment":[{"href":"https:\/\/blogs.multimeios.ufc.br\/saudedocente\/wp-json\/wp\/v2\/media?parent=77"}],"curies":[{"name":"wp","href":"https:\/\/api.w.org\/{rel}","templated":true}]}}