{"id":103,"date":"2021-03-26T19:17:04","date_gmt":"2021-03-26T19:17:04","guid":{"rendered":"http:\/\/blogs.multimeios.ufc.br\/segundasmm\/?page_id=103"},"modified":"2021-06-16T15:09:23","modified_gmt":"2021-06-16T15:09:23","slug":"cronograma-2020-2","status":"publish","type":"page","link":"https:\/\/blogs.multimeios.ufc.br\/segundasmm\/cronograma-2020-2\/","title":{"rendered":"2020.2"},"content":{"rendered":"\n\n\n<h3 style=\"text-align: left\"><strong>Semin\u00e1rios Segunda MultiMeios<\/strong><\/h3>\n<table style=\"border-collapse: collapse;width: 100%;height: 481px\">\n<tbody>\n<tr style=\"height: 37px\">\n<td style=\"width: 29.1542%;height: 37px\"><strong>DATA<\/strong><\/td>\n<td style=\"width: 34.0796%;height: 37px\"><strong>ANEXO<\/strong><\/td>\n<td style=\"width: 20.0995%;height: 37px\"><strong>TEMA<\/strong><\/td>\n<td style=\"width: 16.6667%;height: 37px\"><strong>PESQUISADOR<\/strong><\/td>\n<\/tr>\n<tr style=\"height: 37px\">\n<td style=\"width: 29.1542%;height: 37px\">11\/Jan\/2021<\/td>\n<td style=\"width: 34.0796%;height: 37px\">V\u00eddeo\/PDF<\/td>\n<td style=\"width: 20.0995%;height: 37px\">Continua\u00e7\u00e3o das perguntas&#8230;<\/td>\n<td style=\"width: 16.6667%;height: 37px\">Todos os pesquisadores\/as<\/td>\n<\/tr>\n<tr style=\"height: 37px\">\n<td style=\"width: 29.1542%;height: 37px\">18\/Jan\/2021<\/td>\n<td style=\"width: 34.0796%;height: 37px\">V\u00eddeo\/PDF<\/td>\n<td style=\"width: 20.0995%;height: 37px\">Proposta de Tese<\/td>\n<td style=\"width: 16.6667%;height: 37px\">Prof. Delano (Aveiro\/PT)<\/td>\n<\/tr>\n<tr style=\"height: 37px\">\n<td style=\"width: 29.1542%;height: 37px\">25\/Jan\/2021<\/td>\n<td style=\"width: 34.0796%;height: 37px\"><a href=\"https:\/\/www.youtube.com\/watch?v=bF4BX6PwhEQ\">V\u00eddeo<\/a>\/PDF<\/td>\n<td style=\"width: 20.0995%;height: 37px\">Sobre a pergunta&#8230;<\/td>\n<td style=\"width: 16.6667%;height: 37px\">Prof. Dr. Edisom Eug\u00eanio (UECE)<\/td>\n<\/tr>\n<tr style=\"height: 37px\">\n<td style=\"width: 29.1542%;height: 37px\">01\/Fev\/2021<\/td>\n<td style=\"width: 34.0796%;height: 37px\"><a href=\"https:\/\/www.youtube.com\/watch?v=Aq6CELe22o0\">V\u00eddeo<\/a>\/PDF<\/td>\n<td style=\"width: 20.0995%;height: 37px\">Apresenta\u00e7\u00e3o dos resultados de sua Tese<\/td>\n<td style=\"width: 16.6667%;height: 37px\">Prof.\u00aa Dr.\u00aa Ana Carmen Santana (UFT)<\/td>\n<\/tr>\n<tr style=\"height: 37px\">\n<td style=\"width: 29.1542%;height: 37px\">08\/Fev\/2021<\/td>\n<td style=\"width: 34.0796%;height: 37px\">V\u00eddeo\/PDF<\/td>\n<td style=\"width: 20.0995%;height: 37px\">MASF<\/td>\n<td style=\"width: 16.6667%;height: 37px\">Prof.\u00aa Dr.\u00aa Rafaela Lisboa (UNIFOR)<\/td>\n<\/tr>\n<tr style=\"height: 37px\">\n<td style=\"width: 29.1542%;height: 37px\">15\/Fev\/2021<\/td>\n<td style=\"width: 34.0796%;height: 37px;text-align: left\">&#8211;<\/td>\n<td style=\"width: 20.0995%;height: 37px\">FERIADO NACIONAL CARNAVAL<\/td>\n<td style=\"width: 16.6667%;height: 37px;text-align: center\">&#8211;<\/td>\n<\/tr>\n<tr style=\"height: 37px\">\n<td style=\"width: 29.1542%;height: 37px\">22\/Fev\/2021<\/td>\n<td style=\"width: 34.0796%;height: 37px\"><a href=\"https:\/\/www.youtube.com\/watch?v=N4GeS65WicE\">V\u00eddeo<\/a>\/PDF<\/td>\n<td style=\"width: 20.0995%;height: 37px\">Apresenta\u00e7\u00e3o do resultado da Pesquisa do P\u00f3s-doutorado<\/td>\n<td style=\"width: 16.6667%;height: 37px\">Prof. Dr. Herbert Lima (SEDUC Sobral\/Cear\u00e1)<\/td>\n<\/tr>\n<tr style=\"height: 37px\">\n<td style=\"width: 29.1542%;height: 37px\">01\/Mar\/2021<\/td>\n<td style=\"width: 34.0796%;height: 37px\"><a href=\"https:\/\/www.youtube.com\/watch?v=2M78z1Yzyoc\">V\u00eddeo<\/a>\/PDF<\/td>\n<td style=\"width: 20.0995%;height: 37px\">Apresenta\u00e7\u00e3o do resultado da Pesquisa do P\u00f3s-doutorado<\/td>\n<td style=\"width: 16.6667%;height: 37px\">Prof. Dr. Daniel Brand\u00e3o (UVA)<\/td>\n<\/tr>\n<tr style=\"height: 37px\">\n<td style=\"width: 29.1542%;height: 37px\">08\/Mar\/2021<\/td>\n<td style=\"width: 34.0796%;height: 37px\"><a href=\"https:\/\/www.youtube.com\/watch?v=5UBUI0iNBvo\">V\u00eddeo<\/a>\/PDF<\/td>\n<td style=\"width: 20.0995%;height: 37px\">Apresenta\u00e7\u00e3o do resultado da Pesquisa do P\u00f3s-doutorado<\/td>\n<td style=\"width: 16.6667%;height: 37px\">Prof.\u00aa Dr.\u00aa Ana Uch\u00f4a e Prof.\u00aa Dr.\u00aa Cristina Mand\u00e1u<\/td>\n<\/tr>\n<tr style=\"height: 37px\">\n<td style=\"width: 29.1542%;height: 37px\">15\/Mar\/2021<\/td>\n<td style=\"width: 34.0796%;height: 37px\"><a href=\"https:\/\/www.youtube.com\/watch?v=2xDIPJXunNk\">V\u00eddeo<\/a>\/PDF<\/td>\n<td style=\"width: 20.0995%;height: 37px\">Apresenta\u00e7\u00e3o dos resultados de sua Tese<\/td>\n<td style=\"width: 16.6667%;height: 37px\">Prof.\u00aa Dr.\u00aa Maz\u00e9 Sobral (UVA)<\/td>\n<\/tr>\n<tr style=\"height: 37px\">\n<td style=\"width: 29.1542%;height: 37px\">22\/Mar\/2021<\/td>\n<td style=\"width: 34.0796%;height: 37px\"><a href=\"https:\/\/www.youtube.com\/watch?v=V0DTeYncE-0\">V\u00eddeo<\/a>\/PDF<\/td>\n<td style=\"width: 20.0995%;height: 37px\">Apresenta\u00e7\u00e3o da Disserta\u00e7\u00e3o de Mestrado<\/td>\n<td style=\"width: 16.6667%;height: 37px\">Prof.\u00aa Dina Mara Pinheiro<\/td>\n<\/tr>\n<tr style=\"height: 37px\">\n<td style=\"width: 29.1542%;height: 37px\">29\/Mar\/2021<\/td>\n<td style=\"width: 34.0796%;height: 37px\"><a href=\"https:\/\/www.youtube.com\/watch?v=RVb1FWDLQ-c\">V\u00eddeo<\/a>\/PDF<\/td>\n<td style=\"width: 20.0995%;height: 37px\">Apresenta\u00e7\u00e3o das a\u00e7\u00f5es do Projeto de Extens\u00e3o Acessibilidade e inclus\u00e3o*<\/td>\n<td style=\"width: 16.6667%;height: 37px\">Prof.\u00aa Ms. \u00c2ngela e equipe do Projeto Acessibilidade (FACED\/MM\/UFC)<\/td>\n<\/tr>\n<\/tbody>\n<\/table>\n\n\n\n<p>05 de abril de 2021: encerramento do semestre letivo!<\/p>\n","protected":false},"excerpt":{"rendered":"<p>Semin\u00e1rios Segunda MultiMeios DATA ANEXO TEMA PESQUISADOR 11\/Jan\/2021 V\u00eddeo\/PDF Continua\u00e7\u00e3o das perguntas&#8230; Todos os pesquisadores\/as 18\/Jan\/2021 V\u00eddeo\/PDF Proposta de Tese Prof. Delano (Aveiro\/PT) 25\/Jan\/2021 V\u00eddeo\/PDF Sobre a pergunta&#8230; Prof. Dr. Edisom Eug\u00eanio (UECE) 01\/Fev\/2021 V\u00eddeo\/PDF Apresenta\u00e7\u00e3o dos resultados de sua &hellip; <a href=\"https:\/\/blogs.multimeios.ufc.br\/segundasmm\/cronograma-2020-2\/\">Continue lendo <span class=\"meta-nav\">&rarr;<\/span><\/a><\/p>\n","protected":false},"author":31,"featured_media":0,"parent":0,"menu_order":0,"comment_status":"closed","ping_status":"closed","template":"","meta":{"footnotes":""},"class_list":["post-103","page","type-page","status-publish","hentry"],"yoast_head":"<!-- This site is optimized with the Yoast SEO plugin v27.4 - https:\/\/yoast.com\/product\/yoast-seo-wordpress\/ -->\n<title>2020.2 - Segunda Multimeios<\/title>\n<meta name=\"robots\" content=\"index, follow, max-snippet:-1, max-image-preview:large, max-video-preview:-1\" \/>\n<link rel=\"canonical\" href=\"https:\/\/blogs.multimeios.ufc.br\/segundasmm\/cronograma-2020-2\/\" \/>\n<meta property=\"og:locale\" content=\"pt_BR\" \/>\n<meta property=\"og:type\" content=\"article\" \/>\n<meta property=\"og:title\" content=\"2020.2 - Segunda Multimeios\" \/>\n<meta property=\"og:description\" content=\"Semin\u00e1rios Segunda MultiMeios DATA ANEXO TEMA PESQUISADOR 11\/Jan\/2021 V\u00eddeo\/PDF Continua\u00e7\u00e3o das perguntas&#8230; Todos os pesquisadores\/as 18\/Jan\/2021 V\u00eddeo\/PDF Proposta de Tese Prof. Delano (Aveiro\/PT) 25\/Jan\/2021 V\u00eddeo\/PDF Sobre a pergunta&#8230; Prof. Dr. Edisom Eug\u00eanio (UECE) 01\/Fev\/2021 V\u00eddeo\/PDF Apresenta\u00e7\u00e3o dos resultados de sua &hellip; Continue lendo &rarr;\" \/>\n<meta property=\"og:url\" content=\"https:\/\/blogs.multimeios.ufc.br\/segundasmm\/cronograma-2020-2\/\" \/>\n<meta property=\"og:site_name\" content=\"Segunda Multimeios\" \/>\n<meta property=\"article:modified_time\" content=\"2021-06-16T15:09:23+00:00\" \/>\n<meta name=\"twitter:card\" content=\"summary_large_image\" \/>\n<meta name=\"twitter:label1\" content=\"Est. tempo de leitura\" \/>\n\t<meta name=\"twitter:data1\" content=\"1 minuto\" \/>\n<script type=\"application\/ld+json\" class=\"yoast-schema-graph\">{\"@context\":\"https:\\\/\\\/schema.org\",\"@graph\":[{\"@type\":\"WebPage\",\"@id\":\"https:\\\/\\\/blogs.multimeios.ufc.br\\\/segundasmm\\\/cronograma-2020-2\\\/\",\"url\":\"https:\\\/\\\/blogs.multimeios.ufc.br\\\/segundasmm\\\/cronograma-2020-2\\\/\",\"name\":\"2020.2 - Segunda Multimeios\",\"isPartOf\":{\"@id\":\"https:\\\/\\\/blogs.multimeios.ufc.br\\\/segundasmm\\\/#website\"},\"datePublished\":\"2021-03-26T19:17:04+00:00\",\"dateModified\":\"2021-06-16T15:09:23+00:00\",\"breadcrumb\":{\"@id\":\"https:\\\/\\\/blogs.multimeios.ufc.br\\\/segundasmm\\\/cronograma-2020-2\\\/#breadcrumb\"},\"inLanguage\":\"pt-BR\",\"potentialAction\":[{\"@type\":\"ReadAction\",\"target\":[\"https:\\\/\\\/blogs.multimeios.ufc.br\\\/segundasmm\\\/cronograma-2020-2\\\/\"]}]},{\"@type\":\"BreadcrumbList\",\"@id\":\"https:\\\/\\\/blogs.multimeios.ufc.br\\\/segundasmm\\\/cronograma-2020-2\\\/#breadcrumb\",\"itemListElement\":[{\"@type\":\"ListItem\",\"position\":1,\"name\":\"In\u00edcio\",\"item\":\"https:\\\/\\\/blogs.multimeios.ufc.br\\\/segundasmm\\\/\"},{\"@type\":\"ListItem\",\"position\":2,\"name\":\"2020.2\"}]},{\"@type\":\"WebSite\",\"@id\":\"https:\\\/\\\/blogs.multimeios.ufc.br\\\/segundasmm\\\/#website\",\"url\":\"https:\\\/\\\/blogs.multimeios.ufc.br\\\/segundasmm\\\/\",\"name\":\"Segunda Multimeios\",\"description\":\"Forma\u00e7\u00e3o e debate sobre Tecnologias Digitais na Educa\u00e7\u00e3o\",\"potentialAction\":[{\"@type\":\"SearchAction\",\"target\":{\"@type\":\"EntryPoint\",\"urlTemplate\":\"https:\\\/\\\/blogs.multimeios.ufc.br\\\/segundasmm\\\/?s={search_term_string}\"},\"query-input\":{\"@type\":\"PropertyValueSpecification\",\"valueRequired\":true,\"valueName\":\"search_term_string\"}}],\"inLanguage\":\"pt-BR\"}]}<\/script>\n<!-- \/ Yoast SEO plugin. -->","yoast_head_json":{"title":"2020.2 - Segunda Multimeios","robots":{"index":"index","follow":"follow","max-snippet":"max-snippet:-1","max-image-preview":"max-image-preview:large","max-video-preview":"max-video-preview:-1"},"canonical":"https:\/\/blogs.multimeios.ufc.br\/segundasmm\/cronograma-2020-2\/","og_locale":"pt_BR","og_type":"article","og_title":"2020.2 - Segunda Multimeios","og_description":"Semin\u00e1rios Segunda MultiMeios DATA ANEXO TEMA PESQUISADOR 11\/Jan\/2021 V\u00eddeo\/PDF Continua\u00e7\u00e3o das perguntas&#8230; Todos os pesquisadores\/as 18\/Jan\/2021 V\u00eddeo\/PDF Proposta de Tese Prof. Delano (Aveiro\/PT) 25\/Jan\/2021 V\u00eddeo\/PDF Sobre a pergunta&#8230; Prof. Dr. Edisom Eug\u00eanio (UECE) 01\/Fev\/2021 V\u00eddeo\/PDF Apresenta\u00e7\u00e3o dos resultados de sua &hellip; Continue lendo &rarr;","og_url":"https:\/\/blogs.multimeios.ufc.br\/segundasmm\/cronograma-2020-2\/","og_site_name":"Segunda Multimeios","article_modified_time":"2021-06-16T15:09:23+00:00","twitter_card":"summary_large_image","twitter_misc":{"Est. tempo de leitura":"1 minuto"},"schema":{"@context":"https:\/\/schema.org","@graph":[{"@type":"WebPage","@id":"https:\/\/blogs.multimeios.ufc.br\/segundasmm\/cronograma-2020-2\/","url":"https:\/\/blogs.multimeios.ufc.br\/segundasmm\/cronograma-2020-2\/","name":"2020.2 - Segunda Multimeios","isPartOf":{"@id":"https:\/\/blogs.multimeios.ufc.br\/segundasmm\/#website"},"datePublished":"2021-03-26T19:17:04+00:00","dateModified":"2021-06-16T15:09:23+00:00","breadcrumb":{"@id":"https:\/\/blogs.multimeios.ufc.br\/segundasmm\/cronograma-2020-2\/#breadcrumb"},"inLanguage":"pt-BR","potentialAction":[{"@type":"ReadAction","target":["https:\/\/blogs.multimeios.ufc.br\/segundasmm\/cronograma-2020-2\/"]}]},{"@type":"BreadcrumbList","@id":"https:\/\/blogs.multimeios.ufc.br\/segundasmm\/cronograma-2020-2\/#breadcrumb","itemListElement":[{"@type":"ListItem","position":1,"name":"In\u00edcio","item":"https:\/\/blogs.multimeios.ufc.br\/segundasmm\/"},{"@type":"ListItem","position":2,"name":"2020.2"}]},{"@type":"WebSite","@id":"https:\/\/blogs.multimeios.ufc.br\/segundasmm\/#website","url":"https:\/\/blogs.multimeios.ufc.br\/segundasmm\/","name":"Segunda Multimeios","description":"Forma\u00e7\u00e3o e debate sobre Tecnologias Digitais na Educa\u00e7\u00e3o","potentialAction":[{"@type":"SearchAction","target":{"@type":"EntryPoint","urlTemplate":"https:\/\/blogs.multimeios.ufc.br\/segundasmm\/?s={search_term_string}"},"query-input":{"@type":"PropertyValueSpecification","valueRequired":true,"valueName":"search_term_string"}}],"inLanguage":"pt-BR"}]}},"_links":{"self":[{"href":"https:\/\/blogs.multimeios.ufc.br\/segundasmm\/wp-json\/wp\/v2\/pages\/103","targetHints":{"allow":["GET"]}}],"collection":[{"href":"https:\/\/blogs.multimeios.ufc.br\/segundasmm\/wp-json\/wp\/v2\/pages"}],"about":[{"href":"https:\/\/blogs.multimeios.ufc.br\/segundasmm\/wp-json\/wp\/v2\/types\/page"}],"author":[{"embeddable":true,"href":"https:\/\/blogs.multimeios.ufc.br\/segundasmm\/wp-json\/wp\/v2\/users\/31"}],"replies":[{"embeddable":true,"href":"https:\/\/blogs.multimeios.ufc.br\/segundasmm\/wp-json\/wp\/v2\/comments?post=103"}],"version-history":[{"count":7,"href":"https:\/\/blogs.multimeios.ufc.br\/segundasmm\/wp-json\/wp\/v2\/pages\/103\/revisions"}],"predecessor-version":[{"id":194,"href":"https:\/\/blogs.multimeios.ufc.br\/segundasmm\/wp-json\/wp\/v2\/pages\/103\/revisions\/194"}],"wp:attachment":[{"href":"https:\/\/blogs.multimeios.ufc.br\/segundasmm\/wp-json\/wp\/v2\/media?parent=103"}],"curies":[{"name":"wp","href":"https:\/\/api.w.org\/{rel}","templated":true}]}}