{"id":359,"date":"2022-06-19T19:31:09","date_gmt":"2022-06-19T19:31:09","guid":{"rendered":"http:\/\/blogs.multimeios.ufc.br\/segundasmm\/?page_id=359"},"modified":"2022-07-13T00:08:21","modified_gmt":"2022-07-13T00:08:21","slug":"2022-1","status":"publish","type":"page","link":"https:\/\/blogs.multimeios.ufc.br\/segundasmm\/2022-1\/","title":{"rendered":"2022.1"},"content":{"rendered":"<h3><strong>Semin\u00e1rios Segunda MultiM<\/strong><strong>eios<\/strong><\/h3>\n<table style=\"border-collapse: collapse;width: 106.592%;height: 248px\">\n<tbody>\n<tr style=\"height: 37px\">\n<td style=\"width: 18.5546%;height: 37px;text-align: center\"><strong>DATA<\/strong><\/td>\n<td style=\"width: 20.1886%;height: 37px;text-align: center\"><strong>ANEXO<\/strong><\/td>\n<td style=\"width: 35.6253%;height: 37px;text-align: center\"><span style=\"color: #000000\"><b>TEMA<\/b><\/span><\/td>\n<td style=\"width: 32.1631%;height: 37px;text-align: center\"><strong>PESQUISADOR<\/strong><\/td>\n<\/tr>\n<tr style=\"height: 37px\">\n<td style=\"width: 18.5546%;height: 37px;text-align: center\">18\/abr\/2022<\/td>\n<td style=\"width: 20.1886%;height: 37px;text-align: center\"><a href=\"https:\/\/youtu.be\/3xc8yePWN-o\" target=\"_blank\" rel=\"noopener\">Video<\/a>\/<a href=\"http:\/\/blogs.multimeios.ufc.br\/sitemmproducaocientifica\/?smd_process_download=1&amp;download_id=2708\" target=\"_blank\" rel=\"noopener\">PDF<\/a><\/td>\n<td style=\"width: 35.6253%;height: 37px;text-align: left\">Introdu\u00e7\u00e3o ao Pol\u00edgono Fedathi: panorama geral<\/td>\n<td style=\"width: 32.1631%;height: 37px;text-align: left\">Herm\u00ednio Borges Neto<\/td>\n<\/tr>\n<tr style=\"height: 37px\">\n<td style=\"width: 18.5546%;height: 37px;text-align: center\">25\/abr\/2022<\/td>\n<td style=\"width: 20.1886%;height: 37px;text-align: center\"><a href=\"https:\/\/youtu.be\/ICcFCCc1WnU\" target=\"_blank\" rel=\"noopener\">Video<\/a>\/<a href=\"http:\/\/blogs.multimeios.ufc.br\/sitemmproducaocientifica\/?smd_process_download=1&amp;download_id=2710\" target=\"_blank\" rel=\"noopener\">PDF<\/a><\/td>\n<td style=\"width: 35.6253%;height: 37px;text-align: left\">Professor X Professor Fedathiano: o papel do ator mediador no Pol\u00edgono Fedathi<\/td>\n<td style=\"width: 32.1631%;height: 37px;text-align: left\">Joelma dos Santos Nogueria<\/td>\n<\/tr>\n<tr style=\"height: 37px\">\n<td style=\"width: 18.5546%;text-align: center;height: 37px\">09\/mai\/2022<\/td>\n<td style=\"width: 20.1886%;text-align: center;height: 37px\"><\/td>\n<td style=\"width: 35.6253%;height: 37px;text-align: left\">A Sala de Aula Ampliada no Pol\u00edgono Fedathi<\/td>\n<td style=\"width: 32.1631%;height: 37px;text-align: left\">Silvia Sales de Oliveira<\/td>\n<\/tr>\n<tr style=\"height: 37px\">\n<td style=\"width: 18.5546%;text-align: center;height: 37px\">23\/mai\/2022<\/td>\n<td style=\"width: 20.1886%;text-align: center;height: 37px\"><a href=\"https:\/\/youtu.be\/Sxlol32TMxo\" target=\"_blank\" rel=\"noopener\">Video<\/a>\/<a href=\"http:\/\/blogs.multimeios.ufc.br\/sitemmproducaocientifica\/?smd_process_download=1&amp;download_id=2713\" target=\"_blank\" rel=\"noopener\">PDF<\/a><\/td>\n<td style=\"width: 35.6253%;height: 37px;text-align: left\">Aluno: antes e depois das viv\u00eancias a partir do Pol\u00edgono Fedathi<\/td>\n<td style=\"width: 32.1631%;height: 37px;text-align: left\">Mirley N\u00e1dila Pimentel Rocha e Antonio Marcelo Ara\u00fajo Bezerra<\/td>\n<\/tr>\n<tr style=\"height: 37px\">\n<td style=\"width: 18.5546%;text-align: center;height: 25px\">13\/jun\/2022<\/td>\n<td style=\"width: 20.1886%;text-align: center;height: 25px\"><a href=\"https:\/\/www.thinglink.com\/scene\/1592753549865910273\" target=\"_blank\" rel=\"noopener\">Slide<\/a><\/td>\n<td style=\"width: 35.6253%;height: 25px;text-align: left\">\n<p class=\"title style-scope ytd-video-primary-info-renderer\">A Media\u00e7\u00e3o no Pol\u00edgono Fedathi: linguagem, artefato e tecnologia<\/p>\n<\/td>\n<td style=\"width: 32.1631%;height: 25px;text-align: left\">Ana Carmen de Souza Santana<\/td>\n<\/tr>\n<tr style=\"height: 38px\">\n<td style=\"width: 18.5546%;text-align: center;height: 38px\">04\/jul\/2022<\/td>\n<td style=\"width: 20.1886%;text-align: center;height: 38px\"><a href=\"https:\/\/youtu.be\/Fsmcy0Rg1YE\" target=\"_blank\" rel=\"noopener\">Video<\/a>\/<a href=\"http:\/\/blogs.multimeios.ufc.br\/sitemmproducaocientifica\/?smd_process_download=1&amp;download_id=2724\" target=\"_blank\" rel=\"noopener\">PDF<\/a><\/td>\n<td style=\"width: 32.1631%;height: 38px;text-align: left\">\n<p class=\"title style-scope ytd-video-primary-info-renderer\">Compet\u00eancias digitais e o <em>peopleware<\/em><\/p>\n<\/td>\n<td style=\"width: 32.1631%;text-align: left;height: 38px\">Luiz Roberto de Oliveira<\/td>\n<\/tr>\n<\/tbody>\n<\/table>\n","protected":false},"excerpt":{"rendered":"<p>Semin\u00e1rios Segunda MultiMeios DATA ANEXO TEMA PESQUISADOR 18\/abr\/2022 Video\/PDF Introdu\u00e7\u00e3o ao Pol\u00edgono Fedathi: panorama geral Herm\u00ednio Borges Neto 25\/abr\/2022 Video\/PDF Professor X Professor Fedathiano: o papel do ator mediador no Pol\u00edgono Fedathi Joelma dos Santos Nogueria 09\/mai\/2022 A Sala de &hellip; <a href=\"https:\/\/blogs.multimeios.ufc.br\/segundasmm\/2022-1\/\">Continue lendo <span class=\"meta-nav\">&rarr;<\/span><\/a><\/p>\n","protected":false},"author":23,"featured_media":0,"parent":0,"menu_order":0,"comment_status":"closed","ping_status":"closed","template":"","meta":{"footnotes":""},"class_list":["post-359","page","type-page","status-publish","hentry"],"yoast_head":"<!-- This site is optimized with the Yoast SEO plugin v27.4 - https:\/\/yoast.com\/product\/yoast-seo-wordpress\/ -->\n<title>2022.1 - Segunda Multimeios<\/title>\n<meta name=\"robots\" content=\"index, follow, max-snippet:-1, max-image-preview:large, max-video-preview:-1\" \/>\n<link rel=\"canonical\" href=\"https:\/\/blogs.multimeios.ufc.br\/segundasmm\/2022-1\/\" \/>\n<meta property=\"og:locale\" content=\"pt_BR\" \/>\n<meta property=\"og:type\" content=\"article\" \/>\n<meta property=\"og:title\" content=\"2022.1 - Segunda Multimeios\" \/>\n<meta property=\"og:description\" content=\"Semin\u00e1rios Segunda MultiMeios DATA ANEXO TEMA PESQUISADOR 18\/abr\/2022 Video\/PDF Introdu\u00e7\u00e3o ao Pol\u00edgono Fedathi: panorama geral Herm\u00ednio Borges Neto 25\/abr\/2022 Video\/PDF Professor X Professor Fedathiano: o papel do ator mediador no Pol\u00edgono Fedathi Joelma dos Santos Nogueria 09\/mai\/2022 A Sala de &hellip; Continue lendo &rarr;\" \/>\n<meta property=\"og:url\" content=\"https:\/\/blogs.multimeios.ufc.br\/segundasmm\/2022-1\/\" \/>\n<meta property=\"og:site_name\" content=\"Segunda Multimeios\" \/>\n<meta property=\"article:modified_time\" content=\"2022-07-13T00:08:21+00:00\" \/>\n<meta name=\"twitter:card\" content=\"summary_large_image\" \/>\n<meta name=\"twitter:label1\" content=\"Est. tempo de leitura\" \/>\n\t<meta name=\"twitter:data1\" content=\"1 minuto\" \/>\n<script type=\"application\/ld+json\" class=\"yoast-schema-graph\">{\"@context\":\"https:\\\/\\\/schema.org\",\"@graph\":[{\"@type\":\"WebPage\",\"@id\":\"https:\\\/\\\/blogs.multimeios.ufc.br\\\/segundasmm\\\/2022-1\\\/\",\"url\":\"https:\\\/\\\/blogs.multimeios.ufc.br\\\/segundasmm\\\/2022-1\\\/\",\"name\":\"2022.1 - Segunda Multimeios\",\"isPartOf\":{\"@id\":\"https:\\\/\\\/blogs.multimeios.ufc.br\\\/segundasmm\\\/#website\"},\"datePublished\":\"2022-06-19T19:31:09+00:00\",\"dateModified\":\"2022-07-13T00:08:21+00:00\",\"breadcrumb\":{\"@id\":\"https:\\\/\\\/blogs.multimeios.ufc.br\\\/segundasmm\\\/2022-1\\\/#breadcrumb\"},\"inLanguage\":\"pt-BR\",\"potentialAction\":[{\"@type\":\"ReadAction\",\"target\":[\"https:\\\/\\\/blogs.multimeios.ufc.br\\\/segundasmm\\\/2022-1\\\/\"]}]},{\"@type\":\"BreadcrumbList\",\"@id\":\"https:\\\/\\\/blogs.multimeios.ufc.br\\\/segundasmm\\\/2022-1\\\/#breadcrumb\",\"itemListElement\":[{\"@type\":\"ListItem\",\"position\":1,\"name\":\"In\u00edcio\",\"item\":\"https:\\\/\\\/blogs.multimeios.ufc.br\\\/segundasmm\\\/\"},{\"@type\":\"ListItem\",\"position\":2,\"name\":\"2022.1\"}]},{\"@type\":\"WebSite\",\"@id\":\"https:\\\/\\\/blogs.multimeios.ufc.br\\\/segundasmm\\\/#website\",\"url\":\"https:\\\/\\\/blogs.multimeios.ufc.br\\\/segundasmm\\\/\",\"name\":\"Segunda Multimeios\",\"description\":\"Forma\u00e7\u00e3o e debate sobre Tecnologias Digitais na Educa\u00e7\u00e3o\",\"potentialAction\":[{\"@type\":\"SearchAction\",\"target\":{\"@type\":\"EntryPoint\",\"urlTemplate\":\"https:\\\/\\\/blogs.multimeios.ufc.br\\\/segundasmm\\\/?s={search_term_string}\"},\"query-input\":{\"@type\":\"PropertyValueSpecification\",\"valueRequired\":true,\"valueName\":\"search_term_string\"}}],\"inLanguage\":\"pt-BR\"}]}<\/script>\n<!-- \/ Yoast SEO plugin. -->","yoast_head_json":{"title":"2022.1 - Segunda Multimeios","robots":{"index":"index","follow":"follow","max-snippet":"max-snippet:-1","max-image-preview":"max-image-preview:large","max-video-preview":"max-video-preview:-1"},"canonical":"https:\/\/blogs.multimeios.ufc.br\/segundasmm\/2022-1\/","og_locale":"pt_BR","og_type":"article","og_title":"2022.1 - Segunda Multimeios","og_description":"Semin\u00e1rios Segunda MultiMeios DATA ANEXO TEMA PESQUISADOR 18\/abr\/2022 Video\/PDF Introdu\u00e7\u00e3o ao Pol\u00edgono Fedathi: panorama geral Herm\u00ednio Borges Neto 25\/abr\/2022 Video\/PDF Professor X Professor Fedathiano: o papel do ator mediador no Pol\u00edgono Fedathi Joelma dos Santos Nogueria 09\/mai\/2022 A Sala de &hellip; Continue lendo &rarr;","og_url":"https:\/\/blogs.multimeios.ufc.br\/segundasmm\/2022-1\/","og_site_name":"Segunda Multimeios","article_modified_time":"2022-07-13T00:08:21+00:00","twitter_card":"summary_large_image","twitter_misc":{"Est. tempo de leitura":"1 minuto"},"schema":{"@context":"https:\/\/schema.org","@graph":[{"@type":"WebPage","@id":"https:\/\/blogs.multimeios.ufc.br\/segundasmm\/2022-1\/","url":"https:\/\/blogs.multimeios.ufc.br\/segundasmm\/2022-1\/","name":"2022.1 - Segunda Multimeios","isPartOf":{"@id":"https:\/\/blogs.multimeios.ufc.br\/segundasmm\/#website"},"datePublished":"2022-06-19T19:31:09+00:00","dateModified":"2022-07-13T00:08:21+00:00","breadcrumb":{"@id":"https:\/\/blogs.multimeios.ufc.br\/segundasmm\/2022-1\/#breadcrumb"},"inLanguage":"pt-BR","potentialAction":[{"@type":"ReadAction","target":["https:\/\/blogs.multimeios.ufc.br\/segundasmm\/2022-1\/"]}]},{"@type":"BreadcrumbList","@id":"https:\/\/blogs.multimeios.ufc.br\/segundasmm\/2022-1\/#breadcrumb","itemListElement":[{"@type":"ListItem","position":1,"name":"In\u00edcio","item":"https:\/\/blogs.multimeios.ufc.br\/segundasmm\/"},{"@type":"ListItem","position":2,"name":"2022.1"}]},{"@type":"WebSite","@id":"https:\/\/blogs.multimeios.ufc.br\/segundasmm\/#website","url":"https:\/\/blogs.multimeios.ufc.br\/segundasmm\/","name":"Segunda Multimeios","description":"Forma\u00e7\u00e3o e debate sobre Tecnologias Digitais na Educa\u00e7\u00e3o","potentialAction":[{"@type":"SearchAction","target":{"@type":"EntryPoint","urlTemplate":"https:\/\/blogs.multimeios.ufc.br\/segundasmm\/?s={search_term_string}"},"query-input":{"@type":"PropertyValueSpecification","valueRequired":true,"valueName":"search_term_string"}}],"inLanguage":"pt-BR"}]}},"_links":{"self":[{"href":"https:\/\/blogs.multimeios.ufc.br\/segundasmm\/wp-json\/wp\/v2\/pages\/359","targetHints":{"allow":["GET"]}}],"collection":[{"href":"https:\/\/blogs.multimeios.ufc.br\/segundasmm\/wp-json\/wp\/v2\/pages"}],"about":[{"href":"https:\/\/blogs.multimeios.ufc.br\/segundasmm\/wp-json\/wp\/v2\/types\/page"}],"author":[{"embeddable":true,"href":"https:\/\/blogs.multimeios.ufc.br\/segundasmm\/wp-json\/wp\/v2\/users\/23"}],"replies":[{"embeddable":true,"href":"https:\/\/blogs.multimeios.ufc.br\/segundasmm\/wp-json\/wp\/v2\/comments?post=359"}],"version-history":[{"count":9,"href":"https:\/\/blogs.multimeios.ufc.br\/segundasmm\/wp-json\/wp\/v2\/pages\/359\/revisions"}],"predecessor-version":[{"id":388,"href":"https:\/\/blogs.multimeios.ufc.br\/segundasmm\/wp-json\/wp\/v2\/pages\/359\/revisions\/388"}],"wp:attachment":[{"href":"https:\/\/blogs.multimeios.ufc.br\/segundasmm\/wp-json\/wp\/v2\/media?parent=359"}],"curies":[{"name":"wp","href":"https:\/\/api.w.org\/{rel}","templated":true}]}}