{"id":10,"date":"2016-05-25T15:21:18","date_gmt":"2016-05-25T15:21:18","guid":{"rendered":"http:\/\/blogs.multimeios.ufc.br\/semanadosalimentosorganicos2016\/?page_id=10"},"modified":"2016-05-25T15:49:34","modified_gmt":"2016-05-25T15:49:34","slug":"programacao","status":"publish","type":"page","link":"https:\/\/blogs.multimeios.ufc.br\/semanadosalimentosorganicos2016\/programacao\/","title":{"rendered":"Programa\u00e7\u00e3o"},"content":{"rendered":"<p align=\"center\"><a href=\"http:\/\/blogs.multimeios.ufc.br\/semanadosalimentosorganicos2016\/files\/2016\/05\/semana.png\"><img decoding=\"async\" class=\" size-medium wp-image-4 aligncenter\" src=\"http:\/\/blogs.multimeios.ufc.br\/semanadosalimentosorganicos2016\/files\/2016\/05\/semana-300x151.png\" alt=\"semana\" width=\"300\" height=\"151\" srcset=\"https:\/\/blogs.multimeios.ufc.br\/semanadosalimentosorganicos2016\/files\/2016\/05\/semana-300x151.png 300w, https:\/\/blogs.multimeios.ufc.br\/semanadosalimentosorganicos2016\/files\/2016\/05\/semana.png 712w\" sizes=\"(max-width: 300px) 100vw, 300px\" \/><\/a><b><\/b><\/p>\n<p align=\"center\"><span style=\"font-family: Times new roman,serif\"><span style=\"font-size: large\"><span style=\"color: #538135\"><b>Semana dos Alimentos Org\u00e2nicos<\/b><\/span><\/span><\/span><\/p>\n<p align=\"center\"><span style=\"color: #538135\"><span style=\"font-family: Times new roman,serif\"><span style=\"font-size: large\"><b>PROGRAMA\u00c7\u00c3O<\/b><\/span><\/span><\/span><\/p>\n<p>&nbsp;<\/p>\n<p><span style=\"font-family: Times new roman,serif\"><span style=\"font-size: large\"><span style=\"color: #538135\"><b>30 de maio de 2016 \u2013 Segunda-feira <\/b><\/span><\/span><\/span><\/p>\n<p><span style=\"font-family: Times new roman,serif\"><span style=\"font-size: medium\"><span style=\"color: #538135\"><b>Local: <\/b><\/span><span style=\"color: #538135\"><i><b>MAPA\/SFA-CE &#8211; Audit\u00f3rio<\/b><\/i><\/span><\/span><\/span><\/p>\n<p align=\"justify\"><span style=\"font-family: Times new roman,serif\"><span style=\"font-size: medium\"><span style=\"color: #538135\"><b>8h30<\/b><\/span><span style=\"color: #538135\"> \u2013 Abertura Oficial da Semana dos Alimentos Org\u00e2nicos e da Campanha Anual dos Produtos Org\u00e2nicos \u2013 Maria Luisa Silva Rufino (Superintendente da SFA\/CE), Gestores (CPOrg-CE) e demais autoridades<\/span><\/span><\/span><\/p>\n<p align=\"justify\"><span style=\"font-family: Times new roman,serif\"><span style=\"font-size: medium\"><span style=\"color: #538135\"><b>9h30 <\/b><\/span><span style=\"color: #538135\">\u2013 Palestra: Agricultura Org\u00e2nica no Cear\u00e1 \u2013 Herm\u00ednio Lima \u2013 CPOrg-CE<\/span><\/span><\/span><\/p>\n<p align=\"justify\"><span style=\"font-family: Times new roman,serif\"><span style=\"font-size: medium\"><span style=\"color: #538135\"><b>10h <\/b><\/span><span style=\"color: #538135\">\u2013 Merenda org\u00e2nica<\/span><\/span><\/span><\/p>\n<p align=\"justify\"><span style=\"font-family: Times new roman,serif\"><span style=\"font-size: medium\"><span style=\"color: #538135\"><b>10h30<\/b><\/span><span style=\"color: #538135\"> \u2013 Palestra: Participa\u00e7\u00e3o do MAPA no contexto da legisla\u00e7\u00e3o e das pol\u00edticas p\u00fablicas para a agroecologia e produ\u00e7\u00e3o org\u00e2nica &#8211; Jorge Ricardo de A. Gon\u00e7alves (Coagre\/Depros\/SPRC\/MAPA)<\/span><\/span><\/span><\/p>\n<p align=\"justify\"><span style=\"font-family: Times new roman,serif\"><span style=\"font-size: medium\"><span style=\"color: #538135\"><b>11h<\/b><\/span><span style=\"color: #538135\"> &#8211; Debates<\/span><\/span><\/span><\/p>\n<p align=\"justify\"><span style=\"font-family: Times new roman,serif\"><span style=\"font-size: medium\"><span style=\"color: #538135\"><b>11h30<\/b><\/span><span style=\"color: #538135\"> \u2013 Mesa-Redonda \u2013 Certifica\u00e7\u00e3o e Venda Direta \u2013 Certificadoras, OPAC\u2019s e OCS\u2019s \u2013 Coordenador: Adriano Cust\u00f3dio \u2013 MAPA\/SFA-CE.<\/span><\/span><\/span><\/p>\n<p align=\"justify\"><span style=\"font-family: Times new roman,serif\"><span style=\"font-size: medium\"><span style=\"color: #538135\"><b>12h<\/b><\/span><span style=\"color: #538135\"> &#8211; Debates<\/span><\/span><\/span><\/p>\n<p align=\"justify\"><span style=\"font-family: Times new roman,serif\"><span style=\"font-size: medium\"><span style=\"color: #538135\"><b>12h30<\/b><\/span><span style=\"color: #538135\"> \u2013 Intervalo para almo\u00e7o &#8211; Externo<\/span><\/span><\/span><\/p>\n<p align=\"justify\"><span style=\"font-family: Times new roman,serif\"><span style=\"font-size: medium\"><span style=\"color: #538135\"><b>14h <\/b><\/span><span style=\"color: #538135\">\u2013 Mesa-Redonda \u2013 Produ\u00e7\u00e3o Org\u00e2nica\/Desafios para o Produtor \u2013 Portal do Org\u00e2nico, Carcar\u00e1 Org\u00e2nico, APOI e Produtor de Mel (a definir) \u2013 Coordenador: Pedro Jorge (ESPLAR)<\/span><\/span><\/span><\/p>\n<p align=\"justify\"><span style=\"font-family: Times new roman,serif\"><span style=\"font-size: medium\"><span style=\"color: #538135\"><b>14h30<\/b><\/span><span style=\"color: #538135\"> \u2013 Debates<\/span><\/span><\/span><\/p>\n<p align=\"justify\"><span style=\"font-family: Times new roman,serif\"><span style=\"font-size: medium\"><span style=\"color: #538135\"><b>15h<\/b><\/span><span style=\"color: #538135\"> \u2013 Merenda org\u00e2nica<\/span><\/span><\/span><\/p>\n<p align=\"justify\"><span style=\"font-family: Times new roman,serif\"><span style=\"font-size: medium\"><span style=\"color: #538135\"><b>15h30<\/b><\/span><span style=\"color: #538135\"> \u2013 Mesa-Redonda \u2013 Comercializa\u00e7\u00e3o e Mercado de Produtos Org\u00e2nicos no Cear\u00e1 \u2013 ADAO, ACESU, Prof. Francisco Nildo (Unilab) \u2013 Coordenador: Prof. Ribamar Furtado (UFC\/Unilab)<\/span><\/span><\/span><\/p>\n<p align=\"justify\"><span style=\"font-family: Times new roman,serif\"><span style=\"font-size: medium\"><span style=\"color: #538135\"><b>16h30<\/b><\/span><span style=\"color: #538135\"> &#8211; Debates<\/span><\/span><\/span><\/p>\n<p align=\"justify\"><span style=\"font-family: Times new roman,serif\"><span style=\"font-size: medium\"><span style=\"color: #538135\"><b>17h<\/b><\/span><span style=\"color: #538135\"> \u2013 Encerramento<\/span><\/span><\/span><\/p>\n<p>&nbsp;<\/p>\n<p><span style=\"color: #538135\"><span style=\"font-family: Times new roman,serif\"><span style=\"font-size: large\"><b>31 de maio de 2016 \u2013 Ter\u00e7a-feira<\/b><\/span><\/span><\/span><\/p>\n<p><span style=\"color: #538135\"><span style=\"font-family: Times new roman,serif\"><span style=\"font-size: large\"><b>Local: <i>Mercado dos Pinh\u00f5es<\/i><\/b><\/span><\/span><\/span><\/p>\n<p><span style=\"font-family: Times new roman,serif\"><span style=\"font-size: medium\"><span style=\"color: #538135\"><b>8h30 \u2013 10h <\/b><\/span><span style=\"color: #538135\">\u2013 Atividade na Feira de Produtos Org\u00e2nicos &#8211; ADAO<\/span><\/span><\/span><\/p>\n<p><span style=\"font-family: Times new roman,serif\"><span style=\"font-size: medium\"><span style=\"color: #538135\"><b>8h30 \u2013 10h<\/b><\/span><span style=\"color: #538135\"> \u2013 Palestra: Alimentos org\u00e2nicos e vida saud\u00e1vel \u2013 palestrante: Regina Furquim (ADAO)<\/span><\/span><\/span><\/p>\n<p><span style=\"color: #538135\"><span style=\"font-family: Times new roman,serif\"><span style=\"font-size: large\"><b>Local: <i>UFC<\/i> &#8211; <i>Audit\u00f3rio da Zootecnia \u2013 CCA \u2013 Campus do Pici<\/i><\/b><\/span><\/span><\/span><\/p>\n<p align=\"justify\"><span style=\"font-family: Times new roman,serif\"><span style=\"font-size: medium\"><span style=\"color: #538135\"><b>9h &#8211; 12h <\/b><\/span><span style=\"color: #538135\"><b>\u2013 <\/b><\/span><span style=\"color: #538135\">Mesa-Redonda \u2013 Agroecologia \u2013 Renato Roseno (Dep. Estadual \u2013 PSOL). Raquel Rigoto (UFC), Herm\u00ednio Lima (CPOrg-CE), Adriano Cust\u00f3dio (CPOrg-CE) e Sandra Alves (Portal do Org\u00e2nico).<\/span><\/span><\/span><\/p>\n<p>&nbsp;<\/p>\n<p><span style=\"color: #538135\"><span style=\"font-family: Times new roman,serif\"><span style=\"font-size: large\"><b>1\u00ba de junho de 2016 \u2013 Quarta-feira<\/b><\/span><\/span><\/span><\/p>\n<p><span style=\"color: #538135\"><span style=\"font-family: Times new roman,serif\"><span style=\"font-size: large\"><b>Local: <i>Audit\u00f3rio da Emater-CE<\/i><\/b><\/span><\/span><\/span><\/p>\n<p align=\"justify\"><span style=\"font-family: Times new roman,serif\"><span style=\"font-size: medium\"><span style=\"color: #538135\"><b>9h- 12h<\/b><\/span><span style=\"color: #538135\"> &#8211; Ciclo de Palestras \u2013 Palestrantes: Herm\u00ednio Lima (CPOrg-CE), Adriano Cust\u00f3dio (CPOrg-CE) e Sandra Alves (Portal do org\u00e2nico)<\/span><\/span><\/span><\/p>\n<p align=\"justify\"><span style=\"font-family: Times new roman,serif\"><span style=\"font-size: medium\"><span style=\"color: #538135\"><b>13h30 <\/b><\/span><span style=\"color: #538135\">&#8211; Palestra sobre o Projeto Mandala \u2013 Palestrante: Jos\u00e9 Ximenes (SDA\/CE)<\/span><\/span><\/span><\/p>\n<p align=\"justify\"><span style=\"font-family: Times new roman,serif\"><span style=\"font-size: medium\"><span style=\"color: #538135\"><b>15h<\/b><\/span><span style=\"color: #538135\"> \u2013 Palestra &#8211; ADAO<\/span><\/span><\/span><\/p>\n<p align=\"justify\"><span style=\"font-family: Times new roman,serif\"><span style=\"font-size: medium\"><span style=\"color: #538135\"><b>15h30<\/b><\/span><span style=\"color: #538135\"> &#8211; Apresenta\u00e7\u00e3o do V\u00eddeo: \u201cO veneno est\u00e1 na sua mesa II\u201d<\/span><\/span><\/span><\/p>\n<p align=\"justify\"><span style=\"font-family: Times new roman,serif\"><span style=\"font-size: medium\"><span style=\"color: #538135\"><b>16h<\/b><\/span><span style=\"color: #538135\"> \u2013 Programa Tecnologia no Dia a Dia \u2013 R\u00e1dio OPOVO CBN \u2013 Membros da CPOrg-CE.<\/span><\/span><\/span><\/p>\n<p>&nbsp;<\/p>\n<p><span style=\"color: #538135\"><span style=\"font-family: Times new roman,serif\"><span style=\"font-size: large\"><b>2 de junho de 2016 \u2013 Quinta-feira<\/b><\/span><\/span><\/span><\/p>\n<p><span style=\"color: #538135\"><span style=\"font-family: Times new roman,serif\"><span style=\"font-size: large\"><b>Local: <i>Audit\u00f3rio da UNILAB \u2013 Campus das Auroras \u2013 Reden\u00e7\u00e3o-CE<\/i><\/b><\/span><\/span><\/span><\/p>\n<p align=\"justify\"><span style=\"font-family: Times new roman,serif\"><span style=\"font-size: medium\"><span style=\"color: #538135\"><b>9h \u2013 12h<\/b><\/span><span style=\"color: #538135\"> &#8211; Mesa Redonda: Desafio para Produ\u00e7\u00e3o Sustent\u00e1vel \u2013 Palestrantes: Herm\u00ednio Lima (CPOrg-CE), Adriano Cust\u00f3dio (CPOrg-CE) e Prof\u00aa Daniela Queiroz Zuliani (Unilab) \u2013 Coordenadora: Prof\u00aa. Joceny de Deus Pinheiro.<\/span><\/span><\/span><\/p>\n<p align=\"justify\"><span style=\"font-family: Times new roman,serif\"><span style=\"font-size: medium\"><span style=\"color: #538135\"><b>14h \u2013 16h <\/b><\/span><span style=\"color: #538135\">\u2013 Palestra: Produ\u00e7\u00e3o de alimentos saud\u00e1veis \u2013 S\u00edtio Vale da Biodiversidade \u2013 Wagner Pedrosa (ADAO)<\/span><\/span><\/span><\/p>\n<p>&nbsp;<\/p>\n<p><span style=\"color: #538135\"><span style=\"font-family: Times new roman,serif\"><span style=\"font-size: large\"><i><b>3 de junho de 2016 \u2013 Sexta-feira<\/b><\/i><\/span><\/span><\/span><\/p>\n<p><span style=\"color: #538135\"><span style=\"font-family: Times new roman,serif\"><span style=\"font-size: large\"><i><b>Local: Ibama\/CE &#8211; Audit\u00f3rio<\/b><\/i><\/span><\/span><\/span><\/p>\n<p align=\"justify\"><span style=\"font-family: Times new roman,serif\"><span style=\"font-size: medium\"><span style=\"color: #538135\"><b>9h \u2013 12h <\/b><\/span><span style=\"color: #538135\">&#8211; \u2013 Semin\u00e1rio da Agricultura Org\u00e2nica \u2013 Herm\u00ednio Lima (CPOrg-CE), Adriano Cust\u00f3dio (CPOrg-CE) e Sandra Alves (Portal do Org\u00e2nico).<\/span><\/span><\/span><\/p>\n<p><span style=\"color: #538135\"><span style=\"font-family: Times new roman,serif\"><span style=\"font-size: large\"><i><b>Local: Ibiapina \u2013 CE<\/b><\/i><\/span><\/span><\/span><\/p>\n<p align=\"justify\"><span style=\"font-family: Times new roman,serif\"><span style=\"font-size: medium\"><span style=\"color: #538135\"><b>9h <\/b><\/span><span style=\"color: #538135\">\u2013<\/span><i> <\/i><span style=\"color: #538135\">Roda de conversa com as mulheres \u2013 Sindicato dos Trabalhadores e Trabalhadoras Rurais de Ibiapina \u2013 Lusimara Lopes (Minist\u00e9rio do Desenvolvimento Social e Agr\u00e1rio)<\/span><\/span><\/span><\/p>\n<p><span style=\"color: #538135\"><span style=\"font-family: Times new roman,serif\"><span style=\"font-size: large\"><i><b>Local: Ipu \u2013 CE<\/b><\/i><\/span><\/span><\/span><\/p>\n<p><span style=\"font-family: Times new roman,serif\"><span style=\"font-size: medium\"><span style=\"color: #538135\"><b>8h &#8211;<\/b><\/span><span style=\"color: #538135\"> Feira de produtos org\u00e2nicos \u2013 Portal do Org\u00e2nico\/Carcar\u00e1 Org\u00e2nico<\/span><\/span><\/span><\/p>\n<p><span style=\"color: #538135\"><span style=\"font-family: Times new roman,serif\"><span style=\"font-size: large\"><i><b>Local: Audit\u00f3rio da COELCE<\/b><\/i><\/span><\/span><\/span><\/p>\n<p align=\"justify\"><span style=\"font-family: Times new roman,serif\"><span style=\"font-size: medium\"><span style=\"color: #538135\"><b>14h30<\/b><\/span><span style=\"color: #538135\"> \u2013 15h &#8211; Palestra sobre a Produ\u00e7\u00e3o e Consumo de Alimentos Org\u00e2nicos \u2013 Palestrante: Herm\u00ednio Lima (CPOrg-CE)<\/span><\/span><\/span><\/p>\n<p>&nbsp;<\/p>\n<p><span style=\"color: #538135\"><span style=\"font-family: Times new roman,serif\"><span style=\"font-size: large\"><i><b>4 de junho de 2016 \u2013 S\u00e1bado<\/b><\/i><\/span><\/span><\/span><\/p>\n<p><span style=\"color: #538135\"><span style=\"font-family: Times new roman,serif\"><span style=\"font-size: large\"><i><b>Local: Pra\u00e7a do Ferreira<\/b><\/i><\/span><\/span><\/span><\/p>\n<p align=\"justify\"><span style=\"font-family: Times new roman,serif\"><span style=\"font-size: medium\"><span style=\"color: #538135\"><b>8h \u2013 13h <\/b><\/span><span style=\"color: #538135\">&#8211; Tenda com Mostra de Produtos Org\u00e2nicos \u2013 Exposi\u00e7\u00e3o, divulga\u00e7\u00e3o e degusta\u00e7\u00e3o de produtos org\u00e2nicos<\/span><\/span><\/span><\/p>\n<p><span style=\"color: #538135\"><span style=\"font-family: Times new roman,serif\"><span style=\"font-size: large\"><i><b>Local: Guaraciaba do Norte \u2013 CE<\/b><\/i><\/span><\/span><\/span><\/p>\n<p align=\"justify\"><span style=\"font-family: Times new roman,serif\"><span style=\"font-size: medium\"><span style=\"color: #538135\"><b>8h<\/b><\/span><span style=\"color: #538135\"> \u2013 A\u00e7\u00f5es de incentivo ao consumo de produtos org\u00e2nicos \u2013 Lusimara Lopes (Minist\u00e9rio do Desenvolvimento Social e Agr\u00e1rio) e Sandra Alves (Portal do Org\u00e2nico)<\/span><\/span><\/span><\/p>\n<p>&nbsp;<\/p>\n<p><span style=\"color: #538135\"><span style=\"font-family: Times new roman,serif\"><span style=\"font-size: large\"><i><b>5 de junho de 2016 \u2013 Domingo<\/b><\/i><\/span><\/span><\/span><\/p>\n<p><span style=\"color: #538135\"><span style=\"font-family: Times new roman,serif\"><span style=\"font-size: large\"><i><b>Local: Ubajara &#8211; CE<\/b><\/i><\/span><\/span><\/span><\/p>\n<p><span style=\"font-family: Times new roman,serif\"><span style=\"font-size: medium\"><span style=\"color: #538135\"><b>8h<\/b><\/span><span style=\"color: #538135\"> \u2013 Feira de produtos org\u00e2nicos \u2013 Sindicato dos Trabalhadores e Trabalhadoras Rurais de Ubajara &#8211; Mara (Minist\u00e9rio do desenvolvimento Social e Agr\u00e1rio)<\/span><\/span><\/span><\/p>\n<p align=\"center\">\n<p style=\"text-align: left\" align=\"center\"><span style=\"color: #538135\"><span style=\"font-family: TiMES NEW ROMAN,serif\"><span style=\"font-size: medium\"><b>Para download da Programa\u00e7\u00e3o clique: <a href=\"http:\/\/blogs.multimeios.ufc.br\/semanadosalimentosorganicos2016\/files\/2016\/05\/Programa\u00e7\u00e3o-Semana-do-Alimento-Org\u00e2nico-CE-2016.pdf\">Programa\u00e7\u00e3o &#8211; Semana do Alimento Org\u00e2nico &#8211; CE &#8211; 2016<\/a><\/b><\/span><\/span><\/span><\/p>\n","protected":false},"excerpt":{"rendered":"<p>Semana dos Alimentos Org\u00e2nicos PROGRAMA\u00c7\u00c3O &nbsp; 30 de maio de 2016 \u2013 Segunda-feira Local: MAPA\/SFA-CE &#8211; Audit\u00f3rio 8h30 \u2013 Abertura Oficial da Semana dos Alimentos Org\u00e2nicos e da Campanha Anual dos Produtos Org\u00e2nicos \u2013 Maria Luisa Silva Rufino (Superintendente da SFA\/CE), Gestores (CPOrg-CE) e demais autoridades 9h30 \u2013 Palestra: Agricultura Org\u00e2nica no Cear\u00e1 \u2013 Herm\u00ednio &#8230;<\/p>\n<p><a href=\"https:\/\/blogs.multimeios.ufc.br\/semanadosalimentosorganicos2016\/programacao\/\" class=\"more-link\">Continue reading &lsquo;Programa\u00e7\u00e3o&rsquo; &raquo;<\/a><\/p>\n","protected":false},"author":10,"featured_media":0,"parent":0,"menu_order":0,"comment_status":"open","ping_status":"open","template":"","meta":{"footnotes":""},"class_list":["post-10","page","type-page","status-publish","hentry"],"yoast_head":"<!-- This site is optimized with the Yoast SEO plugin v27.4 - https:\/\/yoast.com\/product\/yoast-seo-wordpress\/ -->\n<title>Programa\u00e7\u00e3o - Semana dos Alimentos Org\u00e2nicos 2016<\/title>\n<meta name=\"robots\" content=\"index, follow, max-snippet:-1, max-image-preview:large, max-video-preview:-1\" \/>\n<link rel=\"canonical\" href=\"https:\/\/blogs.multimeios.ufc.br\/semanadosalimentosorganicos2016\/programacao\/\" \/>\n<meta property=\"og:locale\" content=\"pt_BR\" \/>\n<meta property=\"og:type\" content=\"article\" \/>\n<meta property=\"og:title\" content=\"Programa\u00e7\u00e3o - Semana dos Alimentos Org\u00e2nicos 2016\" \/>\n<meta property=\"og:description\" content=\"Semana dos Alimentos Org\u00e2nicos PROGRAMA\u00c7\u00c3O &nbsp; 30 de maio de 2016 \u2013 Segunda-feira Local: MAPA\/SFA-CE &#8211; Audit\u00f3rio 8h30 \u2013 Abertura Oficial da Semana dos Alimentos Org\u00e2nicos e da Campanha Anual dos Produtos Org\u00e2nicos \u2013 Maria Luisa Silva Rufino (Superintendente da SFA\/CE), Gestores (CPOrg-CE) e demais autoridades 9h30 \u2013 Palestra: Agricultura Org\u00e2nica no Cear\u00e1 \u2013 Herm\u00ednio ...Continue reading &lsquo;Programa\u00e7\u00e3o&rsquo; &raquo;\" \/>\n<meta property=\"og:url\" content=\"https:\/\/blogs.multimeios.ufc.br\/semanadosalimentosorganicos2016\/programacao\/\" \/>\n<meta property=\"og:site_name\" content=\"Semana dos Alimentos Org\u00e2nicos 2016\" \/>\n<meta property=\"article:modified_time\" content=\"2016-05-25T15:49:34+00:00\" \/>\n<meta property=\"og:image\" content=\"http:\/\/blogs.multimeios.ufc.br\/semanadosalimentosorganicos2016\/files\/2016\/05\/semana-300x151.png\" \/>\n<meta name=\"twitter:card\" content=\"summary_large_image\" \/>\n<meta name=\"twitter:label1\" content=\"Est. tempo de leitura\" \/>\n\t<meta name=\"twitter:data1\" content=\"3 minutos\" \/>\n<script type=\"application\/ld+json\" class=\"yoast-schema-graph\">{\"@context\":\"https:\\\/\\\/schema.org\",\"@graph\":[{\"@type\":\"WebPage\",\"@id\":\"https:\\\/\\\/blogs.multimeios.ufc.br\\\/semanadosalimentosorganicos2016\\\/programacao\\\/\",\"url\":\"https:\\\/\\\/blogs.multimeios.ufc.br\\\/semanadosalimentosorganicos2016\\\/programacao\\\/\",\"name\":\"Programa\u00e7\u00e3o - Semana dos Alimentos Org\u00e2nicos 2016\",\"isPartOf\":{\"@id\":\"https:\\\/\\\/blogs.multimeios.ufc.br\\\/semanadosalimentosorganicos2016\\\/#website\"},\"primaryImageOfPage\":{\"@id\":\"https:\\\/\\\/blogs.multimeios.ufc.br\\\/semanadosalimentosorganicos2016\\\/programacao\\\/#primaryimage\"},\"image\":{\"@id\":\"https:\\\/\\\/blogs.multimeios.ufc.br\\\/semanadosalimentosorganicos2016\\\/programacao\\\/#primaryimage\"},\"thumbnailUrl\":\"http:\\\/\\\/blogs.multimeios.ufc.br\\\/semanadosalimentosorganicos2016\\\/files\\\/2016\\\/05\\\/semana-300x151.png\",\"datePublished\":\"2016-05-25T15:21:18+00:00\",\"dateModified\":\"2016-05-25T15:49:34+00:00\",\"breadcrumb\":{\"@id\":\"https:\\\/\\\/blogs.multimeios.ufc.br\\\/semanadosalimentosorganicos2016\\\/programacao\\\/#breadcrumb\"},\"inLanguage\":\"pt-BR\",\"potentialAction\":[{\"@type\":\"ReadAction\",\"target\":[\"https:\\\/\\\/blogs.multimeios.ufc.br\\\/semanadosalimentosorganicos2016\\\/programacao\\\/\"]}]},{\"@type\":\"ImageObject\",\"inLanguage\":\"pt-BR\",\"@id\":\"https:\\\/\\\/blogs.multimeios.ufc.br\\\/semanadosalimentosorganicos2016\\\/programacao\\\/#primaryimage\",\"url\":\"https:\\\/\\\/blogs.multimeios.ufc.br\\\/semanadosalimentosorganicos2016\\\/files\\\/2016\\\/05\\\/semana.png\",\"contentUrl\":\"https:\\\/\\\/blogs.multimeios.ufc.br\\\/semanadosalimentosorganicos2016\\\/files\\\/2016\\\/05\\\/semana.png\",\"width\":712,\"height\":358},{\"@type\":\"BreadcrumbList\",\"@id\":\"https:\\\/\\\/blogs.multimeios.ufc.br\\\/semanadosalimentosorganicos2016\\\/programacao\\\/#breadcrumb\",\"itemListElement\":[{\"@type\":\"ListItem\",\"position\":1,\"name\":\"In\u00edcio\",\"item\":\"https:\\\/\\\/blogs.multimeios.ufc.br\\\/semanadosalimentosorganicos2016\\\/\"},{\"@type\":\"ListItem\",\"position\":2,\"name\":\"Programa\u00e7\u00e3o\"}]},{\"@type\":\"WebSite\",\"@id\":\"https:\\\/\\\/blogs.multimeios.ufc.br\\\/semanadosalimentosorganicos2016\\\/#website\",\"url\":\"https:\\\/\\\/blogs.multimeios.ufc.br\\\/semanadosalimentosorganicos2016\\\/\",\"name\":\"Semana dos Alimentos Org\u00e2nicos 2016\",\"description\":\"De 30 de maio a 5 de junho de 2016\",\"potentialAction\":[{\"@type\":\"SearchAction\",\"target\":{\"@type\":\"EntryPoint\",\"urlTemplate\":\"https:\\\/\\\/blogs.multimeios.ufc.br\\\/semanadosalimentosorganicos2016\\\/?s={search_term_string}\"},\"query-input\":{\"@type\":\"PropertyValueSpecification\",\"valueRequired\":true,\"valueName\":\"search_term_string\"}}],\"inLanguage\":\"pt-BR\"}]}<\/script>\n<!-- \/ Yoast SEO plugin. -->","yoast_head_json":{"title":"Programa\u00e7\u00e3o - Semana dos Alimentos Org\u00e2nicos 2016","robots":{"index":"index","follow":"follow","max-snippet":"max-snippet:-1","max-image-preview":"max-image-preview:large","max-video-preview":"max-video-preview:-1"},"canonical":"https:\/\/blogs.multimeios.ufc.br\/semanadosalimentosorganicos2016\/programacao\/","og_locale":"pt_BR","og_type":"article","og_title":"Programa\u00e7\u00e3o - Semana dos Alimentos Org\u00e2nicos 2016","og_description":"Semana dos Alimentos Org\u00e2nicos PROGRAMA\u00c7\u00c3O &nbsp; 30 de maio de 2016 \u2013 Segunda-feira Local: MAPA\/SFA-CE &#8211; Audit\u00f3rio 8h30 \u2013 Abertura Oficial da Semana dos Alimentos Org\u00e2nicos e da Campanha Anual dos Produtos Org\u00e2nicos \u2013 Maria Luisa Silva Rufino (Superintendente da SFA\/CE), Gestores (CPOrg-CE) e demais autoridades 9h30 \u2013 Palestra: Agricultura Org\u00e2nica no Cear\u00e1 \u2013 Herm\u00ednio ...Continue reading &lsquo;Programa\u00e7\u00e3o&rsquo; &raquo;","og_url":"https:\/\/blogs.multimeios.ufc.br\/semanadosalimentosorganicos2016\/programacao\/","og_site_name":"Semana dos Alimentos Org\u00e2nicos 2016","article_modified_time":"2016-05-25T15:49:34+00:00","og_image":[{"url":"http:\/\/blogs.multimeios.ufc.br\/semanadosalimentosorganicos2016\/files\/2016\/05\/semana-300x151.png","type":"","width":"","height":""}],"twitter_card":"summary_large_image","twitter_misc":{"Est. tempo de leitura":"3 minutos"},"schema":{"@context":"https:\/\/schema.org","@graph":[{"@type":"WebPage","@id":"https:\/\/blogs.multimeios.ufc.br\/semanadosalimentosorganicos2016\/programacao\/","url":"https:\/\/blogs.multimeios.ufc.br\/semanadosalimentosorganicos2016\/programacao\/","name":"Programa\u00e7\u00e3o - Semana dos Alimentos Org\u00e2nicos 2016","isPartOf":{"@id":"https:\/\/blogs.multimeios.ufc.br\/semanadosalimentosorganicos2016\/#website"},"primaryImageOfPage":{"@id":"https:\/\/blogs.multimeios.ufc.br\/semanadosalimentosorganicos2016\/programacao\/#primaryimage"},"image":{"@id":"https:\/\/blogs.multimeios.ufc.br\/semanadosalimentosorganicos2016\/programacao\/#primaryimage"},"thumbnailUrl":"http:\/\/blogs.multimeios.ufc.br\/semanadosalimentosorganicos2016\/files\/2016\/05\/semana-300x151.png","datePublished":"2016-05-25T15:21:18+00:00","dateModified":"2016-05-25T15:49:34+00:00","breadcrumb":{"@id":"https:\/\/blogs.multimeios.ufc.br\/semanadosalimentosorganicos2016\/programacao\/#breadcrumb"},"inLanguage":"pt-BR","potentialAction":[{"@type":"ReadAction","target":["https:\/\/blogs.multimeios.ufc.br\/semanadosalimentosorganicos2016\/programacao\/"]}]},{"@type":"ImageObject","inLanguage":"pt-BR","@id":"https:\/\/blogs.multimeios.ufc.br\/semanadosalimentosorganicos2016\/programacao\/#primaryimage","url":"https:\/\/blogs.multimeios.ufc.br\/semanadosalimentosorganicos2016\/files\/2016\/05\/semana.png","contentUrl":"https:\/\/blogs.multimeios.ufc.br\/semanadosalimentosorganicos2016\/files\/2016\/05\/semana.png","width":712,"height":358},{"@type":"BreadcrumbList","@id":"https:\/\/blogs.multimeios.ufc.br\/semanadosalimentosorganicos2016\/programacao\/#breadcrumb","itemListElement":[{"@type":"ListItem","position":1,"name":"In\u00edcio","item":"https:\/\/blogs.multimeios.ufc.br\/semanadosalimentosorganicos2016\/"},{"@type":"ListItem","position":2,"name":"Programa\u00e7\u00e3o"}]},{"@type":"WebSite","@id":"https:\/\/blogs.multimeios.ufc.br\/semanadosalimentosorganicos2016\/#website","url":"https:\/\/blogs.multimeios.ufc.br\/semanadosalimentosorganicos2016\/","name":"Semana dos Alimentos Org\u00e2nicos 2016","description":"De 30 de maio a 5 de junho de 2016","potentialAction":[{"@type":"SearchAction","target":{"@type":"EntryPoint","urlTemplate":"https:\/\/blogs.multimeios.ufc.br\/semanadosalimentosorganicos2016\/?s={search_term_string}"},"query-input":{"@type":"PropertyValueSpecification","valueRequired":true,"valueName":"search_term_string"}}],"inLanguage":"pt-BR"}]}},"_links":{"self":[{"href":"https:\/\/blogs.multimeios.ufc.br\/semanadosalimentosorganicos2016\/wp-json\/wp\/v2\/pages\/10","targetHints":{"allow":["GET"]}}],"collection":[{"href":"https:\/\/blogs.multimeios.ufc.br\/semanadosalimentosorganicos2016\/wp-json\/wp\/v2\/pages"}],"about":[{"href":"https:\/\/blogs.multimeios.ufc.br\/semanadosalimentosorganicos2016\/wp-json\/wp\/v2\/types\/page"}],"author":[{"embeddable":true,"href":"https:\/\/blogs.multimeios.ufc.br\/semanadosalimentosorganicos2016\/wp-json\/wp\/v2\/users\/10"}],"replies":[{"embeddable":true,"href":"https:\/\/blogs.multimeios.ufc.br\/semanadosalimentosorganicos2016\/wp-json\/wp\/v2\/comments?post=10"}],"version-history":[{"count":4,"href":"https:\/\/blogs.multimeios.ufc.br\/semanadosalimentosorganicos2016\/wp-json\/wp\/v2\/pages\/10\/revisions"}],"predecessor-version":[{"id":30,"href":"https:\/\/blogs.multimeios.ufc.br\/semanadosalimentosorganicos2016\/wp-json\/wp\/v2\/pages\/10\/revisions\/30"}],"wp:attachment":[{"href":"https:\/\/blogs.multimeios.ufc.br\/semanadosalimentosorganicos2016\/wp-json\/wp\/v2\/media?parent=10"}],"curies":[{"name":"wp","href":"https:\/\/api.w.org\/{rel}","templated":true}]}}