{"id":14,"date":"2016-05-25T15:22:38","date_gmt":"2016-05-25T15:22:38","guid":{"rendered":"http:\/\/blogs.multimeios.ufc.br\/semanadosalimentosorganicos2016\/?page_id=14"},"modified":"2016-05-25T16:15:00","modified_gmt":"2016-05-25T16:15:00","slug":"cporg-ce","status":"publish","type":"page","link":"https:\/\/blogs.multimeios.ufc.br\/semanadosalimentosorganicos2016\/cporg-ce\/","title":{"rendered":"CPOrg-CE"},"content":{"rendered":"<p align=\"center\"><span style=\"color: #669900\"><span style=\"font-family: Times new roman,serif\"><span style=\"font-size: large\"><b>Comiss\u00e3o da Produ\u00e7\u00e3o Org\u00e2nica <\/b><\/span><\/span><\/span><\/p>\n<p align=\"center\"><span style=\"color: #669900\"><span style=\"font-family: Times new roman,serif\"><span style=\"font-size: large\"><b>do Estado do Cear\u00e1 \u2013 CPOrg-CE<\/b><\/span><\/span><\/span><\/p>\n<p align=\"center\">\n<p align=\"center\"><span style=\"color: #669900\"><span style=\"font-family: Times new roman,serif\"><span style=\"font-size: large\"><b>ENTIDADES DO SETOR P\u00daBLICO<\/b><\/span><\/span><\/span><\/p>\n<p align=\"center\"><span style=\"color: #000000\"><span style=\"font-family: Times new roman,serif\"><span style=\"font-size: large\">Superintend\u00eancia Federal de Agricultura, Pecu\u00e1ria e Abastecimento no Cear\u00e1 \u2013 SFA\/CE<\/span><\/span><\/span><\/p>\n<p align=\"center\"><span style=\"color: #000000\"><span style=\"font-family: Times new roman,serif\"><span style=\"font-size: large\">Instituto Brasileiro do Meio-Ambiente e dos Recursos Naturais Renov\u00e1veis \u2013 IBAMA<\/span><\/span><\/span><\/p>\n<p align=\"center\"><span style=\"color: #000000\"><span style=\"font-family: Times new roman,serif\"><span style=\"font-size: large\">Universidade Federal do Cear\u00e1 \u2013 UFC<\/span><\/span><\/span><\/p>\n<p align=\"center\"><span style=\"color: #000000\"><span style=\"font-family: Times new roman,serif\"><span style=\"font-size: large\">Empresa de Assist\u00eancia T\u00e9cnica e Extens\u00e3o rural do Cear\u00e1 \u2013 EMATERCE<\/span><\/span><\/span><\/p>\n<p align=\"center\"><span style=\"color: #000000\"><span style=\"font-family: Times new roman,serif\"><span style=\"font-size: large\">Banco do Nordeste do Brasil \u2013 BNB<\/span><\/span><\/span><\/p>\n<p align=\"center\"><span style=\"color: #000000\"><span style=\"font-family: Times new roman,serif\"><span style=\"font-size: large\">Universidade Estadual do Cear\u00e1 \u2013 UECE<\/span><\/span><\/span><\/p>\n<p align=\"center\"><span style=\"color: #000000\"><span style=\"font-family: Times new roman,serif\"><span style=\"font-size: large\">Empresa Brasileira de Pesquisa Agropecu\u00e1ria \u2013 EMBRAPA<\/span><\/span><\/span><\/p>\n<p align=\"center\"><span style=\"color: #000000\"><span style=\"font-family: Times new roman,serif\"><span style=\"font-size: large\">Universidade da Integra\u00e7\u00e3o Internacional da Lusofonia \u2013 Afro-Brasileira &#8211; UNILAB<\/span><\/span><\/span><\/p>\n<p align=\"center\"><span style=\"color: #000000\"><span style=\"font-family: Times new roman,serif\"><span style=\"font-size: large\">Agencia de Defesa Agropecu\u00e1ria do Estado do Cear\u00e1 &#8211; ADAGRI<\/span><\/span><\/span><\/p>\n<p align=\"center\"><span style=\"color: #000000\"><span style=\"font-family: Times new roman,serif\"><span style=\"font-size: large\">Secretaria do Desenvolvimento Agr\u00e1rio do Estado do Cear\u00e1 \u2013 SDA\/CE<\/span><\/span><\/span><\/p>\n<p align=\"center\"><span style=\"color: #000000\"><span style=\"font-family: Times new roman,serif\"><span style=\"font-size: large\">Delegacia Federal do Desenvolvimento Agr\u00e1rio no Cear\u00e1 \u2013 DFDA\/CE<\/span><\/span><\/span><\/p>\n<p align=\"center\"><span style=\"color: #000000\"><span style=\"font-family: Times new roman,serif\"><span style=\"font-size: large\">Secretaria de Ci\u00eancia, Tecnologia e Educa\u00e7\u00e3o Superior do Estado do Cear\u00e1 \u2013 SCT\/CE<\/span><\/span><\/span><\/p>\n<p align=\"center\"><span style=\"color: #000000\"><span style=\"font-family: Times new roman,serif\"><span style=\"font-size: large\">Instituto do Desenvolvimento Agr\u00e1rio do Cear\u00e1 &#8211; IDACE<\/span><\/span><\/span><\/p>\n<p align=\"center\"><span style=\"color: #000000\"><span style=\"font-family: Times new roman,serif\"><span style=\"font-size: large\">Secretaria Estadual do Meio Ambiente do Cear\u00e1 \u2013 SEMA\/CE<\/span><\/span><\/span><\/p>\n<p align=\"center\">\n<p align=\"center\">\n<p align=\"center\"><span style=\"color: #669900\"><span style=\"font-family: Times new roman,serif\"><span style=\"font-size: large\"><b>ENTIDADES DO SETOR PRIVADO<\/b><\/span><\/span><\/span><\/p>\n<p align=\"center\"><span style=\"color: #000000\"><span style=\"font-family: Times new roman,serif\"><span style=\"font-size: large\">Agropaulo Agroindustrial<\/span><\/span><\/span><\/p>\n<p align=\"center\"><span style=\"color: #000000\"><span style=\"font-family: Times new roman,serif\"><span style=\"font-size: large\">Instituto Cento de Ensino Tecnol\u00f3gico \u2013 CENTEC<\/span><\/span><\/span><\/p>\n<p align=\"center\"><span style=\"color: #000000\"><span style=\"font-family: Times new roman,serif\"><span style=\"font-size: large\">Sindicato e Organiza\u00e7\u00e3o das Cooperativas Brasileira no Estado do Cear\u00e1 \u2013 SESCOOP\/OCB-CE<\/span><\/span><\/span><\/p>\n<p align=\"center\"><span style=\"color: #000000\"><span style=\"font-family: Times new roman,serif\"><span style=\"font-size: large\">Instituto de Permacultura do Cear\u00e1 \u2013 IPC<\/span><\/span><\/span><\/p>\n<p align=\"center\"><span style=\"color: #000000\"><span style=\"font-family: Times new roman,serif\"><span style=\"font-size: large\">Instituto Frutal<\/span><\/span><\/span><\/p>\n<p align=\"center\"><span style=\"color: #000000\"><span style=\"font-family: Times new roman,serif\"><span style=\"font-size: large\">C\u00e2mara Setorial de Fruticultura \u2013 CSF<\/span><\/span><\/span><\/p>\n<p align=\"center\"><span style=\"color: #000000\"><span style=\"font-family: Times new roman,serif\"><span style=\"font-size: large\">Federa\u00e7\u00e3o de Agricultura e Pecu\u00e1ria do Cear\u00e1 \u2013 FAEC<\/span><\/span><\/span><\/p>\n<p align=\"center\"><span style=\"color: #000000\"><span style=\"font-family: Times new roman,serif\"><span style=\"font-size: large\">Associa\u00e7\u00e3o do Desenvolvimento da Agropecu\u00e1ria Org\u00e2nica \u2013 ADAO<\/span><\/span><\/span><\/p>\n<p align=\"center\"><span style=\"color: #000000\"><span style=\"font-family: Times new roman,serif\"><span style=\"font-size: large\">Associa\u00e7\u00e3o dos Produtores Org\u00e2nicos da Ibiapaba \u2013 APOI<\/span><\/span><\/span><\/p>\n<p align=\"center\"><span style=\"color: #000000\"><span style=\"font-family: Times new roman,serif\"><span style=\"font-size: large\">Esplar Centro de Pesquisa e Assessoria \u2013 ESPLAR<\/span><\/span><\/span><\/p>\n<p align=\"center\"><span style=\"color: #000000\"><span style=\"font-family: Times new roman,serif\"><span style=\"font-size: large\">Associa\u00e7\u00e3o Carcar\u00e1 Org\u00e2nico \u2013 ACO<\/span><\/span><\/span><\/p>\n<p align=\"center\"><span style=\"color: #000000\"><span style=\"font-family: Times new roman,serif\"><span style=\"font-size: large\">Portal do Org\u00e2nico Distribuidora de Alimentos \u2013 PORTAL ORG\u00c2NICO<\/span><\/span><\/span><\/p>\n<p align=\"center\"><span style=\"color: #000000\"><span style=\"font-family: Times new roman,serif\"><span style=\"font-size: large\">Associa\u00e7\u00e3o de Certifica\u00e7\u00e3o Participativa Agroecol\u00f3gica do Sert\u00e3o Central\/CE \u2013 ACEPA<\/span><\/span><\/span><\/p>\n<p align=\"center\"><span style=\"color: #000000\"><span style=\"font-family: Times new roman,serif\"><span style=\"font-size: large\">Movimento de Luta pela Terra do Cear\u00e1 \u2013 MLT\/CE<\/span><\/span><\/span><\/p>\n","protected":false},"excerpt":{"rendered":"<p>Comiss\u00e3o da Produ\u00e7\u00e3o Org\u00e2nica do Estado do Cear\u00e1 \u2013 CPOrg-CE ENTIDADES DO SETOR P\u00daBLICO Superintend\u00eancia Federal de Agricultura, Pecu\u00e1ria e Abastecimento no Cear\u00e1 \u2013 SFA\/CE Instituto Brasileiro do Meio-Ambiente e dos Recursos Naturais Renov\u00e1veis \u2013 IBAMA Universidade Federal do Cear\u00e1 \u2013 UFC Empresa de Assist\u00eancia T\u00e9cnica e Extens\u00e3o rural do Cear\u00e1 \u2013 EMATERCE Banco do &#8230;<\/p>\n<p><a href=\"https:\/\/blogs.multimeios.ufc.br\/semanadosalimentosorganicos2016\/cporg-ce\/\" class=\"more-link\">Continue reading &lsquo;CPOrg-CE&rsquo; &raquo;<\/a><\/p>\n","protected":false},"author":10,"featured_media":0,"parent":0,"menu_order":0,"comment_status":"open","ping_status":"open","template":"","meta":{"footnotes":""},"class_list":["post-14","page","type-page","status-publish","hentry"],"yoast_head":"<!-- This site is optimized with the Yoast SEO plugin v27.4 - https:\/\/yoast.com\/product\/yoast-seo-wordpress\/ -->\n<title>CPOrg-CE - Semana dos Alimentos Org\u00e2nicos 2016<\/title>\n<meta name=\"robots\" content=\"index, follow, max-snippet:-1, max-image-preview:large, max-video-preview:-1\" \/>\n<link rel=\"canonical\" href=\"https:\/\/blogs.multimeios.ufc.br\/semanadosalimentosorganicos2016\/cporg-ce\/\" \/>\n<meta property=\"og:locale\" content=\"pt_BR\" \/>\n<meta property=\"og:type\" content=\"article\" \/>\n<meta property=\"og:title\" content=\"CPOrg-CE - Semana dos Alimentos Org\u00e2nicos 2016\" \/>\n<meta property=\"og:description\" content=\"Comiss\u00e3o da Produ\u00e7\u00e3o Org\u00e2nica do Estado do Cear\u00e1 \u2013 CPOrg-CE ENTIDADES DO SETOR P\u00daBLICO Superintend\u00eancia Federal de Agricultura, Pecu\u00e1ria e Abastecimento no Cear\u00e1 \u2013 SFA\/CE Instituto Brasileiro do Meio-Ambiente e dos Recursos Naturais Renov\u00e1veis \u2013 IBAMA Universidade Federal do Cear\u00e1 \u2013 UFC Empresa de Assist\u00eancia T\u00e9cnica e Extens\u00e3o rural do Cear\u00e1 \u2013 EMATERCE Banco do ...Continue reading &lsquo;CPOrg-CE&rsquo; &raquo;\" \/>\n<meta property=\"og:url\" content=\"https:\/\/blogs.multimeios.ufc.br\/semanadosalimentosorganicos2016\/cporg-ce\/\" \/>\n<meta property=\"og:site_name\" content=\"Semana dos Alimentos Org\u00e2nicos 2016\" \/>\n<meta property=\"article:modified_time\" content=\"2016-05-25T16:15:00+00:00\" \/>\n<meta name=\"twitter:card\" content=\"summary_large_image\" \/>\n<meta name=\"twitter:label1\" content=\"Est. tempo de leitura\" \/>\n\t<meta name=\"twitter:data1\" content=\"1 minuto\" \/>\n<script type=\"application\/ld+json\" class=\"yoast-schema-graph\">{\"@context\":\"https:\\\/\\\/schema.org\",\"@graph\":[{\"@type\":\"WebPage\",\"@id\":\"https:\\\/\\\/blogs.multimeios.ufc.br\\\/semanadosalimentosorganicos2016\\\/cporg-ce\\\/\",\"url\":\"https:\\\/\\\/blogs.multimeios.ufc.br\\\/semanadosalimentosorganicos2016\\\/cporg-ce\\\/\",\"name\":\"CPOrg-CE - Semana dos Alimentos Org\u00e2nicos 2016\",\"isPartOf\":{\"@id\":\"https:\\\/\\\/blogs.multimeios.ufc.br\\\/semanadosalimentosorganicos2016\\\/#website\"},\"datePublished\":\"2016-05-25T15:22:38+00:00\",\"dateModified\":\"2016-05-25T16:15:00+00:00\",\"breadcrumb\":{\"@id\":\"https:\\\/\\\/blogs.multimeios.ufc.br\\\/semanadosalimentosorganicos2016\\\/cporg-ce\\\/#breadcrumb\"},\"inLanguage\":\"pt-BR\",\"potentialAction\":[{\"@type\":\"ReadAction\",\"target\":[\"https:\\\/\\\/blogs.multimeios.ufc.br\\\/semanadosalimentosorganicos2016\\\/cporg-ce\\\/\"]}]},{\"@type\":\"BreadcrumbList\",\"@id\":\"https:\\\/\\\/blogs.multimeios.ufc.br\\\/semanadosalimentosorganicos2016\\\/cporg-ce\\\/#breadcrumb\",\"itemListElement\":[{\"@type\":\"ListItem\",\"position\":1,\"name\":\"In\u00edcio\",\"item\":\"https:\\\/\\\/blogs.multimeios.ufc.br\\\/semanadosalimentosorganicos2016\\\/\"},{\"@type\":\"ListItem\",\"position\":2,\"name\":\"CPOrg-CE\"}]},{\"@type\":\"WebSite\",\"@id\":\"https:\\\/\\\/blogs.multimeios.ufc.br\\\/semanadosalimentosorganicos2016\\\/#website\",\"url\":\"https:\\\/\\\/blogs.multimeios.ufc.br\\\/semanadosalimentosorganicos2016\\\/\",\"name\":\"Semana dos Alimentos Org\u00e2nicos 2016\",\"description\":\"De 30 de maio a 5 de junho de 2016\",\"potentialAction\":[{\"@type\":\"SearchAction\",\"target\":{\"@type\":\"EntryPoint\",\"urlTemplate\":\"https:\\\/\\\/blogs.multimeios.ufc.br\\\/semanadosalimentosorganicos2016\\\/?s={search_term_string}\"},\"query-input\":{\"@type\":\"PropertyValueSpecification\",\"valueRequired\":true,\"valueName\":\"search_term_string\"}}],\"inLanguage\":\"pt-BR\"}]}<\/script>\n<!-- \/ Yoast SEO plugin. -->","yoast_head_json":{"title":"CPOrg-CE - Semana dos Alimentos Org\u00e2nicos 2016","robots":{"index":"index","follow":"follow","max-snippet":"max-snippet:-1","max-image-preview":"max-image-preview:large","max-video-preview":"max-video-preview:-1"},"canonical":"https:\/\/blogs.multimeios.ufc.br\/semanadosalimentosorganicos2016\/cporg-ce\/","og_locale":"pt_BR","og_type":"article","og_title":"CPOrg-CE - Semana dos Alimentos Org\u00e2nicos 2016","og_description":"Comiss\u00e3o da Produ\u00e7\u00e3o Org\u00e2nica do Estado do Cear\u00e1 \u2013 CPOrg-CE ENTIDADES DO SETOR P\u00daBLICO Superintend\u00eancia Federal de Agricultura, Pecu\u00e1ria e Abastecimento no Cear\u00e1 \u2013 SFA\/CE Instituto Brasileiro do Meio-Ambiente e dos Recursos Naturais Renov\u00e1veis \u2013 IBAMA Universidade Federal do Cear\u00e1 \u2013 UFC Empresa de Assist\u00eancia T\u00e9cnica e Extens\u00e3o rural do Cear\u00e1 \u2013 EMATERCE Banco do ...Continue reading &lsquo;CPOrg-CE&rsquo; &raquo;","og_url":"https:\/\/blogs.multimeios.ufc.br\/semanadosalimentosorganicos2016\/cporg-ce\/","og_site_name":"Semana dos Alimentos Org\u00e2nicos 2016","article_modified_time":"2016-05-25T16:15:00+00:00","twitter_card":"summary_large_image","twitter_misc":{"Est. tempo de leitura":"1 minuto"},"schema":{"@context":"https:\/\/schema.org","@graph":[{"@type":"WebPage","@id":"https:\/\/blogs.multimeios.ufc.br\/semanadosalimentosorganicos2016\/cporg-ce\/","url":"https:\/\/blogs.multimeios.ufc.br\/semanadosalimentosorganicos2016\/cporg-ce\/","name":"CPOrg-CE - Semana dos Alimentos Org\u00e2nicos 2016","isPartOf":{"@id":"https:\/\/blogs.multimeios.ufc.br\/semanadosalimentosorganicos2016\/#website"},"datePublished":"2016-05-25T15:22:38+00:00","dateModified":"2016-05-25T16:15:00+00:00","breadcrumb":{"@id":"https:\/\/blogs.multimeios.ufc.br\/semanadosalimentosorganicos2016\/cporg-ce\/#breadcrumb"},"inLanguage":"pt-BR","potentialAction":[{"@type":"ReadAction","target":["https:\/\/blogs.multimeios.ufc.br\/semanadosalimentosorganicos2016\/cporg-ce\/"]}]},{"@type":"BreadcrumbList","@id":"https:\/\/blogs.multimeios.ufc.br\/semanadosalimentosorganicos2016\/cporg-ce\/#breadcrumb","itemListElement":[{"@type":"ListItem","position":1,"name":"In\u00edcio","item":"https:\/\/blogs.multimeios.ufc.br\/semanadosalimentosorganicos2016\/"},{"@type":"ListItem","position":2,"name":"CPOrg-CE"}]},{"@type":"WebSite","@id":"https:\/\/blogs.multimeios.ufc.br\/semanadosalimentosorganicos2016\/#website","url":"https:\/\/blogs.multimeios.ufc.br\/semanadosalimentosorganicos2016\/","name":"Semana dos Alimentos Org\u00e2nicos 2016","description":"De 30 de maio a 5 de junho de 2016","potentialAction":[{"@type":"SearchAction","target":{"@type":"EntryPoint","urlTemplate":"https:\/\/blogs.multimeios.ufc.br\/semanadosalimentosorganicos2016\/?s={search_term_string}"},"query-input":{"@type":"PropertyValueSpecification","valueRequired":true,"valueName":"search_term_string"}}],"inLanguage":"pt-BR"}]}},"_links":{"self":[{"href":"https:\/\/blogs.multimeios.ufc.br\/semanadosalimentosorganicos2016\/wp-json\/wp\/v2\/pages\/14","targetHints":{"allow":["GET"]}}],"collection":[{"href":"https:\/\/blogs.multimeios.ufc.br\/semanadosalimentosorganicos2016\/wp-json\/wp\/v2\/pages"}],"about":[{"href":"https:\/\/blogs.multimeios.ufc.br\/semanadosalimentosorganicos2016\/wp-json\/wp\/v2\/types\/page"}],"author":[{"embeddable":true,"href":"https:\/\/blogs.multimeios.ufc.br\/semanadosalimentosorganicos2016\/wp-json\/wp\/v2\/users\/10"}],"replies":[{"embeddable":true,"href":"https:\/\/blogs.multimeios.ufc.br\/semanadosalimentosorganicos2016\/wp-json\/wp\/v2\/comments?post=14"}],"version-history":[{"count":6,"href":"https:\/\/blogs.multimeios.ufc.br\/semanadosalimentosorganicos2016\/wp-json\/wp\/v2\/pages\/14\/revisions"}],"predecessor-version":[{"id":53,"href":"https:\/\/blogs.multimeios.ufc.br\/semanadosalimentosorganicos2016\/wp-json\/wp\/v2\/pages\/14\/revisions\/53"}],"wp:attachment":[{"href":"https:\/\/blogs.multimeios.ufc.br\/semanadosalimentosorganicos2016\/wp-json\/wp\/v2\/media?parent=14"}],"curies":[{"name":"wp","href":"https:\/\/api.w.org\/{rel}","templated":true}]}}