{"id":38,"date":"2016-05-25T15:57:58","date_gmt":"2016-05-25T15:57:58","guid":{"rendered":"http:\/\/blogs.multimeios.ufc.br\/semanadosalimentosorganicos2016\/?page_id=38"},"modified":"2016-05-25T16:05:07","modified_gmt":"2016-05-25T16:05:07","slug":"realizacao","status":"publish","type":"page","link":"https:\/\/blogs.multimeios.ufc.br\/semanadosalimentosorganicos2016\/realizacao\/","title":{"rendered":"Organiza\u00e7\u00e3o"},"content":{"rendered":"<p style=\"text-align: center\" align=\"center\"><a href=\"http:\/\/blogs.multimeios.ufc.br\/semanadosalimentosorganicos2016\/files\/2016\/05\/semana.png\"><img decoding=\"async\" class=\"alignnone size-medium wp-image-4\" src=\"http:\/\/blogs.multimeios.ufc.br\/semanadosalimentosorganicos2016\/files\/2016\/05\/semana-300x151.png\" alt=\"semana\" width=\"300\" height=\"151\" srcset=\"https:\/\/blogs.multimeios.ufc.br\/semanadosalimentosorganicos2016\/files\/2016\/05\/semana-300x151.png 300w, https:\/\/blogs.multimeios.ufc.br\/semanadosalimentosorganicos2016\/files\/2016\/05\/semana.png 712w\" sizes=\"(max-width: 300px) 100vw, 300px\" \/><\/a><\/p>\n<p class=\"western\" align=\"center\"><span style=\"color: #e36c0a\"><span style=\"font-family: Comic Sans MS,serif\"><span style=\"font-size: x-large\"><b>Semana dos Alimentos<\/b><\/span><\/span><\/span><\/p>\n<p class=\"western\" align=\"center\"><span style=\"color: #e36c0a\"><span style=\"font-family: Comic Sans MS,serif\"><span style=\"font-size: x-large\"><b>Org\u00e2nicos<\/b><\/span><\/span><\/span><\/p>\n<p class=\"western\" align=\"center\"><span style=\"color: #008a3e\"><span style=\"font-family: Monotype Corsiva,serif\"><span style=\"font-size: x-large\"><b>30 de maio a 04 de junho de 2016<\/b><\/span><\/span><\/span><\/p>\n<p align=\"center\"><span style=\"font-size: large\"><span style=\"color: #538135\"><span style=\"font-family: Calibri,serif\"><b>PROMO\u00c7\u00c3O<\/b><\/span><\/span><\/span><\/p>\n<p><a href=\"http:\/\/blogs.multimeios.ufc.br\/semanadosalimentosorganicos2016\/files\/2016\/05\/ma.jpg\"><img decoding=\"async\" class=\"  wp-image-43 aligncenter\" src=\"http:\/\/blogs.multimeios.ufc.br\/semanadosalimentosorganicos2016\/files\/2016\/05\/ma-300x154.jpg\" alt=\"ma\" width=\"214\" height=\"110\" srcset=\"https:\/\/blogs.multimeios.ufc.br\/semanadosalimentosorganicos2016\/files\/2016\/05\/ma-300x154.jpg 300w, https:\/\/blogs.multimeios.ufc.br\/semanadosalimentosorganicos2016\/files\/2016\/05\/ma-1024x527.jpg 1024w, https:\/\/blogs.multimeios.ufc.br\/semanadosalimentosorganicos2016\/files\/2016\/05\/ma-730x375.jpg 730w, https:\/\/blogs.multimeios.ufc.br\/semanadosalimentosorganicos2016\/files\/2016\/05\/ma.jpg 1299w\" sizes=\"(max-width: 214px) 100vw, 214px\" \/><\/a><\/p>\n<p align=\"center\">\u00a0<span style=\"font-size: large\"><span style=\"color: #538135\"><span style=\"font-family: Calibri,serif\"><b>REALIZA\u00c7\u00c3O<\/b><\/span><\/span><\/span><\/p>\n<p><a href=\"http:\/\/blogs.multimeios.ufc.br\/semanadosalimentosorganicos2016\/files\/2016\/05\/co.png\"><img decoding=\"async\" class=\"  wp-image-31 aligncenter\" src=\"http:\/\/blogs.multimeios.ufc.br\/semanadosalimentosorganicos2016\/files\/2016\/05\/co.png\" alt=\"co\" width=\"213\" height=\"107\" \/><\/a><\/p>\n<p>&nbsp;<\/p>\n<p><a href=\"http:\/\/blogs.multimeios.ufc.br\/semanadosalimentosorganicos2016\/files\/2016\/05\/prod.png\"><img loading=\"lazy\" decoding=\"async\" class=\" size-full wp-image-42 aligncenter\" src=\"http:\/\/blogs.multimeios.ufc.br\/semanadosalimentosorganicos2016\/files\/2016\/05\/prod.png\" alt=\"prod\" width=\"216\" height=\"108\" \/><\/a><\/p>\n","protected":false},"excerpt":{"rendered":"<p>Semana dos Alimentos Org\u00e2nicos 30 de maio a 04 de junho de 2016 PROMO\u00c7\u00c3O \u00a0REALIZA\u00c7\u00c3O &nbsp;<\/p>\n","protected":false},"author":10,"featured_media":0,"parent":0,"menu_order":0,"comment_status":"open","ping_status":"open","template":"","meta":{"footnotes":""},"class_list":["post-38","page","type-page","status-publish","hentry"],"yoast_head":"<!-- This site is optimized with the Yoast SEO plugin v27.4 - https:\/\/yoast.com\/product\/yoast-seo-wordpress\/ -->\n<title>Organiza\u00e7\u00e3o - Semana dos Alimentos Org\u00e2nicos 2016<\/title>\n<meta name=\"robots\" content=\"index, follow, max-snippet:-1, max-image-preview:large, max-video-preview:-1\" \/>\n<link rel=\"canonical\" href=\"https:\/\/blogs.multimeios.ufc.br\/semanadosalimentosorganicos2016\/realizacao\/\" \/>\n<meta property=\"og:locale\" content=\"pt_BR\" \/>\n<meta property=\"og:type\" content=\"article\" \/>\n<meta property=\"og:title\" content=\"Organiza\u00e7\u00e3o - Semana dos Alimentos Org\u00e2nicos 2016\" \/>\n<meta property=\"og:description\" content=\"Semana dos Alimentos Org\u00e2nicos 30 de maio a 04 de junho de 2016 PROMO\u00c7\u00c3O \u00a0REALIZA\u00c7\u00c3O &nbsp;\" \/>\n<meta property=\"og:url\" content=\"https:\/\/blogs.multimeios.ufc.br\/semanadosalimentosorganicos2016\/realizacao\/\" \/>\n<meta property=\"og:site_name\" content=\"Semana dos Alimentos Org\u00e2nicos 2016\" \/>\n<meta property=\"article:modified_time\" content=\"2016-05-25T16:05:07+00:00\" \/>\n<meta property=\"og:image\" content=\"http:\/\/blogs.multimeios.ufc.br\/semanadosalimentosorganicos2016\/files\/2016\/05\/semana-300x151.png\" \/>\n<meta name=\"twitter:card\" content=\"summary_large_image\" \/>\n<script type=\"application\/ld+json\" class=\"yoast-schema-graph\">{\"@context\":\"https:\\\/\\\/schema.org\",\"@graph\":[{\"@type\":\"WebPage\",\"@id\":\"https:\\\/\\\/blogs.multimeios.ufc.br\\\/semanadosalimentosorganicos2016\\\/realizacao\\\/\",\"url\":\"https:\\\/\\\/blogs.multimeios.ufc.br\\\/semanadosalimentosorganicos2016\\\/realizacao\\\/\",\"name\":\"Organiza\u00e7\u00e3o - Semana dos Alimentos Org\u00e2nicos 2016\",\"isPartOf\":{\"@id\":\"https:\\\/\\\/blogs.multimeios.ufc.br\\\/semanadosalimentosorganicos2016\\\/#website\"},\"primaryImageOfPage\":{\"@id\":\"https:\\\/\\\/blogs.multimeios.ufc.br\\\/semanadosalimentosorganicos2016\\\/realizacao\\\/#primaryimage\"},\"image\":{\"@id\":\"https:\\\/\\\/blogs.multimeios.ufc.br\\\/semanadosalimentosorganicos2016\\\/realizacao\\\/#primaryimage\"},\"thumbnailUrl\":\"http:\\\/\\\/blogs.multimeios.ufc.br\\\/semanadosalimentosorganicos2016\\\/files\\\/2016\\\/05\\\/semana-300x151.png\",\"datePublished\":\"2016-05-25T15:57:58+00:00\",\"dateModified\":\"2016-05-25T16:05:07+00:00\",\"breadcrumb\":{\"@id\":\"https:\\\/\\\/blogs.multimeios.ufc.br\\\/semanadosalimentosorganicos2016\\\/realizacao\\\/#breadcrumb\"},\"inLanguage\":\"pt-BR\",\"potentialAction\":[{\"@type\":\"ReadAction\",\"target\":[\"https:\\\/\\\/blogs.multimeios.ufc.br\\\/semanadosalimentosorganicos2016\\\/realizacao\\\/\"]}]},{\"@type\":\"ImageObject\",\"inLanguage\":\"pt-BR\",\"@id\":\"https:\\\/\\\/blogs.multimeios.ufc.br\\\/semanadosalimentosorganicos2016\\\/realizacao\\\/#primaryimage\",\"url\":\"https:\\\/\\\/blogs.multimeios.ufc.br\\\/semanadosalimentosorganicos2016\\\/files\\\/2016\\\/05\\\/semana.png\",\"contentUrl\":\"https:\\\/\\\/blogs.multimeios.ufc.br\\\/semanadosalimentosorganicos2016\\\/files\\\/2016\\\/05\\\/semana.png\",\"width\":712,\"height\":358},{\"@type\":\"BreadcrumbList\",\"@id\":\"https:\\\/\\\/blogs.multimeios.ufc.br\\\/semanadosalimentosorganicos2016\\\/realizacao\\\/#breadcrumb\",\"itemListElement\":[{\"@type\":\"ListItem\",\"position\":1,\"name\":\"In\u00edcio\",\"item\":\"https:\\\/\\\/blogs.multimeios.ufc.br\\\/semanadosalimentosorganicos2016\\\/\"},{\"@type\":\"ListItem\",\"position\":2,\"name\":\"Organiza\u00e7\u00e3o\"}]},{\"@type\":\"WebSite\",\"@id\":\"https:\\\/\\\/blogs.multimeios.ufc.br\\\/semanadosalimentosorganicos2016\\\/#website\",\"url\":\"https:\\\/\\\/blogs.multimeios.ufc.br\\\/semanadosalimentosorganicos2016\\\/\",\"name\":\"Semana dos Alimentos Org\u00e2nicos 2016\",\"description\":\"De 30 de maio a 5 de junho de 2016\",\"potentialAction\":[{\"@type\":\"SearchAction\",\"target\":{\"@type\":\"EntryPoint\",\"urlTemplate\":\"https:\\\/\\\/blogs.multimeios.ufc.br\\\/semanadosalimentosorganicos2016\\\/?s={search_term_string}\"},\"query-input\":{\"@type\":\"PropertyValueSpecification\",\"valueRequired\":true,\"valueName\":\"search_term_string\"}}],\"inLanguage\":\"pt-BR\"}]}<\/script>\n<!-- \/ Yoast SEO plugin. -->","yoast_head_json":{"title":"Organiza\u00e7\u00e3o - Semana dos Alimentos Org\u00e2nicos 2016","robots":{"index":"index","follow":"follow","max-snippet":"max-snippet:-1","max-image-preview":"max-image-preview:large","max-video-preview":"max-video-preview:-1"},"canonical":"https:\/\/blogs.multimeios.ufc.br\/semanadosalimentosorganicos2016\/realizacao\/","og_locale":"pt_BR","og_type":"article","og_title":"Organiza\u00e7\u00e3o - Semana dos Alimentos Org\u00e2nicos 2016","og_description":"Semana dos Alimentos Org\u00e2nicos 30 de maio a 04 de junho de 2016 PROMO\u00c7\u00c3O \u00a0REALIZA\u00c7\u00c3O &nbsp;","og_url":"https:\/\/blogs.multimeios.ufc.br\/semanadosalimentosorganicos2016\/realizacao\/","og_site_name":"Semana dos Alimentos Org\u00e2nicos 2016","article_modified_time":"2016-05-25T16:05:07+00:00","og_image":[{"url":"http:\/\/blogs.multimeios.ufc.br\/semanadosalimentosorganicos2016\/files\/2016\/05\/semana-300x151.png","type":"","width":"","height":""}],"twitter_card":"summary_large_image","schema":{"@context":"https:\/\/schema.org","@graph":[{"@type":"WebPage","@id":"https:\/\/blogs.multimeios.ufc.br\/semanadosalimentosorganicos2016\/realizacao\/","url":"https:\/\/blogs.multimeios.ufc.br\/semanadosalimentosorganicos2016\/realizacao\/","name":"Organiza\u00e7\u00e3o - Semana dos Alimentos Org\u00e2nicos 2016","isPartOf":{"@id":"https:\/\/blogs.multimeios.ufc.br\/semanadosalimentosorganicos2016\/#website"},"primaryImageOfPage":{"@id":"https:\/\/blogs.multimeios.ufc.br\/semanadosalimentosorganicos2016\/realizacao\/#primaryimage"},"image":{"@id":"https:\/\/blogs.multimeios.ufc.br\/semanadosalimentosorganicos2016\/realizacao\/#primaryimage"},"thumbnailUrl":"http:\/\/blogs.multimeios.ufc.br\/semanadosalimentosorganicos2016\/files\/2016\/05\/semana-300x151.png","datePublished":"2016-05-25T15:57:58+00:00","dateModified":"2016-05-25T16:05:07+00:00","breadcrumb":{"@id":"https:\/\/blogs.multimeios.ufc.br\/semanadosalimentosorganicos2016\/realizacao\/#breadcrumb"},"inLanguage":"pt-BR","potentialAction":[{"@type":"ReadAction","target":["https:\/\/blogs.multimeios.ufc.br\/semanadosalimentosorganicos2016\/realizacao\/"]}]},{"@type":"ImageObject","inLanguage":"pt-BR","@id":"https:\/\/blogs.multimeios.ufc.br\/semanadosalimentosorganicos2016\/realizacao\/#primaryimage","url":"https:\/\/blogs.multimeios.ufc.br\/semanadosalimentosorganicos2016\/files\/2016\/05\/semana.png","contentUrl":"https:\/\/blogs.multimeios.ufc.br\/semanadosalimentosorganicos2016\/files\/2016\/05\/semana.png","width":712,"height":358},{"@type":"BreadcrumbList","@id":"https:\/\/blogs.multimeios.ufc.br\/semanadosalimentosorganicos2016\/realizacao\/#breadcrumb","itemListElement":[{"@type":"ListItem","position":1,"name":"In\u00edcio","item":"https:\/\/blogs.multimeios.ufc.br\/semanadosalimentosorganicos2016\/"},{"@type":"ListItem","position":2,"name":"Organiza\u00e7\u00e3o"}]},{"@type":"WebSite","@id":"https:\/\/blogs.multimeios.ufc.br\/semanadosalimentosorganicos2016\/#website","url":"https:\/\/blogs.multimeios.ufc.br\/semanadosalimentosorganicos2016\/","name":"Semana dos Alimentos Org\u00e2nicos 2016","description":"De 30 de maio a 5 de junho de 2016","potentialAction":[{"@type":"SearchAction","target":{"@type":"EntryPoint","urlTemplate":"https:\/\/blogs.multimeios.ufc.br\/semanadosalimentosorganicos2016\/?s={search_term_string}"},"query-input":{"@type":"PropertyValueSpecification","valueRequired":true,"valueName":"search_term_string"}}],"inLanguage":"pt-BR"}]}},"_links":{"self":[{"href":"https:\/\/blogs.multimeios.ufc.br\/semanadosalimentosorganicos2016\/wp-json\/wp\/v2\/pages\/38","targetHints":{"allow":["GET"]}}],"collection":[{"href":"https:\/\/blogs.multimeios.ufc.br\/semanadosalimentosorganicos2016\/wp-json\/wp\/v2\/pages"}],"about":[{"href":"https:\/\/blogs.multimeios.ufc.br\/semanadosalimentosorganicos2016\/wp-json\/wp\/v2\/types\/page"}],"author":[{"embeddable":true,"href":"https:\/\/blogs.multimeios.ufc.br\/semanadosalimentosorganicos2016\/wp-json\/wp\/v2\/users\/10"}],"replies":[{"embeddable":true,"href":"https:\/\/blogs.multimeios.ufc.br\/semanadosalimentosorganicos2016\/wp-json\/wp\/v2\/comments?post=38"}],"version-history":[{"count":7,"href":"https:\/\/blogs.multimeios.ufc.br\/semanadosalimentosorganicos2016\/wp-json\/wp\/v2\/pages\/38\/revisions"}],"predecessor-version":[{"id":48,"href":"https:\/\/blogs.multimeios.ufc.br\/semanadosalimentosorganicos2016\/wp-json\/wp\/v2\/pages\/38\/revisions\/48"}],"wp:attachment":[{"href":"https:\/\/blogs.multimeios.ufc.br\/semanadosalimentosorganicos2016\/wp-json\/wp\/v2\/media?parent=38"}],"curies":[{"name":"wp","href":"https:\/\/api.w.org\/{rel}","templated":true}]}}