{"id":13,"date":"2023-01-20T12:42:59","date_gmt":"2023-01-20T15:42:59","guid":{"rendered":"http:\/\/blogs.multimeios.ufc.br\/sitemmprojetos\/?page_id=13"},"modified":"2023-01-20T12:43:01","modified_gmt":"2023-01-20T15:43:01","slug":"crid","status":"publish","type":"page","link":"https:\/\/blogs.multimeios.ufc.br\/sitemmprojetos\/crid\/","title":{"rendered":"CRID"},"content":{"rendered":"\n<p>Acesse o <a href=\"http:\/\/blogs.multimeios.ufc.br\/crid\" target=\"_blank\" rel=\"noopener\"><em>Blog<\/em> do CRID<\/a>.<\/p>\n<p>Veja o nosso <em>blog<\/em> inicial <a href=\"http:\/\/www.multimeios.ufc.br\/crid\" target=\"_blank\" rel=\"noopener\">aqui<\/a>.<\/p>\n","protected":false},"excerpt":{"rendered":"<p>Acesse o Blog do CRID. Veja o nosso blog inicial aqui.<\/p>\n","protected":false},"author":23,"featured_media":0,"parent":0,"menu_order":0,"comment_status":"closed","ping_status":"closed","template":"page-simples.php","meta":{"footnotes":""},"class_list":["post-13","page","type-page","status-publish","hentry"],"yoast_head":"<!-- This site is optimized with the Yoast SEO plugin v27.4 - https:\/\/yoast.com\/product\/yoast-seo-wordpress\/ -->\n<title>Site MM - Projetos - CRID<\/title>\n<meta name=\"description\" content=\"Projeto CRID realizado pelo Laborat\u00f3rio MultiMeios da Faculdade de Educa\u00e7\u00e3o, Universidade Federal do Cear\u00e1\" \/>\n<meta name=\"robots\" content=\"index, follow, max-snippet:-1, max-image-preview:large, max-video-preview:-1\" \/>\n<link rel=\"canonical\" href=\"https:\/\/blogs.multimeios.ufc.br\/sitemmprojetos\/crid\/\" \/>\n<meta property=\"og:locale\" content=\"pt_BR\" \/>\n<meta property=\"og:type\" content=\"article\" \/>\n<meta property=\"og:title\" content=\"Site MM - Projetos - CRID\" \/>\n<meta property=\"og:description\" content=\"Projeto CRID realizado pelo Laborat\u00f3rio MultiMeios da Faculdade de Educa\u00e7\u00e3o, Universidade Federal do Cear\u00e1\" \/>\n<meta property=\"og:url\" content=\"https:\/\/blogs.multimeios.ufc.br\/sitemmprojetos\/crid\/\" \/>\n<meta property=\"og:site_name\" content=\"Site MM - Projetos\" \/>\n<meta property=\"article:modified_time\" content=\"2023-01-20T15:43:01+00:00\" \/>\n<meta name=\"twitter:card\" content=\"summary_large_image\" \/>\n<meta name=\"twitter:label1\" content=\"Est. tempo de leitura\" \/>\n\t<meta name=\"twitter:data1\" content=\"1 minuto\" \/>\n<script type=\"application\/ld+json\" class=\"yoast-schema-graph\">{\"@context\":\"https:\\\/\\\/schema.org\",\"@graph\":[{\"@type\":\"WebPage\",\"@id\":\"https:\\\/\\\/blogs.multimeios.ufc.br\\\/sitemmprojetos\\\/crid\\\/\",\"url\":\"https:\\\/\\\/blogs.multimeios.ufc.br\\\/sitemmprojetos\\\/crid\\\/\",\"name\":\"Site MM - Projetos - CRID\",\"isPartOf\":{\"@id\":\"https:\\\/\\\/blogs.multimeios.ufc.br\\\/sitemmprojetos\\\/#website\"},\"datePublished\":\"2023-01-20T15:42:59+00:00\",\"dateModified\":\"2023-01-20T15:43:01+00:00\",\"description\":\"Projeto CRID realizado pelo Laborat\u00f3rio MultiMeios da Faculdade de Educa\u00e7\u00e3o, Universidade Federal do Cear\u00e1\",\"breadcrumb\":{\"@id\":\"https:\\\/\\\/blogs.multimeios.ufc.br\\\/sitemmprojetos\\\/crid\\\/#breadcrumb\"},\"inLanguage\":\"pt-BR\",\"potentialAction\":[{\"@type\":\"ReadAction\",\"target\":[\"https:\\\/\\\/blogs.multimeios.ufc.br\\\/sitemmprojetos\\\/crid\\\/\"]}]},{\"@type\":\"BreadcrumbList\",\"@id\":\"https:\\\/\\\/blogs.multimeios.ufc.br\\\/sitemmprojetos\\\/crid\\\/#breadcrumb\",\"itemListElement\":[{\"@type\":\"ListItem\",\"position\":1,\"name\":\"In\u00edcio\",\"item\":\"https:\\\/\\\/blogs.multimeios.ufc.br\\\/sitemmprojetos\\\/\"},{\"@type\":\"ListItem\",\"position\":2,\"name\":\"CRID\"}]},{\"@type\":\"WebSite\",\"@id\":\"https:\\\/\\\/blogs.multimeios.ufc.br\\\/sitemmprojetos\\\/#website\",\"url\":\"https:\\\/\\\/blogs.multimeios.ufc.br\\\/sitemmprojetos\\\/\",\"name\":\"Site MM - Projetos\",\"description\":\"\",\"potentialAction\":[{\"@type\":\"SearchAction\",\"target\":{\"@type\":\"EntryPoint\",\"urlTemplate\":\"https:\\\/\\\/blogs.multimeios.ufc.br\\\/sitemmprojetos\\\/?s={search_term_string}\"},\"query-input\":{\"@type\":\"PropertyValueSpecification\",\"valueRequired\":true,\"valueName\":\"search_term_string\"}}],\"inLanguage\":\"pt-BR\"}]}<\/script>\n<!-- \/ Yoast SEO plugin. -->","yoast_head_json":{"title":"Site MM - Projetos - CRID","description":"Projeto CRID realizado pelo Laborat\u00f3rio MultiMeios da Faculdade de Educa\u00e7\u00e3o, Universidade Federal do Cear\u00e1","robots":{"index":"index","follow":"follow","max-snippet":"max-snippet:-1","max-image-preview":"max-image-preview:large","max-video-preview":"max-video-preview:-1"},"canonical":"https:\/\/blogs.multimeios.ufc.br\/sitemmprojetos\/crid\/","og_locale":"pt_BR","og_type":"article","og_title":"Site MM - Projetos - CRID","og_description":"Projeto CRID realizado pelo Laborat\u00f3rio MultiMeios da Faculdade de Educa\u00e7\u00e3o, Universidade Federal do Cear\u00e1","og_url":"https:\/\/blogs.multimeios.ufc.br\/sitemmprojetos\/crid\/","og_site_name":"Site MM - Projetos","article_modified_time":"2023-01-20T15:43:01+00:00","twitter_card":"summary_large_image","twitter_misc":{"Est. tempo de leitura":"1 minuto"},"schema":{"@context":"https:\/\/schema.org","@graph":[{"@type":"WebPage","@id":"https:\/\/blogs.multimeios.ufc.br\/sitemmprojetos\/crid\/","url":"https:\/\/blogs.multimeios.ufc.br\/sitemmprojetos\/crid\/","name":"Site MM - Projetos - CRID","isPartOf":{"@id":"https:\/\/blogs.multimeios.ufc.br\/sitemmprojetos\/#website"},"datePublished":"2023-01-20T15:42:59+00:00","dateModified":"2023-01-20T15:43:01+00:00","description":"Projeto CRID realizado pelo Laborat\u00f3rio MultiMeios da Faculdade de Educa\u00e7\u00e3o, Universidade Federal do Cear\u00e1","breadcrumb":{"@id":"https:\/\/blogs.multimeios.ufc.br\/sitemmprojetos\/crid\/#breadcrumb"},"inLanguage":"pt-BR","potentialAction":[{"@type":"ReadAction","target":["https:\/\/blogs.multimeios.ufc.br\/sitemmprojetos\/crid\/"]}]},{"@type":"BreadcrumbList","@id":"https:\/\/blogs.multimeios.ufc.br\/sitemmprojetos\/crid\/#breadcrumb","itemListElement":[{"@type":"ListItem","position":1,"name":"In\u00edcio","item":"https:\/\/blogs.multimeios.ufc.br\/sitemmprojetos\/"},{"@type":"ListItem","position":2,"name":"CRID"}]},{"@type":"WebSite","@id":"https:\/\/blogs.multimeios.ufc.br\/sitemmprojetos\/#website","url":"https:\/\/blogs.multimeios.ufc.br\/sitemmprojetos\/","name":"Site MM - Projetos","description":"","potentialAction":[{"@type":"SearchAction","target":{"@type":"EntryPoint","urlTemplate":"https:\/\/blogs.multimeios.ufc.br\/sitemmprojetos\/?s={search_term_string}"},"query-input":{"@type":"PropertyValueSpecification","valueRequired":true,"valueName":"search_term_string"}}],"inLanguage":"pt-BR"}]}},"_links":{"self":[{"href":"https:\/\/blogs.multimeios.ufc.br\/sitemmprojetos\/wp-json\/wp\/v2\/pages\/13","targetHints":{"allow":["GET"]}}],"collection":[{"href":"https:\/\/blogs.multimeios.ufc.br\/sitemmprojetos\/wp-json\/wp\/v2\/pages"}],"about":[{"href":"https:\/\/blogs.multimeios.ufc.br\/sitemmprojetos\/wp-json\/wp\/v2\/types\/page"}],"author":[{"embeddable":true,"href":"https:\/\/blogs.multimeios.ufc.br\/sitemmprojetos\/wp-json\/wp\/v2\/users\/23"}],"replies":[{"embeddable":true,"href":"https:\/\/blogs.multimeios.ufc.br\/sitemmprojetos\/wp-json\/wp\/v2\/comments?post=13"}],"version-history":[{"count":1,"href":"https:\/\/blogs.multimeios.ufc.br\/sitemmprojetos\/wp-json\/wp\/v2\/pages\/13\/revisions"}],"predecessor-version":[{"id":14,"href":"https:\/\/blogs.multimeios.ufc.br\/sitemmprojetos\/wp-json\/wp\/v2\/pages\/13\/revisions\/14"}],"wp:attachment":[{"href":"https:\/\/blogs.multimeios.ufc.br\/sitemmprojetos\/wp-json\/wp\/v2\/media?parent=13"}],"curies":[{"name":"wp","href":"https:\/\/api.w.org\/{rel}","templated":true}]}}