{"id":7,"date":"2023-01-20T12:44:11","date_gmt":"2023-01-20T15:44:11","guid":{"rendered":"http:\/\/blogs.multimeios.ufc.br\/sitemmprojetos\/?page_id=7"},"modified":"2023-01-20T12:55:35","modified_gmt":"2023-01-20T15:55:35","slug":"projetos","status":"publish","type":"page","link":"https:\/\/blogs.multimeios.ufc.br\/sitemmprojetos\/projetos\/","title":{"rendered":"Projetos"},"content":{"rendered":"\n<p><a href=\"http:\/\/blogs.multimeios.ufc.br\/sitemmprojetos\/crid\" target=\"_blank\" rel=\"noopener\">Centros Rurais de Inclus\u00e3o Digital &#8211; CRID<\/a>\u00a0<br \/><a href=\"http:\/\/www.multimeios.ufc.br\/tele-ambiente\" target=\"_blank\" rel=\"noopener\">Tele-Ambiente<\/a><br \/><a href=\"http:\/\/blogs.multimeios.ufc.br\/telemeios\" target=\"_blank\" rel=\"noopener\">TeleMeios<\/a><br \/><a href=\"http:\/\/blogs.multimeios.ufc.br\/assentamentosdigitais\" target=\"_blank\" rel=\"noopener\">Assentamentos Digitais &#8211; @AD<\/a><br \/>TV Digital<\/p>\n","protected":false},"excerpt":{"rendered":"<p>Centros Rurais de Inclus\u00e3o Digital &#8211; CRID\u00a0Tele-AmbienteTeleMeiosAssentamentos Digitais &#8211; @ADTV Digital<\/p>\n","protected":false},"author":23,"featured_media":0,"parent":0,"menu_order":0,"comment_status":"closed","ping_status":"closed","template":"page-simples.php","meta":{"footnotes":""},"class_list":["post-7","page","type-page","status-publish","hentry"],"yoast_head":"<!-- This site is optimized with the Yoast SEO plugin v27.4 - https:\/\/yoast.com\/product\/yoast-seo-wordpress\/ -->\n<title>Site MM - Projetos - Projetos<\/title>\n<meta name=\"description\" content=\"Projetos realizados no \u00e2mbito do Laborat\u00f3rio MultiMeios da Faculdade de Educa\u00e7\u00e3o, da Universidade Federal do Cear\u00e1\" \/>\n<meta name=\"robots\" content=\"index, follow, max-snippet:-1, max-image-preview:large, max-video-preview:-1\" \/>\n<link rel=\"canonical\" href=\"https:\/\/blogs.multimeios.ufc.br\/sitemmprojetos\/projetos\/\" \/>\n<meta property=\"og:locale\" content=\"pt_BR\" \/>\n<meta property=\"og:type\" content=\"article\" \/>\n<meta property=\"og:title\" content=\"Site MM - Projetos - Projetos\" \/>\n<meta property=\"og:description\" content=\"Projetos realizados no \u00e2mbito do Laborat\u00f3rio MultiMeios da Faculdade de Educa\u00e7\u00e3o, da Universidade Federal do Cear\u00e1\" \/>\n<meta property=\"og:url\" content=\"https:\/\/blogs.multimeios.ufc.br\/sitemmprojetos\/projetos\/\" \/>\n<meta property=\"og:site_name\" content=\"Site MM - Projetos\" \/>\n<meta property=\"article:modified_time\" content=\"2023-01-20T15:55:35+00:00\" \/>\n<meta name=\"twitter:card\" content=\"summary_large_image\" \/>\n<meta name=\"twitter:label1\" content=\"Est. tempo de leitura\" \/>\n\t<meta name=\"twitter:data1\" content=\"1 minuto\" \/>\n<script type=\"application\/ld+json\" class=\"yoast-schema-graph\">{\"@context\":\"https:\\\/\\\/schema.org\",\"@graph\":[{\"@type\":\"WebPage\",\"@id\":\"https:\\\/\\\/blogs.multimeios.ufc.br\\\/sitemmprojetos\\\/projetos\\\/\",\"url\":\"https:\\\/\\\/blogs.multimeios.ufc.br\\\/sitemmprojetos\\\/projetos\\\/\",\"name\":\"Site MM - Projetos - Projetos\",\"isPartOf\":{\"@id\":\"https:\\\/\\\/blogs.multimeios.ufc.br\\\/sitemmprojetos\\\/#website\"},\"datePublished\":\"2023-01-20T15:44:11+00:00\",\"dateModified\":\"2023-01-20T15:55:35+00:00\",\"description\":\"Projetos realizados no \u00e2mbito do Laborat\u00f3rio MultiMeios da Faculdade de Educa\u00e7\u00e3o, da Universidade Federal do Cear\u00e1\",\"breadcrumb\":{\"@id\":\"https:\\\/\\\/blogs.multimeios.ufc.br\\\/sitemmprojetos\\\/projetos\\\/#breadcrumb\"},\"inLanguage\":\"pt-BR\",\"potentialAction\":[{\"@type\":\"ReadAction\",\"target\":[\"https:\\\/\\\/blogs.multimeios.ufc.br\\\/sitemmprojetos\\\/projetos\\\/\"]}]},{\"@type\":\"BreadcrumbList\",\"@id\":\"https:\\\/\\\/blogs.multimeios.ufc.br\\\/sitemmprojetos\\\/projetos\\\/#breadcrumb\",\"itemListElement\":[{\"@type\":\"ListItem\",\"position\":1,\"name\":\"In\u00edcio\",\"item\":\"https:\\\/\\\/blogs.multimeios.ufc.br\\\/sitemmprojetos\\\/\"},{\"@type\":\"ListItem\",\"position\":2,\"name\":\"Projetos\"}]},{\"@type\":\"WebSite\",\"@id\":\"https:\\\/\\\/blogs.multimeios.ufc.br\\\/sitemmprojetos\\\/#website\",\"url\":\"https:\\\/\\\/blogs.multimeios.ufc.br\\\/sitemmprojetos\\\/\",\"name\":\"Site MM - Projetos\",\"description\":\"\",\"potentialAction\":[{\"@type\":\"SearchAction\",\"target\":{\"@type\":\"EntryPoint\",\"urlTemplate\":\"https:\\\/\\\/blogs.multimeios.ufc.br\\\/sitemmprojetos\\\/?s={search_term_string}\"},\"query-input\":{\"@type\":\"PropertyValueSpecification\",\"valueRequired\":true,\"valueName\":\"search_term_string\"}}],\"inLanguage\":\"pt-BR\"}]}<\/script>\n<!-- \/ Yoast SEO plugin. -->","yoast_head_json":{"title":"Site MM - Projetos - Projetos","description":"Projetos realizados no \u00e2mbito do Laborat\u00f3rio MultiMeios da Faculdade de Educa\u00e7\u00e3o, da Universidade Federal do Cear\u00e1","robots":{"index":"index","follow":"follow","max-snippet":"max-snippet:-1","max-image-preview":"max-image-preview:large","max-video-preview":"max-video-preview:-1"},"canonical":"https:\/\/blogs.multimeios.ufc.br\/sitemmprojetos\/projetos\/","og_locale":"pt_BR","og_type":"article","og_title":"Site MM - Projetos - Projetos","og_description":"Projetos realizados no \u00e2mbito do Laborat\u00f3rio MultiMeios da Faculdade de Educa\u00e7\u00e3o, da Universidade Federal do Cear\u00e1","og_url":"https:\/\/blogs.multimeios.ufc.br\/sitemmprojetos\/projetos\/","og_site_name":"Site MM - Projetos","article_modified_time":"2023-01-20T15:55:35+00:00","twitter_card":"summary_large_image","twitter_misc":{"Est. tempo de leitura":"1 minuto"},"schema":{"@context":"https:\/\/schema.org","@graph":[{"@type":"WebPage","@id":"https:\/\/blogs.multimeios.ufc.br\/sitemmprojetos\/projetos\/","url":"https:\/\/blogs.multimeios.ufc.br\/sitemmprojetos\/projetos\/","name":"Site MM - Projetos - Projetos","isPartOf":{"@id":"https:\/\/blogs.multimeios.ufc.br\/sitemmprojetos\/#website"},"datePublished":"2023-01-20T15:44:11+00:00","dateModified":"2023-01-20T15:55:35+00:00","description":"Projetos realizados no \u00e2mbito do Laborat\u00f3rio MultiMeios da Faculdade de Educa\u00e7\u00e3o, da Universidade Federal do Cear\u00e1","breadcrumb":{"@id":"https:\/\/blogs.multimeios.ufc.br\/sitemmprojetos\/projetos\/#breadcrumb"},"inLanguage":"pt-BR","potentialAction":[{"@type":"ReadAction","target":["https:\/\/blogs.multimeios.ufc.br\/sitemmprojetos\/projetos\/"]}]},{"@type":"BreadcrumbList","@id":"https:\/\/blogs.multimeios.ufc.br\/sitemmprojetos\/projetos\/#breadcrumb","itemListElement":[{"@type":"ListItem","position":1,"name":"In\u00edcio","item":"https:\/\/blogs.multimeios.ufc.br\/sitemmprojetos\/"},{"@type":"ListItem","position":2,"name":"Projetos"}]},{"@type":"WebSite","@id":"https:\/\/blogs.multimeios.ufc.br\/sitemmprojetos\/#website","url":"https:\/\/blogs.multimeios.ufc.br\/sitemmprojetos\/","name":"Site MM - Projetos","description":"","potentialAction":[{"@type":"SearchAction","target":{"@type":"EntryPoint","urlTemplate":"https:\/\/blogs.multimeios.ufc.br\/sitemmprojetos\/?s={search_term_string}"},"query-input":{"@type":"PropertyValueSpecification","valueRequired":true,"valueName":"search_term_string"}}],"inLanguage":"pt-BR"}]}},"_links":{"self":[{"href":"https:\/\/blogs.multimeios.ufc.br\/sitemmprojetos\/wp-json\/wp\/v2\/pages\/7","targetHints":{"allow":["GET"]}}],"collection":[{"href":"https:\/\/blogs.multimeios.ufc.br\/sitemmprojetos\/wp-json\/wp\/v2\/pages"}],"about":[{"href":"https:\/\/blogs.multimeios.ufc.br\/sitemmprojetos\/wp-json\/wp\/v2\/types\/page"}],"author":[{"embeddable":true,"href":"https:\/\/blogs.multimeios.ufc.br\/sitemmprojetos\/wp-json\/wp\/v2\/users\/23"}],"replies":[{"embeddable":true,"href":"https:\/\/blogs.multimeios.ufc.br\/sitemmprojetos\/wp-json\/wp\/v2\/comments?post=7"}],"version-history":[{"count":8,"href":"https:\/\/blogs.multimeios.ufc.br\/sitemmprojetos\/wp-json\/wp\/v2\/pages\/7\/revisions"}],"predecessor-version":[{"id":33,"href":"https:\/\/blogs.multimeios.ufc.br\/sitemmprojetos\/wp-json\/wp\/v2\/pages\/7\/revisions\/33"}],"wp:attachment":[{"href":"https:\/\/blogs.multimeios.ufc.br\/sitemmprojetos\/wp-json\/wp\/v2\/media?parent=7"}],"curies":[{"name":"wp","href":"https:\/\/api.w.org\/{rel}","templated":true}]}}