{"id":8,"date":"2020-03-20T10:47:55","date_gmt":"2020-03-20T13:47:55","guid":{"rendered":"http:\/\/blogs.multimeios.ufc.br\/telemeios\/?page_id=8"},"modified":"2021-12-14T19:38:03","modified_gmt":"2021-12-14T22:38:03","slug":"telemeios","status":"publish","type":"page","link":"https:\/\/blogs.multimeios.ufc.br\/telemeios\/","title":{"rendered":"O Ambiente Virtual"},"content":{"rendered":"\t\t<div data-elementor-type=\"wp-page\" data-elementor-id=\"8\" class=\"elementor elementor-8\">\n\t\t\t\t\t\t<section class=\"elementor-section elementor-top-section elementor-element elementor-element-0a3654d elementor-section-boxed elementor-section-height-default elementor-section-height-default\" data-id=\"0a3654d\" data-element_type=\"section\" data-e-type=\"section\">\n\t\t\t\t\t\t<div class=\"elementor-container elementor-column-gap-default\">\n\t\t\t\t\t<div class=\"elementor-column elementor-col-50 elementor-top-column elementor-element elementor-element-d62dfc6\" data-id=\"d62dfc6\" data-element_type=\"column\" data-e-type=\"column\">\n\t\t\t<div class=\"elementor-widget-wrap elementor-element-populated\">\n\t\t\t\t\t\t<div class=\"elementor-element elementor-element-c9b64d0 elementor-widget elementor-widget-text-editor\" data-id=\"c9b64d0\" data-element_type=\"widget\" data-e-type=\"widget\" data-widget_type=\"text-editor.default\">\n\t\t\t\t<div class=\"elementor-widget-container\">\n\t\t\t\t\t\t\t\t\t<p><span style=\"font-size: 18pt\">Tenha aulas, treinamentos, reuni\u00f5es, suporte t\u00e9cnico em um Ambiente Virtual multim\u00eddia, interativo e colaborativo!<\/span><\/p>\t\t\t\t\t\t\t\t<\/div>\n\t\t\t\t<\/div>\n\t\t\t\t\t<\/div>\n\t\t<\/div>\n\t\t\t\t<div class=\"elementor-column elementor-col-50 elementor-top-column elementor-element elementor-element-9c47316\" data-id=\"9c47316\" data-element_type=\"column\" data-e-type=\"column\">\n\t\t\t<div class=\"elementor-widget-wrap elementor-element-populated\">\n\t\t\t\t\t\t<div class=\"elementor-element elementor-element-acb0a1f elementor-widget elementor-widget-image\" data-id=\"acb0a1f\" data-element_type=\"widget\" data-e-type=\"widget\" data-widget_type=\"image.default\">\n\t\t\t\t<div class=\"elementor-widget-container\">\n\t\t\t\t\t\t\t\t\t\t\t\t\t\t\t<img fetchpriority=\"high\" decoding=\"async\" width=\"584\" height=\"427\" src=\"https:\/\/blogs.multimeios.ufc.br\/telemeios\/files\/2020\/03\/notebook-telemeios.png\" class=\"attachment-large size-large wp-image-46\" alt=\"\" srcset=\"https:\/\/blogs.multimeios.ufc.br\/telemeios\/files\/2020\/03\/notebook-telemeios.png 711w, https:\/\/blogs.multimeios.ufc.br\/telemeios\/files\/2020\/03\/notebook-telemeios-300x219.png 300w, https:\/\/blogs.multimeios.ufc.br\/telemeios\/files\/2020\/03\/notebook-telemeios-684x500.png 684w, https:\/\/blogs.multimeios.ufc.br\/telemeios\/files\/2020\/03\/notebook-telemeios-500x366.png 500w\" sizes=\"(max-width: 584px) 100vw, 584px\" \/>\t\t\t\t\t\t\t\t\t\t\t\t\t\t\t<\/div>\n\t\t\t\t<\/div>\n\t\t\t\t\t<\/div>\n\t\t<\/div>\n\t\t\t\t\t<\/div>\n\t\t<\/section>\n\t\t\t\t<section class=\"elementor-section elementor-top-section elementor-element elementor-element-016fd51 elementor-section-boxed elementor-section-height-default elementor-section-height-default\" data-id=\"016fd51\" data-element_type=\"section\" data-e-type=\"section\">\n\t\t\t\t\t\t<div class=\"elementor-container elementor-column-gap-default\">\n\t\t\t\t\t<div class=\"elementor-column elementor-col-100 elementor-top-column elementor-element elementor-element-da8aefc\" data-id=\"da8aefc\" data-element_type=\"column\" data-e-type=\"column\">\n\t\t\t<div class=\"elementor-widget-wrap elementor-element-populated\">\n\t\t\t\t\t\t<div class=\"elementor-element elementor-element-31116fd elementor-widget elementor-widget-heading\" data-id=\"31116fd\" data-element_type=\"widget\" data-e-type=\"widget\" data-widget_type=\"heading.default\">\n\t\t\t\t<div class=\"elementor-widget-container\">\n\t\t\t\t\t<h2 class=\"elementor-heading-title elementor-size-large\">Conhe\u00e7a os recursos<\/h2>\t\t\t\t<\/div>\n\t\t\t\t<\/div>\n\t\t\t\t\t<\/div>\n\t\t<\/div>\n\t\t\t\t\t<\/div>\n\t\t<\/section>\n\t\t\t\t<section class=\"elementor-section elementor-top-section elementor-element elementor-element-502187b elementor-section-boxed elementor-section-height-default elementor-section-height-default\" data-id=\"502187b\" data-element_type=\"section\" data-e-type=\"section\">\n\t\t\t\t\t\t<div class=\"elementor-container elementor-column-gap-default\">\n\t\t\t\t\t<div class=\"elementor-column elementor-col-33 elementor-top-column elementor-element elementor-element-d3bda28\" data-id=\"d3bda28\" data-element_type=\"column\" data-e-type=\"column\">\n\t\t\t<div class=\"elementor-widget-wrap elementor-element-populated\">\n\t\t\t\t\t\t<div class=\"elementor-element elementor-element-c8dc1b3 elementor-position-top elementor-widget elementor-widget-image-box\" data-id=\"c8dc1b3\" data-element_type=\"widget\" data-e-type=\"widget\" data-widget_type=\"image-box.default\">\n\t\t\t\t<div class=\"elementor-widget-container\">\n\t\t\t\t\t<div class=\"elementor-image-box-wrapper\"><figure class=\"elementor-image-box-img\"><img decoding=\"async\" width=\"150\" height=\"150\" src=\"https:\/\/blogs.multimeios.ufc.br\/telemeios\/files\/2020\/03\/part2-150x150.png\" class=\"attachment-thumbnail size-thumbnail wp-image-15\" alt=\"\" \/><\/figure><div class=\"elementor-image-box-content\"><h3 class=\"elementor-image-box-title\">BATE-PAPO<\/h3><p class=\"elementor-image-box-description\">Conversa\u00e7\u00e3o em tempo real com mensagens privadas ou em grupo<\/p><\/div><\/div>\t\t\t\t<\/div>\n\t\t\t\t<\/div>\n\t\t\t\t\t<\/div>\n\t\t<\/div>\n\t\t\t\t<div class=\"elementor-column elementor-col-33 elementor-top-column elementor-element elementor-element-ff5778f\" data-id=\"ff5778f\" data-element_type=\"column\" data-e-type=\"column\">\n\t\t\t<div class=\"elementor-widget-wrap elementor-element-populated\">\n\t\t\t\t\t\t<div class=\"elementor-element elementor-element-0856f76 elementor-position-top elementor-widget elementor-widget-image-box\" data-id=\"0856f76\" data-element_type=\"widget\" data-e-type=\"widget\" data-widget_type=\"image-box.default\">\n\t\t\t\t<div class=\"elementor-widget-container\">\n\t\t\t\t\t<div class=\"elementor-image-box-wrapper\"><figure class=\"elementor-image-box-img\"><img decoding=\"async\" width=\"150\" height=\"150\" src=\"https:\/\/blogs.multimeios.ufc.br\/telemeios\/files\/2020\/03\/part4-150x150.png\" class=\"attachment-thumbnail size-thumbnail wp-image-17\" alt=\"\" \/><\/figure><div class=\"elementor-image-box-content\"><h3 class=\"elementor-image-box-title\">CHAMADA DE \u00c1UDIO<\/h3><p class=\"elementor-image-box-description\">Chamadas de \u00e1udio entre os participantes<\/p><\/div><\/div>\t\t\t\t<\/div>\n\t\t\t\t<\/div>\n\t\t\t\t\t<\/div>\n\t\t<\/div>\n\t\t\t\t<div class=\"elementor-column elementor-col-33 elementor-top-column elementor-element elementor-element-d6d6e5f\" data-id=\"d6d6e5f\" data-element_type=\"column\" data-e-type=\"column\">\n\t\t\t<div class=\"elementor-widget-wrap elementor-element-populated\">\n\t\t\t\t\t\t<div class=\"elementor-element elementor-element-e0170a4 elementor-position-top elementor-widget elementor-widget-image-box\" data-id=\"e0170a4\" data-element_type=\"widget\" data-e-type=\"widget\" data-widget_type=\"image-box.default\">\n\t\t\t\t<div class=\"elementor-widget-container\">\n\t\t\t\t\t<div class=\"elementor-image-box-wrapper\"><figure class=\"elementor-image-box-img\"><img loading=\"lazy\" decoding=\"async\" width=\"150\" height=\"150\" src=\"https:\/\/blogs.multimeios.ufc.br\/telemeios\/files\/2020\/03\/part6-150x150.png\" class=\"attachment-thumbnail size-thumbnail wp-image-19\" alt=\"\" \/><\/figure><div class=\"elementor-image-box-content\"><h3 class=\"elementor-image-box-title\">VIDEOCONFER\u00caNCIA<\/h3><p class=\"elementor-image-box-description\">Aulas ou reuni\u00f5es atrav\u00e9s de\nvideoconfer\u00eancia<\/p><\/div><\/div>\t\t\t\t<\/div>\n\t\t\t\t<\/div>\n\t\t\t\t\t<\/div>\n\t\t<\/div>\n\t\t\t\t\t<\/div>\n\t\t<\/section>\n\t\t\t\t<section class=\"elementor-section elementor-top-section elementor-element elementor-element-ab2f33a elementor-section-boxed elementor-section-height-default elementor-section-height-default\" data-id=\"ab2f33a\" data-element_type=\"section\" data-e-type=\"section\">\n\t\t\t\t\t\t<div class=\"elementor-container elementor-column-gap-default\">\n\t\t\t\t\t<div class=\"elementor-column elementor-col-33 elementor-top-column elementor-element elementor-element-ff707c4\" data-id=\"ff707c4\" data-element_type=\"column\" data-e-type=\"column\">\n\t\t\t<div class=\"elementor-widget-wrap elementor-element-populated\">\n\t\t\t\t\t\t<div class=\"elementor-element elementor-element-9a16e2e elementor-position-top elementor-widget elementor-widget-image-box\" data-id=\"9a16e2e\" data-element_type=\"widget\" data-e-type=\"widget\" data-widget_type=\"image-box.default\">\n\t\t\t\t<div class=\"elementor-widget-container\">\n\t\t\t\t\t<div class=\"elementor-image-box-wrapper\"><figure class=\"elementor-image-box-img\"><img loading=\"lazy\" decoding=\"async\" width=\"150\" height=\"150\" src=\"https:\/\/blogs.multimeios.ufc.br\/telemeios\/files\/2020\/03\/part5-150x150.png\" class=\"attachment-thumbnail size-thumbnail wp-image-18\" alt=\"\" \/><\/figure><div class=\"elementor-image-box-content\"><h3 class=\"elementor-image-box-title\">QUADRO BRANCO<\/h3><p class=\"elementor-image-box-description\">Quadro branco interativo e colaborativo<\/p><\/div><\/div>\t\t\t\t<\/div>\n\t\t\t\t<\/div>\n\t\t\t\t\t<\/div>\n\t\t<\/div>\n\t\t\t\t<div class=\"elementor-column elementor-col-33 elementor-top-column elementor-element elementor-element-e89bed7\" data-id=\"e89bed7\" data-element_type=\"column\" data-e-type=\"column\">\n\t\t\t<div class=\"elementor-widget-wrap elementor-element-populated\">\n\t\t\t\t\t\t<div class=\"elementor-element elementor-element-2ad244a elementor-position-top elementor-widget elementor-widget-image-box\" data-id=\"2ad244a\" data-element_type=\"widget\" data-e-type=\"widget\" data-widget_type=\"image-box.default\">\n\t\t\t\t<div class=\"elementor-widget-container\">\n\t\t\t\t\t<div class=\"elementor-image-box-wrapper\"><figure class=\"elementor-image-box-img\"><img loading=\"lazy\" decoding=\"async\" width=\"150\" height=\"150\" src=\"https:\/\/blogs.multimeios.ufc.br\/telemeios\/files\/2020\/03\/part3-150x150.png\" class=\"attachment-thumbnail size-thumbnail wp-image-16\" alt=\"\" \/><\/figure><div class=\"elementor-image-box-content\"><h3 class=\"elementor-image-box-title\">COMPARTILHAMENTO DE ARQUIVOS<\/h3><p class=\"elementor-image-box-description\">Compartilhe arquivos com quem estiver conectado na sala virtual<\/p><\/div><\/div>\t\t\t\t<\/div>\n\t\t\t\t<\/div>\n\t\t\t\t\t<\/div>\n\t\t<\/div>\n\t\t\t\t<div class=\"elementor-column elementor-col-33 elementor-top-column elementor-element elementor-element-ec9a7df\" data-id=\"ec9a7df\" data-element_type=\"column\" data-e-type=\"column\">\n\t\t\t<div class=\"elementor-widget-wrap elementor-element-populated\">\n\t\t\t\t\t\t<div class=\"elementor-element elementor-element-2f47073 elementor-position-top elementor-widget elementor-widget-image-box\" data-id=\"2f47073\" data-element_type=\"widget\" data-e-type=\"widget\" data-widget_type=\"image-box.default\">\n\t\t\t\t<div class=\"elementor-widget-container\">\n\t\t\t\t\t<div class=\"elementor-image-box-wrapper\"><figure class=\"elementor-image-box-img\"><img loading=\"lazy\" decoding=\"async\" width=\"150\" height=\"150\" src=\"https:\/\/blogs.multimeios.ufc.br\/telemeios\/files\/2020\/03\/part1-150x150.png\" class=\"attachment-thumbnail size-thumbnail wp-image-14\" alt=\"\" \/><\/figure><div class=\"elementor-image-box-content\"><h3 class=\"elementor-image-box-title\">COMPARTILHAMENTO DE APLICATIVOS<\/h3><p class=\"elementor-image-box-description\">Trabalhe de forma colaborativa utilizando programas de seu computador<\/p><\/div><\/div>\t\t\t\t<\/div>\n\t\t\t\t<\/div>\n\t\t\t\t\t<\/div>\n\t\t<\/div>\n\t\t\t\t\t<\/div>\n\t\t<\/section>\n\t\t\t\t<section class=\"elementor-section elementor-top-section elementor-element elementor-element-60b59ce elementor-section-boxed elementor-section-height-default elementor-section-height-default\" data-id=\"60b59ce\" data-element_type=\"section\" data-e-type=\"section\">\n\t\t\t\t\t\t<div class=\"elementor-container elementor-column-gap-default\">\n\t\t\t\t\t<div class=\"elementor-column elementor-col-100 elementor-top-column elementor-element elementor-element-8f77ef0\" data-id=\"8f77ef0\" data-element_type=\"column\" data-e-type=\"column\">\n\t\t\t<div class=\"elementor-widget-wrap elementor-element-populated\">\n\t\t\t\t\t\t<div class=\"elementor-element elementor-element-e70f5bc elementor-widget elementor-widget-heading\" data-id=\"e70f5bc\" data-element_type=\"widget\" data-e-type=\"widget\" data-widget_type=\"heading.default\">\n\t\t\t\t<div class=\"elementor-widget-container\">\n\t\t\t\t\t<h2 class=\"elementor-heading-title elementor-size-large\">O que dizem sobre<\/h2>\t\t\t\t<\/div>\n\t\t\t\t<\/div>\n\t\t\t\t\t<\/div>\n\t\t<\/div>\n\t\t\t\t\t<\/div>\n\t\t<\/section>\n\t\t\t\t<section class=\"elementor-section elementor-top-section elementor-element elementor-element-a1e8524 elementor-section-boxed elementor-section-height-default elementor-section-height-default\" data-id=\"a1e8524\" data-element_type=\"section\" data-e-type=\"section\">\n\t\t\t\t\t\t<div class=\"elementor-container elementor-column-gap-default\">\n\t\t\t\t\t<div class=\"elementor-column elementor-col-100 elementor-top-column elementor-element elementor-element-88d3df8\" data-id=\"88d3df8\" data-element_type=\"column\" data-e-type=\"column\">\n\t\t\t<div class=\"elementor-widget-wrap elementor-element-populated\">\n\t\t\t\t\t\t<div class=\"elementor-element elementor-element-5d1b6b4 elementor-widget elementor-widget-testimonial\" data-id=\"5d1b6b4\" data-element_type=\"widget\" data-e-type=\"widget\" data-widget_type=\"testimonial.default\">\n\t\t\t\t<div class=\"elementor-widget-container\">\n\t\t\t\t\t\t\t<div class=\"elementor-testimonial-wrapper\">\n\t\t\t\t\t\t\t<div class=\"elementor-testimonial-content\">O TeleMeios corresponde a uma estrutura de telem\u00e1tica multimeios, incorporando som, imagem, texto correio e uma interface compartilhada entre professores e alunos. Pode inclusive compartilhar um ambiente de aprendizagem com software espec\u00edfico, de modo a compor um ambiente virtual de conhecimento e discuss\u00e3o.<\/div>\n\t\t\t\n\t\t\t\t\t\t<div class=\"elementor-testimonial-meta\">\n\t\t\t\t<div class=\"elementor-testimonial-meta-inner\">\n\t\t\t\t\t\n\t\t\t\t\t\t\t\t\t\t<div class=\"elementor-testimonial-details\">\n\t\t\t\t\t\t\t\t\t\t\t\t\t\t<div class=\"elementor-testimonial-name\">Viviane Andrade<\/div>\n\t\t\t\t\t\t\t\t\t\t\t\t\t\t\t\t\t\t\t\t\t\t<div class=\"elementor-testimonial-job\">Professora de Matem\u00e1tica e pesquisadora do Laborat\u00f3rio de Pesquisa Multimeios<\/div>\n\t\t\t\t\t\t\t\t\t\t\t\t\t<\/div>\n\t\t\t\t\t\t\t\t\t<\/div>\n\t\t\t<\/div>\n\t\t\t\t\t<\/div>\n\t\t\t\t\t\t<\/div>\n\t\t\t\t<\/div>\n\t\t\t\t<div class=\"elementor-element elementor-element-edbc1a9 elementor-widget elementor-widget-testimonial\" data-id=\"edbc1a9\" data-element_type=\"widget\" data-e-type=\"widget\" data-widget_type=\"testimonial.default\">\n\t\t\t\t<div class=\"elementor-widget-container\">\n\t\t\t\t\t\t\t<div class=\"elementor-testimonial-wrapper\">\n\t\t\t\t\t\t\t<div class=\"elementor-testimonial-content\">O TeleMeios \u00e9 uma plataforma telem\u00e1tica, arquitetada com a utiliza\u00e7\u00e3o de rotinas de software livre, dotada de uma interface que permite a comunica\u00e7\u00e3o atrav\u00e9s de texto, som, imagem e email, incorporando, desse modo, todos os recursos empregados atualmente na Educa\u00e7\u00e3o a Dist\u00e2ncia, e vai al\u00e9m, ao possibilitar o compartilhamento total de aplicativos e a intera\u00e7\u00e3o s\u00edncrona, em tempo real, entre todos os usu\u00e1rios.<\/div>\n\t\t\t\n\t\t\t\t\t\t<div class=\"elementor-testimonial-meta\">\n\t\t\t\t<div class=\"elementor-testimonial-meta-inner\">\n\t\t\t\t\t\n\t\t\t\t\t\t\t\t\t\t<div class=\"elementor-testimonial-details\">\n\t\t\t\t\t\t\t\t\t\t\t\t\t\t<div class=\"elementor-testimonial-name\">Adelmir Juc\u00e1<\/div>\n\t\t\t\t\t\t\t\t\t\t\t\t\t\t\t\t\t\t\t\t\t\t<div class=\"elementor-testimonial-job\">Vice-diretor da UNI7 e pesquisador do Laborat\u00f3rio de Pesquisa MultiMeios<\/div>\n\t\t\t\t\t\t\t\t\t\t\t\t\t<\/div>\n\t\t\t\t\t\t\t\t\t<\/div>\n\t\t\t<\/div>\n\t\t\t\t\t<\/div>\n\t\t\t\t\t\t<\/div>\n\t\t\t\t<\/div>\n\t\t\t\t\t<\/div>\n\t\t<\/div>\n\t\t\t\t\t<\/div>\n\t\t<\/section>\n\t\t\t\t<\/div>\n\t\t","protected":false},"excerpt":{"rendered":"<p>Tenha aulas, treinamentos, reuni\u00f5es, suporte t\u00e9cnico em um Ambiente Virtual multim\u00eddia, interativo e colaborativo! Conhe\u00e7a os recursos BATE-PAPO Conversa\u00e7\u00e3o em tempo real com mensagens privadas ou em grupo CHAMADA DE \u00c1UDIO Chamadas de \u00e1udio entre os participantes VIDEOCONFER\u00caNCIA Aulas ou &hellip; <a href=\"https:\/\/blogs.multimeios.ufc.br\/telemeios\/\">Continue reading <span class=\"meta-nav\">&rarr;<\/span><\/a><\/p>\n","protected":false},"author":22,"featured_media":0,"parent":0,"menu_order":0,"comment_status":"closed","ping_status":"closed","template":"elementor_header_footer","meta":{"footnotes":""},"class_list":["post-8","page","type-page","status-publish","hentry"],"yoast_head":"<!-- This site is optimized with the Yoast SEO plugin v27.4 - https:\/\/yoast.com\/product\/yoast-seo-wordpress\/ -->\n<title>O Ambiente Virtual - TeleMeios<\/title>\n<meta name=\"robots\" content=\"index, follow, max-snippet:-1, max-image-preview:large, max-video-preview:-1\" \/>\n<link rel=\"canonical\" href=\"https:\/\/blogs.multimeios.ufc.br\/telemeios\/\" \/>\n<meta property=\"og:locale\" content=\"pt_BR\" \/>\n<meta property=\"og:type\" content=\"article\" \/>\n<meta property=\"og:title\" content=\"O Ambiente Virtual - TeleMeios\" \/>\n<meta property=\"og:description\" content=\"Tenha aulas, treinamentos, reuni\u00f5es, suporte t\u00e9cnico em um Ambiente Virtual multim\u00eddia, interativo e colaborativo! Conhe\u00e7a os recursos BATE-PAPO Conversa\u00e7\u00e3o em tempo real com mensagens privadas ou em grupo CHAMADA DE \u00c1UDIO Chamadas de \u00e1udio entre os participantes VIDEOCONFER\u00caNCIA Aulas ou &hellip; Continue reading &rarr;\" \/>\n<meta property=\"og:url\" content=\"https:\/\/blogs.multimeios.ufc.br\/telemeios\/\" \/>\n<meta property=\"og:site_name\" content=\"TeleMeios\" \/>\n<meta property=\"article:modified_time\" content=\"2021-12-14T22:38:03+00:00\" \/>\n<meta property=\"og:image\" content=\"http:\/\/blogs.multimeios.ufc.br\/telemeios\/files\/2020\/03\/notebook-telemeios.png\" \/>\n<meta name=\"twitter:card\" content=\"summary_large_image\" \/>\n<meta name=\"twitter:label1\" content=\"Est. tempo de leitura\" \/>\n\t<meta name=\"twitter:data1\" content=\"1 minuto\" \/>\n<script type=\"application\/ld+json\" class=\"yoast-schema-graph\">{\"@context\":\"https:\\\/\\\/schema.org\",\"@graph\":[{\"@type\":\"WebPage\",\"@id\":\"https:\\\/\\\/blogs.multimeios.ufc.br\\\/telemeios\\\/\",\"url\":\"https:\\\/\\\/blogs.multimeios.ufc.br\\\/telemeios\\\/\",\"name\":\"O Ambiente Virtual - TeleMeios\",\"isPartOf\":{\"@id\":\"https:\\\/\\\/blogs.multimeios.ufc.br\\\/telemeios\\\/#website\"},\"primaryImageOfPage\":{\"@id\":\"https:\\\/\\\/blogs.multimeios.ufc.br\\\/telemeios\\\/#primaryimage\"},\"image\":{\"@id\":\"https:\\\/\\\/blogs.multimeios.ufc.br\\\/telemeios\\\/#primaryimage\"},\"thumbnailUrl\":\"http:\\\/\\\/blogs.multimeios.ufc.br\\\/telemeios\\\/files\\\/2020\\\/03\\\/notebook-telemeios.png\",\"datePublished\":\"2020-03-20T13:47:55+00:00\",\"dateModified\":\"2021-12-14T22:38:03+00:00\",\"breadcrumb\":{\"@id\":\"https:\\\/\\\/blogs.multimeios.ufc.br\\\/telemeios\\\/#breadcrumb\"},\"inLanguage\":\"pt-BR\",\"potentialAction\":[{\"@type\":\"ReadAction\",\"target\":[\"https:\\\/\\\/blogs.multimeios.ufc.br\\\/telemeios\\\/\"]}]},{\"@type\":\"ImageObject\",\"inLanguage\":\"pt-BR\",\"@id\":\"https:\\\/\\\/blogs.multimeios.ufc.br\\\/telemeios\\\/#primaryimage\",\"url\":\"https:\\\/\\\/blogs.multimeios.ufc.br\\\/telemeios\\\/files\\\/2020\\\/03\\\/notebook-telemeios.png\",\"contentUrl\":\"https:\\\/\\\/blogs.multimeios.ufc.br\\\/telemeios\\\/files\\\/2020\\\/03\\\/notebook-telemeios.png\",\"width\":711,\"height\":520},{\"@type\":\"BreadcrumbList\",\"@id\":\"https:\\\/\\\/blogs.multimeios.ufc.br\\\/telemeios\\\/#breadcrumb\",\"itemListElement\":[{\"@type\":\"ListItem\",\"position\":1,\"name\":\"In\u00edcio\",\"item\":\"https:\\\/\\\/blogs.multimeios.ufc.br\\\/telemeios\\\/\"},{\"@type\":\"ListItem\",\"position\":2,\"name\":\"O Ambiente Virtual\"}]},{\"@type\":\"WebSite\",\"@id\":\"https:\\\/\\\/blogs.multimeios.ufc.br\\\/telemeios\\\/#website\",\"url\":\"https:\\\/\\\/blogs.multimeios.ufc.br\\\/telemeios\\\/\",\"name\":\"TeleMeios\",\"description\":\"Ambiente Virtual multim\u00eddia, interativo e colaborativo para atividades a dist\u00e2ncia.\",\"potentialAction\":[{\"@type\":\"SearchAction\",\"target\":{\"@type\":\"EntryPoint\",\"urlTemplate\":\"https:\\\/\\\/blogs.multimeios.ufc.br\\\/telemeios\\\/?s={search_term_string}\"},\"query-input\":{\"@type\":\"PropertyValueSpecification\",\"valueRequired\":true,\"valueName\":\"search_term_string\"}}],\"inLanguage\":\"pt-BR\"}]}<\/script>\n<!-- \/ Yoast SEO plugin. -->","yoast_head_json":{"title":"O Ambiente Virtual - TeleMeios","robots":{"index":"index","follow":"follow","max-snippet":"max-snippet:-1","max-image-preview":"max-image-preview:large","max-video-preview":"max-video-preview:-1"},"canonical":"https:\/\/blogs.multimeios.ufc.br\/telemeios\/","og_locale":"pt_BR","og_type":"article","og_title":"O Ambiente Virtual - TeleMeios","og_description":"Tenha aulas, treinamentos, reuni\u00f5es, suporte t\u00e9cnico em um Ambiente Virtual multim\u00eddia, interativo e colaborativo! Conhe\u00e7a os recursos BATE-PAPO Conversa\u00e7\u00e3o em tempo real com mensagens privadas ou em grupo CHAMADA DE \u00c1UDIO Chamadas de \u00e1udio entre os participantes VIDEOCONFER\u00caNCIA Aulas ou &hellip; Continue reading &rarr;","og_url":"https:\/\/blogs.multimeios.ufc.br\/telemeios\/","og_site_name":"TeleMeios","article_modified_time":"2021-12-14T22:38:03+00:00","og_image":[{"url":"http:\/\/blogs.multimeios.ufc.br\/telemeios\/files\/2020\/03\/notebook-telemeios.png","type":"","width":"","height":""}],"twitter_card":"summary_large_image","twitter_misc":{"Est. tempo de leitura":"1 minuto"},"schema":{"@context":"https:\/\/schema.org","@graph":[{"@type":"WebPage","@id":"https:\/\/blogs.multimeios.ufc.br\/telemeios\/","url":"https:\/\/blogs.multimeios.ufc.br\/telemeios\/","name":"O Ambiente Virtual - TeleMeios","isPartOf":{"@id":"https:\/\/blogs.multimeios.ufc.br\/telemeios\/#website"},"primaryImageOfPage":{"@id":"https:\/\/blogs.multimeios.ufc.br\/telemeios\/#primaryimage"},"image":{"@id":"https:\/\/blogs.multimeios.ufc.br\/telemeios\/#primaryimage"},"thumbnailUrl":"http:\/\/blogs.multimeios.ufc.br\/telemeios\/files\/2020\/03\/notebook-telemeios.png","datePublished":"2020-03-20T13:47:55+00:00","dateModified":"2021-12-14T22:38:03+00:00","breadcrumb":{"@id":"https:\/\/blogs.multimeios.ufc.br\/telemeios\/#breadcrumb"},"inLanguage":"pt-BR","potentialAction":[{"@type":"ReadAction","target":["https:\/\/blogs.multimeios.ufc.br\/telemeios\/"]}]},{"@type":"ImageObject","inLanguage":"pt-BR","@id":"https:\/\/blogs.multimeios.ufc.br\/telemeios\/#primaryimage","url":"https:\/\/blogs.multimeios.ufc.br\/telemeios\/files\/2020\/03\/notebook-telemeios.png","contentUrl":"https:\/\/blogs.multimeios.ufc.br\/telemeios\/files\/2020\/03\/notebook-telemeios.png","width":711,"height":520},{"@type":"BreadcrumbList","@id":"https:\/\/blogs.multimeios.ufc.br\/telemeios\/#breadcrumb","itemListElement":[{"@type":"ListItem","position":1,"name":"In\u00edcio","item":"https:\/\/blogs.multimeios.ufc.br\/telemeios\/"},{"@type":"ListItem","position":2,"name":"O Ambiente Virtual"}]},{"@type":"WebSite","@id":"https:\/\/blogs.multimeios.ufc.br\/telemeios\/#website","url":"https:\/\/blogs.multimeios.ufc.br\/telemeios\/","name":"TeleMeios","description":"Ambiente Virtual multim\u00eddia, interativo e colaborativo para atividades a dist\u00e2ncia.","potentialAction":[{"@type":"SearchAction","target":{"@type":"EntryPoint","urlTemplate":"https:\/\/blogs.multimeios.ufc.br\/telemeios\/?s={search_term_string}"},"query-input":{"@type":"PropertyValueSpecification","valueRequired":true,"valueName":"search_term_string"}}],"inLanguage":"pt-BR"}]}},"_links":{"self":[{"href":"https:\/\/blogs.multimeios.ufc.br\/telemeios\/wp-json\/wp\/v2\/pages\/8","targetHints":{"allow":["GET"]}}],"collection":[{"href":"https:\/\/blogs.multimeios.ufc.br\/telemeios\/wp-json\/wp\/v2\/pages"}],"about":[{"href":"https:\/\/blogs.multimeios.ufc.br\/telemeios\/wp-json\/wp\/v2\/types\/page"}],"author":[{"embeddable":true,"href":"https:\/\/blogs.multimeios.ufc.br\/telemeios\/wp-json\/wp\/v2\/users\/22"}],"replies":[{"embeddable":true,"href":"https:\/\/blogs.multimeios.ufc.br\/telemeios\/wp-json\/wp\/v2\/comments?post=8"}],"version-history":[{"count":129,"href":"https:\/\/blogs.multimeios.ufc.br\/telemeios\/wp-json\/wp\/v2\/pages\/8\/revisions"}],"predecessor-version":[{"id":644,"href":"https:\/\/blogs.multimeios.ufc.br\/telemeios\/wp-json\/wp\/v2\/pages\/8\/revisions\/644"}],"wp:attachment":[{"href":"https:\/\/blogs.multimeios.ufc.br\/telemeios\/wp-json\/wp\/v2\/media?parent=8"}],"curies":[{"name":"wp","href":"https:\/\/api.w.org\/{rel}","templated":true}]}}